{"id":12442,"date":"2025-09-30T10:07:24","date_gmt":"2025-09-30T08:07:24","guid":{"rendered":"https:\/\/antcube.shop\/en\/product\/poster-anatomie-der-ameisen-lasius-niger-50x70\/"},"modified":"2026-03-20T11:30:21","modified_gmt":"2026-03-20T10:30:21","slug":"plakat-myrernes-anatomi-lasius-niger-50x70","status":"publish","type":"product","link":"https:\/\/antcube.shop\/da\/vare\/plakat-myrernes-anatomi-lasius-niger-50x70\/","title":{"rendered":"Plakat - Myrens anatomi - Lasius niger - 50\u00d770"},"content":{"rendered":"<p><strong>Dimensioner:<\/strong> 50\u00d770 cm<\/p>\n<p><strong>Materiale:<\/strong> Latex-papir<br \/>\nPapiret er vandfast, kan t\u00f8rres af, er slidst\u00e6rkt, milj\u00f8venligt, da det ikke indeholder milj\u00f8skadelige opl\u00f8sningsmidler, og giver en str\u00e5lende printkvalitet.<\/p>\n<p><strong>Beskrivelse:<\/strong> Denne plakat illustrerer den sorte myres anatomi (Lasius niger). Detaljerede illustrationer viser de vigtigste indre og ydre kropstr\u00e6k og organer, hvilket g\u00f8r det nemt at forst\u00e5 strukturen hos denne udbredte myreart. Ideel som undervisningsmateriale til skoler og universiteter eller som et dekorativt samlerobjekt.<\/p>\n<p><strong>Vigtigt - yderligere information:<\/strong> Her finder du en detaljeret beskrivelse af de enkelte scener p\u00e5 plakaten. Disse f\u00f8lger ikke med plakaten, men kan tilg\u00e5s og udskrives separat via f\u00f8lgende link. https:\/\/www.ants.de\/link\/1101<\/p>","protected":false},"excerpt":{"rendered":"<p>St\u00f8rrelse: 50\u00d770 cm<\/p>","protected":false},"featured_media":12454,"comment_status":"open","ping_status":"closed","template":"","meta":{"_acf_changed":false,"content-type":"","_monsterinsights_skip_tracking":false,"_monsterinsights_sitenote_active":false,"_monsterinsights_sitenote_note":"","_monsterinsights_sitenote_category":0},"product_brand":[484],"product_cat":[547,500,245],"product_tag":[],"class_list":{"0":"post-12442","1":"product","2":"type-product","3":"status-publish","4":"has-post-thumbnail","6":"product_brand-antcube","7":"product_cat-all-products","8":"product_cat-ant-posters-and-teaching-aids","9":"product_cat-merchandise","11":"first","12":"instock","13":"taxable","14":"shipping-taxable","15":"purchasable","16":"product-type-simple"},"acf":[],"aioseo_notices":[],"jetpack_sharing_enabled":true,"_links":{"self":[{"href":"https:\/\/antcube.shop\/da\/wp-json\/wp\/v2\/product\/12442","targetHints":{"allow":["GET"]}}],"collection":[{"href":"https:\/\/antcube.shop\/da\/wp-json\/wp\/v2\/product"}],"about":[{"href":"https:\/\/antcube.shop\/da\/wp-json\/wp\/v2\/types\/product"}],"replies":[{"embeddable":true,"href":"https:\/\/antcube.shop\/da\/wp-json\/wp\/v2\/comments?post=12442"}],"wp:featuredmedia":[{"embeddable":true,"href":"https:\/\/antcube.shop\/da\/wp-json\/wp\/v2\/media\/12454"}],"wp:attachment":[{"href":"https:\/\/antcube.shop\/da\/wp-json\/wp\/v2\/media?parent=12442"}],"wp:term":[{"taxonomy":"product_brand","embeddable":true,"href":"https:\/\/antcube.shop\/da\/wp-json\/wp\/v2\/product_brand?post=12442"},{"taxonomy":"product_cat","embeddable":true,"href":"https:\/\/antcube.shop\/da\/wp-json\/wp\/v2\/product_cat?post=12442"},{"taxonomy":"product_tag","embeddable":true,"href":"https:\/\/antcube.shop\/da\/wp-json\/wp\/v2\/product_tag?post=12442"}],"curies":[{"name":"wp","href":"https:\/\/api.w.org\/{rel}","templated":true}]}}