{"id":12435,"date":"2025-09-30T10:01:28","date_gmt":"2025-09-30T08:01:28","guid":{"rendered":"https:\/\/antcube.shop\/en\/product\/antcube-digfix-30x30-liegend\/"},"modified":"2026-04-14T09:35:10","modified_gmt":"2026-04-14T07:35:10","slug":"antcube-digfix-30x30-liggende","status":"publish","type":"product","link":"https:\/\/antcube.shop\/da\/vare\/antcube-digfix-30x30-liggende\/","title":{"rendered":"ANTCUBE - Digfix 30\u00d730 - liggende"},"content":{"rendered":"<p><strong>Dimensioner:<\/strong> 280x280x28mm<\/p>\n<p><strong>Materiale:<\/strong> Digfix<\/p>\n<p><strong>Anvendelse:<\/strong><br \/>\nPasser kun i vores ANTCUBE - Nest 30\u00d730 - vandret<\/p>\n<p><strong>Beskrivelse:<\/strong><br \/>\nDette Digfix-bo, som er lavet af et s\u00e6rligt materiale, der kan graves ned i, er designet til at passe perfekt til vores ANTCUBE 30\u00d730 vandrette boer. Pladen kan bruges enten t\u00f8r eller fugtig og er velegnet til mange myrearter - is\u00e6r dem, der bygger rede i sand eller (d\u00f8dt) tr\u00e6. Den er et praktisk alternativ til sand-ler-blandinger eller redeindsatser af kork.<\/p>\n<p>En s\u00e6rlig fordel er, at det er nemt at kontrollere fugtniveauet: Pladen skifter farve synligt, s\u00e5 fugtniveauet kan vurderes optimalt. I mods\u00e6tning til sand-lerblandinger forbliver de indre ruder i myrefarmene rene, da der ikke kl\u00e6ber noget l\u00f8st substrat til dem.<\/p>\n<p>Takket v\u00e6re sin solide struktur bevarer materialet permanent de tunneler og kamre, som myrerne har skabt, uden at falde sammen - det giver en sikker og naturlig graveoplevelse.<\/p>","protected":false},"excerpt":{"rendered":"<p>M\u00e5l: 280x280x28mm<\/p>","protected":false},"featured_media":0,"comment_status":"open","ping_status":"closed","template":"","meta":{"_acf_changed":false,"content-type":"","_monsterinsights_skip_tracking":false,"_monsterinsights_sitenote_active":false,"_monsterinsights_sitenote_note":"","_monsterinsights_sitenote_category":0},"product_brand":[484],"product_cat":[547,257,87,88],"product_tag":[],"class_list":{"0":"post-12435","1":"product","2":"type-product","3":"status-publish","5":"product_brand-antcube","6":"product_cat-all-products","7":"product_cat-new-innovatve-products","8":"product_cat-nest-insets","9":"product_cat-digfix","11":"first","12":"instock","13":"taxable","14":"shipping-taxable","15":"purchasable","16":"product-type-simple"},"acf":[],"aioseo_notices":[],"jetpack_sharing_enabled":true,"_links":{"self":[{"href":"https:\/\/antcube.shop\/da\/wp-json\/wp\/v2\/product\/12435","targetHints":{"allow":["GET"]}}],"collection":[{"href":"https:\/\/antcube.shop\/da\/wp-json\/wp\/v2\/product"}],"about":[{"href":"https:\/\/antcube.shop\/da\/wp-json\/wp\/v2\/types\/product"}],"replies":[{"embeddable":true,"href":"https:\/\/antcube.shop\/da\/wp-json\/wp\/v2\/comments?post=12435"}],"wp:attachment":[{"href":"https:\/\/antcube.shop\/da\/wp-json\/wp\/v2\/media?parent=12435"}],"wp:term":[{"taxonomy":"product_brand","embeddable":true,"href":"https:\/\/antcube.shop\/da\/wp-json\/wp\/v2\/product_brand?post=12435"},{"taxonomy":"product_cat","embeddable":true,"href":"https:\/\/antcube.shop\/da\/wp-json\/wp\/v2\/product_cat?post=12435"},{"taxonomy":"product_tag","embeddable":true,"href":"https:\/\/antcube.shop\/da\/wp-json\/wp\/v2\/product_tag?post=12435"}],"curies":[{"name":"wp","href":"https:\/\/api.w.org\/{rel}","templated":true}]}}