{"id":12288,"date":"2025-09-02T09:53:21","date_gmt":"2025-09-02T07:53:21","guid":{"rendered":"https:\/\/antcube.shop\/en\/product\/antcube-nest-30x30-liegend\/"},"modified":"2026-02-26T10:38:03","modified_gmt":"2026-02-26T09:38:03","slug":"antcube-nest-30x30-liggende","status":"publish","type":"product","link":"https:\/\/antcube.shop\/da\/vare\/antcube-nest-30x30-liggende\/","title":{"rendered":"ANTCUBE - Rede 30\u00d730 - liggende"},"content":{"rendered":"<p><strong>Dimensioner:<\/strong><br \/>\nReden: 290 x 290 x 28 mm<br \/>\nGlasd\u00e6ksel: 290 x 290 x 4 mm<\/p>\n<p><strong>Materiale:<\/strong><br \/>\nFlydeglas, plast<\/p>\n<p><strong>Farve:<\/strong><br \/>\nKrystalklar<\/p>\n<p><strong>Indhold:<\/strong><br \/>\n1x ANTCUBE - Nest 30\u00d730 - vandret med to tilslutningsstik L 20\/16<br \/>\n1x glasd\u00e6ksel med 27 mm hul<\/p>\n<p><strong>Forbindelse: <\/strong>2x 14\/16\/18\/20 x 20 mm stikd\u00e5se<\/p>\n<p>14\/10-slangen s\u00e6ttes t\u00e6t ind i 14 mm-stikket<br \/>\n20\/16-slangen s\u00e6ttes t\u00e6t ind i det f\u00f8rste 16 mm-trin<br \/>\n22\/18-slangen s\u00e6ttes t\u00e6t ind i det andet 20 mm-trin<\/p>\n<p><strong>Beskrivelse: <\/strong>Vores vandrette rede har to tilslutningsstudser, som slanger eller r\u00f8r kan fastg\u00f8res til. Alternativt kan disse lukkes sikkert med matchende plastik- eller netd\u00e6ksler.<\/p>\n<p>Til st\u00f8rre myrearter, som f.eks. forskellige Camponotus-arter, anbefaler vi at kombinere den med en af vores korkreder, som f\u00e5s separat. Reden kan dog ogs\u00e5 fyldes med substrat.<\/p>\n<p>D\u00e6kslet kan tages af og sidder sikkert p\u00e5 myreboet takket v\u00e6re den gummibelagte kant. I midten er der et 27 mm hul, som bruges til at fugte indersiden af boet. Afh\u00e6ngigt af den \u00f8nskede luftfugtighed kan denne \u00e5bning lukkes med enten en netindsats eller en formicariumprop.<\/p>\n<p>Som ekstraudstyr kan man f\u00e5 et r\u00f8dt l\u00e5g, som g\u00f8r reden m\u00f8rkere, og som afh\u00e6ngigt af arten kan have en positiv effekt p\u00e5 koloniens udvikling.<\/p>\n<p><strong>Oplysninger om fremstilling<\/strong><br \/>\nGlasset er sk\u00e5ret i overensstemmelse med DIN 1249 med en tolerance p\u00e5 +\/- 1 mm. Ekstra beskyttelse mod udbrud er afg\u00f8rende for ekstremt sm\u00e5 myrearter.<\/p>\n<p><strong>Bem\u00e6rkninger om forbindelsesd\u00e5serne<\/strong><br \/>\nN\u00e5r du monterer eller fjerner slanger, skal du v\u00e6re opm\u00e6rksom p\u00e5 f\u00f8lgende:<br \/>\nHvis slangen er meget sv\u00e6r at f\u00e5 til at passe p\u00e5 tilslutningsstudsen, skal studsen gnides let med en dr\u00e5be af vores udbrudsbeskyttelsesolie eller -pulver. Derefter skal slangen skubbes p\u00e5 forbindelsen ved at dreje eller skrue den fast, uden at der ud\u00f8ves et opadg\u00e5ende eller nedadg\u00e5ende tryk p\u00e5 forbindelsen. Det samme g\u00e6lder, n\u00e5r du fjerner slangerne fra konnektoren. Du m\u00e5 ikke bare tr\u00e6kke dem af!<\/p>","protected":false},"excerpt":{"rendered":"<p>Tilslutning: 2x 14\/16\/18\/20 mm stik<br \/>\nSt\u00f8rrelse: L<\/p>","protected":false},"featured_media":12293,"comment_status":"open","ping_status":"closed","template":"","meta":{"_acf_changed":false,"content-type":"","_monsterinsights_skip_tracking":false,"_monsterinsights_sitenote_active":false,"_monsterinsights_sitenote_note":"","_monsterinsights_sitenote_category":0},"product_brand":[484],"product_cat":[257,80,83,86],"product_tag":[],"class_list":{"0":"post-12288","1":"product","2":"type-product","3":"status-publish","4":"has-post-thumbnail","6":"product_brand-antcube","7":"product_cat-new-innovatve-products","8":"product_cat-antfarms","9":"product_cat-antfarms-l","10":"product_cat-formicariums","12":"first","13":"instock","14":"taxable","15":"shipping-taxable","16":"purchasable","17":"product-type-simple"},"acf":[],"aioseo_notices":[],"jetpack_sharing_enabled":true,"_links":{"self":[{"href":"https:\/\/antcube.shop\/da\/wp-json\/wp\/v2\/product\/12288","targetHints":{"allow":["GET"]}}],"collection":[{"href":"https:\/\/antcube.shop\/da\/wp-json\/wp\/v2\/product"}],"about":[{"href":"https:\/\/antcube.shop\/da\/wp-json\/wp\/v2\/types\/product"}],"replies":[{"embeddable":true,"href":"https:\/\/antcube.shop\/da\/wp-json\/wp\/v2\/comments?post=12288"}],"wp:featuredmedia":[{"embeddable":true,"href":"https:\/\/antcube.shop\/da\/wp-json\/wp\/v2\/media\/12293"}],"wp:attachment":[{"href":"https:\/\/antcube.shop\/da\/wp-json\/wp\/v2\/media?parent=12288"}],"wp:term":[{"taxonomy":"product_brand","embeddable":true,"href":"https:\/\/antcube.shop\/da\/wp-json\/wp\/v2\/product_brand?post=12288"},{"taxonomy":"product_cat","embeddable":true,"href":"https:\/\/antcube.shop\/da\/wp-json\/wp\/v2\/product_cat?post=12288"},{"taxonomy":"product_tag","embeddable":true,"href":"https:\/\/antcube.shop\/da\/wp-json\/wp\/v2\/product_tag?post=12288"}],"curies":[{"name":"wp","href":"https:\/\/api.w.org\/{rel}","templated":true}]}}