{"id":12285,"date":"2025-09-02T09:52:58","date_gmt":"2025-09-02T07:52:58","guid":{"rendered":"https:\/\/antcube.shop\/en\/product\/antcube-korknest-20x20-liegend\/"},"modified":"2026-04-01T13:28:21","modified_gmt":"2026-04-01T11:28:21","slug":"antcube-corknest-20x20-liggende","status":"publish","type":"product","link":"https:\/\/antcube.shop\/da\/vare\/antcube-corknest-20x20-liggende\/","title":{"rendered":"ANTCUBE - Corknest 20\u00d720 - liggende"},"content":{"rendered":"<p><strong>Dimensioner:<\/strong> 180x180x28mm<\/p>\n<p><strong>Materiale: <\/strong>Kork (fint)<\/p>\n<p><strong>Anvendelse:<\/strong><br \/>\nPasser kun i vores ANTCUBE - Nest 20\u00d720 - vandret<\/p>\n<p><strong>Beskrivelse:\u00a0<\/strong><br \/>\nDenne korkrede med f\u00e6rdigbyggede tunneler og kamre er velegnet til mange myrearter, is\u00e6r dem, der bygger rede i (d\u00f8dt) tr\u00e6. Den har to huller, der fungerer som indgange til reden.<\/p>\n<p>Kork er et naturligt, kemisk neutralt materiale. Dets struktur er uigennemtr\u00e6ngelig for v\u00e6sker, reagerer ikke kemisk og forbliver derfor intakt i lang tid. Et permanent h\u00f8jt fugtindhold kan dog fremme r\u00e5d og forkorte nestens levetid. Generelt er kork meget modstandsdygtig over for forfald og svampe- og skimmelangreb. Den s\u00e6rlige overflade og struktur giver ikke meget grobund for svampe. Ikke desto mindre kan madrester, ekskrementer eller andre organiske stoffer fremme skimmelv\u00e6kst.<\/p>\n<p>Vi anbefaler derfor at holde myrearter fra t\u00f8rrere omr\u00e5der i korkreder. Men arter fra mere fugtige levesteder kan ogs\u00e5 holdes i dem - for de fleste er r\u00e5d ikke et problem. Mange myrearter, der findes i Nordeuropa, s\u00e5som Camponotus herculeanus eller Formica fusca, er endda naturligt tilpasset r\u00e5ddent eller delvist nedbrudt tr\u00e6.<\/p>","protected":false},"excerpt":{"rendered":"<p>St\u00f8rrelse: 180x180x28mm<\/p>","protected":false},"featured_media":12290,"comment_status":"open","ping_status":"closed","template":"","meta":{"_acf_changed":false,"content-type":"","_monsterinsights_skip_tracking":false,"_monsterinsights_sitenote_active":false,"_monsterinsights_sitenote_note":"","_monsterinsights_sitenote_category":0},"product_brand":[484],"product_cat":[257,87,89],"product_tag":[],"class_list":{"0":"post-12285","1":"product","2":"type-product","3":"status-publish","4":"has-post-thumbnail","6":"product_brand-antcube","7":"product_cat-new-innovatve-products","8":"product_cat-nest-insets","9":"product_cat-cork","11":"first","12":"instock","13":"taxable","14":"shipping-taxable","15":"purchasable","16":"product-type-simple"},"acf":[],"aioseo_notices":[],"jetpack_sharing_enabled":true,"_links":{"self":[{"href":"https:\/\/antcube.shop\/da\/wp-json\/wp\/v2\/product\/12285","targetHints":{"allow":["GET"]}}],"collection":[{"href":"https:\/\/antcube.shop\/da\/wp-json\/wp\/v2\/product"}],"about":[{"href":"https:\/\/antcube.shop\/da\/wp-json\/wp\/v2\/types\/product"}],"replies":[{"embeddable":true,"href":"https:\/\/antcube.shop\/da\/wp-json\/wp\/v2\/comments?post=12285"}],"wp:featuredmedia":[{"embeddable":true,"href":"https:\/\/antcube.shop\/da\/wp-json\/wp\/v2\/media\/12290"}],"wp:attachment":[{"href":"https:\/\/antcube.shop\/da\/wp-json\/wp\/v2\/media?parent=12285"}],"wp:term":[{"taxonomy":"product_brand","embeddable":true,"href":"https:\/\/antcube.shop\/da\/wp-json\/wp\/v2\/product_brand?post=12285"},{"taxonomy":"product_cat","embeddable":true,"href":"https:\/\/antcube.shop\/da\/wp-json\/wp\/v2\/product_cat?post=12285"},{"taxonomy":"product_tag","embeddable":true,"href":"https:\/\/antcube.shop\/da\/wp-json\/wp\/v2\/product_tag?post=12285"}],"curies":[{"name":"wp","href":"https:\/\/api.w.org\/{rel}","templated":true}]}}