{"id":11857,"date":"2025-06-20T14:40:22","date_gmt":"2025-06-20T12:40:22","guid":{"rendered":"https:\/\/antcube.shop\/en\/product\/bundle-offer-tetraponera-rufonigra\/"},"modified":"2026-04-14T19:51:12","modified_gmt":"2026-04-14T17:51:12","slug":"samlet-tilbud-tetraponera-rufonigra","status":"publish","type":"product","link":"https:\/\/antcube.shop\/da\/vare\/samlet-tilbud-tetraponera-rufonigra\/","title":{"rendered":"Pakketilbud - Tetraponera rufonigra"},"content":{"rendered":"<p><strong><span data-text-color=\"secondary\">Pakketilbud med en Tetraponera rufonigra-myrekoloni (dronning + 5-10 arbejdere + yngel), et korkstarts\u00e6t, 2x formicariumpuder, en refillpakke med honningdugblanding p\u00e5 10 ml og et glas med vores s\u00e6rlige blancherede f\u00e5rekyllinger (fugtigt protein).<\/span><\/strong><\/p>\n<p><span data-text-color=\"alert\"><strong>Kun s\u00e5 l\u00e6nge lager haves.<\/strong><\/span><\/p>\n<p><strong>Alt, hvad du skal bruge til en Tetraponera rufonigra-myrekoloni<\/strong><br \/>\nDenne pakke indeholder alt det n\u00f8dvendige for at kunne starte og passe en Tetraponera rufonigra-koloni i dens tidlige udvikling. Det er begyndervenligt og kan nemt udvides, efterh\u00e5nden som din koloni vokser.<\/p>\n<p><strong>Myreart: Tetraponera rufonigra<\/strong><br \/>\nTetraponera rufonigra er en slank, tr\u00e6levende myreart, der er kendt for sin sl\u00e5ende r\u00f8dlige og sorte farve. Den er hjemmeh\u00f8rende i Syd- og Syd\u00f8stasien og bygger typisk rede i d\u00f8de kviste eller hule plantest\u00e6ngler og er tilpasset varme, fugtige tropiske milj\u00f8er. Selv om den ikke er s\u00e5 almindelig at holde som andre jordboende arter, er den et fremragende valg for dyreholdere, der \u00f8nsker en mere aktiv og visuelt interessant koloni. <span data-text-color=\"alert\"><strong>Bem\u00e6rk: Denne art har en brod og udviser en h\u00f8jere grad af forsvarsadf\u00e6rd, s\u00e5 h\u00e5ndtering b\u00f8r ske med forsigtighed.<\/strong><\/span><\/p>\n<p><strong>F\u00f8de til Tetraponera rufonigra<\/strong><br \/>\nDisse myrer kr\u00e6ver en kost, der er rig p\u00e5 b\u00e5de sukker og proteiner. Tilbyd en blanding af honningdug eller honningopl\u00f8sning til kulhydrater sammen med sm\u00e5 insekter (levende eller d\u00f8de) til protein. De har is\u00e6r gavn af byttedyr med bl\u00f8d krop som bananfluer, melorme eller vores blancherede f\u00e5rekyllinger. Lejlighedsvis kan man ogs\u00e5 tilbyde frugt som banan eller \u00e6ble. S\u00f8rg altid for, at der er frisk vand til r\u00e5dighed.<\/p>\n<p><strong>Formicarium til Tetraponera rufonigra<\/strong><br \/>\nI naturen bygger Tetraponera rufonigra reder i smalle hulrum i tr\u00e6 eller hule stammer. Til pleje i fangenskab anbefaler vi vores starts\u00e6t L med redeindsatser af kork eller bambus, som er en god kopi af deres naturlige redemilj\u00f8. Vertikale eller semi-vertikale redemuligheder er ideelle til at simulere deres tr\u00e6levende livsstil. S\u00f8rg for, at formicariet har tilstr\u00e6kkelig ventilation og opretholder en moderat til h\u00f8j luftfugtighed, is\u00e6r i redeomr\u00e5det.<\/p>\n<p><strong>Indhold:<\/strong><br \/>\n1x Tetraponera rufonigra (dronning + 5-10 arbejdere + yngel)<br \/>\n1x syrenmarmelade 25g<br \/>\n1x Honeydew Mix (HT) - genopfyldningspakke 10ml<br \/>\n1x Formicarium-base - 20x20cm<br \/>\n1x Formicarium-base - 20x6cm<\/p>\n<p>1x ANTCUBE - Arena 20x20x10x10 - flad<br \/>\n1x ramme til myrearena 20\u00d720<br \/>\n1x d\u00e6kning af myrearena 20\u00d720<br \/>\n4x fastg\u00f8relsespunkt til arenaafd\u00e6kning<br \/>\n1x ANTCUBE - Myrefarm - L - 20\u00d720 - opretst\u00e5ende<\/p>\n<p>1x ANTCUBE - korkrede 20\u00d720 - opretst\u00e5ende<br \/>\n1x 0,5m slange gennemsigtig 20\/16 mm<br \/>\n1x ANTCUBE - R\u00f8d folie 20\u00d720 - filter<br \/>\n1x selvkl\u00e6bende clips - gennemsigtig 2 stk.<br \/>\n1x substrat - sand-ler beige - 1000g<\/p>\n<p>2x Grid insert acrylic &#8211; 50 mm with sealing ring<br \/>\n1x Grid insert acrylic &#8211; 27 mm with sealing ring<br \/>\n1x Gitterh\u00e6tte - 16 mm - rustfrit st\u00e5l<\/p>\n<p>1x tank-slangekobling 27-14,16,20 mm - gennemsigtig<br \/>\n1x Foil thermometer &#8211; farm<br \/>\n1x Foil thermometer Display<br \/>\n1x drinking clear 5ml &#8211; sponge<br \/>\n1x Feeding dish white rectangle &#8211; 3 compartments<br \/>\n1x Drinking trough 2ml &#8211; 360 Degrees<br \/>\n1x Myrebeskyttelsesolie 10 ml<br \/>\n1x Pincet af fjederst\u00e5l - bred - bl\u00f8d<br \/>\n1x Pincet i gennemsigtig plast<br \/>\n1x plastpipette 3ml<br \/>\n1x h\u00e5ndlup - 2x - 30mm<br \/>\n1x skumt\u00f8rrer 150x18x2,5mm<\/p>\n<p><strong>Beskrivelse Starts\u00e6t:<\/strong><br \/>\nDette starts\u00e6t i kork med pr\u00e6fabrikerede gange og kamre er velegnet til forskellige myrearter, is\u00e6r til arter, der bygger rede i (d\u00f8dt) tr\u00e6.<\/p>\n<p>\"ANTCUBE - Cork Nest\" kan inds\u00e6ttes i den helt gennemsigtige g\u00e5rd. Alternativt kan du ogs\u00e5 bruge substratet \"Sand-clay beige\" til at fylde farmen eller til at lukke nogle af kamrene i korkreden. Yderligere moduler kan tilsluttes via 50 mm hullerne i d\u00e6kslet, hvis det er n\u00f8dvendigt, f.eks. de separat tilg\u00e6ngelige foggere, ventilatorer eller lys. Alternativt er passende gitterindsatser og formicariumpropper til at lukke \u00e5bningerne inkluderet i leveringsomfanget. Hvis det \u00f8nskes, kan formicariet ogs\u00e5 betjenes \u00e5bent ved blot at placere den aftagelige ramme p\u00e5 toppen og p\u00e5f\u00f8re myrebeskyttelsesolie p\u00e5 kanten.<\/p>\n<p><strong>Vigtigt:<\/strong> Fugt gerne substratet f\u00f8r brug, s\u00e5 blandingen kan binde sig og f\u00e5 godt fat i myreboet. Hvis substratet er for t\u00f8rt og st\u00f8vet, kan myrernes luftveje desuden blive blokeret, og i v\u00e6rste fald kan dyrene blive kvalt.<\/p>\n<p><strong>Anbefaling: <\/strong>Vi anbefaler et substratlag p\u00e5 2 mm i h\u00f8jden, s\u00e5 dyrene ikke kan grave sig ned i arenaen og i stedet bruge den g\u00e5rd, der er beregnet til dette form\u00e5l.<\/p>\n<p><strong>Bem\u00e6rkninger om glasproduktion<\/strong><br \/>\nGlasset er sk\u00e5ret til i henhold til DIN 1249 med en tolerance p\u00e5 +\/- 1 mm. For ekstremt sm\u00e5 myrearter er det vigtigt med ekstra udbrudsbeskyttelse.<\/p>\n<p><strong>Bem\u00e6rkninger om bedriften<\/strong><br \/>\nReden b\u00f8r kun bruges i et t\u00f8rt formicarium. Hvis reden holdes konstant fugtig, kan materialet blive muggent.<\/p>\n<p><strong>N\u00e5r du monterer eller fjerner slanger, skal du v\u00e6re opm\u00e6rksom p\u00e5 f\u00f8lgende:<\/strong><br \/>\nHvis det er meget sv\u00e6rt at f\u00e5 slangen til at passe p\u00e5 tilslutningsmuffen, skal muffen gnides let med en dr\u00e5be af vores olie eller pulver til beskyttelse mod udbrud. Derefter skal slangen skubbes p\u00e5 muffen med drejende eller skruende bev\u00e6gelser uden at belaste muffen med op- og nedadg\u00e5ende bev\u00e6gelser. Det samme g\u00e6lder, n\u00e5r du fjerner slangerne fra g\u00e5rdtilslutningsstudsen. Du m\u00e5 ikke bare tr\u00e6kke den af!<\/p>\n<p><strong>Instruktioner:<\/strong><br \/>\n&#8211; <a href=\"https:\/\/www.antstore.net\/shop\/images\/info\/en\/Instructions%20for%20use%20-%20Starter%20Set%20Cork.pdf\" data-cke-saved-href=\"https:\/\/www.antstore.net\/shop\/images\/info\/en\/Instructions%20for%20use%20-%20Starter%20Set%20Cork.pdf\">DA Brugsanvisning - Starts\u00e6t Kork (PDF 3.79 MB)<\/a><br \/>\n&#8211; <a href=\"https:\/\/www.antstore.net\/shop\/images\/info\/es\/Manual%20de%20instrucciones%20-%20Set%20de%20inicio%20de%20corcho.pdf\" data-cke-saved-href=\"https:\/\/www.antstore.net\/shop\/images\/info\/es\/Manual%20de%20instrucciones%20-%20Set%20de%20inicio%20de%20corcho.pdf\">ES Manual de instrucciones - Set de inicio de corcho (PDF 3,79 MB)<\/a><br \/>\n&#8211; <a href=\"https:\/\/www.antstore.net\/shop\/images\/info\/fr\/Manuel%20d'instruction%20-%20Kit%20de%20d%C3%A9marrage%20en%20li%C3%A8ge.pdf\" data-cke-saved-href=\"https:\/\/www.antstore.net\/shop\/images\/info\/fr\/Manuel%20d'instruction%20-%20Kit%20de%20d%C3%A9marrage%20en%20li%C3%A8ge.pdf\">FR Manuel d'instruction - Kit de d\u00e9marrage en li\u00e8ge (PDF 3,79 MB)<\/a><\/p>\n<p><strong>Noter om Cricket Jam:<\/strong><br \/>\nVores blancherede f\u00e5rekyllinger er en nem m\u00e5de at give dine myrer frisk konserveret proteinfoder p\u00e5 uden at skulle fodre med levende insekter. F\u00e5rekyllingerne (Acheta domesticus) er blevet blancheret forsigtigt for at sikre, at n\u00e6ringsv\u00e6rdier, smag og aroma bevares. Desuden bl\u00f8dg\u00f8res insekternes kitinholdige skal p\u00e5 denne m\u00e5de, s\u00e5 den lettere kan ford\u00f8jes. Bindingerne i kollagenproteinerne nedbrydes, s\u00e5 myrerne bedre kan udnytte dem. Acheta domesticus p\u00e5 d\u00e5se har samme n\u00e6ringsv\u00e6rdi som levende f\u00e5rekyllinger, men er lettere at ford\u00f8je.<\/p>\n<p>Cricket Jam er ikke egnet til at jage myrearter, der kr\u00e6ver levende f\u00f8de (f.eks. poneriner (store myrer) som Harpegnathos eller Odontomachus).<\/p>\n<p><strong>Yderligere fordele:<\/strong><br \/>\nGaranteret fri for mider<br \/>\nKan portioneres og fortyndes med vand<br \/>\nSteriliseret og vakuumpakket<br \/>\nUden tils\u00e6tningsstoffer<br \/>\nF\u00e5rekyllinger fra b\u00e6redygtigt, rent \u00f8kologisk opdr\u00e6t, fodret med organisk affald<\/p>\n<p><strong>Bem\u00e6rk:<\/strong><br \/>\nKan opbevares i k\u00f8leskabet i ca. fire dage efter \u00e5bning. L\u00e6ngere holdbarhed, hvis den fryses.<br \/>\nV\u00e6r opm\u00e6rksom: F\u00f8rst portion, derefter frysning.<\/p>\n<p><strong>Note om honningdug:<\/strong><br \/>\nIndhold: 10 ml<br \/>\nDette er et naturprodukt, som vi har forfinet efter omfattende test i vores laboratorium og udviklet til et foder, der er meget velaccepteret af myrer. \u00c5rsagen er, at uforarbejdet honningdughonning i sin koncentrerede oprindelige form ikke accepteres godt af myrer og deres stofskifte.<br \/>\nVores honningdug er indsamlet i de uforurenede, vilde bjergskove i Bulgarien. Honningdug produceres kun i en meget begr\u00e6nset periode, omkring to m\u00e5neder om sommeren. Den er derfor meget sj\u00e6lden. P\u00e5 grund af skovenes s\u00e6rlige jordbundsforhold og klimaet oplagres vigtige n\u00e6ringsstoffer i tr\u00e6ernes blade, som absorberes af bladlusene. Det er det, der g\u00f8r denne honningdugblanding s\u00e5 eftertragtet for myrer.<\/p>\n<p><strong>Anvendelse:<\/strong><br \/>\nM\u00e6ngden af mad skal indtages inden for ca. 3 dage.<\/p>\n<p><strong>Beskrivelse:<\/strong><br \/>\nI mods\u00e6tning til blomsterhonning udvindes honningdug af sekreter fra insekter, der suger p\u00e5 planter, f.eks. bladlus. Honningdug er en popul\u00e6r f\u00f8dekilde for mange insekter som myrer, bier og humlebier. Bier og humlebier slikker det af blade eller n\u00e5le fra forskellige tr\u00e6er. Myrer som Lasius niger holder bogstaveligt talt bladlusene. De forsvarer dem endda mod rovdyr og b\u00e6rer dem hen til friske skud.<\/p>\n<p>Honningdug er s\u00e6rlig popul\u00e6r blandt myrer p\u00e5 grund af dens noget anderledes bestanddele. De vigtigste sukkerarter i honningdug er saccharose og fructose, men der findes ogs\u00e5 mindre m\u00e6ngder af maltose, trehalose, melezitose, raffinose og andre oligosaccharider. Ud over sukker og vand indeholder honningdug ogs\u00e5 essentielle aminosyrer, mineraler, sporstoffer, adenosiner, fosfater og andre ingredienser s\u00e5som vitaminer.<\/p>\n<p><strong>Anvendelse:<\/strong><br \/>\nFor honningspisende myrearter (Meliphagidae)<br \/>\nDette er et tilskudsfoder<br \/>\nDet kan tilbydes dyrene, som det leveres. Da sukkerkoncentrationen reduceres af fugtigheden, og en g\u00e6ringsproces begynder, b\u00f8r foderet udskiftes hver 3. dag. Reng\u00f8r fodersk\u00e5len\/r\u00f8ret grundigt f\u00f8r genbrug.<br \/>\nN\u00e5r pakken er \u00e5bnet, skal den holdes t\u00e6t lukket indtil udl\u00f8bsdatoen.<\/p>\n<p><strong>N\u00e6ringsoplysninger pr. 100 g:<\/strong><br \/>\nca. 2,7 % fedtstoffer<br \/>\nhvoraf m\u00e6ttet ca. 0,45 %<br \/>\nca. 95 % kulhydrater<br \/>\nheraf sukker ca. 71<br \/>\nca. 2.85% protein<br \/>\nMineraler (kalium, calcium, kobber, jern, natrium, magnesium, fosfor, zink og andre sporstoffer) Aminosyrer (prolin, leucin, phenylalanin, alanin, histidin, isoleucin, glutaminsyre, arginin, asparaginsyre osv.) Organiske syrer Enzymer (fermenter) Smagsstoffer Inhibiner (antibakterielle stoffer) Blomster Pollen<\/p>\n<p><strong>Opbevaring:<\/strong><br \/>\nFor at sikre foderets kvalitet skal det opbevares m\u00f8rkt og t\u00f8rt.<\/p>\n<p><strong>Bem\u00e6rk:<\/strong><br \/>\nTilskudsfoder til honning\u00e6dende myrer.<br \/>\nSe venligst indl\u00e6gssedlen for sammens\u00e6tning, analytiske ingredienser, bedst f\u00f8r-dato og batchnummer.<\/p>\n<p>Informationshotline +49 30 439703870<\/p>\n<p><strong>Ansvarlig veterin\u00e6r- og f\u00f8devareinspektorat:<\/strong><br \/>\nSteglitz Veterin\u00e6rkontor<br \/>\nK\u00f6nigin-Luise-Str. 92<br \/>\n14195 Berlin<\/p>","protected":false},"excerpt":{"rendered":"<p>S\u00e6ttet best\u00e5r af 33 dele<br \/>\nSt\u00f8rrelse: L<\/p>","protected":false},"featured_media":11858,"comment_status":"open","ping_status":"closed","template":"","meta":{"_acf_changed":false,"content-type":"","_monsterinsights_skip_tracking":false,"_monsterinsights_sitenote_active":false,"_monsterinsights_sitenote_note":"","_monsterinsights_sitenote_category":0},"product_brand":[484],"product_cat":[355,73],"product_tag":[],"class_list":{"0":"post-11857","1":"product","2":"type-product","3":"status-publish","4":"has-post-thumbnail","6":"product_brand-antcube","7":"product_cat-bundle-offers","8":"product_cat-starter-sets","10":"first","11":"instock","12":"taxable","13":"shipping-taxable","14":"purchasable","15":"product-type-simple"},"acf":[],"aioseo_notices":[],"jetpack_sharing_enabled":true,"_links":{"self":[{"href":"https:\/\/antcube.shop\/da\/wp-json\/wp\/v2\/product\/11857","targetHints":{"allow":["GET"]}}],"collection":[{"href":"https:\/\/antcube.shop\/da\/wp-json\/wp\/v2\/product"}],"about":[{"href":"https:\/\/antcube.shop\/da\/wp-json\/wp\/v2\/types\/product"}],"replies":[{"embeddable":true,"href":"https:\/\/antcube.shop\/da\/wp-json\/wp\/v2\/comments?post=11857"}],"wp:featuredmedia":[{"embeddable":true,"href":"https:\/\/antcube.shop\/da\/wp-json\/wp\/v2\/media\/11858"}],"wp:attachment":[{"href":"https:\/\/antcube.shop\/da\/wp-json\/wp\/v2\/media?parent=11857"}],"wp:term":[{"taxonomy":"product_brand","embeddable":true,"href":"https:\/\/antcube.shop\/da\/wp-json\/wp\/v2\/product_brand?post=11857"},{"taxonomy":"product_cat","embeddable":true,"href":"https:\/\/antcube.shop\/da\/wp-json\/wp\/v2\/product_cat?post=11857"},{"taxonomy":"product_tag","embeddable":true,"href":"https:\/\/antcube.shop\/da\/wp-json\/wp\/v2\/product_tag?post=11857"}],"curies":[{"name":"wp","href":"https:\/\/api.w.org\/{rel}","templated":true}]}}