{"id":11505,"date":"2025-04-25T15:17:18","date_gmt":"2025-04-25T13:17:18","guid":{"rendered":"https:\/\/antcube.shop\/en\/product\/poster-die-rote-waldameise-formica-rufa-lebensweise-100x70\/"},"modified":"2026-01-12T12:41:40","modified_gmt":"2026-01-12T11:41:40","slug":"plakat-den-rode-skovmyre-formica-rufa-way-of-life-100x70","status":"publish","type":"product","link":"https:\/\/antcube.shop\/da\/vare\/plakat-den-rode-skovmyre-formica-rufa-way-of-life-100x70\/","title":{"rendered":"Plakat - Den r\u00f8de skovmyre - Formica rufa way of life - 100\u00d770"},"content":{"rendered":"<p>Den r\u00f8de skovmyre - Formica rufa way of life - myreplakat og undervisningsmateriale til skoler\/b\u00f8rnehaver.<\/p>\n<p><strong>Beskrivelse tilg\u00e6ngelig p\u00e5 tysk, engelsk, spansk og fransk<\/strong><\/p>\n<p><strong>Dimensioner:<\/strong> 100\u00d770 cm<\/p>\n<p><strong>Materiale:<\/strong> Latex-papir<br \/>\nPapiret er vandfast, kan t\u00f8rres af, er slidst\u00e6rkt, milj\u00f8venligt, da det ikke indeholder milj\u00f8skadelige opl\u00f8sningsmidler, og giver en str\u00e5lende printkvalitet.<\/p>\n<p><strong>Beskrivelse:<\/strong> Denne plakat giver et overblik over levevis og redebygning hos Formica rufa, den tueopbyggende r\u00f8de skovmyre fra Nord- og Centraleuropa. Denne art er en beskyttet art.<\/p>\n<p><strong>Vigtigt - yderligere information:<\/strong> <a href=\"https:\/\/www.ants.de\/link\/1001\">Her<\/a> finder du en detaljeret beskrivelse af de enkelte scener p\u00e5 plakaten. Disse f\u00f8lger ikke med plakaten, men kan tilg\u00e5s og udskrives separat via f\u00f8lgende link. https:\/\/www.ants.de\/link\/1001<\/p>","protected":false},"excerpt":{"rendered":"<p>Den r\u00f8de skovmyre - Formica rufa way of life - myreplakat og undervisningsmateriale til skoler\/b\u00f8rnehaver. Beskrivelse tilg\u00e6ngelig p\u00e5 tysk, engelsk, spansk og fransk Dimensioner: 70x50 cm Materiale: Latexpapir Dette papir er vandfast, kan t\u00f8rres af, er slidst\u00e6rkt, milj\u00f8venligt, da det ikke indeholder milj\u00f8skadelige opl\u00f8sningsmidler og giver en str\u00e5lende printkvalitet. Beskrivelse:","protected":false},"featured_media":11399,"comment_status":"open","ping_status":"closed","template":"","meta":{"_acf_changed":false,"content-type":"","_monsterinsights_skip_tracking":false,"_monsterinsights_sitenote_active":false,"_monsterinsights_sitenote_note":"","_monsterinsights_sitenote_category":0},"product_brand":[484],"product_cat":[500],"product_tag":[],"class_list":{"0":"post-11505","1":"product","2":"type-product","3":"status-publish","4":"has-post-thumbnail","6":"product_brand-antcube","7":"product_cat-ant-posters-and-teaching-aids","9":"first","10":"instock","11":"taxable","12":"shipping-taxable","13":"purchasable","14":"product-type-simple"},"acf":[],"aioseo_notices":[],"jetpack_sharing_enabled":true,"_links":{"self":[{"href":"https:\/\/antcube.shop\/da\/wp-json\/wp\/v2\/product\/11505","targetHints":{"allow":["GET"]}}],"collection":[{"href":"https:\/\/antcube.shop\/da\/wp-json\/wp\/v2\/product"}],"about":[{"href":"https:\/\/antcube.shop\/da\/wp-json\/wp\/v2\/types\/product"}],"replies":[{"embeddable":true,"href":"https:\/\/antcube.shop\/da\/wp-json\/wp\/v2\/comments?post=11505"}],"wp:featuredmedia":[{"embeddable":true,"href":"https:\/\/antcube.shop\/da\/wp-json\/wp\/v2\/media\/11399"}],"wp:attachment":[{"href":"https:\/\/antcube.shop\/da\/wp-json\/wp\/v2\/media?parent=11505"}],"wp:term":[{"taxonomy":"product_brand","embeddable":true,"href":"https:\/\/antcube.shop\/da\/wp-json\/wp\/v2\/product_brand?post=11505"},{"taxonomy":"product_cat","embeddable":true,"href":"https:\/\/antcube.shop\/da\/wp-json\/wp\/v2\/product_cat?post=11505"},{"taxonomy":"product_tag","embeddable":true,"href":"https:\/\/antcube.shop\/da\/wp-json\/wp\/v2\/product_tag?post=11505"}],"curies":[{"name":"wp","href":"https:\/\/api.w.org\/{rel}","templated":true}]}}