{"id":11504,"date":"2025-04-25T15:16:40","date_gmt":"2025-04-25T13:16:40","guid":{"rendered":"https:\/\/antcube.shop\/en\/product\/poster-ernteameisen-messor-barbarus-lebensweise-70x50\/"},"modified":"2026-03-30T20:38:14","modified_gmt":"2026-03-30T18:38:14","slug":"plakat-hostmyrer-messor-barbarus-way-of-life-70x50","status":"publish","type":"product","link":"https:\/\/antcube.shop\/da\/vare\/plakat-hostmyrer-messor-barbarus-way-of-life-70x50\/","title":{"rendered":"Plakat - H\u00f8stmyrer - Messor barbarus m\u00e5de at leve p\u00e5 - 70\u00d750"},"content":{"rendered":"<p>H\u00f8stmyrerne - Messor barbarus way of life - myreplakat og undervisningsmateriale til skoler\/b\u00f8rnehaver.<\/p>\n<p><strong>Beskrivelse tilg\u00e6ngelig p\u00e5 tysk, engelsk, spansk og fransk<\/strong><\/p>\n<p><strong>Dimensioner:<\/strong> 70\u00d750 cm<\/p>\n<p><strong>Materiale:<\/strong> Latex-papir<br \/>\nPapiret er vandfast, kan t\u00f8rres af, er slidst\u00e6rkt, milj\u00f8venligt, da det ikke indeholder milj\u00f8skadelige opl\u00f8sningsmidler, og giver en str\u00e5lende printkvalitet.<\/p>\n<p><strong>Beskrivelse:<\/strong> Denne plakat giver et overblik over levevis og redebygning hos Messor barbarus, h\u00f8stmyrearten fra Sydeuropa.<\/p>\n<p><strong>Vigtigt - yderligere information:<\/strong> <a href=\"https:\/\/www.ants.de\/link\/1005\">Her<\/a> finder du en detaljeret beskrivelse af de enkelte scener p\u00e5 plakaten. Disse f\u00f8lger ikke med plakaten, men kan tilg\u00e5s og udskrives separat via f\u00f8lgende link. https:\/\/www.ants.de\/link\/1001<\/p>","protected":false},"excerpt":{"rendered":"<p>H\u00f8stmyrerne - Messor barbarus way of life - myreplakat og undervisningsmateriale til skoler\/b\u00f8rnehaver. Beskrivelse tilg\u00e6ngelig p\u00e5 tysk, engelsk, spansk og fransk M\u00e5l: 70x50 cm Materiale: latexpapir Dette papir er vandfast, kan t\u00f8rres af, er slidst\u00e6rkt, milj\u00f8venligt, da det ikke indeholder milj\u00f8skadelige opl\u00f8sningsmidler og giver en str\u00e5lende printkvalitet. Beskrivelse: Dette","protected":false},"featured_media":11400,"comment_status":"open","ping_status":"closed","template":"","meta":{"_acf_changed":false,"content-type":"","_monsterinsights_skip_tracking":false,"_monsterinsights_sitenote_active":false,"_monsterinsights_sitenote_note":"","_monsterinsights_sitenote_category":0},"product_brand":[484],"product_cat":[500],"product_tag":[],"class_list":{"0":"post-11504","1":"product","2":"type-product","3":"status-publish","4":"has-post-thumbnail","6":"product_brand-antcube","7":"product_cat-ant-posters-and-teaching-aids","9":"first","10":"instock","11":"taxable","12":"shipping-taxable","13":"purchasable","14":"product-type-simple"},"acf":[],"aioseo_notices":[],"jetpack_sharing_enabled":true,"_links":{"self":[{"href":"https:\/\/antcube.shop\/da\/wp-json\/wp\/v2\/product\/11504","targetHints":{"allow":["GET"]}}],"collection":[{"href":"https:\/\/antcube.shop\/da\/wp-json\/wp\/v2\/product"}],"about":[{"href":"https:\/\/antcube.shop\/da\/wp-json\/wp\/v2\/types\/product"}],"replies":[{"embeddable":true,"href":"https:\/\/antcube.shop\/da\/wp-json\/wp\/v2\/comments?post=11504"}],"wp:featuredmedia":[{"embeddable":true,"href":"https:\/\/antcube.shop\/da\/wp-json\/wp\/v2\/media\/11400"}],"wp:attachment":[{"href":"https:\/\/antcube.shop\/da\/wp-json\/wp\/v2\/media?parent=11504"}],"wp:term":[{"taxonomy":"product_brand","embeddable":true,"href":"https:\/\/antcube.shop\/da\/wp-json\/wp\/v2\/product_brand?post=11504"},{"taxonomy":"product_cat","embeddable":true,"href":"https:\/\/antcube.shop\/da\/wp-json\/wp\/v2\/product_cat?post=11504"},{"taxonomy":"product_tag","embeddable":true,"href":"https:\/\/antcube.shop\/da\/wp-json\/wp\/v2\/product_tag?post=11504"}],"curies":[{"name":"wp","href":"https:\/\/api.w.org\/{rel}","templated":true}]}}