{"id":11493,"date":"2025-04-25T14:46:45","date_gmt":"2025-04-25T12:46:45","guid":{"rendered":"https:\/\/antcube.shop\/en\/product\/poster-ameisen-lebenszyklus-lasius-niger-70x100\/"},"modified":"2026-01-12T12:41:45","modified_gmt":"2026-01-12T11:41:45","slug":"plakat-myre-livscyklus-lasius-niger-70x100","status":"publish","type":"product","link":"https:\/\/antcube.shop\/da\/vare\/plakat-myre-livscyklus-lasius-niger-70x100\/","title":{"rendered":"Plakat - Myrens livscyklus - Lasius niger 70\u00d7100"},"content":{"rendered":"<p>Myres livscyklus - Lasius niger - myreplakat og undervisningsmateriale til skoler\/b\u00f8rnehaver.<\/p>\n<p><strong>Beskrivelse tilg\u00e6ngelig p\u00e5 tysk, engelsk, spansk og fransk<\/strong><\/p>\n<p><strong>Dimensioner:<\/strong> 70\u00d7100 cm<\/p>\n<p><strong>Materiale:<\/strong> Latex-papir<br \/>\nPapiret er vandfast, kan t\u00f8rres af, er slidst\u00e6rkt, milj\u00f8venligt, da det ikke indeholder milj\u00f8skadelige opl\u00f8sningsmidler, og giver en str\u00e5lende printkvalitet.<\/p>\n<p><strong>Beskrivelse:<\/strong> Denne plakat giver et overblik over myrernes udviklingsstadier, fra \u00e6g til arbejder, ved hj\u00e6lp af eksemplet med myrearten Lasius niger.<\/p>\n<p><strong>Vigtigt - yderligere information:<\/strong> <a href=\"https:\/\/www.ants.de\/link\/1100\">Her<\/a> finder du en detaljeret beskrivelse af de enkelte scener p\u00e5 plakaten. Disse f\u00f8lger ikke med plakaten, men kan tilg\u00e5s og udskrives separat via f\u00f8lgende link. <a href=\"https:\/\/www.ants.de\/link\/1100\">https:\/\/www.ants.de\/link\/1100<\/a><\/p>","protected":false},"excerpt":{"rendered":"<p>Myres livscyklus - Lasius niger - myreplakat og undervisningsmateriale til skoler\/b\u00f8rnehaver. Beskrivelse tilg\u00e6ngelig p\u00e5 tysk, engelsk, spansk og fransk M\u00e5l: 70x100 cm Materiale: Latexpapir Dette papir er vandfast, kan t\u00f8rres af, er slidst\u00e6rkt, milj\u00f8venligt, da det ikke indeholder milj\u00f8skadelige opl\u00f8sningsmidler og giver en str\u00e5lende printkvalitet. Beskrivelse: Denne plakat","protected":false},"featured_media":11403,"comment_status":"open","ping_status":"closed","template":"","meta":{"_acf_changed":false,"content-type":"","_monsterinsights_skip_tracking":false,"_monsterinsights_sitenote_active":false,"_monsterinsights_sitenote_note":"","_monsterinsights_sitenote_category":0},"product_brand":[484],"product_cat":[500],"product_tag":[],"class_list":{"0":"post-11493","1":"product","2":"type-product","3":"status-publish","4":"has-post-thumbnail","6":"product_brand-antcube","7":"product_cat-ant-posters-and-teaching-aids","9":"first","10":"instock","11":"taxable","12":"shipping-taxable","13":"purchasable","14":"product-type-simple"},"acf":[],"aioseo_notices":[],"jetpack_sharing_enabled":true,"_links":{"self":[{"href":"https:\/\/antcube.shop\/da\/wp-json\/wp\/v2\/product\/11493","targetHints":{"allow":["GET"]}}],"collection":[{"href":"https:\/\/antcube.shop\/da\/wp-json\/wp\/v2\/product"}],"about":[{"href":"https:\/\/antcube.shop\/da\/wp-json\/wp\/v2\/types\/product"}],"replies":[{"embeddable":true,"href":"https:\/\/antcube.shop\/da\/wp-json\/wp\/v2\/comments?post=11493"}],"wp:featuredmedia":[{"embeddable":true,"href":"https:\/\/antcube.shop\/da\/wp-json\/wp\/v2\/media\/11403"}],"wp:attachment":[{"href":"https:\/\/antcube.shop\/da\/wp-json\/wp\/v2\/media?parent=11493"}],"wp:term":[{"taxonomy":"product_brand","embeddable":true,"href":"https:\/\/antcube.shop\/da\/wp-json\/wp\/v2\/product_brand?post=11493"},{"taxonomy":"product_cat","embeddable":true,"href":"https:\/\/antcube.shop\/da\/wp-json\/wp\/v2\/product_cat?post=11493"},{"taxonomy":"product_tag","embeddable":true,"href":"https:\/\/antcube.shop\/da\/wp-json\/wp\/v2\/product_tag?post=11493"}],"curies":[{"name":"wp","href":"https:\/\/api.w.org\/{rel}","templated":true}]}}