{"id":11413,"date":"2025-04-11T16:43:25","date_gmt":"2025-04-11T14:43:25","guid":{"rendered":"https:\/\/antcube.shop\/en\/product\/light-strip-pro-40cm\/"},"modified":"2026-03-27T13:58:51","modified_gmt":"2026-03-27T12:58:51","slug":"lysband-pro-40cm","status":"publish","type":"product","link":"https:\/\/antcube.shop\/da\/vare\/lysband-pro-40cm\/","title":{"rendered":"Light Strip Pro 40 cm"},"content":{"rendered":"<p><strong>Indhold:<\/strong><br \/>\n1x Lysstribe LED Pro<br \/>\n1x beslag til loftsmontering inkl. skruer<br \/>\n1x netstik med afbryder<\/p>\n<p><strong>Tekniske data:<\/strong><br \/>\nDimensioner: 400x124x42 mm<br \/>\nBelysning: LED<br \/>\nStr\u00f8mforbrug: 16 W<br \/>\nLysstr\u00f8m: 2200 lm (140 lm\/W)<br \/>\nLysfarve: 6000K<br \/>\nLevetid: ~ 25.000 timer<br \/>\nKabell\u00e6ngde: 145 cm<\/p>\n<p><strong>Materiale:<\/strong> plast<\/p>\n<p><strong>Farve:<\/strong> sort<\/p>\n<p><strong>Beskrivelse:<\/strong><br \/>\nLED-belysning til formicarier, vivarier og terrarier, der m\u00e5ler 60x30x60.<br \/>\nBeskyttet mod vandspr\u00f8jt i henhold til IP65, hvilket g\u00f8r Light Strips perfekte til tropiske terrarier. P\u00e5 grund af den lave varmeudvikling er Light Strip-lamperne ogs\u00e5 meget velegnede til arter med lavere varmebehov.<\/p>","protected":false},"excerpt":{"rendered":"<p><span style=\"font-weight: 400;\">Str\u00f8mforbrug: 16 W<\/span><\/p>","protected":false},"featured_media":11368,"comment_status":"open","ping_status":"closed","template":"","meta":{"_acf_changed":false,"content-type":"","_monsterinsights_skip_tracking":false,"_monsterinsights_sitenote_active":false,"_monsterinsights_sitenote_note":"","_monsterinsights_sitenote_category":0},"product_brand":[],"product_cat":[359,257,119],"product_tag":[],"class_list":{"0":"post-11413","1":"product","2":"type-product","3":"status-publish","4":"has-post-thumbnail","6":"product_cat-light-heat-humidity","7":"product_cat-new-innovatve-products","8":"product_cat-formicarium-components","10":"first","11":"instock","12":"taxable","13":"shipping-taxable","14":"purchasable","15":"product-type-simple"},"acf":[],"aioseo_notices":[],"jetpack_sharing_enabled":true,"_links":{"self":[{"href":"https:\/\/antcube.shop\/da\/wp-json\/wp\/v2\/product\/11413","targetHints":{"allow":["GET"]}}],"collection":[{"href":"https:\/\/antcube.shop\/da\/wp-json\/wp\/v2\/product"}],"about":[{"href":"https:\/\/antcube.shop\/da\/wp-json\/wp\/v2\/types\/product"}],"replies":[{"embeddable":true,"href":"https:\/\/antcube.shop\/da\/wp-json\/wp\/v2\/comments?post=11413"}],"wp:featuredmedia":[{"embeddable":true,"href":"https:\/\/antcube.shop\/da\/wp-json\/wp\/v2\/media\/11368"}],"wp:attachment":[{"href":"https:\/\/antcube.shop\/da\/wp-json\/wp\/v2\/media?parent=11413"}],"wp:term":[{"taxonomy":"product_brand","embeddable":true,"href":"https:\/\/antcube.shop\/da\/wp-json\/wp\/v2\/product_brand?post=11413"},{"taxonomy":"product_cat","embeddable":true,"href":"https:\/\/antcube.shop\/da\/wp-json\/wp\/v2\/product_cat?post=11413"},{"taxonomy":"product_tag","embeddable":true,"href":"https:\/\/antcube.shop\/da\/wp-json\/wp\/v2\/product_tag?post=11413"}],"curies":[{"name":"wp","href":"https:\/\/api.w.org\/{rel}","templated":true}]}}