{"id":11411,"date":"2025-04-11T16:41:28","date_gmt":"2025-04-11T14:41:28","guid":{"rendered":"https:\/\/antcube.shop\/en\/product\/light-strip-20-erweiterung\/"},"modified":"2026-03-16T10:38:25","modified_gmt":"2026-03-16T09:38:25","slug":"lysband-20-forlaengelse","status":"publish","type":"product","link":"https:\/\/antcube.shop\/da\/vare\/lysband-20-forlaengelse\/","title":{"rendered":"Light Strip 20 forl\u00e6ngelse"},"content":{"rendered":"<p><strong>Indhold:<\/strong><br \/>\n1x Lysstribe LED mini 14cm<br \/>\n1x beslag til loftsmontering inkl. skruer<br \/>\n1x tilslutningskabel<br \/>\n1x tilslutningsstik<\/p>\n<p><strong>Tekniske data:<\/strong><br \/>\nDimensioner: 140x60x9mm<br \/>\nBelysning: LED<br \/>\nStr\u00f8mforbrug: 2W<br \/>\nLysstr\u00f8m: 210 lm (105 lm\/W)<br \/>\nLysfarve: 3000K \/ 4000K \/ 6500K<br \/>\nLevetid: ~ 25.000 timer<br \/>\nKabell\u00e6ngde: 30 cm<br \/>\nD\u00e6mpbar<\/p>\n<p><strong>Materiale:<\/strong> Plast<\/p>\n<p><strong>Farve:<\/strong> hvid<\/p>\n<p><strong>Beskrivelse:<\/strong><br \/>\nIdeel til alle myrearter. Spektrum svarende til dagslys med god belysning af formicariet. Ingen u\u00f8nsket varmeafgivelse, ekstremt energibesparende.<br \/>\nDenne LED-lampe passer til formicaria og vivaria i st\u00f8rrelserne 20x20x20, 20x20x10 og 20x10x10. Den kan ganske enkelt placeres p\u00e5 l\u00e5get. Lysstyrken kan d\u00e6mpes i 10 niveauer, og der kan indstilles 3 forskellige lysfarver, fra \"koldt hvidt\" til \"naturligt\" til \"varmt\" lys. Til formicaria med en bredde p\u00e5 40 cm kan to lamper s\u00e6ttes ind i hinanden. Fra en h\u00f8jde p\u00e5 mere end 30 cm n\u00e5r kun lidt lys ned i bunden.<\/p>\n<p><strong>Vigtigt:<\/strong> Uden str\u00f8mforsyning! Fungerer kun sammen med Light Strip 20 (1005742) eller 30 (1005742).<br \/>\nFor eksempel kan 6 lamper 20 (op til 12 watt) serieforbindes med en str\u00f8mforsyningsenhed.<\/p>","protected":false},"excerpt":{"rendered":"<p><span style=\"font-weight: 400;\">Str\u00f8mforbrug: 2W<\/span><\/p>","protected":false},"featured_media":11377,"comment_status":"open","ping_status":"closed","template":"","meta":{"_acf_changed":false,"content-type":"","_monsterinsights_skip_tracking":false,"_monsterinsights_sitenote_active":false,"_monsterinsights_sitenote_note":"","_monsterinsights_sitenote_category":0},"product_brand":[],"product_cat":[359,257,119],"product_tag":[],"class_list":{"0":"post-11411","1":"product","2":"type-product","3":"status-publish","4":"has-post-thumbnail","6":"product_cat-light-heat-humidity","7":"product_cat-new-innovatve-products","8":"product_cat-formicarium-components","10":"first","11":"instock","12":"taxable","13":"shipping-taxable","14":"purchasable","15":"product-type-simple"},"acf":[],"aioseo_notices":[],"jetpack_sharing_enabled":true,"_links":{"self":[{"href":"https:\/\/antcube.shop\/da\/wp-json\/wp\/v2\/product\/11411","targetHints":{"allow":["GET"]}}],"collection":[{"href":"https:\/\/antcube.shop\/da\/wp-json\/wp\/v2\/product"}],"about":[{"href":"https:\/\/antcube.shop\/da\/wp-json\/wp\/v2\/types\/product"}],"replies":[{"embeddable":true,"href":"https:\/\/antcube.shop\/da\/wp-json\/wp\/v2\/comments?post=11411"}],"wp:featuredmedia":[{"embeddable":true,"href":"https:\/\/antcube.shop\/da\/wp-json\/wp\/v2\/media\/11377"}],"wp:attachment":[{"href":"https:\/\/antcube.shop\/da\/wp-json\/wp\/v2\/media?parent=11411"}],"wp:term":[{"taxonomy":"product_brand","embeddable":true,"href":"https:\/\/antcube.shop\/da\/wp-json\/wp\/v2\/product_brand?post=11411"},{"taxonomy":"product_cat","embeddable":true,"href":"https:\/\/antcube.shop\/da\/wp-json\/wp\/v2\/product_cat?post=11411"},{"taxonomy":"product_tag","embeddable":true,"href":"https:\/\/antcube.shop\/da\/wp-json\/wp\/v2\/product_tag?post=11411"}],"curies":[{"name":"wp","href":"https:\/\/api.w.org\/{rel}","templated":true}]}}