{"id":11410,"date":"2025-04-11T16:40:32","date_gmt":"2025-04-11T14:40:32","guid":{"rendered":"https:\/\/antcube.shop\/en\/product\/light-strip-30\/"},"modified":"2026-02-26T10:38:57","modified_gmt":"2026-02-26T09:38:57","slug":"lysband-30","status":"publish","type":"product","link":"https:\/\/antcube.shop\/da\/vare\/lysband-30\/","title":{"rendered":"Lysstribe 30"},"content":{"rendered":"<p><strong>Indhold:<\/strong><br \/>\n1x Lysstribe LED mini 28cm<br \/>\n1x beslag til loftsmontering inkl. skruer<br \/>\n1x netstik med afbryder<\/p>\n<p><strong>Tekniske data:<\/strong><br \/>\nDimensioner: 280x60x9mm<br \/>\nBelysning: LED<br \/>\nStr\u00f8mforbrug: 4W<br \/>\nLysstr\u00f8m: 490 lm (123 lm\/W)<br \/>\nLysfarve: 3000K \/ 4000K \/ 6500K<br \/>\nLevetid: ~ 25.000 timer<br \/>\nKabell\u00e6ngde: 156 cm<br \/>\nD\u00e6mpbar<\/p>\n<p><strong>Materiale:<\/strong> Plast<\/p>\n<p><strong>Farve:<\/strong> hvid<\/p>\n<p><strong>Beskrivelse:<\/strong><br \/>\nIdeel til alle myrearter. Spektrum svarende til dagslys med god belysning af formicariet. Ingen u\u00f8nsket varmeafgivelse, ekstremt energibesparende.<br \/>\nDenne LED-lampe passer til formicaria og vivaria i st\u00f8rrelserne 30x30x30, 30x30x20 og 30x30x10. Den kan ganske enkelt placeres p\u00e5 l\u00e5get. Lysstyrken kan d\u00e6mpes i 10 niveauer, og der kan indstilles 3 forskellige lysfarver, fra \"koldt hvidt\" til \"naturligt\" til \"varmt\" lys. Der kan bestilles en udvidelse til formicaria med en bredde p\u00e5 60 cm. Dette er linket l\u00e6ngere nede i artiklen. Fra en h\u00f8jde p\u00e5 mere end 30 cm n\u00e5r kun lidt lys ned i bunden.<\/p>","protected":false},"excerpt":{"rendered":"<p><span style=\"font-weight: 400;\">Str\u00f8mforbrug: 4W<\/span><\/p>","protected":false},"featured_media":11376,"comment_status":"open","ping_status":"closed","template":"","meta":{"_acf_changed":false,"content-type":"","_monsterinsights_skip_tracking":false,"_monsterinsights_sitenote_active":false,"_monsterinsights_sitenote_note":"","_monsterinsights_sitenote_category":0},"product_brand":[],"product_cat":[359,257,119],"product_tag":[],"class_list":{"0":"post-11410","1":"product","2":"type-product","3":"status-publish","4":"has-post-thumbnail","6":"product_cat-light-heat-humidity","7":"product_cat-new-innovatve-products","8":"product_cat-formicarium-components","10":"first","11":"outofstock","12":"taxable","13":"shipping-taxable","14":"purchasable","15":"product-type-simple"},"acf":[],"aioseo_notices":[],"jetpack_sharing_enabled":true,"_links":{"self":[{"href":"https:\/\/antcube.shop\/da\/wp-json\/wp\/v2\/product\/11410","targetHints":{"allow":["GET"]}}],"collection":[{"href":"https:\/\/antcube.shop\/da\/wp-json\/wp\/v2\/product"}],"about":[{"href":"https:\/\/antcube.shop\/da\/wp-json\/wp\/v2\/types\/product"}],"replies":[{"embeddable":true,"href":"https:\/\/antcube.shop\/da\/wp-json\/wp\/v2\/comments?post=11410"}],"wp:featuredmedia":[{"embeddable":true,"href":"https:\/\/antcube.shop\/da\/wp-json\/wp\/v2\/media\/11376"}],"wp:attachment":[{"href":"https:\/\/antcube.shop\/da\/wp-json\/wp\/v2\/media?parent=11410"}],"wp:term":[{"taxonomy":"product_brand","embeddable":true,"href":"https:\/\/antcube.shop\/da\/wp-json\/wp\/v2\/product_brand?post=11410"},{"taxonomy":"product_cat","embeddable":true,"href":"https:\/\/antcube.shop\/da\/wp-json\/wp\/v2\/product_cat?post=11410"},{"taxonomy":"product_tag","embeddable":true,"href":"https:\/\/antcube.shop\/da\/wp-json\/wp\/v2\/product_tag?post=11410"}],"curies":[{"name":"wp","href":"https:\/\/api.w.org\/{rel}","templated":true}]}}