{"id":11407,"date":"2025-04-11T16:38:16","date_gmt":"2025-04-11T14:38:16","guid":{"rendered":"https:\/\/antcube.shop\/en\/product\/terracube-60x30x60-terrarium-mit-schiebetur\/"},"modified":"2026-04-02T12:12:14","modified_gmt":"2026-04-02T10:12:14","slug":"terracube-60x30x60-terrarium-med-skydedor","status":"publish","type":"product","link":"https:\/\/antcube.shop\/da\/vare\/terracube-60x30x60-terrarium-med-skydedor\/","title":{"rendered":"TERRACUBE 60x30x60 Terrarium med skyded\u00f8r"},"content":{"rendered":"<p><strong>TERRACUBE Terrarium 60x30x60 med skyded\u00f8r og 2x 50mm \u00e5bninger.<\/strong><\/p>\n<p><strong>Dimensioner:<\/strong> 600 x 300 x 600 mm; 4 mm glastykkelse<br \/>\n<strong>Materiale:<\/strong> floatglas<br \/>\n<strong>Forbindelse:<\/strong> 2x 50 mm hul (2x p\u00e5 siden)<\/p>\n<p><strong>Front\u00e5bning (skyded\u00f8r):<\/strong> 300\u00d7300 mm<br \/>\nStangh\u00f8jde: 12,5 cm<br \/>\nBredde p\u00e5 stangen: 4 cm<\/p>\n<p><strong>Beskrivelse:<\/strong><br \/>\n<strong>TERRACUBE - Det fuldt gennemsigtige, modul\u00e6re terrariesystem med smarte detaljer<\/strong><br \/>\nTERRACUBE-terrarier st\u00e5r for maksimal gennemsigtighed (360\u00b0) og et elegant, klart design. Alle kanter er limet pr\u00e6cist, s\u00e5 ingen irriterende silikones\u00f8mme er synlige. Den anvendte silikone er ogs\u00e5 helt gennemsigtig - s\u00e5 man kan se interi\u00f8ret hele vejen rundt.<\/p>\n<p><strong>Sofistikeret ventilation og tekniske adgangspunkter<\/strong><br \/>\n<strong>To sidehuller (\u00d8 50 mm hver) giver fleksible anvendelsesmuligheder:<\/strong><br \/>\nDe kan enten bruges til ekstra ventilation eller som adgang til teknologi som termo-\/hygrometre, foggers, varmesten og meget mere.<\/p>\n<p>Overd\u00e6kningen s\u00e6lges separat og f\u00e5s i forskellige versioner - med forskellige ventilationsomr\u00e5der og huller til ekstra ventilation eller teknisk tilbeh\u00f8r som regnsystemer eller ventilatorer, afh\u00e6ngigt af levestedet.<\/p>\n<p><strong>Sikkert gitter - ogs\u00e5 egnet til sm\u00e5 dyr<\/strong><br \/>\nDet finmaskede ventilationsgitter i rustfrit st\u00e5l p\u00e5 stangen er s\u00e5 t\u00e6t, at selv sm\u00e5 arter som bananfluer (Drosophila) eller myrer ikke kan undslippe. Det underst\u00f8ttes af en robust perforeret aluminiumsplade. Det g\u00f8r konceptet korrosionsfrit (vedligeholdelsesvenligt og holdbart) og stabilt, selv mod mekanisk p\u00e5virkning fra st\u00f8rre krybdyr.<\/p>\n<p><strong>Skyded\u00f8r - praktisk og n\u00e6sten usynlig<\/strong><br \/>\nDen praktiske skyded\u00f8r er udstyret med et gennemsigtigt h\u00e5ndtag p\u00e5 et ligeledes helt gennemsigtigt beslag. Det betyder, at fokus altid forbliver p\u00e5 det k\u00e6rligt designede interi\u00f8r eller de dyr, der holdes inde.<\/p>\n<p><strong>Modul\u00e6rt system - forbind terrarier med hinanden<\/strong><br \/>\nFlere TERRACUBE-terrarier kan forbindes med hinanden takket v\u00e6re hullerne p\u00e5 siden og matchende gennemsigtige akrylforbindelser eller r\u00f8r.<br \/>\nFor eksempel kan en myrekoloni holdes i en nabotank som en f\u00f8dekilde for krybdyr - med et sikkert tilflugtssted, hvis krybdyret ikke kan passere gennem r\u00f8ret. Hele systemer, f.eks. til fr\u00f8er eller salamandre, kan ogs\u00e5 udvides fleksibelt p\u00e5 denne m\u00e5de.<\/p>\n<p><strong>Bem\u00e6rk:<\/strong> Glasset er sk\u00e5ret til i overensstemmelse med DIN 1249 med en tolerance p\u00e5 +\/- 1 mm. Ekstra flugtbeskyttelse er afg\u00f8rende for ekstremt sm\u00e5 myrearter.<\/p>","protected":false},"excerpt":{"rendered":"<p>TERRACUBE Terrarium 60x30x60 med skyded\u00f8r og 2x 50mm \u00e5bninger. Dimensioner: 600 x 300 x 600 mm; 4 mm glastykkelse Materiale: floatglas Tilslutning: 2x 50 mm hul (2x i siden) Front\u00e5bning (skyded\u00f8r): 300x300 mm Stangh\u00f8jde: 12,5 cm Stangbredde: 4 cm Beskrivelse: TERRACUBE - Det fuldt gennemsigtige, modul\u00e6re terrariesystem","protected":false},"featured_media":11397,"comment_status":"open","ping_status":"closed","template":"","meta":{"_acf_changed":false,"content-type":"","_monsterinsights_skip_tracking":false,"_monsterinsights_sitenote_active":false,"_monsterinsights_sitenote_note":"","_monsterinsights_sitenote_category":0},"product_brand":[499],"product_cat":[257],"product_tag":[],"class_list":{"0":"post-11407","1":"product","2":"type-product","3":"status-publish","4":"has-post-thumbnail","6":"product_brand-terracube","7":"product_cat-new-innovatve-products","8":"product_shipping_class-forwarding-on-pallet","10":"first","11":"instock","12":"taxable","13":"shipping-taxable","14":"purchasable","15":"product-type-simple"},"acf":[],"aioseo_notices":[],"jetpack_sharing_enabled":true,"_links":{"self":[{"href":"https:\/\/antcube.shop\/da\/wp-json\/wp\/v2\/product\/11407","targetHints":{"allow":["GET"]}}],"collection":[{"href":"https:\/\/antcube.shop\/da\/wp-json\/wp\/v2\/product"}],"about":[{"href":"https:\/\/antcube.shop\/da\/wp-json\/wp\/v2\/types\/product"}],"replies":[{"embeddable":true,"href":"https:\/\/antcube.shop\/da\/wp-json\/wp\/v2\/comments?post=11407"}],"wp:featuredmedia":[{"embeddable":true,"href":"https:\/\/antcube.shop\/da\/wp-json\/wp\/v2\/media\/11397"}],"wp:attachment":[{"href":"https:\/\/antcube.shop\/da\/wp-json\/wp\/v2\/media?parent=11407"}],"wp:term":[{"taxonomy":"product_brand","embeddable":true,"href":"https:\/\/antcube.shop\/da\/wp-json\/wp\/v2\/product_brand?post=11407"},{"taxonomy":"product_cat","embeddable":true,"href":"https:\/\/antcube.shop\/da\/wp-json\/wp\/v2\/product_cat?post=11407"},{"taxonomy":"product_tag","embeddable":true,"href":"https:\/\/antcube.shop\/da\/wp-json\/wp\/v2\/product_tag?post=11407"}],"curies":[{"name":"wp","href":"https:\/\/api.w.org\/{rel}","templated":true}]}}