{"id":11137,"date":"2025-03-06T15:59:48","date_gmt":"2025-03-06T14:59:48","guid":{"rendered":"https:\/\/antcube.shop\/en\/product\/antcube-arena-60x30x60-mit-schiebetur\/"},"modified":"2026-01-12T12:41:14","modified_gmt":"2026-01-12T11:41:14","slug":"antcube-arena-60x30x60-med-skydedor","status":"publish","type":"product","link":"https:\/\/antcube.shop\/da\/vare\/antcube-arena-60x30x60-med-skydedor\/","title":{"rendered":"ANTCUBE Arena 60x30x60 med skyded\u00f8r"},"content":{"rendered":"<p><strong>ANTCUBE Arena 60x30x60 med skyded\u00f8r og 4x 50 mm \u00e5bninger.<\/strong><\/p>\n<p><strong>Dimensioner:<\/strong> 600 x 300 x 600 mm; 4 mm glastykkelse<br \/>\n<strong>Materiale:<\/strong> floatglas<br \/>\n<strong>Forbindelse:<\/strong> 4x 50 mm hul (2x i siden og 2x foran)<\/p>\n<p><strong>Front\u00e5bning (skyded\u00f8r):<\/strong> 300\u00d7300 mm<\/p>\n<p><strong>Beskrivelse:<\/strong> Vores ANTCUBE-arena 60x30x60 med skyded\u00f8r er udviklet til at kunne arbejde komfortabelt selv i fuld formicaria. Den er ogs\u00e5 velegnet som en udvidelse af vores arena med skyded\u00f8r i 60x30x30. Forskellen er de nye huller i fronten, som giver ekstra ventilation, eller hvis der ikke er plads i siderne, kan man tilslutte ekstra arenaer med akrylr\u00f8r via fronttilslutningerne. De er s\u00e6rligt nyttige som formicarium for v\u00e6vermyrer (Polyrhachis og Oecophylla), da de kan lide at bygge opad og har brug for en v\u00e6rtsplante. Tr\u00e6boende arter som Tetraponera er ogs\u00e5 glade for at have klatremuligheder. Nogle gange kan det v\u00e6re sv\u00e6rt at fjerne affald fra dyrene, f.eks. i bunden af formicariet. Det er ikke noget problem med denne specialtilpassede tank. Skyded\u00f8ren er ogs\u00e5 meget praktisk til fodringstanke til Acromyrmex- eller Atta-bladsk\u00e6rermyrer, da planterester og andet affald nemt kan bortskaffes. Til den \u00f8verste \u00e5bning f\u00e5s ogs\u00e5 en 60\u00d730 udbrudsramme og et 60\u00d730 arenad\u00e6ksel med eller uden et st\u00f8rre ventilationsomr\u00e5de separat.<\/p>\n<p><strong>Bem\u00e6rk:<\/strong> Glasset er sk\u00e5ret til i overensstemmelse med DIN 1249 med en tolerance p\u00e5 +\/- 1 mm. Ekstra flugtbeskyttelse er afg\u00f8rende for ekstremt sm\u00e5 myrearter.<\/p>","protected":false},"excerpt":{"rendered":"<p>Tilslutning: 4x hul 50 mm<\/p>","protected":false},"featured_media":11138,"comment_status":"open","ping_status":"closed","template":"","meta":{"_acf_changed":false,"content-type":"","_monsterinsights_skip_tracking":false,"_monsterinsights_sitenote_active":false,"_monsterinsights_sitenote_note":"","_monsterinsights_sitenote_category":0},"product_brand":[484],"product_cat":[257,85,86],"product_tag":[],"class_list":{"0":"post-11137","1":"product","2":"type-product","3":"status-publish","4":"has-post-thumbnail","6":"product_brand-antcube","7":"product_cat-new-innovatve-products","8":"product_cat-ant-arenas","9":"product_cat-formicariums","10":"product_shipping_class-forwarding-on-pallet","12":"first","13":"instock","14":"taxable","15":"shipping-taxable","16":"purchasable","17":"product-type-simple"},"acf":[],"aioseo_notices":[],"jetpack_sharing_enabled":true,"_links":{"self":[{"href":"https:\/\/antcube.shop\/da\/wp-json\/wp\/v2\/product\/11137","targetHints":{"allow":["GET"]}}],"collection":[{"href":"https:\/\/antcube.shop\/da\/wp-json\/wp\/v2\/product"}],"about":[{"href":"https:\/\/antcube.shop\/da\/wp-json\/wp\/v2\/types\/product"}],"replies":[{"embeddable":true,"href":"https:\/\/antcube.shop\/da\/wp-json\/wp\/v2\/comments?post=11137"}],"wp:featuredmedia":[{"embeddable":true,"href":"https:\/\/antcube.shop\/da\/wp-json\/wp\/v2\/media\/11138"}],"wp:attachment":[{"href":"https:\/\/antcube.shop\/da\/wp-json\/wp\/v2\/media?parent=11137"}],"wp:term":[{"taxonomy":"product_brand","embeddable":true,"href":"https:\/\/antcube.shop\/da\/wp-json\/wp\/v2\/product_brand?post=11137"},{"taxonomy":"product_cat","embeddable":true,"href":"https:\/\/antcube.shop\/da\/wp-json\/wp\/v2\/product_cat?post=11137"},{"taxonomy":"product_tag","embeddable":true,"href":"https:\/\/antcube.shop\/da\/wp-json\/wp\/v2\/product_tag?post=11137"}],"curies":[{"name":"wp","href":"https:\/\/api.w.org\/{rel}","templated":true}]}}