{"id":10988,"date":"2025-01-29T13:27:22","date_gmt":"2025-01-29T12:27:22","guid":{"rendered":"https:\/\/antcube.shop\/en\/product\/bundle-offer-pheidole-pallidula\/"},"modified":"2026-04-13T09:30:15","modified_gmt":"2026-04-13T07:30:15","slug":"samlet-tilbud-pheidole-pallidula","status":"publish","type":"product","link":"https:\/\/antcube.shop\/da\/vare\/samlet-tilbud-pheidole-pallidula\/","title":{"rendered":"Samlet tilbud - Crematogaster scutellaris"},"content":{"rendered":"<p id=\"docs-internal-guid-f360e18f-7fff-1fa7-2486-66b6ea8170c9\" dir=\"ltr\"><span data-text-color=\"secondary\"><strong>Pakketilbud med en myrekoloni Crematogaster scutellaris (dronning med 5-10 arbejdere + yngel), et starts\u00e6t Digfix S, 2x formicariumpuder og en \u00f8rkenfotobaggrund.<\/strong><\/span><\/p>\n<p dir=\"ltr\"><span data-text-color=\"alert\"><strong>Kun s\u00e5 l\u00e6nge lager haves.<\/strong><\/span><\/p>\n<h2 dir=\"ltr\"><strong>Alt, hvad du skal bruge til en Crematogaster scutellaris-myrekoloni<\/strong><\/h2>\n<p dir=\"ltr\">Denne pakke indeholder alt, hvad du skal bruge for at holde en Crematogaster scutellaris-koloni gennem de f\u00f8rste par m\u00e5neder. Det er ideelt for begyndere og kan nemt udvides.<\/p>\n<h3 dir=\"ltr\"><strong>Myreart Crematogaster scutellaris<\/strong><\/h3>\n<p>Crematogaster scutellaris er en overvejende alt\u00e6dende myreart, der spiser b\u00e5de plante- og dyrefoder. Den er udbredt i hele Middelhavsomr\u00e5det og findes ogs\u00e5 i de sydlige dele af Centraleuropa. Typisk for denne art er dens karakteristiske, p\u00e6reformede bagkrop, som den l\u00f8fter i tilf\u00e6lde af fare - en sl\u00e5ende adf\u00e6rd for at afskr\u00e6kke fjender.<\/p>\n<p>Kolonierne best\u00e5r normalt af \u00e9n dronning (monogyn), men kan ogs\u00e5 huse flere dronninger. Arbejderne udviser en aktiv og nysgerrig adf\u00e6rd og forsvarer deres reder energisk. Crematogaster scutellaris er is\u00e6r kendt for sin evne til at bygge rede i d\u00f8dt tr\u00e6 eller hulrum i tr\u00e6er.<\/p>\n<h3 dir=\"ltr\"><strong>Rede til Crematogaster scutellaris<\/strong><\/h3>\n<p dir=\"ltr\">Da denne art foretr\u00e6kker at bygge rede i t\u00f8rt, d\u00f8dt tr\u00e6 eller i revner og spr\u00e6kker, indeholder dette s\u00e6t en Digfix-redeindsats. Det giver et godt indblik i redens indre og simulerer naturlige forhold. Alternativt kan de holdes i kork- eller tr\u00e6reder, som kommer meget t\u00e6t p\u00e5 deres naturlige habitat.<\/p>\n<h3 dir=\"ltr\"><strong>F\u00f8de til Crematogaster scutellaris<\/strong><\/h3>\n<p dir=\"ltr\">Crematogaster scutellaris er en alt\u00e6der med en s\u00e6rlig fork\u00e6rlighed for s\u00f8de v\u00e6sker som honning eller sukkeropl\u00f8sninger. Den har ogs\u00e5 brug for proteinrig f\u00f8de, f.eks. sm\u00e5 insekter, is\u00e6r til opdr\u00e6t af yngel. I naturen lever den ogs\u00e5 af tr\u00e6saft og sm\u00e5 leddyr.<\/p>\n<h3 dir=\"ltr\"><strong>Klimaforhold for Crematogaster scutellaris<\/strong><\/h3>\n<p dir=\"ltr\">Fugtighed:<br \/>\nArena: 30 - 50%<br \/>\nRedeomr\u00e5de: 50 - 60%<br \/>\nTemperatur:<br \/>\nArena: 24 - 30\u00b0C<br \/>\nRedeomr\u00e5de: 22 - 28\u00b0C<\/p>\n<p dir=\"ltr\">Crematogaster scutellaris er ideel til b\u00e5de begyndere og erfarne myreholdere. P\u00e5 grund af dens aktive adf\u00e6rd, markante kropsform og -farve og dens redebygningsmetode giver den et sp\u00e6ndende indblik i livet i en myrekoloni.<\/p>\n<p dir=\"ltr\"><strong>Indhold:<\/strong><br \/>\n1x myrekoloni Crematogaster scutellaris (dronning + 5-10 arbejdere + yngel)<br \/>\n1x sukker-honning-opl\u00f8sning (ZH) - genopfyldningspakke 10ml<br \/>\n1x hele blancherede f\u00e5rekyllinger 10g<br \/>\n1x formicarium-pude - 20x20cm<br \/>\n1x Formicarium-pude - 20x6 cm<br \/>\n1x \u00d8rkenfotobaggrund 20\u00d710<br \/>\n1x ANTCUBE - Arena 20x20x10x10 - flad<br \/>\n1x Arena-ramme 20\u00d720<br \/>\n1x Arena-cover 20\u00d720<br \/>\n4x Fastg\u00f8relsespunkt til arenad\u00e6ksel<br \/>\n1x ANTCUBE - myrefarm - S - 20\u00d720 - st\u00e5ende<br \/>\n1x ANTCUBE - Digfix-plade 20\u00d720 - S<br \/>\n1x 0,5 m gennemsigtigt r\u00f8r 10\/06 mm<br \/>\nANTCUBE - R\u00f8d film 20\u00d720 - Filter<br \/>\n1x selvkl\u00e6bende clips - gennemsigtig - 2 stk.<br \/>\n1x substrat - sand-ler beige - 200g<br \/>\n1x netindsats - 50 mm - rustfrit st\u00e5l<br \/>\n1x formicaria-prop til 50 mm hul<br \/>\n1x formicaria-stik til 27 mm hul<br \/>\n1x formicaria-h\u00e6tte til 6 mm fatning<br \/>\n1x bassinkonnektor B-27 og S-10-16 mm M25 - s\u00e6t<br \/>\n1 x 2 ml indf\u00f8ring - 360\u00b0.<br \/>\n1x klar drikkesk\u00e5l 20ml - svamp<br \/>\n1x klar madkop 1\u00d720 - svamp<br \/>\n1x mini termo-hygrometer analogt - h\u00e6ngende display<br \/>\n1x pulver til beskyttelse mod myreflugt 10 ml<br \/>\n1x pincet fjederst\u00e5l - bred - bl\u00f8d<br \/>\n1x pincet plastik gennemsigtig<br \/>\n1x plastpipette 3ml<br \/>\n1x h\u00e5ndlup - 2x - 30mm<br \/>\n1x skumt\u00f8rrer 150x18x2.5mm<\/p>\n<p dir=\"ltr\"><strong>Beskrivelse:<\/strong><br \/>\nDigfix Starter Set er velegnet til forskellige myrearter, is\u00e6r til dem, der bygger rede i sand og (d\u00f8dt) tr\u00e6. Det kan holdes t\u00f8rt eller let fugtigt.<br \/>\nDen gennemsigtige farm kan bruges sammen med ANTCUBE Digfix-pladen. Myrerne graver deres egne tunneler og kamre i materialet. Hvis det er n\u00f8dvendigt, kan yderligere moduler tilsluttes via de 50 mm store huller i d\u00e6kslet, f.eks. de separat tilg\u00e6ngelige t\u00e5geapparater, ventilatorer eller lys. Alternativt medf\u00f8lger matchende formicaria-propper til at lukke \u00e5bningerne. Hvis du foretr\u00e6kker det, kan du ogs\u00e5 betjene formicariet \u00e5bent ved blot at placere den aftagelige ramme p\u00e5 jorden og p\u00e5f\u00f8re myreflugtbeskyttelsesolie p\u00e5 kanten. 'Vandkande 2 ml - 360 grader' er beregnet til honning\/sukkeropl\u00f8sning, 'vandkande klar 20 ml - svamp' til vand. 'Mini Thermo-Hygrometer' kan s\u00e6ttes p\u00e5 rammen eller l\u00e5get og viser klimav\u00e6rdierne.<\/p>\n<p dir=\"ltr\"><span data-text-color=\"alert\"><strong>Vigtigt:<\/strong><\/span> Fugt jorden f\u00f8r brug, s\u00e5 blandingen kan binde sig og f\u00e5 godt fat i myretuen. Desuden kan en for t\u00f8r og st\u00f8vet jord f\u00e5 myrernes luftveje til at blive blokeret, s\u00e5 de i v\u00e6rste fald bliver kvalt.<\/p>\n<p dir=\"ltr\"><strong>Anbefaling:<\/strong> Vi anbefaler et 2 mm h\u00f8jt lag substrat, s\u00e5 dyrene ikke kan grave sig ned i arenaen, men i stedet bruger den dertil indrettede g\u00e5rd. Vi anbefaler ogs\u00e5, at redematerialet i farmen (sand\/ler, Digfix osv.) gennembores let \u00e9t sted for at g\u00f8re det lettere for dyrene at grave.<br \/>\n<strong>Bem\u00e6rk:<\/strong> Reden kan bruges i et t\u00f8rt eller fugtigt formicarium. Hvis reden holdes permanent v\u00e5d (for v\u00e5d), kan madrester for\u00e5rsage skimmeldannelse.<br \/>\n<strong>Bem\u00e6rkninger om Digfix:<\/strong> Den naturlige farve kan variere mellem gr\u00f8n-gr\u00e5-brun og jordbrun. Farven har ingen indflydelse p\u00e5 kvaliteten.<\/p>\n<p dir=\"ltr\"><strong>Bem\u00e6rkninger om produktionen<\/strong><br \/>\nGlasset er sk\u00e5ret i henhold til DIN 1249 med en tolerance p\u00e5 +\/- 1 mm. Ved ekstremt sm\u00e5 myrearter er det n\u00f8dvendigt med ekstra udbryderbeskyttelse.<\/p>\n<p dir=\"ltr\"><strong>Bem\u00e6rkninger om bedriften<\/strong><br \/>\nN\u00e5r du tilslutter eller frakobler slanger, skal du v\u00e6re opm\u00e6rksom p\u00e5 f\u00f8lgende:<br \/>\nHvis slangen er sv\u00e6r at s\u00e6tte p\u00e5 konnektoren, skal der p\u00e5f\u00f8res en dr\u00e5be af vores anti-escape-olie eller -pulver p\u00e5 konnektoren. Derefter skubbes slangen p\u00e5 konnektoren ved at dreje eller skrue den p\u00e5 uden at trykke op og ned p\u00e5 konnektoren. Det samme g\u00e6lder, n\u00e5r slangerne fjernes fra g\u00e5rdforbindelsen. Du m\u00e5 ikke bare tr\u00e6kke dem af!<\/p>\n<p dir=\"ltr\"><strong>Noter om Cricket Jam:<\/strong><br \/>\nVores Cricket Jam er en nem m\u00e5de at give dine myrer frisk konserveret proteinfoder p\u00e5 uden at skulle fodre med levende insekter. F\u00e5rekyllingerne (Acheta domesticus) koges forsigtigt for at sikre, at n\u00e6ringsv\u00e6rdi, smag og aroma bevares. Desuden bl\u00f8dg\u00f8res insekternes kitin\u00f8se eksoskelet p\u00e5 denne m\u00e5de, s\u00e5 det lettere kan ford\u00f8jes. Kollagenproteinforbindelserne splittes, s\u00e5 myrerne bedre kan udnytte dem. Acheta domesticus fra d\u00e5sen har samme n\u00e6ringsv\u00e6rdi som levende f\u00e5rekyllinger, men er lettere at ford\u00f8je.<br \/>\nCricket Jam er ikke egnet til at jage myrearter, der kr\u00e6ver levende f\u00f8de (f.eks. poneriner (store myrer) som Harpegnathos eller Odontomachus).<\/p>\n<p dir=\"ltr\"><strong>Yderligere fordele:<\/strong><br \/>\nGaranteret fri for mider<br \/>\nKan portioneres og fortyndes med vand<br \/>\nSteriliseret og vakuumpakket<br \/>\nUden tils\u00e6tningsstoffer<br \/>\nF\u00e5rekyllinger fra b\u00e6redygtigt, rent \u00f8kologisk opdr\u00e6t, fodret med organisk affald<\/p>\n<p dir=\"ltr\"><strong>Bem\u00e6rk:<\/strong><br \/>\nKan opbevares i k\u00f8leskabet i ca. fire dage efter \u00e5bning. L\u00e6ngere holdbarhed ved nedfrysning.<\/p>\n<p dir=\"ltr\"><strong>Opm\u00e6rksomhed<\/strong>: Portion\u00e9r f\u00f8rst, og frys derefter ned.<\/p>\n<p dir=\"ltr\"><strong>Bem\u00e6rkninger om sukker-honning-opl\u00f8sningen (ZH) - refill-pakke 10ml<\/strong><br \/>\nIndhold: 10 ml<\/p>\n<p dir=\"ltr\"><strong>Beskrivelse:<\/strong> Dette er et produkt, der best\u00e5r af forskellige kulhydrater (f.eks. honning og sukker).<\/p>\n<p dir=\"ltr\"><strong>Anvendelse:<\/strong> Foderr\u00f8ret kan placeres helt i formicariet, eller alternativt, afh\u00e6ngigt af koloniens behov\/st\u00f8rrelse, kan mindre m\u00e6ngder placeres i en madsk\u00e5l. Foderet skal indtages inden for ca. 3 dage, da der ellers er risiko for skimmelsvamp. Af samme grund skal madsk\u00e5len reng\u00f8res, f\u00f8r den fyldes igen.<\/p>\n<p dir=\"ltr\"><strong>Anvendelse:<\/strong><br \/>\nSukker-honning-opl\u00f8sning = til sukker\/honning-spisende myrearter<br \/>\nDette er en supplerende f\u00f8devare<br \/>\nDet kan tilbydes dyrene, som de f\u00e5r det. Da sukkerkoncentrationen falder p\u00e5 grund af fugtigheden, og en g\u00e6ringsproces begynder, skal foderet udskiftes hver 3. dag. Reng\u00f8r fodersk\u00e5len\/r\u00f8ret grundigt f\u00f8r genbrug.<br \/>\nN\u00e5r pakken er \u00e5bnet, skal den holdes t\u00e6t lukket (hvis den opbevares p\u00e5 et t\u00f8rt sted) og bruges inden den angivne dato (bedst f\u00f8r-dato).<\/p>\n<p dir=\"ltr\"><strong>Indeholder:<\/strong><br \/>\nFructose 27 til 44%,<br \/>\nglukose 22 til 41%,<br \/>\nsaccharose op til 5%,<br \/>\nmaltose 4 til 14%,<br \/>\nandre komplekse sukkerarter 1 til 14%.<br \/>\nFedt: 0 g<br \/>\nKulhydrater: 92g<br \/>\nProtein: 0 g<br \/>\nSalt: 0 g<\/p>\n<p dir=\"ltr\"><strong>Opbevaring:<\/strong> For at sikre foderets kvalitet skal det opbevares p\u00e5 et m\u00f8rkt og t\u00f8rt sted.<\/p>\n<p dir=\"ltr\"><strong>Bem\u00e6rk:<\/strong><br \/>\nSe venligst indl\u00e6gssedlen for sammens\u00e6tning, analytiske bestanddele, bedst f\u00f8r-dato og batchnummer.<br \/>\nInformationshotline +49 30 439703870<\/p>\n<p dir=\"ltr\"><strong>Kompetent veterin\u00e6r- og f\u00f8devaretilsynsmyndighed:<\/strong><br \/>\nDyrl\u00e6gekontor Steglitz<br \/>\nK\u00f6nigin-Luise-Str. 92<br \/>\n14195 Berlin<\/p>","protected":false},"excerpt":{"rendered":"<p>S\u00e6ttet best\u00e5r af 34 dele<\/p>","protected":false},"featured_media":10983,"comment_status":"open","ping_status":"closed","template":"","meta":{"_acf_changed":false,"content-type":"","_monsterinsights_skip_tracking":false,"_monsterinsights_sitenote_active":false,"_monsterinsights_sitenote_note":"","_monsterinsights_sitenote_category":0},"product_brand":[484],"product_cat":[355,73],"product_tag":[],"class_list":{"0":"post-10988","1":"product","2":"type-product","3":"status-publish","4":"has-post-thumbnail","6":"product_brand-antcube","7":"product_cat-bundle-offers","8":"product_cat-starter-sets","10":"first","11":"instock","12":"taxable","13":"shipping-taxable","14":"purchasable","15":"product-type-simple"},"acf":[],"aioseo_notices":[],"jetpack_sharing_enabled":true,"_links":{"self":[{"href":"https:\/\/antcube.shop\/da\/wp-json\/wp\/v2\/product\/10988","targetHints":{"allow":["GET"]}}],"collection":[{"href":"https:\/\/antcube.shop\/da\/wp-json\/wp\/v2\/product"}],"about":[{"href":"https:\/\/antcube.shop\/da\/wp-json\/wp\/v2\/types\/product"}],"replies":[{"embeddable":true,"href":"https:\/\/antcube.shop\/da\/wp-json\/wp\/v2\/comments?post=10988"}],"wp:featuredmedia":[{"embeddable":true,"href":"https:\/\/antcube.shop\/da\/wp-json\/wp\/v2\/media\/10983"}],"wp:attachment":[{"href":"https:\/\/antcube.shop\/da\/wp-json\/wp\/v2\/media?parent=10988"}],"wp:term":[{"taxonomy":"product_brand","embeddable":true,"href":"https:\/\/antcube.shop\/da\/wp-json\/wp\/v2\/product_brand?post=10988"},{"taxonomy":"product_cat","embeddable":true,"href":"https:\/\/antcube.shop\/da\/wp-json\/wp\/v2\/product_cat?post=10988"},{"taxonomy":"product_tag","embeddable":true,"href":"https:\/\/antcube.shop\/da\/wp-json\/wp\/v2\/product_tag?post=10988"}],"curies":[{"name":"wp","href":"https:\/\/api.w.org\/{rel}","templated":true}]}}