{"id":899,"date":"2021-08-22T15:12:45","date_gmt":"2021-08-22T13:12:45","guid":{"rendered":"https:\/\/antcube.shop\/?page_id=899"},"modified":"2023-12-14T13:30:00","modified_gmt":"2023-12-14T12:30:00","slug":"faq-shop","status":"publish","type":"page","link":"https:\/\/antcube.shop\/da\/faq-shop\/","title":{"rendered":"Ofte stillede sp\u00f8rgsm\u00e5l Shop"},"content":{"rendered":"<div id=\"gap-1173239952\" class=\"gap-element clearfix\" style=\"display:block; height:auto;\">\n\t\t\n<style>\n#gap-1173239952 {\n  padding-top: 200px;\n}\n@media (min-width:850px) {\n  #gap-1173239952 {\n    padding-top: 175px;\n  }\n}\n<\/style>\n\t<\/div>\n\t\n\n\t<div id=\"text-3621072030\" class=\"text\">\n\t\t\n\n<h1>Ofte stillede sp\u00f8rgsm\u00e5l Shop \u00a0<\/h1>\n<h2>Ofte stillede sp\u00f8rgsm\u00e5l om vores produkter eller vores butik generelt<\/h2>\n\t\t\n<style>\n#text-3621072030 {\n  text-align: center;\n}\n<\/style>\n\t<\/div>\n\t\n<div class=\"row align-center\"  id=\"row-444570708\">\n\n\n\t<div id=\"col-32509433\" class=\"col small-12 large-12\"  >\n\t\t\t\t<div class=\"col-inner\"  >\n\t\t\t\n\t\t\t\n\n<div class=\"accordion\">\n\n\t<div id=\"accordion-2614593071\" class=\"accordion-item\">\n\t\t<a id=\"accordion-2614593071-label\" class=\"accordion-title plain\" href=\"#accordion-item-you-do-not-know-what-ant-species-to-keep-or-which-formicarium-you-should-use?\" aria-expanded=\"false\" aria-controls=\"accordion-2614593071-content\">\n\t\t\t<button class=\"toggle\" aria-label=\"Sl\u00e5 til\/fra\"><i class=\"icon-angle-down\" aria-hidden=\"true\"><\/i><\/button>\n\t\t\t<span>Du ved ikke, hvilke myrearter du skal holde, eller hvilket formicarium du skal bruge?<\/span>\n\t\t<\/a>\n\t\t<div id=\"accordion-2614593071-content\" class=\"accordion-inner\" aria-labelledby=\"accordion-2614593071-label\">\n\t\t\t\n\n<p>Pr\u00f8v vores \"Ant Finder\" eller \"Formicarium Finder\" - Vores online kundeservice<\/p>\n<p><a href=\"https:\/\/antcube.shop\/ant-finder\/\">Find din myreart<\/a><\/p>\n<p><a href=\"https:\/\/antcube.shop\/formicarium-finder\/\">Find dit formicarium<\/a><\/p>\n\n\t\t<\/div>\n\t<\/div>\n\t\n\t<div id=\"accordion-1162897404\" class=\"accordion-item\">\n\t\t<a id=\"accordion-1162897404-label\" class=\"accordion-title plain\" href=\"#accordion-item-what-are-the-delivery-times-and-charges-for-orders-from-the-online-shop?\" aria-expanded=\"false\" aria-controls=\"accordion-1162897404-content\">\n\t\t\t<button class=\"toggle\" aria-label=\"Sl\u00e5 til\/fra\"><i class=\"icon-angle-down\" aria-hidden=\"true\"><\/i><\/button>\n\t\t\t<span>Hvad er leveringstiden og -omkostningerne for ordrer fra onlinebutikken?<\/span>\n\t\t<\/a>\n\t\t<div id=\"accordion-1162897404-content\" class=\"accordion-inner\" aria-labelledby=\"accordion-1162897404-label\">\n\t\t\t\n\n<p>Du kan finde oplysninger om forventede leveringstider her:<\/p>\n<p><a href=\"https:\/\/antcube.shop\/delivery-times\/\">Leveringstider<\/a><\/p>\n<p>Hvis du vil vide mere om de ansl\u00e5ede forsendelsesomkostninger og leveringsrestriktioner, kan du se her:<\/p>\n<p><a href=\"https:\/\/antcube.shop\/shipping-costs-delivery-restrictions\/\">Forsendelsesomkostninger\/ leveringsrestriktioner<\/a><\/p>\n\n\t\t<\/div>\n\t<\/div>\n\t\n\t<div id=\"accordion-333449512\" class=\"accordion-item\">\n\t\t<a id=\"accordion-333449512-label\" class=\"accordion-title plain\" href=\"#accordion-item-you-have-questions-about-returns-or-refunds?\" aria-expanded=\"false\" aria-controls=\"accordion-333449512-content\">\n\t\t\t<button class=\"toggle\" aria-label=\"Sl\u00e5 til\/fra\"><i class=\"icon-angle-down\" aria-hidden=\"true\"><\/i><\/button>\n\t\t\t<span>Har du sp\u00f8rgsm\u00e5l om returnering eller refundering?<\/span>\n\t\t<\/a>\n\t\t<div id=\"accordion-333449512-content\" class=\"accordion-inner\" aria-labelledby=\"accordion-333449512-label\">\n\t\t\t\n\n<p><a href=\"https:\/\/antcube.shop\/refund-policy\/\">Politik for tilbagebetaling<\/a><\/p>\n<p><a href=\"https:\/\/antcube.shop\/terms-and-conditions\/\">Vilk\u00e5r og betingelser<\/a><\/p>\n\n\t\t<\/div>\n\t<\/div>\n\t\n\t<div id=\"accordion-1943955571\" class=\"accordion-item\">\n\t\t<a id=\"accordion-1943955571-label\" class=\"accordion-title plain\" href=\"#accordion-item-which-payment-methods-are-accepted-in-the-online-shop?\" aria-expanded=\"false\" aria-controls=\"accordion-1943955571-content\">\n\t\t\t<button class=\"toggle\" aria-label=\"Sl\u00e5 til\/fra\"><i class=\"icon-angle-down\" aria-hidden=\"true\"><\/i><\/button>\n\t\t\t<span>Hvilke betalingsmetoder accepteres i onlinebutikken?<\/span>\n\t\t<\/a>\n\t\t<div id=\"accordion-1943955571-content\" class=\"accordion-inner\" aria-labelledby=\"accordion-1943955571-label\">\n\t\t\t\n\n<p>Du kan finde en oversigt over vores accepterede betalingsmetoder her:<\/p>\n<p><a href=\"https:\/\/antcube.shop\/payment-methods\/\">Betalingsmetoder<\/a><\/p>\n\n\t\t<\/div>\n\t<\/div>\n\t\n\t<div id=\"accordion-3048748909\" class=\"accordion-item\">\n\t\t<a id=\"accordion-3048748909-label\" class=\"accordion-title plain\" href=\"#accordion-item-you-are-looking-for-user-manuals-for-your-starter-set?\" aria-expanded=\"false\" aria-controls=\"accordion-3048748909-content\">\n\t\t\t<button class=\"toggle\" aria-label=\"Sl\u00e5 til\/fra\"><i class=\"icon-angle-down\" aria-hidden=\"true\"><\/i><\/button>\n\t\t\t<span>Du leder efter brugervejledninger til dit starts\u00e6t?<\/span>\n\t\t<\/a>\n\t\t<div id=\"accordion-3048748909-content\" class=\"accordion-inner\" aria-labelledby=\"accordion-3048748909-label\">\n\t\t\t\n\n<p>Find PDF-brugervejledninger til udskrivning eller download her:<\/p>\n<p><a href=\"https:\/\/antcube.shop\/download\/\">Download<\/a><\/p>\n\n\t\t<\/div>\n\t<\/div>\n\t\n\t<div id=\"accordion-2714922865\" class=\"accordion-item\">\n\t\t<a id=\"accordion-2714922865-label\" class=\"accordion-title plain\" href=\"#accordion-item-you-need-more-information-about-certain-ant-species-or-ant-keeping-in-general?\" aria-expanded=\"false\" aria-controls=\"accordion-2714922865-content\">\n\t\t\t<button class=\"toggle\" aria-label=\"Sl\u00e5 til\/fra\"><i class=\"icon-angle-down\" aria-hidden=\"true\"><\/i><\/button>\n\t\t\t<span>Har du brug for flere oplysninger om visse myrearter eller om myrehold generelt?<\/span>\n\t\t<\/a>\n\t\t<div id=\"accordion-2714922865-content\" class=\"accordion-inner\" aria-labelledby=\"accordion-2714922865-label\">\n\t\t\t\n\n<p>Her kan du finde ofte stillede sp\u00f8rgsm\u00e5l om myrer og myrehold her:<\/p>\n<p><a href=\"https:\/\/antcube.shop\/faq-ants\/\">Ofte stillede sp\u00f8rgsm\u00e5l om myrer<\/a><\/p>\n<p><a href=\"https:\/\/antcube.shop\/catching-queen-ants\/\">S\u00e5dan fanger du din myredronning<\/a><\/p>\n<p><a href=\"https:\/\/antcube.shop\/ant-species\/\">F\u00e5 mere at vide om myrer<\/a><\/p>\n<p><a href=\"https:\/\/antcube.shop\/social-media\/\">Tjek vores YouTube-kanaler, hvor du kan finde nyttige tips og oplysninger.<\/a><\/p>\n\n\t\t<\/div>\n\t<\/div>\n\t\n\t<div id=\"accordion-3207498086\" class=\"accordion-item\">\n\t\t<a id=\"accordion-3207498086-label\" class=\"accordion-title plain\" href=\"#accordion-item-you-have-questions-about-our-products?\" aria-expanded=\"false\" aria-controls=\"accordion-3207498086-content\">\n\t\t\t<button class=\"toggle\" aria-label=\"Sl\u00e5 til\/fra\"><i class=\"icon-angle-down\" aria-hidden=\"true\"><\/i><\/button>\n\t\t\t<span>Har du sp\u00f8rgsm\u00e5l om vores produkter?<\/span>\n\t\t<\/a>\n\t\t<div id=\"accordion-3207498086-content\" class=\"accordion-inner\" aria-labelledby=\"accordion-3207498086-label\">\n\t\t\t\n\n<p>Hvis du har sp\u00f8rgsm\u00e5l om vores produkter, bedes du f\u00f8rst kigge i den respektive produktbeskrivelse i vores shop.<\/p>\n<p>Ellers kan du finde flere oplysninger her:<\/p>\n<p><a href=\"https:\/\/antcube.shop\/product-information\/\">Produktinformation<\/a><\/p>\n\n\t\t<\/div>\n\t<\/div>\n\t\n\n<\/div>\n\n\t\t<\/div>\n\t\t\t\t\t<\/div>\n\n\t\n\n<\/div>","protected":false},"excerpt":{"rendered":"","protected":false},"author":1,"featured_media":0,"parent":0,"menu_order":0,"comment_status":"closed","ping_status":"closed","template":"","meta":{"_acf_changed":false,"content-type":"","_monsterinsights_skip_tracking":false,"_monsterinsights_sitenote_active":false,"_monsterinsights_sitenote_note":"","_monsterinsights_sitenote_category":0,"footnotes":""},"class_list":["post-899","page","type-page","status-publish","hentry"],"acf":[],"aioseo_notices":[],"jetpack_sharing_enabled":true,"_links":{"self":[{"href":"https:\/\/antcube.shop\/da\/wp-json\/wp\/v2\/pages\/899","targetHints":{"allow":["GET"]}}],"collection":[{"href":"https:\/\/antcube.shop\/da\/wp-json\/wp\/v2\/pages"}],"about":[{"href":"https:\/\/antcube.shop\/da\/wp-json\/wp\/v2\/types\/page"}],"author":[{"embeddable":true,"href":"https:\/\/antcube.shop\/da\/wp-json\/wp\/v2\/users\/1"}],"replies":[{"embeddable":true,"href":"https:\/\/antcube.shop\/da\/wp-json\/wp\/v2\/comments?post=899"}],"version-history":[{"count":8,"href":"https:\/\/antcube.shop\/da\/wp-json\/wp\/v2\/pages\/899\/revisions"}],"predecessor-version":[{"id":6791,"href":"https:\/\/antcube.shop\/da\/wp-json\/wp\/v2\/pages\/899\/revisions\/6791"}],"wp:attachment":[{"href":"https:\/\/antcube.shop\/da\/wp-json\/wp\/v2\/media?parent=899"}],"curies":[{"name":"wp","href":"https:\/\/api.w.org\/{rel}","templated":true}]}}