{"id":702,"date":"2021-08-17T10:58:14","date_gmt":"2021-08-17T08:58:14","guid":{"rendered":"https:\/\/antcube.shop\/?page_id=702"},"modified":"2024-09-09T17:06:06","modified_gmt":"2024-09-09T15:06:06","slug":"catching-queen-ants","status":"publish","type":"page","link":"https:\/\/antcube.shop\/da\/catching-queen-ants\/","title":{"rendered":"Fangst af myrerkoner"},"content":{"rendered":"<div id=\"gap-779283179\" class=\"gap-element clearfix\" style=\"display:block; height:auto;\">\n\t\t\n<style>\n#gap-779283179 {\n  padding-top: 177px;\n}\n@media (min-width:550px) {\n  #gap-779283179 {\n    padding-top: 178px;\n  }\n}\n@media (min-width:850px) {\n  #gap-779283179 {\n    padding-top: 75px;\n  }\n}\n<\/style>\n\t<\/div>\n\t\n\n\n  <div class=\"banner has-hover\" id=\"banner-1365823068\">\n          <div class=\"banner-inner fill\">\n        <div class=\"banner-bg fill\" >\n            <img loading=\"lazy\" decoding=\"async\" width=\"1020\" height=\"571\" src=\"https:\/\/i0.wp.com\/antcube.shop\/wp-content\/uploads\/2021\/09\/Screenshot-2021-09-16-150304.png?fit=1020%2C571&amp;ssl=1\" class=\"bg attachment-large size-large\" alt=\"S\u00e5dan fanger du en myredronning med et reagensglas og en pincet af fjederst\u00e5l\" \/>                        <div class=\"overlay\"><\/div>            \n                    <\/div>\n\t\t\n        <div class=\"banner-layers container\">\n            <div class=\"fill banner-link\"><\/div>            \n\n   <div id=\"text-box-550622402\" class=\"text-box banner-layer x50 md-x50 lg-x50 y50 md-y50 lg-y50 res-text\">\n                                <div class=\"text-box-content text dark text-shadow-3\">\n              \n              <div class=\"text-inner text-center\">\n                  \n\n<h3 class=\"uppercase\"><strong>S\u00c5DAN FANGER DU DIN EGEN qUEEN ANT<\/strong><\/h3>\n\n              <\/div>\n           <\/div>\n                            \n<style>\n#text-box-550622402 {\n  width: 60%;\n}\n#text-box-550622402 .text-box-content {\n  font-size: 100%;\n}\n<\/style>\n    <\/div>\n \n\n        <\/div>\n      <\/div>\n\n            \n<style>\n#banner-1365823068 {\n  padding-top: 400px;\n}\n#banner-1365823068 .overlay {\n  background-color: rgba(0, 0, 0, 0.17);\n}\n#banner-1365823068 .banner-bg img {\n  object-position: 56% 82%;\n}\n@media (min-width:550px) {\n  #banner-1365823068 {\n    padding-top: 500px;\n  }\n}\n<\/style>\n  <\/div>\n\n\n\t<div id=\"gap-436919901\" class=\"gap-element clearfix\" style=\"display:block; height:auto;\">\n\t\t\n<style>\n#gap-436919901 {\n  padding-top: 30px;\n}\n<\/style>\n\t<\/div>\n\t\n\n<div class=\"row\"  id=\"row-1733326844\">\n\n\n\t<div id=\"col-816912322\" class=\"col medium-6 small-12 large-6\"  >\n\t\t\t\t<div class=\"col-inner\"  >\n\t\t\t\n\t\t\t\n\n<h3>Fang din egen myredronning<\/h3>\n<p>Hvis du vil fange din egen myre-dronning, skal du enten have held eller en vis forberedelse og forskning.\u00a0<\/p>\n<p>Myrer har normalt deres bryllupsflugt en gang om \u00e5ret. Kun p\u00e5 dette tidspunkt danner kolonien s\u00e5kaldte reproduktive dyr, dvs. unge dronninger og droner (hanmyrer). De er de eneste myrer, der er i stand til at flyve. Dronningerne smider deres vinger, efter at de har parret sig med en eller flere hanner. Hannerne d\u00f8r efter kort tid (h\u00f8jst et par dage), uanset om de har parret sig eller ej. <br \/>N\u00e5r de unge dronninger har gennemf\u00f8rt deres bryllupsflugt, leder de efter et egnet sted at etablere deres koloni. De smider deres vinger og begynder at grave sig ned. Det er det perfekte tidspunkt at indsamle dem. N\u00e5r de ikke har flere vinger, kan du v\u00e6re sikker p\u00e5, at de er parrede.<\/p>\n<p>Den bedste m\u00e5de at samle dem p\u00e5 er at bruge en pincet af fjederst\u00e5l. Med disse kan du gribe dyrene uden at skade dem.<\/p>\n<p>Placer dem i et reagensglas eller en lille kasse med huller til ventilation. Nogle arter b\u00f8r transporteres enkeltvis, mens andre kan holdes sammen i kort tid i en beholder, da de er mindre aggressive indbyrdes. Forskellige arter b\u00f8r altid holdes adskilt.<\/p>\n<p>For at finde ud af, hvorn\u00e5r og hvor du kan finde dine dronningemyrer, findes der nu mange \"bryllupsflyvekort\" p\u00e5 nettet. Vi har linket to eksempler l\u00e6ngere nede p\u00e5 denne side.<\/p>\n<p>S\u00f8rg for, at du ikke indsamler en beskyttet eller truet art. Der er mere end nok arter i alle verdens lande, som har meget sunde bestande.<\/p>\n<p><strong>Bryllupsflyvekort p\u00e5 tysk:<\/strong><\/p>\n<p><a href=\"https:\/\/www.ameisenforum.de\/schwarmflug.php\">Ameisenforum.de<\/a><\/p>\n<p><strong>Bryllupsrejsekort p\u00e5 engelsk:<\/strong><\/p>\n<p><a href=\"https:\/\/antflights.com\/stats\/flights\">Antflights.com<\/a><\/p>\n\n\t\t<\/div>\n\t\t\t\t\t<\/div>\n\n\t\n\n\t<div id=\"col-1817912814\" class=\"col medium-6 small-12 large-6\"  >\n\t\t\t\t<div class=\"col-inner\"  >\n\t\t\t\n\t\t\t\n\n\t<div class=\"img has-hover x md-x lg-x y md-y lg-y\" id=\"image_1307817551\">\n\t\t<a class=\"image-lightbox lightbox-gallery\" title=\"\" href=\"https:\/\/i0.wp.com\/antcube.shop\/wp-content\/uploads\/2021\/07\/Lasius-niger.jpg?ssl=1\">\t\t\t\t\t\t<div class=\"img-inner dark\" >\n\t\t\t<img data-recalc-dims=\"1\" loading=\"lazy\" decoding=\"async\" width=\"1000\" height=\"1000\" src=\"https:\/\/i0.wp.com\/antcube.shop\/wp-content\/uploads\/2021\/07\/Lasius-niger.jpg?resize=1000%2C1000&#038;ssl=1\" class=\"attachment-original size-original\" alt=\"Lasius niger dronningemyrer makro p\u00e5 hvid baggrund\" srcset=\"https:\/\/i0.wp.com\/antcube.shop\/wp-content\/uploads\/2021\/07\/Lasius-niger.jpg?w=1000&amp;ssl=1 1000w, https:\/\/i0.wp.com\/antcube.shop\/wp-content\/uploads\/2021\/07\/Lasius-niger.jpg?resize=247%2C247&amp;ssl=1 247w, https:\/\/i0.wp.com\/antcube.shop\/wp-content\/uploads\/2021\/07\/Lasius-niger.jpg?resize=100%2C100&amp;ssl=1 100w, https:\/\/i0.wp.com\/antcube.shop\/wp-content\/uploads\/2021\/07\/Lasius-niger.jpg?resize=510%2C510&amp;ssl=1 510w, https:\/\/i0.wp.com\/antcube.shop\/wp-content\/uploads\/2021\/07\/Lasius-niger.jpg?resize=400%2C400&amp;ssl=1 400w, https:\/\/i0.wp.com\/antcube.shop\/wp-content\/uploads\/2021\/07\/Lasius-niger.jpg?resize=800%2C800&amp;ssl=1 800w, https:\/\/i0.wp.com\/antcube.shop\/wp-content\/uploads\/2021\/07\/Lasius-niger.jpg?resize=280%2C280&amp;ssl=1 280w, https:\/\/i0.wp.com\/antcube.shop\/wp-content\/uploads\/2021\/07\/Lasius-niger.jpg?resize=768%2C768&amp;ssl=1 768w\" sizes=\"auto, (max-width: 1000px) 100vw, 1000px\" \/>\t\t\t\t\t\t\n\t\t\t\t\t<\/div>\n\t\t\t\t\t\t<\/a>\t\t\n<style>\n#image_1307817551 {\n  width: 100%;\n}\n<\/style>\n\t<\/div>\n\t\n\n\t<div id=\"text-2385048461\" class=\"text\">\n\t\t\n\n<p>Lasius niger dronning<\/p>\n\t\t\n<style>\n#text-2385048461 {\n  text-align: center;\n}\n<\/style>\n\t<\/div>\n\t\n\n\t\t<\/div>\n\t\t\t\t\t<\/div>\n\n\t\n\n<\/div>","protected":false},"excerpt":{"rendered":"","protected":false},"author":1,"featured_media":0,"parent":0,"menu_order":0,"comment_status":"closed","ping_status":"closed","template":"","meta":{"_acf_changed":false,"content-type":"","_monsterinsights_skip_tracking":false,"_monsterinsights_sitenote_active":false,"_monsterinsights_sitenote_note":"","_monsterinsights_sitenote_category":0,"footnotes":""},"class_list":["post-702","page","type-page","status-publish","hentry"],"acf":[],"aioseo_notices":[],"jetpack_sharing_enabled":true,"_links":{"self":[{"href":"https:\/\/antcube.shop\/da\/wp-json\/wp\/v2\/pages\/702","targetHints":{"allow":["GET"]}}],"collection":[{"href":"https:\/\/antcube.shop\/da\/wp-json\/wp\/v2\/pages"}],"about":[{"href":"https:\/\/antcube.shop\/da\/wp-json\/wp\/v2\/types\/page"}],"author":[{"embeddable":true,"href":"https:\/\/antcube.shop\/da\/wp-json\/wp\/v2\/users\/1"}],"replies":[{"embeddable":true,"href":"https:\/\/antcube.shop\/da\/wp-json\/wp\/v2\/comments?post=702"}],"version-history":[{"count":10,"href":"https:\/\/antcube.shop\/da\/wp-json\/wp\/v2\/pages\/702\/revisions"}],"predecessor-version":[{"id":9149,"href":"https:\/\/antcube.shop\/da\/wp-json\/wp\/v2\/pages\/702\/revisions\/9149"}],"wp:attachment":[{"href":"https:\/\/antcube.shop\/da\/wp-json\/wp\/v2\/media?parent=702"}],"curies":[{"name":"wp","href":"https:\/\/api.w.org\/{rel}","templated":true}]}}