{"id":643,"date":"2021-07-30T13:36:12","date_gmt":"2021-07-30T11:36:12","guid":{"rendered":"https:\/\/antcube.shop\/?page_id=643"},"modified":"2024-11-29T15:31:27","modified_gmt":"2024-11-29T14:31:27","slug":"elektriske-apparater-akt","status":"publish","type":"page","link":"https:\/\/antcube.shop\/da\/elektriske-apparater-akt\/","title":{"rendered":"Lov om elektrisk udstyr"},"content":{"rendered":"<div id=\"gap-39534304\" class=\"gap-element clearfix\" style=\"display:block; height:auto;\">\n\t\t\n<style>\n#gap-39534304 {\n  padding-top: 190px;\n}\n<\/style>\n\t<\/div>\n\t\n\n<div class=\"row\"  id=\"row-1225098026\">\n\n\n\t<div id=\"col-135983666\" class=\"col small-12 large-12\"  >\n\t\t\t\t<div class=\"col-inner\"  >\n\t\t\t\n\t\t\t\n\n\t<div id=\"text-764473686\" class=\"text\">\n\t\t\n\n<h3><b>Oplysninger i henhold til den tyske lov om elektrisk og elektronisk udstyr (ElektroG)<\/b><\/h3>\n<p><span style=\"font-weight: 400;\">Vores WEEE-registreringsnummer: <\/span><b>DE 54590387<\/b><\/p>\n<p><b>1 Introduktion <\/b><b><br \/><\/b><span style=\"font-weight: 400;\">ElektroG regulerer den <\/span><b>markedsf\u00f8ring<\/b><span style=\"font-weight: 400;\">, <\/span><b>tilbagetagning <\/b><span style=\"font-weight: 400;\">og <\/span><b>Milj\u00f8venlig bortskaffelse <\/b><span style=\"font-weight: 400;\">af elektrisk og elektronisk udstyr. M\u00e5let er at fremme milj\u00f8beskyttelse og sikre genbrug af v\u00e6rdifulde r\u00e5materialer.<\/span><\/p>\n<ol start=\"2\">\n<li><b> juridiske forpligtelser for forbrugere<\/b><\/li>\n<\/ol>\n<ul>\n<li style=\"font-weight: 400;\" aria-level=\"1\"><b>Forbud mod bortskaffelse i restaffald<\/b><span style=\"font-weight: 400;\">: Gamle elektriske apparater m\u00e5 ikke smides ud i restaffaldet.<\/span><\/li>\n<li style=\"font-weight: 400;\" aria-level=\"1\"><b>Forpligtelse til at vende tilbage<\/b><span style=\"font-weight: 400;\">: Forbrugerne er lovm\u00e6ssigt forpligtet til at bortskaffe brugt elektrisk og elektronisk udstyr p\u00e5 kommunale indsamlingscentre (\u00d6RE - offentlige affaldsh\u00e5ndteringsmyndigheder) eller i passende tilbagetagningssystemer.<\/span><\/li>\n<li style=\"font-weight: 400;\" aria-level=\"1\"><b>Forurenende stoffer og genbrug<\/b><span style=\"font-weight: 400;\">:<\/span>\n<ul>\n<li style=\"font-weight: 400;\" aria-level=\"2\"><span style=\"font-weight: 400;\">Gamle elektriske apparater kan indeholde skadelige stoffer, der kan skade milj\u00f8et og helbredet, hvis de ikke opbevares eller bortskaffes korrekt.<\/span><\/li>\n<li style=\"font-weight: 400;\" aria-level=\"2\"><span style=\"font-weight: 400;\">Samtidig indeholder de v\u00e6rdifulde r\u00e5materialer som jern, plast, s\u00f8lv eller glas, som kan genbruges.<\/span><\/li>\n<\/ul>\n<\/li>\n<\/ul>\n<p><b>3 Hvilke enheder er ber\u00f8rt? <\/b><b><br \/><\/b><span style=\"font-weight: 400;\">ElektroG g\u00e6lder for de fleste elektriske og elektroniske apparater, der drives af elektricitet eller elektromagnetiske felter. Disse omfatter blandt andet:<\/span><\/p>\n<ul>\n<li style=\"font-weight: 400;\" aria-level=\"1\"><span style=\"font-weight: 400;\">Klima-computer<\/span><\/li>\n<li style=\"font-weight: 400;\" aria-level=\"1\"><span style=\"font-weight: 400;\">Varmem\u00e5tter og -kabler<\/span><\/li>\n<li style=\"font-weight: 400;\" aria-level=\"1\"><span style=\"font-weight: 400;\">Digitalt termometer og hygrometer<\/span><\/li>\n<li style=\"font-weight: 400;\" aria-level=\"1\"><span style=\"font-weight: 400;\">Luftfugtere (foggers)<\/span><\/li>\n<li style=\"font-weight: 400;\" aria-level=\"1\"><span style=\"font-weight: 400;\">Ventilator<\/span><\/li>\n<\/ul>\n<p><span style=\"font-weight: 400;\">En komplet liste over de p\u00e5g\u00e6ldende kategorier findes i det nuv\u00e6rende juridiske direktiv.<\/span><\/p>\n<p><b>4 M\u00e6rkning af ber\u00f8rt udstyr <\/b><b><br \/><\/b><span style=\"font-weight: 400;\">Produkter, der falder ind under ElektroG, er m\u00e6rket med symbolet for en <\/span><b>overstreget skraldespand<\/b><span style=\"font-weight: 400;\">. Dette indikerer, at apparatet ikke m\u00e5 bortskaffes sammen med restaffald, men skal bortskaffes via indsamlingscentre eller tilbagetagningssystemer.<\/span><\/p>\n<p><b>5 ANTSTORE's forpligtelser i henhold til ElektroG <\/b><b><br \/><\/b><span style=\"font-weight: 400;\">ANTSTORE har implementeret alle forpligtelser i henhold til ElektroG for at sikre milj\u00f8m\u00e6ssig forsvarlig bortskaffelse:<\/span><\/p>\n<ul>\n<li style=\"font-weight: 400;\" aria-level=\"1\"><b>Registrering hos EAR<\/b><span style=\"font-weight: 400;\">:<\/span>\n<ul>\n<li style=\"font-weight: 400;\" aria-level=\"2\"><span style=\"font-weight: 400;\">ANTSTORE er registreret hos EAR (Waste Electrical and Electronic Equipment Register).<\/span><\/li>\n<li style=\"font-weight: 400;\" aria-level=\"2\"><span style=\"font-weight: 400;\">Vores WEEE-registreringsnummer: <\/span><b>DE <\/b><span style=\"font-weight: 400;\">54590387.<\/span><\/li>\n<\/ul>\n<\/li>\n<li style=\"font-weight: 400;\" aria-level=\"1\"><b>Tjekker leverand\u00f8rerne<\/b><span style=\"font-weight: 400;\">:<\/span>\n<ul>\n<li style=\"font-weight: 400;\" aria-level=\"2\"><span style=\"font-weight: 400;\">Alle leverand\u00f8rer er blevet og bliver l\u00f8bende kontrolleret for overholdelse af registreringsforpligtelser.<\/span><\/li>\n<\/ul>\n<\/li>\n<li style=\"font-weight: 400;\" aria-level=\"1\"><b>M\u00e6rkningspligt<\/b><span style=\"font-weight: 400;\">:<\/span>\n<ul>\n<li style=\"font-weight: 400;\" aria-level=\"2\"><span style=\"font-weight: 400;\">Alle produkter, der fremstilles og importeres i EU, er korrekt m\u00e6rket.<\/span><\/li>\n<\/ul>\n<\/li>\n<\/ul>\n<ol start=\"6\">\n<li><b> returmuligheder i ANTSTORE-grenen <\/b><b><br \/><\/b><span style=\"font-weight: 400;\">Ud over de kommunale indsamlingssteder tilbyder ANTSTORE sine kunder en <\/span><b>frivillig tilbagevenden <\/b><span style=\"font-weight: 400;\">af gamle apparater:<\/span><\/li>\n<\/ol>\n<ul>\n<li style=\"font-weight: 400;\" aria-level=\"1\"><span style=\"font-weight: 400;\">Kunderne kan aflevere deres gamle apparater <\/span><b>gratis <\/b><span style=\"font-weight: 400;\">n\u00e5r du handler i vores butik.<\/span><\/li>\n<li style=\"font-weight: 400;\" aria-level=\"1\"><span style=\"font-weight: 400;\">P\u00e5 den m\u00e5de st\u00f8tter vi en bekvem og milj\u00f8venlig bortskaffelse af gamle elektriske apparater.<\/span><\/li>\n<\/ul>\n<p><b>Opsummering for forbrugere<\/b><\/p>\n<ul>\n<li style=\"font-weight: 400;\" aria-level=\"1\"><span style=\"font-weight: 400;\">Brug kommunale indsamlingscentre (\u00d6RE) eller vores tilbagetagningssystemer i butikken.<\/span><\/li>\n<li style=\"font-weight: 400;\" aria-level=\"1\"><span style=\"font-weight: 400;\">Smid aldrig gamle elektriske apparater i restaffaldet.<\/span><\/li>\n<li style=\"font-weight: 400;\" aria-level=\"1\"><span style=\"font-weight: 400;\">Hj\u00e6lp med at beskytte milj\u00f8et og ressourcerne ved at bortskaffe affald korrekt.<\/span><\/li>\n<\/ul>\n<p><span style=\"font-weight: 400;\">Hvis du har yderligere sp\u00f8rgsm\u00e5l om vores tilbagetagnings- og bortskaffelsesservice, er du velkommen til at kontakte os.<\/span><\/p>\n<p><b>Yderligere information:<\/b><\/p>\n<p><a href=\"https:\/\/www.stiftung-ear.de\/de\/home\"><span style=\"font-weight: 400;\">www.stiftung-ear.de<\/span><\/a><\/p>\n<p><a href=\"https:\/\/www.bmuv.de\/themen\/kreislaufwirtschaft\/abfallarten-und-abfallstroeme\/uebersicht-abfallarten-und-abfallstroeme\"><span style=\"font-weight: 400;\">www.bmu.de<\/span><\/a><\/p>\n\n\t\t\n<style>\n#text-764473686 {\n  text-align: left;\n}\n<\/style>\n\t<\/div>\n\t\n\n\t\t<\/div>\n\t\t\t\t\t<\/div>\n\n\t\n\n<\/div>","protected":false},"excerpt":{"rendered":"","protected":false},"author":1,"featured_media":0,"parent":0,"menu_order":0,"comment_status":"closed","ping_status":"closed","template":"","meta":{"_acf_changed":false,"content-type":"","_monsterinsights_skip_tracking":false,"_monsterinsights_sitenote_active":false,"_monsterinsights_sitenote_note":"","_monsterinsights_sitenote_category":0,"footnotes":""},"class_list":["post-643","page","type-page","status-publish","hentry"],"acf":[],"aioseo_notices":[],"jetpack_sharing_enabled":true,"_links":{"self":[{"href":"https:\/\/antcube.shop\/da\/wp-json\/wp\/v2\/pages\/643","targetHints":{"allow":["GET"]}}],"collection":[{"href":"https:\/\/antcube.shop\/da\/wp-json\/wp\/v2\/pages"}],"about":[{"href":"https:\/\/antcube.shop\/da\/wp-json\/wp\/v2\/types\/page"}],"author":[{"embeddable":true,"href":"https:\/\/antcube.shop\/da\/wp-json\/wp\/v2\/users\/1"}],"replies":[{"embeddable":true,"href":"https:\/\/antcube.shop\/da\/wp-json\/wp\/v2\/comments?post=643"}],"version-history":[{"count":6,"href":"https:\/\/antcube.shop\/da\/wp-json\/wp\/v2\/pages\/643\/revisions"}],"predecessor-version":[{"id":10641,"href":"https:\/\/antcube.shop\/da\/wp-json\/wp\/v2\/pages\/643\/revisions\/10641"}],"wp:attachment":[{"href":"https:\/\/antcube.shop\/da\/wp-json\/wp\/v2\/media?parent=643"}],"curies":[{"name":"wp","href":"https:\/\/api.w.org\/{rel}","templated":true}]}}