{"id":641,"date":"2021-07-30T13:35:42","date_gmt":"2021-07-30T11:35:42","guid":{"rendered":"https:\/\/antcube.shop\/?page_id=641"},"modified":"2024-11-29T15:44:57","modified_gmt":"2024-11-29T14:44:57","slug":"batteri-lovgivning","status":"publish","type":"page","link":"https:\/\/antcube.shop\/da\/batteri-lovgivning\/","title":{"rendered":"Batteriloven"},"content":{"rendered":"<div id=\"gap-2031365512\" class=\"gap-element clearfix\" style=\"display:block; height:auto;\">\n\t\t\n<style>\n#gap-2031365512 {\n  padding-top: 190px;\n}\n<\/style>\n\t<\/div>\n\t\n\n<div class=\"row\"  id=\"row-1504991128\">\n\n\n\t<div id=\"col-1772076269\" class=\"col small-12 large-12\"  >\n\t\t\t\t<div class=\"col-inner\"  >\n\t\t\t\n\t\t\t\n\n<h3><b>Noter til batteriloven (BattG)<\/b><\/h3>\n<ol>\n<li><b> batterier og genopladelige batterier i enheder <\/b><b><br \/><\/b><span style=\"font-weight: 400;\">Mange af vores produkter indeholder batterier eller genopladelige batterier, der f.eks. bruges til at betjene fjernbetjeninger eller som fastmonterede komponenter i apparater. I forbindelse med salg af disse batterier eller genopladelige batterier vil vi gerne henlede opm\u00e6rksomheden p\u00e5 f\u00f8lgende:<\/span><\/li>\n<li><b> juridisk forpligtelse til at vende tilbage<\/b><\/li>\n<\/ol>\n<ul>\n<li style=\"font-weight: 400;\" aria-level=\"1\"><b>Bortskaffelse af brugte batterier<\/b><span style=\"font-weight: 400;\"><br \/><\/span><span style=\"font-weight: 400;\"> I henhold til batteriloven skal brugte batterier bortskaffes gratis p\u00e5 en kommunal indsamlingscentral, i s\u00e6rlige containere til brugte batterier eller hos en lokal forhandler.<\/span><\/li>\n<li style=\"font-weight: 400;\" aria-level=\"1\"><b>Forbud mod bortskaffelse i husholdningsaffald<\/b><span style=\"font-weight: 400;\"><br \/><\/span><span style=\"font-weight: 400;\">Det er udtrykkeligt forbudt at smide batterier i husholdningsaffaldet.<\/span><\/li>\n<\/ul>\n<ol start=\"3\">\n<li><b> returmuligheder p\u00e5 ANTSTORE <\/b><b><br \/><\/b><span style=\"font-weight: 400;\">Hvis du ikke \u00f8nsker at bruge et kommunalt indsamlingssted eller din lokale forhandler, tilbyder vi dig f\u00f8lgende muligheder for at returnere de batterier, vi har leveret:<\/span><\/li>\n<\/ol>\n<ul>\n<li style=\"font-weight: 400;\" aria-level=\"1\"><b>Gratis returnering p\u00e5 stedet<\/b><span style=\"font-weight: 400;\"><br \/><\/span><span style=\"font-weight: 400;\">Du kan returnere batterier direkte til vores butik.<\/span><\/li>\n<li style=\"font-weight: 400;\" aria-level=\"1\"><b>Returner med posten<\/b><span style=\"font-weight: 400;\"><br \/><\/span><span style=\"font-weight: 400;\">Send batterierne til:<\/span><span style=\"font-weight: 400;\"><br \/><\/span><b>ANTSTORE<\/b><b><br \/><\/b><b>Selerweg 41<\/b><b><br \/><\/b><b>D-12169 Berlin<\/b><\/li>\n<\/ul>\n<ol start=\"4\">\n<li><b> M\u00e6rkning af batterier, der indeholder skadelige stoffer <\/b><b><br \/><\/b><span style=\"font-weight: 400;\">Batterier, der indeholder skadelige stoffer, er m\u00e6rket med symbolet for en <\/span><b>overstreget skraldespand<\/b><span style=\"font-weight: 400;\">. Under dette symbol finder du kemiske forkortelser for de skadelige stoffer, der er indeholdt:<\/span><\/li>\n<\/ol>\n<ul>\n<li style=\"font-weight: 400;\" aria-level=\"1\"><b>Pb <\/b><span style=\"font-weight: 400;\">= batteriet indeholder bly<\/span><\/li>\n<li style=\"font-weight: 400;\" aria-level=\"1\"><b>Cd <\/b><span style=\"font-weight: 400;\">= batteriet indeholder cadmium<\/span><\/li>\n<li style=\"font-weight: 400;\" aria-level=\"1\"><b>Hg <\/b><span style=\"font-weight: 400;\">= batteriet indeholder kviks\u00f8lv<\/span><\/li>\n<\/ul>\n<ol start=\"5\">\n<li><b> yderligere information<\/b><\/li>\n<\/ol>\n<ul>\n<li style=\"font-weight: 400;\" aria-level=\"1\"><span style=\"font-weight: 400;\">Du vil finde detaljerede oplysninger:<\/span>\n<ul>\n<li style=\"font-weight: 400;\" aria-level=\"2\"><span style=\"font-weight: 400;\">I de dokumenter, der f\u00f8lger med din varelevering.<\/span><\/li>\n<li style=\"font-weight: 400;\" aria-level=\"2\"><span style=\"font-weight: 400;\">I betjeningsvejledningen fra den respektive enhedsproducent.<\/span><\/li>\n<\/ul>\n<\/li>\n<li style=\"font-weight: 400;\" aria-level=\"1\"><span style=\"font-weight: 400;\">Du kan f\u00e5 yderligere oplysninger om batteriloven:<\/span>\n<ul>\n<li style=\"font-weight: 400;\" aria-level=\"2\"><span style=\"font-weight: 400;\">Hos forbundsministeriet for milj\u00f8, naturbeskyttelse og nuklear sikkerhed <\/span><a href=\"http:\/\/www.bmu.de\/abfallwirtschaft\"><span style=\"font-weight: 400;\">(<\/span><span style=\"font-weight: 400;\">www.bmu.de)<\/span><\/a><\/li>\n<li style=\"font-weight: 400;\" aria-level=\"2\"><span style=\"font-weight: 400;\">Hos det f\u00f8derale milj\u00f8agentur <\/span><a href=\"http:\/\/www.uba.de\"><span style=\"font-weight: 400;\">(<\/span><span style=\"font-weight: 400;\">www.uba.de)<\/span><\/a><\/li>\n<\/ul>\n<\/li>\n<\/ul>\n<p><b>Sammenfatning<\/b><\/p>\n<ul>\n<li style=\"font-weight: 400;\" aria-level=\"1\"><span style=\"font-weight: 400;\">Batterier h\u00f8rer ikke hjemme i husholdningsaffaldet.<\/span><\/li>\n<li style=\"font-weight: 400;\" aria-level=\"1\"><span style=\"font-weight: 400;\">Brug kommunale indsamlingssteder, containere til brugte batterier eller returmulighederne i ANTSTORE.<\/span><\/li>\n<li style=\"font-weight: 400;\" aria-level=\"1\"><span style=\"font-weight: 400;\">Hold \u00f8je med det overstregede skraldespandssymbol og m\u00e6rkningen med forurenende stoffer.<\/span><\/li>\n<\/ul>\n<p><span style=\"font-weight: 400;\">Tak, fordi du aktivt bidrager til milj\u00f8beskyttelse ved at bortskaffe batterier korrekt!<\/span><\/p>\n<h3><br \/><br \/><br \/><br \/><br \/><br \/><\/h3>\n\n\t\t<\/div>\n\t\t\t\t\t<\/div>\n\n\t\n\n<\/div>","protected":false},"excerpt":{"rendered":"","protected":false},"author":1,"featured_media":0,"parent":0,"menu_order":0,"comment_status":"closed","ping_status":"closed","template":"","meta":{"_acf_changed":false,"content-type":"","_monsterinsights_skip_tracking":false,"_monsterinsights_sitenote_active":false,"_monsterinsights_sitenote_note":"","_monsterinsights_sitenote_category":0,"footnotes":""},"class_list":["post-641","page","type-page","status-publish","hentry"],"acf":[],"aioseo_notices":[],"jetpack_sharing_enabled":true,"_links":{"self":[{"href":"https:\/\/antcube.shop\/da\/wp-json\/wp\/v2\/pages\/641","targetHints":{"allow":["GET"]}}],"collection":[{"href":"https:\/\/antcube.shop\/da\/wp-json\/wp\/v2\/pages"}],"about":[{"href":"https:\/\/antcube.shop\/da\/wp-json\/wp\/v2\/types\/page"}],"author":[{"embeddable":true,"href":"https:\/\/antcube.shop\/da\/wp-json\/wp\/v2\/users\/1"}],"replies":[{"embeddable":true,"href":"https:\/\/antcube.shop\/da\/wp-json\/wp\/v2\/comments?post=641"}],"version-history":[{"count":3,"href":"https:\/\/antcube.shop\/da\/wp-json\/wp\/v2\/pages\/641\/revisions"}],"predecessor-version":[{"id":10643,"href":"https:\/\/antcube.shop\/da\/wp-json\/wp\/v2\/pages\/641\/revisions\/10643"}],"wp:attachment":[{"href":"https:\/\/antcube.shop\/da\/wp-json\/wp\/v2\/media?parent=641"}],"curies":[{"name":"wp","href":"https:\/\/api.w.org\/{rel}","templated":true}]}}