{"id":628,"date":"2021-07-30T13:29:33","date_gmt":"2021-07-30T11:29:33","guid":{"rendered":"https:\/\/antcube.shop\/?page_id=628"},"modified":"2025-11-17T11:20:38","modified_gmt":"2025-11-17T10:20:38","slug":"forhandler","status":"publish","type":"page","link":"https:\/\/antcube.shop\/da\/forhandler\/","title":{"rendered":"Bliv forhandler"},"content":{"rendered":"<div id=\"gap-23026387\" class=\"gap-element clearfix\" style=\"display:block; height:auto;\">\n\t\t\n<style>\n#gap-23026387 {\n  padding-top: 181px;\n}\n@media (min-width:550px) {\n  #gap-23026387 {\n    padding-top: 185px;\n  }\n}\n@media (min-width:850px) {\n  #gap-23026387 {\n    padding-top: 137px;\n  }\n}\n<\/style>\n\t<\/div>\n\t\n\n\n  <div class=\"banner has-hover\" id=\"banner-1871949687\">\n          <div class=\"banner-inner fill\">\n        <div class=\"banner-bg fill\" >\n            <img loading=\"lazy\" decoding=\"async\" width=\"900\" height=\"600\" src=\"https:\/\/i0.wp.com\/antcube.shop\/wp-content\/uploads\/2021\/09\/pexels-thirdman-5684382-scaled.jpg?fit=900%2C600&amp;ssl=1\" class=\"bg attachment-large size-large\" alt=\"\" \/>                        <div class=\"overlay\"><\/div>            \n                    <\/div>\n\t\t\n        <div class=\"banner-layers container\">\n            <div class=\"fill banner-link\"><\/div>            \n\n   <div id=\"text-box-1240178470\" class=\"text-box banner-layer x0 md-x50 lg-x50 y50 md-y85 lg-y35 res-text\">\n                                <div class=\"text-box-content text dark text-shadow-3\">\n              \n              <div class=\"text-inner text-center\">\n                  \n\n\t<div id=\"text-3580693091\" class=\"text\">\n\t\t\n\n<h1><strong>Vi leder efter forhandlere!<\/strong><\/h1>\n<p>Vi s\u00f8ger forhandlere og partnere til at s\u00e6lge vores ANTCUBE-produkter til myreholdere over hele verden. Hvis du vil v\u00e6re med til at skabe et verdensomsp\u00e6ndende f\u00e6llesskab af myre- og naturelskere<\/p>\n\t\t\n<style>\n#text-3580693091 {\n  font-size: 0.75rem;\n  line-height: 1;\n  text-align: center;\n}\n@media (min-width:550px) {\n  #text-3580693091 {\n    font-size: 0.95rem;\n  }\n}\n@media (min-width:850px) {\n  #text-3580693091 {\n    font-size: 1.25rem;\n  }\n}\n<\/style>\n\t<\/div>\n\t\n\t<div id=\"text-4124565128\" class=\"text\">\n\t\t\n\n<p>Kontakt os p\u00e5\u00a0<\/p>\n\t\t\n<style>\n#text-4124565128 {\n  font-size: 1.05rem;\n  line-height: 0.75;\n}\n@media (min-width:550px) {\n  #text-4124565128 {\n    font-size: 2.25rem;\n  }\n}\n<\/style>\n\t<\/div>\n\t\n\t<div id=\"text-459224232\" class=\"text\">\n\t\t\n\n<p>sales@antcube.de<\/p>\n\t\t\n<style>\n#text-459224232 {\n  font-size: 0.75rem;\n  line-height: 0.75;\n}\n@media (min-width:550px) {\n  #text-459224232 {\n    font-size: 2.25rem;\n  }\n}\n<\/style>\n\t<\/div>\n\t\n\n              <\/div>\n           <\/div>\n                            \n<style>\n#text-box-1240178470 {\n  width: 100%;\n}\n#text-box-1240178470 .text-box-content {\n  font-size: 100%;\n}\n@media (min-width:550px) {\n  #text-box-1240178470 {\n    width: 87%;\n  }\n}\n<\/style>\n    <\/div>\n \n\n        <\/div>\n      <\/div>\n\n              <div class=\"height-fix is-invisible\"><img loading=\"lazy\" decoding=\"async\" width=\"900\" height=\"600\" src=\"https:\/\/i0.wp.com\/antcube.shop\/wp-content\/uploads\/2021\/09\/pexels-thirdman-5684382-scaled.jpg?fit=900%2C600&amp;ssl=1\" class=\"attachment-large size-large\" alt=\"\" srcset=\"https:\/\/i0.wp.com\/antcube.shop\/wp-content\/uploads\/2021\/09\/pexels-thirdman-5684382-scaled.jpg?w=2560&amp;ssl=1 2560w, https:\/\/i0.wp.com\/antcube.shop\/wp-content\/uploads\/2021\/09\/pexels-thirdman-5684382-scaled.jpg?resize=510%2C340&amp;ssl=1 510w, https:\/\/i0.wp.com\/antcube.shop\/wp-content\/uploads\/2021\/09\/pexels-thirdman-5684382-scaled.jpg?resize=600%2C400&amp;ssl=1 600w, https:\/\/i0.wp.com\/antcube.shop\/wp-content\/uploads\/2021\/09\/pexels-thirdman-5684382-scaled.jpg?resize=1200%2C800&amp;ssl=1 1200w, https:\/\/i0.wp.com\/antcube.shop\/wp-content\/uploads\/2021\/09\/pexels-thirdman-5684382-scaled.jpg?resize=768%2C512&amp;ssl=1 768w, https:\/\/i0.wp.com\/antcube.shop\/wp-content\/uploads\/2021\/09\/pexels-thirdman-5684382-scaled.jpg?resize=1536%2C1024&amp;ssl=1 1536w, https:\/\/i0.wp.com\/antcube.shop\/wp-content\/uploads\/2021\/09\/pexels-thirdman-5684382-scaled.jpg?resize=2048%2C1365&amp;ssl=1 2048w\" sizes=\"auto, (max-width: 900px) 100vw, 900px\" \/><\/div>\n            \n<style>\n#banner-1871949687 .overlay {\n  background-color: rgba(0, 0, 0, 0.174);\n}\n#banner-1871949687 .banner-bg img {\n  object-position: 50% 45%;\n}\n<\/style>\n  <\/div>\n\n\n\t<div id=\"gap-1092895100\" class=\"gap-element clearfix\" style=\"display:block; height:auto;\">\n\t\t\n<style>\n#gap-1092895100 {\n  padding-top: 30px;\n}\n<\/style>\n\t<\/div>\n\t\n\n<div class=\"row\"  id=\"row-1755502503\">\n\n\n\t<div id=\"col-317566093\" class=\"col small-12 large-12\"  >\n\t\t\t\t<div class=\"col-inner\"  >\n\t\t\t\n\t\t\t\n\n<div class=\"wp-block-cover alignfull has-nv-site-bg-background-color has-background-dim\">\n<div class=\"wp-block-cover__inner-container\">\n<h2 class=\"has-text-align-center has-neve-text-color-color has-text-color\">Er du interesseret i at s\u00e6lge vores produkter?<\/h2>\n<\/div>\n<\/div>\n<h2 class=\"has-text-align-center has-medium-font-size\">Vores m\u00e5l<\/h2>\n<p class=\"has-text-align-center\">Vi s\u00f8ger forhandlere og partnere til at s\u00e6lge vores ANTCUBE-produkter til myreholdere over hele verden. Vi \u00f8nsker at opbygge et internationalt f\u00e6llesskab af butiksejere og hobbyfolk for at g\u00f8re myrehold mere popul\u00e6rt og professionelt. Hvis du allerede ejer en butik eller leder efter en ny forretningsmulighed, er du velkommen til at kontakte os.<\/p>\n<h2 class=\"has-text-align-center has-medium-font-size\">Myrehold er en voksende forretning<\/h2>\n<p class=\"has-text-align-center\">Myretr\u00e6er er blevet meget popul\u00e6re i de seneste \u00e5r. Vi er vidne til et voksende f\u00e6llesskab af passionerede myreelskere fra hele verden. Derudover f\u00e5r vi flere og flere henvendelser fra virksomheder, zoologiske haver, museer, universiteter, videnskabelige institutioner osv.<\/p>\n<h2 class=\"has-text-align-center has-medium-font-size\" style=\"font-size: 23.04px;\">\u00a0<\/h2>\n<p><img data-recalc-dims=\"1\" loading=\"lazy\" decoding=\"async\" class=\"size-medium wp-image-3944 aligncenter\" src=\"https:\/\/i0.wp.com\/antcube.shop\/wp-content\/uploads\/2021\/11\/Palette-Beispiel-mit-Export-600x400.jpg?resize=600%2C400&#038;ssl=1\" alt=\"\" width=\"600\" height=\"400\" srcset=\"https:\/\/i0.wp.com\/antcube.shop\/wp-content\/uploads\/2021\/11\/Palette-Beispiel-mit-Export-scaled.jpg?resize=600%2C400&amp;ssl=1 600w, https:\/\/i0.wp.com\/antcube.shop\/wp-content\/uploads\/2021\/11\/Palette-Beispiel-mit-Export-scaled.jpg?resize=1200%2C800&amp;ssl=1 1200w, https:\/\/i0.wp.com\/antcube.shop\/wp-content\/uploads\/2021\/11\/Palette-Beispiel-mit-Export-scaled.jpg?resize=768%2C512&amp;ssl=1 768w, https:\/\/i0.wp.com\/antcube.shop\/wp-content\/uploads\/2021\/11\/Palette-Beispiel-mit-Export-scaled.jpg?resize=1536%2C1024&amp;ssl=1 1536w, https:\/\/i0.wp.com\/antcube.shop\/wp-content\/uploads\/2021\/11\/Palette-Beispiel-mit-Export-scaled.jpg?resize=2048%2C1365&amp;ssl=1 2048w, https:\/\/i0.wp.com\/antcube.shop\/wp-content\/uploads\/2021\/11\/Palette-Beispiel-mit-Export-scaled.jpg?resize=18%2C12&amp;ssl=1 18w, https:\/\/i0.wp.com\/antcube.shop\/wp-content\/uploads\/2021\/11\/Palette-Beispiel-mit-Export-scaled.jpg?resize=510%2C340&amp;ssl=1 510w\" sizes=\"auto, (max-width: 600px) 100vw, 600px\" \/><\/p>\n<h2 class=\"has-text-align-center has-medium-font-size\">Hvorfor ANTCUBE?<\/h2>\n<p class=\"has-text-align-center\">Vi er en af de st\u00f8rste og l\u00e6ngst eksisterende myrebutikker i verden. Mere end 20 \u00e5rs erfaring med at holde myrer og bygge formicariums har gjort os til det, vi er i dag. Vi er overbevist om, at kvalitet, holdbarhed og b\u00e6redygtighed bliver vigtigere og vigtigere. Derfor fokuserer vi p\u00e5 glas som materiale til vores formicariums. I mods\u00e6tning til akryl og plastik efterlader glas et meget mindre \u00f8kologisk fodaftryk. Desuden arbejder vi p\u00e5 fuldst\u00e6ndig genanvendelig emballage.<\/p>\n<p class=\"has-text-align-center\">Glas har ogs\u00e5 den fordel, at det ikke forringes ved enhver temperatur eller fugtighed, der er egnet til myreopbevaring. Glasruder bliver ikke s\u00e5 hurtigt ridset, deformeres ikke og misfarves ikke. Reng\u00f8ring og betjening er let, udseendet er meget naturligt og smart. Vores flugtsikring er meget effektiv, selv med s\u00e6rligt sm\u00e5 myrearter, og der er uendelige muligheder for tilpasning og udvidelse.<\/p>\n<h2 class=\"has-text-align-center has-medium-font-size\">Hvorfor holde myrer?<\/h2>\n<p class=\"has-text-align-center\">Myrer er meget nemme at holde, afh\u00e6ngigt af arten. Du har brug for lidt plads og kan fodre dem med stort set alt. Myrer for\u00e5rsager n\u00e6sten ingen lugt, er meget rene dyr, larmer ikke og medf\u00f8rer n\u00e6sten ingen omkostninger efter anskaffelsen af kolonien og formicariet. Desuden beh\u00f8ver de aldrig at g\u00e5 til dyrl\u00e6gen.<\/p>\n<p class=\"has-text-align-center\">Myrer er utroligt fascinerende. Det er en enest\u00e5ende oplevelse at se en enkelt dronning opfostre sine f\u00f8rste arbejdere over en \u00e5rr\u00e6kke og derefter se sin koloni vokse til tusindvis af medlemmer i l\u00f8bet af \u00e5rene gennem perfekt samarbejde og brug af ressourcer. De er ekstremt sociale dyr, og nogle arter danner forskellige kaster som f.eks. arbejdere, soldater, landm\u00e6nd eller endda sygeplejersker, og g\u00e6t engang, de er alle hunner. Myrer er ogs\u00e5 utroligt vigtige for vores milj\u00f8. Ikke alene findes de i alle beboelige \u00f8kosystemer i verden, men de er ogs\u00e5 mere specialiserede og alsidige end nogen anden art. Myrer ligner os ogs\u00e5 i deres m\u00e5de at leve p\u00e5. Arbejdsdelingen, samlivet i store kolonier p\u00e5 et begr\u00e6nset rum og brugen af forskellige niveauer i f\u00f8dek\u00e6den i alle \u00f8kosystemer g\u00f8r dem s\u00e5 succesfulde, ligesom os mennesker. Den eneste forskel er, at vi langt fra er lige s\u00e5 effektive, og at myrer har eksisteret i mere end 130 millioner \u00e5r, mens mennesker kun har eksisteret i ca. 300.000 \u00e5r.<\/p>\n\n\t\t<\/div>\n\t\t\t\t\t<\/div>\n\n\t\n\n<\/div>\n<div class=\"row\"  id=\"row-1927542059\">\n\n\n\t<div id=\"col-718362267\" class=\"col medium-6 large-6\"  >\n\t\t\t\t<div class=\"col-inner\" style=\"background-color:#61ca9f;\" >\n\t\t\t\n\t\t\t\n\n<div class=\"container section-title-container\" ><h3 class=\"section-title section-title-normal\"><b aria-hidden=\"true\"><\/b><span class=\"section-title-main\" ><i class=\"icon-envelop\" aria-hidden=\"true\"><\/i>Kontakt os<\/span><b aria-hidden=\"true\"><\/b><\/h3><\/div>\n\n\t<div id=\"text-1732745946\" class=\"text\">\n\t\t\n\n<\/p>\n<ul>\n<li><strong>E-mail<\/strong>: sales@antcube.de<\/li>\n<li><strong>Telefon<\/strong>: +49 30 439703870<\/li>\n<\/ul>\n<p><strong>Arbejdstid <\/strong>(UTC\/GMT +1):<\/p>\n<ul>\n<li>Tirsdag til fredag fra 10:00 - 18:00<\/li>\n<\/ul>\n\n\t\t\n<style>\n#text-1732745946 {\n  font-size: 0.75rem;\n}\n@media (min-width:550px) {\n  #text-1732745946 {\n    font-size: 1.5rem;\n  }\n}\n<\/style>\n\t<\/div>\n\t\n\t<div id=\"gap-577908571\" class=\"gap-element clearfix\" style=\"display:block; height:auto;\">\n\t\t\n<style>\n#gap-577908571 {\n  padding-top: 60px;\n}\n<\/style>\n\t<\/div>\n\t\n\n\t<div class=\"img has-hover x md-x lg-x y md-y lg-y\" id=\"image_1630702122\">\n\t\t\t\t\t\t\t\t<div class=\"img-inner dark\" >\n\t\t\t<img data-recalc-dims=\"1\" loading=\"lazy\" decoding=\"async\" width=\"900\" height=\"900\" src=\"https:\/\/i0.wp.com\/antcube.shop\/wp-content\/uploads\/2021\/09\/Firmeneingang.jpg?resize=900%2C900&#038;ssl=1\" class=\"attachment-original size-original\" alt=\"ANTSTORE-indgang\" srcset=\"https:\/\/i0.wp.com\/antcube.shop\/wp-content\/uploads\/2021\/09\/Firmeneingang.jpg?w=900&amp;ssl=1 900w, https:\/\/i0.wp.com\/antcube.shop\/wp-content\/uploads\/2021\/09\/Firmeneingang.jpg?resize=247%2C247&amp;ssl=1 247w, https:\/\/i0.wp.com\/antcube.shop\/wp-content\/uploads\/2021\/09\/Firmeneingang.jpg?resize=100%2C100&amp;ssl=1 100w, https:\/\/i0.wp.com\/antcube.shop\/wp-content\/uploads\/2021\/09\/Firmeneingang.jpg?resize=510%2C510&amp;ssl=1 510w, https:\/\/i0.wp.com\/antcube.shop\/wp-content\/uploads\/2021\/09\/Firmeneingang.jpg?resize=400%2C400&amp;ssl=1 400w, https:\/\/i0.wp.com\/antcube.shop\/wp-content\/uploads\/2021\/09\/Firmeneingang.jpg?resize=800%2C800&amp;ssl=1 800w, https:\/\/i0.wp.com\/antcube.shop\/wp-content\/uploads\/2021\/09\/Firmeneingang.jpg?resize=280%2C280&amp;ssl=1 280w, https:\/\/i0.wp.com\/antcube.shop\/wp-content\/uploads\/2021\/09\/Firmeneingang.jpg?resize=768%2C768&amp;ssl=1 768w\" sizes=\"auto, (max-width: 900px) 100vw, 900px\" \/>\t\t\t\t\t\t\n\t\t\t\t\t<\/div>\n\t\t\t\t\t\t\t\t\n<style>\n#image_1630702122 {\n  width: 100%;\n}\n<\/style>\n\t<\/div>\n\t\n\n\n\t\t<\/div>\n\t\t\t\t\t<\/div>\n\n\t\n\n\t<div id=\"col-1696630891\" class=\"col medium-6 large-6\"  >\n\t\t\t\t<div class=\"col-inner\"  >\n\t\t\t\n\t\t\t\n\n<div class=\"container section-title-container\" ><h3 class=\"section-title section-title-normal\"><b aria-hidden=\"true\"><\/b><span class=\"section-title-main\" >Bes\u00f8g vores butik<\/span><b aria-hidden=\"true\"><\/b><\/h3><\/div>\n\n\t<div id=\"text-3895783214\" class=\"text\">\n\t\t\n\n<p><strong>Adresse:<\/strong><\/p>\n<ul>\n<li>Gade: Selerweg 41<\/li>\n<li>Postnummer: D - 12169<\/li>\n<li>By: Berlin<\/li>\n<li>Land: Tyskland<\/li>\n<li>Distrikt: Steglitz-Zehlendorf<\/li>\n<\/ul>\n<p><strong>\u00c5bningstider<\/strong> (UTC\/GMT +1)<\/p>\n<ul>\n<li>Tirsdag til fredag kl. 13:00 - 18:00<\/li>\n<\/ul>\n<p><strong>COVID-19 NOTE:<\/strong> Vores detailbutik er <strong>lukket siden marts 2020<\/strong> eller endnu ikke er tilg\u00e6ngelige for bes\u00f8gende. Du kan dog bestille og betale for vores produkter online og derefter enten afhente det hele ved vores hovedd\u00f8r, eller vi sender produkterne som pakkepost til dit hjem. Vores supportteam st\u00e5r stadig til r\u00e5dighed for dine foresp\u00f8rgsler via e-mail eller telefon! Vi vil holde dig opdateret.<\/p>\n<p><iframe loading=\"lazy\" style=\"border: 0;\" src=\"https:\/\/www.google.com\/maps\/embed?pb=!1m18!1m12!1m3!1d2431.3708399886823!2d13.335121715997175!3d52.454311048847416!2m3!1f0!2f0!3f0!3m2!1i1024!2i768!4f13.1!3m3!1m2!1s0x47a85a9242e5bc07%3A0xc44ee1d5a0728440!2sANTSTORE!5e0!3m2!1sde!2sde!4v1632470583913!5m2!1sde!2sde\" width=\"600\" height=\"450\" allowfullscreen=\"allowfullscreen\"><\/iframe><\/p>\n\t\t\n<style>\n#text-3895783214 {\n  font-size: 0.75rem;\n}\n<\/style>\n\t<\/div>\n\t\n\n\t\t<\/div>\n\t\t\t\t\t<\/div>\n\n\t\n\n<\/div>","protected":false},"excerpt":{"rendered":"","protected":false},"author":1,"featured_media":0,"parent":0,"menu_order":0,"comment_status":"closed","ping_status":"closed","template":"","meta":{"_acf_changed":false,"content-type":"","_monsterinsights_skip_tracking":false,"_monsterinsights_sitenote_active":false,"_monsterinsights_sitenote_note":"","_monsterinsights_sitenote_category":0,"footnotes":""},"class_list":["post-628","page","type-page","status-publish","hentry"],"acf":[],"aioseo_notices":[],"jetpack_sharing_enabled":true,"_links":{"self":[{"href":"https:\/\/antcube.shop\/da\/wp-json\/wp\/v2\/pages\/628","targetHints":{"allow":["GET"]}}],"collection":[{"href":"https:\/\/antcube.shop\/da\/wp-json\/wp\/v2\/pages"}],"about":[{"href":"https:\/\/antcube.shop\/da\/wp-json\/wp\/v2\/types\/page"}],"author":[{"embeddable":true,"href":"https:\/\/antcube.shop\/da\/wp-json\/wp\/v2\/users\/1"}],"replies":[{"embeddable":true,"href":"https:\/\/antcube.shop\/da\/wp-json\/wp\/v2\/comments?post=628"}],"version-history":[{"count":10,"href":"https:\/\/antcube.shop\/da\/wp-json\/wp\/v2\/pages\/628\/revisions"}],"predecessor-version":[{"id":12738,"href":"https:\/\/antcube.shop\/da\/wp-json\/wp\/v2\/pages\/628\/revisions\/12738"}],"wp:attachment":[{"href":"https:\/\/antcube.shop\/da\/wp-json\/wp\/v2\/media?parent=628"}],"curies":[{"name":"wp","href":"https:\/\/api.w.org\/{rel}","templated":true}]}}