{"id":500,"date":"2021-07-21T10:22:03","date_gmt":"2021-07-21T08:22:03","guid":{"rendered":"https:\/\/antcube.shop\/?page_id=500"},"modified":"2024-12-03T12:41:56","modified_gmt":"2024-12-03T11:41:56","slug":"vilkar-og-betingelser","status":"publish","type":"page","link":"https:\/\/antcube.shop\/da\/vilkar-og-betingelser\/","title":{"rendered":"Vilk\u00e5r og betingelser"},"content":{"rendered":"<div id=\"gap-330648667\" class=\"gap-element clearfix\" style=\"display:block; height:auto;\">\n\t\t\n<style>\n#gap-330648667 {\n  padding-top: 196px;\n}\n@media (min-width:850px) {\n  #gap-330648667 {\n    padding-top: 190px;\n  }\n}\n<\/style>\n\t<\/div>\n\t\n\n<div class=\"row\"  id=\"row-665948705\">\n\n\n\t<div id=\"col-1844060889\" class=\"col small-12 large-12\"  >\n\t\t\t\t<div class=\"col-inner\"  >\n\t\t\t\n\t\t\t\n\n<h1><b>Generelle vilk\u00e5r og betingelser <\/b><\/h1>\n<p><b>for <\/b><a href=\"http:\/\/www.antcube.shop\"><b>www.antcube.shop<\/b><\/a><span style=\"font-weight: 400;\"> ANTSTORE, Martin Sebesta, Selerweg 41, 12169 Berlin, i det f\u00f8lgende ben\u00e6vnt \"S\u00e6lger\".<\/span><\/p>\n<h2><b>\u00a7 1 Anvendelsesomr\u00e5de, generelle oplysninger, definitioner<\/b><\/h2>\n<p><span style=\"font-weight: 400;\">(1) Disse generelle vilk\u00e5r og betingelser (GTC) g\u00e6lder for alle ordrer p\u00e5 varer og tjenester via onlinebutikken p\u00e5 hjemmesiden <\/span><b>antcube.shop<\/b><span style=\"font-weight: 400;\">drevet af ANTSTORE, Martin Sebesta, Selerweg 41, 12169 Berlin. Send en e-mail: <\/span><a href=\"mailto:verkauf@antstore.de\"><span style=\"font-weight: 400;\">verkauf@antstore.de<\/span><\/a><span style=\"font-weight: 400;\"> \/ law@ants.de\u00a0<\/span><\/p>\n<p><span style=\"font-weight: 400;\">(2) S\u00e6lger tilbyder is\u00e6r produkter til myrehold og tilbeh\u00f8r via sin online shop. De generelle forretningsbetingelser g\u00e6lder for forretningsforholdet mellem s\u00e6lger og kunde i den version, der er g\u00e6ldende p\u00e5 bestillingstidspunktet.<\/span><\/p>\n<p><span style=\"font-weight: 400;\">(3) En forbruger i henhold til disse GTC er enhver fysisk person, der indg\u00e5r en juridisk transaktion til form\u00e5l, der overvejende ligger uden for deres handel, forretning eller erhverv. Iv\u00e6rks\u00e6ttere er fysiske eller juridiske personer eller partnerskaber, der, n\u00e5r de indg\u00e5r en juridisk transaktion, handler som led i ud\u00f8velsen af deres kommercielle eller selvst\u00e6ndige aktivitet.<\/span><\/p>\n<p><span style=\"font-weight: 400;\">(4) Individuelle kontraktlige aftaler g\u00e5r forud for disse generelle forretningsbetingelser. Afvigende vilk\u00e5r og betingelser fra kunden anerkendes kun, hvis s\u00e6lgeren udtrykkeligt har accepteret dem.<\/span><\/p>\n<h2><b>\u00a7 2 Indg\u00e5else af kontrakt<\/b><\/h2>\n<p><span style=\"font-weight: 400;\">(1) Medmindre andet er angivet p\u00e5 den respektive produktside, omfatter leveringsomr\u00e5det Den Europ\u00e6iske Union.<\/span><\/p>\n<p><span style=\"font-weight: 400;\">(2) Pr\u00e6sentationen af varerne p\u00e5 s\u00e6lgers hjemmeside udg\u00f8r et bindende tilbud. De bestilte varer kan afvige lidt fra de varer, der vises p\u00e5 internettet inden for rimelige gr\u00e6nser p\u00e5 grund af de tekniske pr\u00e6sentationsmuligheder, is\u00e6r kan der v\u00e6re farveafvigelser, for s\u00e5 vidt som dette er rimeligt.<\/span><\/p>\n<p><span style=\"font-weight: 400;\">(3) Ved at s\u00e6tte kryds i den bl\u00e5 boks \"<\/span><span style=\"font-weight: 400;\">Med din bestilling erkl\u00e6rer du, at du har l\u00e6st og forst\u00e5et vores tilbud<\/span><b>&#8221; <\/b><span style=\"font-weight: 400;\">og derefter <\/span><span style=\"font-weight: 400;\">Ved at klikke p\u00e5 knappen \"K\u00f8b nu\" eller blive omdirigeret til PayPal via knappen \"Betal med PayPal\" og gennemf\u00f8re betalingsprocessen der, afgiver kunden et bindende tilbud om at k\u00f8be varerne i indk\u00f8bskurven og accepterer gyldigheden af disse GTC.<\/span><\/p>\n<p><span style=\"font-weight: 400;\">(4) S\u00e6lgeren bekr\u00e6fter modtagelsen af ordren via e-mail (ordrebekr\u00e6ftelse). Denne ordrebekr\u00e6ftelse udg\u00f8r dog ikke en accept af tilbuddet. Kontrakten indg\u00e5s f\u00f8rst, n\u00e5r der sendes en ordrebekr\u00e6ftelse eller en forsendelsesbekr\u00e6ftelse.<\/span><\/p>\n<p><span style=\"font-weight: 400;\">(5) S\u00e6lgeren forbeholder sig ret til at acceptere eller afvise ordrer inden for fem arbejdsdage. Hvis ordren ikke accepteres, vil kunden blive informeret via e-mail.<\/span><\/p>\n<p><span style=\"font-weight: 400;\">(6) I tilf\u00e6lde af uforudsigelige leveringsproblemer eller manglende tilg\u00e6ngelighed af varerne, som s\u00e6lgeren ikke er ansvarlig for, kan b\u00e5de s\u00e6lgeren og kunden tr\u00e6kke sig ud af kontrakten. Kunden vil straks blive informeret, og foretagne betalinger vil blive refunderet uden forsinkelse.<\/span><\/p>\n<p><span style=\"font-weight: 400;\">(7) Hvis kunden bestiller varerne elektronisk, gemmes kontraktteksten af s\u00e6lgeren og sendes til kunden sammen med de juridisk gyldige GTC'er via e-mail efter kontraktens indg\u00e5else.<\/span><\/p>\n<h2><b>\u00a7 3 Kundekonto<\/b><\/h2>\n<p><span style=\"font-weight: 400;\">(1) K\u00f8b via vores hjemmeside er generelt kun muligt med registrering. Det kan dog v\u00e6re n\u00f8dvendigt at oprette en kundekonto for at f\u00e5 adgang til visse funktioner.<\/span><\/p>\n<p><span style=\"font-weight: 400;\">(2) Der er ingen ret til en kundekonto. Kun myndige fysiske personer, der bruger kontoen til private form\u00e5l, eller iv\u00e6rks\u00e6ttere og juridiske personer eller partnerskaber med retsevne, der handler under ud\u00f8velse af deres kommercielle eller uafh\u00e6ngige professionelle aktivitet ved indg\u00e5else af den juridiske transaktion, kan registrere sig. Adgangsdataene skal behandles fortroligt og m\u00e5 ikke videregives til tredjeparter.<\/span><\/p>\n<p><span style=\"font-weight: 400;\">(3) Flere registreringer er ikke tilladt. Kunder kan til enhver tid slette deres konto via kontoadministrationen.<\/span><\/p>\n<h2><b>\u00a7 4 Forbehold af ejendomsret<\/b><\/h2>\n<p><span style=\"font-weight: 400;\">(1) For forbrugere forbeholder s\u00e6lgeren sig ejendomsretten til varen, indtil k\u00f8bsprisen er betalt fuldt ud. For iv\u00e6rks\u00e6ttere g\u00e6lder dette, indtil alle krav, der opst\u00e5r i forbindelse med det aktuelle forretningsforhold, er afgjort.<\/span><\/p>\n<p><span style=\"font-weight: 400;\">(2) I tilf\u00e6lde af kundens misligholdelse af kontrakten, is\u00e6r i tilf\u00e6lde af betalingsforsinkelse, falske oplysninger fra kunden om hans kreditv\u00e6rdighed eller hvis der indgives en ans\u00f8gning om indledning af insolvensbehandling, er s\u00e6lgeren berettiget til - om n\u00f8dvendigt efter fasts\u00e6ttelse af en frist - at tr\u00e6de tilbage fra kontrakten og kr\u00e6ve varerne returneret, forudsat at kunden endnu ikke har betalt vederlaget eller ikke har betalt det fuldt ud.<\/span><\/p>\n<p><span style=\"font-weight: 400;\">(3) Iv\u00e6rks\u00e6tteren har tilladelse til at videres\u00e6lge varerne som led i den almindelige forretningsdrift. Han overdrager hermed til s\u00e6lgeren alle krav i st\u00f8rrelsesordenen af fakturabel\u00f8bet, som tilfalder ham mod en tredjepart som f\u00f8lge af videresalget. S\u00e6lgeren accepterer overdragelsen. Efter overdragelsen er iv\u00e6rks\u00e6tteren bemyndiget til at inddrive kravet. S\u00e6lgeren forbeholder sig ret til selv at inddrive kravet, s\u00e5 snart entrepren\u00f8ren ikke opfylder sine betalingsforpligtelser korrekt og er i betalingsmisligholdelse.<\/span><\/p>\n<p><span style=\"font-weight: 400;\">(4) S\u00e6lger forpligter sig til p\u00e5 kundens anmodning at frigive de sikkerhedsstillelser, som han har ret til, i det omfang sikkerhedsstillelsernes realisationsv\u00e6rdi overstiger det krav, der skal sikres, med mere end 10%. Valget af de sikkerheder, der skal frigives, p\u00e5hviler s\u00e6lgeren.<\/span><\/p>\n<h2><b>\u00a7 5 Priser og betalingsbetingelser<\/b><\/h2>\n<p><span style=\"font-weight: 400;\">(1) De angivne priser er bruttopriser, de er bindende og inkluderer lovpligtig moms og er eksklusive enhver <a href=\"https:\/\/antcube.shop\/en\/shipping-costs-delivery-restrictions\/\">Forsendelsesomkostninger<\/a> der p\u00e5l\u00f8ber, inklusive moms. Det bel\u00f8b, der vises p\u00e5 bestillingstidspunktet, er g\u00e6ldende. Prisen inklusive moms og forsendelsesomkostninger vises ogs\u00e5 i bestillingsformularen, f\u00f8r kunden afgiver sin bestilling. Forsendelsesomkostningerne kan ogs\u00e5 findes i vores <\/span><a href=\"https:\/\/antcube.shop\/en\/shipping-costs-delivery-restrictions\/\"><b>oversigt over forsendelsesomkostninger.<\/b><\/a><\/p>\n<p><span style=\"font-weight: 400;\">(2) Kunden forpligter sig til at betale den samlede pris inden for 14 dage efter modtagelse af ordrebekr\u00e6ftelsen via e-mail eller fakturaen. Efter udl\u00f8bet af denne periode er kunden i betalingsmisligholdelse. I misligholdelsesperioden skal forbrugeren betale renter p\u00e5 g\u00e6lden med et bel\u00f8b p\u00e5 5 procentpoint over basisrentesatsen. I l\u00f8bet af misligholdelsesperioden skal iv\u00e6rks\u00e6tteren betale renter p\u00e5 g\u00e6lden med en sats p\u00e5 9 procentpoint over basisrenten. I tilf\u00e6lde af misligholdelse af et betalingskrav skylder iv\u00e6rks\u00e6tteren ogs\u00e5 en engangsbetaling p\u00e5 40 euro inklusive moms. Dette g\u00e6lder ogs\u00e5, hvis iv\u00e6rks\u00e6tteren er i restance med en acontobetaling eller anden afdragsbetaling. S\u00e6lgeren forbeholder sig ret til at kr\u00e6ve h\u00f8jere erstatning for misligholdelse fra iv\u00e6rks\u00e6tteren. Engangsbel\u00f8bet i henhold til s\u00e6tning 5 skal modregnes i et krav om skyldig erstatning, for s\u00e5 vidt som skaden er baseret p\u00e5 omkostningerne ved retssager.<\/span><\/p>\n<p><span style=\"font-weight: 400;\">(3) Kunden har kun ret til modregning, hvis hans modkrav er retskraftigt fastsl\u00e5et, anerkendt eller ikke bestridt af s\u00e6lgeren. Kundens ret til at modregne med kontraktlige og andre krav, der opst\u00e5r i forbindelse med indledningen eller udf\u00f8relsen af dette kontraktforhold, forbliver up\u00e5virket af dette. Kunden kan kun ud\u00f8ve en tilbageholdelsesret, hvis hans modkrav er baseret p\u00e5 det samme kontraktforhold.<\/span><\/p>\n<p><span style=\"font-weight: 400;\">(4) \u00c6ndringer, udvidelser og begr\u00e6nsninger af ordren efter kontraktens indg\u00e5else tages s\u00e5 vidt muligt i betragtning af s\u00e6lgeren. S\u00e6lgeren opkr\u00e6ver et behandlingsgebyr p\u00e5 \u20ac 10,00 inkl. moms for disse, medmindre der er tale om annullering eller garantikrav. For ordrer, der skal behandles manuelt, og som ikke behandles via webshoppen, opkr\u00e6ver vi et behandlingsgebyr p\u00e5 20,00 \u20ac inkl. moms. Undtaget herfra er ordrer med varer, der ikke kan bestilles via webshoppen, f.eks. specialfremstillede produkter.<\/span><\/p>\n<p><span style=\"font-weight: 400;\">(5) Bestilte dyr, der skal afsendes p\u00e5 et senere tidspunkt end kontraktligt aftalt p\u00e5 kundens anmodning, vil blive opkr\u00e6vet \u20ac 2,00 inkl. moms pr. dag &amp; gyne (plejeindsats) fra bestillingsdagen til afsendelsesdagen. Maksimalt 30 dage er muligt.<\/span><\/p>\n<h2><b>\u00a7 6 <a href=\"https:\/\/antcube.shop\/en\/payment-methods-and-conditions\/\">Betalingsmetoder<\/a><\/b><\/h2>\n<p><span style=\"font-weight: 400;\">(1) K\u00f8bsprisen kan betales p\u00e5 forh\u00e5nd, via bankoverf\u00f8rsel, kreditkort eller PayPal. N\u00e5r du betaler med PayPal, g\u00e6lder deres vilk\u00e5r for brug. Yderligere oplysninger kan findes i vores <a href=\"https:\/\/antcube.shop\/en\/privacy-policy\/\">Privatlivspolitik<\/a>.<\/span><\/p>\n<h2><b>\u00a7 7 Forsendelses- og leveringsbetingelser<\/b><\/h2>\n<p><span style=\"font-weight: 400;\">(1) Vi sender kun til medlemslande i EU med undtagelse af europ\u00e6iske overs\u00f8iske territorier eller eksklaver og regioner med skattem\u00e6ssig autonomi (af EU kaldet \"regioner i den yderste periferi\"). Den ansl\u00e5ede leveringstid for Tyskland og andre lande er angivet i vores <\/span><a href=\"https:\/\/antcube.shop\/en\/shipping-costs-delivery-restrictions\/\"><b>oversigt over forsendelsesomkostninger.<\/b><\/a><\/p>\n<p><span style=\"font-weight: 400;\">(2) Ved forudbetaling\/bankoverf\u00f8rsel eller PayPal begynder leveringsfristen at l\u00f8be dagen efter, at betalingen er godkendt. Ved andre betalingsmetoder begynder perioden en dag efter, at ordren er afgivet.<\/span><\/p>\n<p><span style=\"font-weight: 400;\">(Stk. 3 Hvis fristens begyndelse eller udl\u00f8b falder p\u00e5 en l\u00f8rdag, s\u00f8ndag eller helligdag, udskydes fristens begyndelse eller udl\u00f8b til den f\u00f8lgende arbejdsdag.<\/span><\/p>\n<p><span style=\"font-weight: 400;\">(4) S\u00e6lgeren er berettiget til at foretage delleverancer, hvis dette er rimeligt for kunden. Dette m\u00e5 ikke medf\u00f8re yderligere omkostninger for kunden.<\/span><\/p>\n<p><span style=\"font-weight: 400;\">(5) Hvis kunden v\u00e6lger at afhente sin ordre i vores butik, f\u00e5r han\/hun besked via e-mail om, at ordren er klar til afhentning.<\/span><\/p>\n<h2><b>\u00a7 8 Overf\u00f8rsel af risiko<\/b><\/h2>\n<p><span style=\"font-weight: 400;\">(1) For forbrugere overg\u00e5r risikoen for varens h\u00e6ndelige undergang og forringelse til kunden ved overdragelsen.<\/span><\/p>\n<p><span style=\"font-weight: 400;\">(2) I tilf\u00e6lde af iv\u00e6rks\u00e6ttere overg\u00e5r risikoen til kunden ved overdragelse til transportvirksomheden.<\/span><\/p>\n<p><span style=\"font-weight: 400;\">(3) Hvis kunden misligholder sin accept, sidestilles dette med overdragelse.<\/span><\/p>\n<h2><b>\u00a7 9 Garanti<\/b><\/h2>\n<p><span style=\"font-weight: 400;\">(1) Garantien reguleres af de lovm\u00e6ssige bestemmelser. Garantiperioden for forbrugere er 2 \u00e5r fra levering af varerne. Afvigende fra dette er garantiperioden for iv\u00e6rks\u00e6ttere 1 \u00e5r fra levering. Garantiperioden for brugte varer er ogs\u00e5 1 \u00e5r fra varens levering. Den et\u00e5rige garantiperiode g\u00e6lder ikke, hvis s\u00e6lgeren kan beskyldes for grov uagtsomhed, og heller ikke i tilf\u00e6lde af fysisk skade og sundhedsskade, der kan tilskrives s\u00e6lgeren, og i tilf\u00e6lde af tab af kundens liv, i tilf\u00e6lde af en garanti og i tilf\u00e6lde af leveringsregres i henhold til \u00a7\u00a7 478, 479 BGB. S\u00e6lgers ansvar i henhold til produktansvarsloven forbliver up\u00e5virket af dette.<\/span><\/p>\n<p><span style=\"font-weight: 400;\">(2) Uanset stk. 1 g\u00e6lder den almindelige for\u00e6ldelsesfrist, hvis s\u00e6lgeren svigagtigt har skjult en mangel<\/span><\/p>\n<p><span style=\"font-weight: 400;\">(3) Bestilte varer kan afvige lidt fra de varer, der vises p\u00e5 internettet, inden for rimelige gr\u00e6nser. Der henvises til \u00a7 2, stk. 2 i disse generelle forretningsbetingelser.<\/span><\/p>\n<p><span style=\"font-weight: 400;\">(4) Forbrugeren kan v\u00e6lge mellem reparation eller ombytning. S\u00e6lgeren kan afvise den valgte form for efteropfyldelse, hvis det kun er muligt med uforholdsm\u00e6ssigt store omkostninger.<\/span><\/p>\n<p><span style=\"font-weight: 400;\">(5) \u00c5benlyse mangler skal rapporteres af iv\u00e6rks\u00e6ttere inden for to uger efter modtagelse af varerne. I modsat fald er det udelukket at g\u00f8re garantikravet g\u00e6ldende. Rettidig afsendelse eller meddelelse er tilstr\u00e6kkelig til at overholde fristen. For k\u00f8bm\u00e6nd g\u00e6lder \u00a7 377 HGB.<\/span><\/p>\n<p><span style=\"font-weight: 400;\">(6) Garantien d\u00e6kker ikke skader for\u00e5rsaget af forkert h\u00e5ndtering. Producentens garantier forbliver up\u00e5virkede.<\/span><\/p>\n<h2><b>\u00a7 10 Begr\u00e6nsning af ansvar<\/b><\/h2>\n<p><span style=\"font-weight: 400;\">(1) I tilf\u00e6lde af let uagtsomhed h\u00e6fter s\u00e6lger kun for forudsigelige, kontrakttypiske skader. Denne begr\u00e6nsning g\u00e6lder ogs\u00e5 for s\u00e6lgers medhj\u00e6lpere.<\/span><\/p>\n<p><span style=\"font-weight: 400;\">(2) Ansvarsbegr\u00e6nsningerne g\u00e6lder ikke i tilf\u00e6lde af svigagtig hensigt, misligholdelse af v\u00e6sentlige kontraktlige forpligtelser eller skader p\u00e5 liv, lemmer eller helbred.<\/span><\/p>\n<p><span style=\"font-weight: 400;\">(3) Kunden er forpligtet til at tr\u00e6ffe passende foranstaltninger for at forhindre og minimere skader.<\/span><\/p>\n<p><span style=\"font-weight: 400;\">(4) S\u00e6lgeren er kun ansvarlig for sit eget indhold p\u00e5 hjemmesiden for sin online shop. For s\u00e5 vidt som links giver adgang til andre hjemmesider, er s\u00e6lgeren ikke ansvarlig for tredjepartsindholdet deri. Han g\u00f8r sig ikke tredjepartsindholdet til sit eget. Hvis s\u00e6lgeren bliver opm\u00e6rksom p\u00e5 ulovligt indhold p\u00e5 eksterne hjemmesider, vil han straks blokere adgangen til disse sider.<\/span><\/p>\n<h2><b>\u00a7 11 Beskyttelse af personoplysninger<\/b><\/h2>\n<p><span style=\"font-weight: 400;\">De data, der indsamles under bestillingsprocessen, behandles for at opfylde kontrakten. Yderligere oplysninger, is\u00e6r om overf\u00f8rsel af data til tredjeparter, kan findes i <a href=\"https:\/\/antcube.shop\/en\/privacy-policy\/\">Privatlivspolitik<\/a> p\u00e5 vores websted.<\/span><\/p>\n<h2><b>\u00a7 12 Afsluttende bestemmelser og tvistbil\u00e6ggelse<\/b><\/h2>\n<p><span style=\"font-weight: 400;\">(1) Forbundsrepublikken Tysklands lovgivning finder anvendelse. For forbrugere g\u00e6lder dette kun i det omfang, den ydede beskyttelse ikke er begr\u00e6nset af ufravigelige bestemmelser i det land, hvor forbrugeren har sit s\u00e6dvanlige opholdssted. Bestemmelserne i FN's konvention om aftaler om internationalt salg af varer finder ikke anvendelse. \u00a7 16 stk. 14 s\u00e6tning 2 nr. 6 TDSG forbliver up\u00e5virket.<\/span><\/p>\n<p><span style=\"font-weight: 400;\">(2) Europa-Kommissionen stiller en platform til r\u00e5dighed for onlinetvistbil\u00e6ggelse (OS), som kan tilg\u00e5s p\u00e5 https:\/\/ec.europa.eu\/consumers\/odr. Vores e-mailadresse er: law@ants.de\u00a0<\/span><\/p>\n<p><a href=\"https:\/\/antcube.shop\/en\/shipping-costs-delivery-restrictions\/\"><b>Forsendelsesomkostninger\/forsendelsesbetingelser<\/b><\/a><\/p>\n<p><a href=\"https:\/\/antcube.shop\/en\/privacy-policy\/\"><b>Politik om beskyttelse af personlige oplysninger<\/b><\/a><\/p>\n<p><a href=\"https:\/\/antcube.shop\/en\/payment-methods-and-conditions\/\"><b>Betalingsmuligheder<\/b><\/a><\/p>\n<p><a href=\"https:\/\/antcube.shop\/en\/refund-policy\/\"><b>Ret til annullering<\/b><\/a><\/p>\n\n\t\t<\/div>\n\t\t\t\t\t<\/div>\n\n\t\n\n<\/div>","protected":false},"excerpt":{"rendered":"","protected":false},"author":1,"featured_media":0,"parent":0,"menu_order":0,"comment_status":"closed","ping_status":"closed","template":"","meta":{"_acf_changed":false,"content-type":"","_monsterinsights_skip_tracking":false,"_monsterinsights_sitenote_active":false,"_monsterinsights_sitenote_note":"","_monsterinsights_sitenote_category":0,"footnotes":""},"class_list":["post-500","page","type-page","status-publish","hentry"],"acf":[],"aioseo_notices":[],"jetpack_sharing_enabled":true,"_links":{"self":[{"href":"https:\/\/antcube.shop\/da\/wp-json\/wp\/v2\/pages\/500","targetHints":{"allow":["GET"]}}],"collection":[{"href":"https:\/\/antcube.shop\/da\/wp-json\/wp\/v2\/pages"}],"about":[{"href":"https:\/\/antcube.shop\/da\/wp-json\/wp\/v2\/types\/page"}],"author":[{"embeddable":true,"href":"https:\/\/antcube.shop\/da\/wp-json\/wp\/v2\/users\/1"}],"replies":[{"embeddable":true,"href":"https:\/\/antcube.shop\/da\/wp-json\/wp\/v2\/comments?post=500"}],"version-history":[{"count":10,"href":"https:\/\/antcube.shop\/da\/wp-json\/wp\/v2\/pages\/500\/revisions"}],"predecessor-version":[{"id":10710,"href":"https:\/\/antcube.shop\/da\/wp-json\/wp\/v2\/pages\/500\/revisions\/10710"}],"wp:attachment":[{"href":"https:\/\/antcube.shop\/da\/wp-json\/wp\/v2\/media?parent=500"}],"curies":[{"name":"wp","href":"https:\/\/api.w.org\/{rel}","templated":true}]}}