{"id":3,"date":"2021-05-04T19:05:12","date_gmt":"2021-05-04T17:05:12","guid":{"rendered":"http:\/\/antcube.shop\/?page_id=3"},"modified":"2024-12-03T15:47:21","modified_gmt":"2024-12-03T14:47:21","slug":"politik-for-beskyttelse-af-personlige-oplysninger","status":"publish","type":"page","link":"https:\/\/antcube.shop\/da\/politik-for-beskyttelse-af-personlige-oplysninger\/","title":{"rendered":"Politik om beskyttelse af personlige oplysninger"},"content":{"rendered":"<div id=\"gap-1597358088\" class=\"gap-element clearfix\" style=\"display:block; height:auto;\">\n\t\t\n<style>\n#gap-1597358088 {\n  padding-top: 199px;\n}\n@media (min-width:850px) {\n  #gap-1597358088 {\n    padding-top: 190px;\n  }\n}\n<\/style>\n\t<\/div>\n\t\n\n<div class=\"row\"  id=\"row-458522308\">\n\n\n\t<div id=\"col-1736534733\" class=\"col small-12 large-12\"  >\n\t\t\t\t<div class=\"col-inner\"  >\n\t\t\t\n\t\t\t\n\n<h1><b>Politik om beskyttelse af personlige oplysninger<\/b><\/h1>\n<p><span style=\"font-weight: 400;\">Vi tager sp\u00f8rgsm\u00e5l om databeskyttelse meget alvorligt og \u00f8nsker at sikre, at dit privatliv til enhver tid er beskyttet, n\u00e5r du bruger vores tjenester. I den f\u00f8lgende privatlivspolitik vil vi derfor gerne forklare, hvordan dine data h\u00e5ndteres.<\/span><\/p>\n<p><b>Fortrolighedspolitik for www.antcube.shop<\/b><\/p>\n<h2><b style=\"color: #333333;\">1. Person med ansvar for databehandling<\/b><\/h2>\n<p><span style=\"font-weight: 400;\">ANTSTORE<\/span><\/p>\n<p><span style=\"font-weight: 400;\">Martin Sebesta<\/span><\/p>\n<p><span style=\"font-weight: 400;\">Selerweg 41, 12169 Berlin<\/span><\/p>\n<p><span style=\"font-weight: 400;\">E-mail: law@ants.de\u00a0<\/span><\/p>\n<p><span style=\"font-weight: 400;\"><br \/><\/span><span style=\"font-weight: 400;\"> Yderligere kontaktoplysninger kan findes i <a href=\"https:\/\/antcube.shop\/en\/legal-notice\/\">aftryk.<\/a><\/span><\/p>\n<h2><b>2. indsamling og opbevaring af ikke-personlige data og arten af og form\u00e5let med deres brug<\/b><\/h2>\n<h3><b>a) N\u00e5r du bes\u00f8ger hjemmesiden<\/b><\/h3>\n<p><span style=\"font-weight: 400;\">N\u00e5r du bes\u00f8ger vores hjemmeside, sendes der automatisk oplysninger til vores hjemmesideserver. Disse oplysninger gemmes i midlertidige logfiler og omfatter<\/span><\/p>\n<ul>\n<li style=\"font-weight: 400;\" aria-level=\"1\"><span style=\"font-weight: 400;\">IP-adresse,<\/span><\/li>\n<li style=\"font-weight: 400;\" aria-level=\"1\"><span style=\"font-weight: 400;\">Dato og tidspunkt for adgang,<\/span><\/li>\n<li style=\"font-weight: 400;\" aria-level=\"1\"><span style=\"font-weight: 400;\">Referrer URL,<\/span><\/li>\n<li style=\"font-weight: 400;\" aria-level=\"1\"><span style=\"font-weight: 400;\">Opholdstid<\/span><\/li>\n<li style=\"font-weight: 400;\" aria-level=\"1\"><span style=\"font-weight: 400;\">Anvendt browser og operativsystem.<\/span><\/li>\n<li style=\"font-weight: 400;\" aria-level=\"1\"><span style=\"font-weight: 400;\">Enhedstype<\/span><\/li>\n<li style=\"font-weight: 400;\" aria-level=\"1\"><span style=\"font-weight: 400;\">bes\u00f8gte undersider<\/span><\/li>\n<\/ul>\n<p><span style=\"font-weight: 400;\">Disse data behandles for at sikre hjemmesidens systemsikkerhed, stabilitet og funktionalitet (art. 6, stk. 1, litra f i GDPR). Disse anonyme data opbevares adskilt fra de personlige data og forbindes aldrig af os med dine personlige data, s\u00e5 der ikke kan drages konklusioner om en bestemt person.<\/span><\/p>\n<h2><b>3. Indsamling og opbevaring af persondata<\/b><\/h2>\n<p><span style=\"font-weight: 400;\">Vi behandler bl.a. dine personoplysninger til f\u00f8lgende form\u00e5l (med undtagelse af \"logfiler, cookies, webanalysetjenester, identifikatorer og retargeting\", se separat afsnit):<\/span><\/p>\n<ul>\n<li style=\"font-weight: 400;\" aria-level=\"1\"><span style=\"font-weight: 400;\">Kontakt og kundeservice<\/span><\/li>\n<li style=\"font-weight: 400;\" aria-level=\"1\"><span style=\"font-weight: 400;\">K\u00f8b i onlinebutikken<\/span><\/li>\n<li style=\"font-weight: 400;\" aria-level=\"1\"><span style=\"font-weight: 400;\">Registrering (online-konto)<\/span><\/li>\n<li style=\"font-weight: 400;\" aria-level=\"1\"><span style=\"font-weight: 400;\">Udsendelse af unders\u00f8gelser og personlig information (nyhedsbrev)<\/span><\/li>\n<li style=\"font-weight: 400;\" aria-level=\"1\"><span style=\"font-weight: 400;\">Afsendelse af e-mails p\u00e5 grund af salg af varer og tjenester<\/span><\/li>\n<li style=\"font-weight: 400;\" aria-level=\"1\"><span style=\"font-weight: 400;\">Statistiske analyser, forebyggelse af misbrug og h\u00e5ndh\u00e6velse af juridiske krav<\/span><\/li>\n<li style=\"font-weight: 400;\" aria-level=\"1\"><span style=\"font-weight: 400;\">Produktanmeldelser<\/span><\/li>\n<\/ul>\n<h3><b>a) Ordrer og kundekonti<\/b><\/h3>\n<p><span style=\"font-weight: 400;\">Som en del af ordrebehandlingen indsamler vi personoplysninger s\u00e5som<\/span><\/p>\n<ul>\n<li style=\"font-weight: 400;\" aria-level=\"1\"><span style=\"font-weight: 400;\">Navn, adresse, telefonnummer, e-mailadresse,<\/span><\/li>\n<li style=\"font-weight: 400;\" aria-level=\"1\"><span style=\"font-weight: 400;\">Betalingsoplysninger (PayPal, kreditkortoplysninger),<\/span><\/li>\n<li style=\"font-weight: 400;\" aria-level=\"1\"><span style=\"font-weight: 400;\">Tekniske data ved samtykke til cookies.<\/span><\/li>\n<\/ul>\n<p><span style=\"font-weight: 400;\">Disse data bruges til at behandle ordrer og opfylde kontrakten (art. 6, stk. 1, litra b, i GDPR).<\/span><\/p>\n<h3><b>b) Kontakt<\/b><\/h3>\n<p><span style=\"font-weight: 400;\">os Hvis du kommunikerer med os via e-mail, via kontaktformularer, via live chat (tilg\u00e6ngelig p\u00e5 vores hjemmeside) eller via telefon, bruger vi de overf\u00f8rte data til at behandle din foresp\u00f8rgsel (art. 6, stk. 1, lit. b GDPR).<\/span><\/p>\n<p><span style=\"font-weight: 400;\">Til telefoniske foresp\u00f8rgsler bruger vi <\/span><b>Placetel<\/b><span style=\"font-weight: 400;\"> service, som underst\u00f8tter vores telefonkommunikation og kundesupporttjenester. Placetel behandler data i overensstemmelse med de g\u00e6ldende databeskyttelsesstandarder.<\/span><\/p>\n<p><b>Fortrolighedspolitik for udbyderen Placetel:<\/b><\/p>\n<p><a href=\"https:\/\/www.placetel.de\/rechtliches\/datenschutzerklaerung?_gl=1*ofgwl4*_up*MQ..*_gs*MQ..&amp;gclid=Cj0KCQiAi_G5BhDXARIsAN5SX7q13eqwFL25sH90HzC94f33Q_CNO8KUP-CcNdbiRfpn70ihAvyTJe8aArjlEALw_wcB\"><span style=\"font-weight: 400;\">Placetels privatlivspolitik<\/span><\/a><\/p>\n<h3><b>c) Marketing og CRM<\/b><\/h3>\n<p><span style=\"font-weight: 400;\">For at forbedre vores kundekommunikation og sende nyhedsbreve bruger vi <\/span><b>HubSpot<\/b><span style=\"font-weight: 400;\">HubSpot er et CRM- og marketingv\u00e6rkt\u00f8j, der hj\u00e6lper os med at h\u00e5ndtere kundeforesp\u00f8rgsler og marketingaktiviteter. HubSpot kan gemme og behandle personoplysninger som f.eks. e-mailadresser og interaktioner. HubSpot bruges kun med dit samtykke (art. 6, stk. 1, litra a i GDPR). HubSpot behandler data i overensstemmelse med EU-US Data Privacy Framework.<\/span><\/p>\n<p><b>Fortrolighedspolitik for udbyderen HubSpot:<\/b><\/p>\n<p><a href=\"https:\/\/legal.hubspot.com\/de\/privacy-policy?hubs_content=www.hubspot.de%2Fproducts%2Fget-started-f049&amp;hubs_content-cta=Datenschutzbestimmungen&amp;utm_id=618856810276&amp;utm_medium=paid&amp;utm_source=google&amp;utm_term=marketing_hubspot_DE&amp;utm_campaign=Marketing_MQLs_DE_EMEA_DACH_Brand-HubSpot_e_c_campaignid1054895011_agid50609731126_google&amp;utm_content=&amp;hsa_ver=3&amp;hsa_net=adwords&amp;hsa_acc=2734776884&amp;hsa_kw=hubspot&amp;hsa_grp=50609731126&amp;hsa_mt=e&amp;hsa_cam=1054895011&amp;hsa_ad=618856810276&amp;hsa_tgt=kwd-6356688152&amp;hsa_src=g&amp;gad_source=1&amp;gclid=Cj0KCQiAi_G5BhDXARIsAN5SX7o-8FQZ7IQVo-2pkS8DCVx4FbfoNL5EeWG5E62EMc8bzCDYWuvu1I4aAofuEALw_wcB&amp;__hstc=185665590.ea8cf4edaaea9cae88993d17ca8ed47e.1730456388861.1730456388861.1732028889220.2&amp;__hssc=185665590.1.1732028889220&amp;__hsfp=1035247308&amp;_gl=1*109qd7l*_gcl_aw*R0NMLjE3MzIwMjg4OTAuQ2owS0NRaUFpX0c1QmhEWEFSSXNBTjVTWDdvLThGUVo3SVFWby0ycGtTOERDVng0RmJmb05MNUVlV0c1RTYyRU1jOGJ6Q0RZV3V2dTFJNGFBb2Z1RUFMd193Y0I.*_gcl_au*MTg1MDgzMTM2LjE3MzA0NTYzOTE.*_ga*MTAyMDAzMTE2OS4xNzMwNDU2Mzkx*_ga_R6S77M9XRC*MTczMjAyODg4OS4yLjAuMTczMjAyODg5MC41OS4wLjA.&amp;_ga=2.29922235.587863659.1732028890-1020031169.1730456391&amp;_gac=1.90725736.1732028890.Cj0KCQiAi_G5BhDXARIsAN5SX7o-8FQZ7IQVo-2pkS8DCVx4FbfoNL5EeWG5E62EMc8bzCDYWuvu1I4aAofuEALw_wcB\"><span style=\"font-weight: 400;\">HubSpots privatlivspolitik<\/span><\/a><\/p>\n<h3><b>d) Nyhedsbrev<\/b><\/h3>\n<p><span style=\"font-weight: 400;\">Ved at tilmelde dig vores nyhedsbrev accepterer du, at vi m\u00e5 bruge din e-mailadresse til vores egne reklameform\u00e5l. Du kan til enhver tid tilbagekalde dit samtykke til opbevaring og brug af din e-mailadresse til udsendelse af nyhedsbrevet med virkning for fremtiden, f.eks. ved at sende en e-mail til: <\/span><a href=\"mailto:verkauf@antstore.de\"><span style=\"font-weight: 400;\">verkauf@antstore.de<\/span><\/a><span style=\"font-weight: 400;\"> eller ved at afmelde nyhedsbrevet via linket i bunden af nyhedsbrevet.<\/span><\/p>\n<p><span style=\"font-weight: 400;\">De personlige data, du giver, vil blive opbevaret lovligt og i overensstemmelse med bestemmelserne i GDPR og TDDDG. Dine data vil naturligvis blive behandlet fortroligt.<\/span><\/p>\n<p><span style=\"font-weight: 400;\">Der sker ingen yderligere videregivelse af personlige kundedata til tredjeparter. Vi er dog bemyndiget til at give de kompetente myndigheder oplysninger om dine data i individuelle tilf\u00e6lde, hvis de anmoder om dine data med henblik p\u00e5 at opfylde deres juridiske bef\u00f8jelser (f.eks. strafferetlig forf\u00f8lgelse).<\/span><\/p>\n<p><span style=\"font-weight: 400;\">De data, du giver os, vil kun blive opbevaret af os, s\u00e5 l\u00e6nge det er n\u00f8dvendigt for at opfylde det form\u00e5l, som du har givet os dine data til, eller for at overholde lovkrav.<\/span><\/p>\n<h2><b>4. videregivelse af data til tredjeparter<\/b><\/h2>\n<h4><b>a) Til ordrebehandling og afsendelse<\/b><\/h4>\n<p><span style=\"font-weight: 400;\">Vi videregiver dine data for at behandle dine ordrer:<\/span><\/p>\n<ul>\n<li style=\"font-weight: 400;\" aria-level=\"1\"><b>Xentral <\/b><span style=\"font-weight: 400;\">ERP Software GmbH (ERP-system, hostet af AWS i EU)<\/span>\n<ul>\n<li style=\"font-weight: 400;\" aria-level=\"2\"><a href=\"https:\/\/xentral.com\/de\/legal\/datenschutz\"><span style=\"font-weight: 400;\">Fortrolighedspolitik Xentral<\/span><\/a><\/li>\n<\/ul>\n<\/li>\n<li style=\"font-weight: 400;\" aria-level=\"1\"><span style=\"font-weight: 400;\">Udbydere af forsendelsestjenester som f.eks. <\/span><b>DHL<\/b><span style=\"font-weight: 400;\">, <\/span><b>GLS<\/b><span style=\"font-weight: 400;\">, <\/span><b>Go Logistik <\/b><span style=\"font-weight: 400;\">og <\/span><b>Dachser <\/b><span style=\"font-weight: 400;\">(adresse<\/span><b>, <\/b><span style=\"font-weight: 400;\">navn, telefonnummer, e-mailadresse)<\/span><\/li>\n<\/ul>\n<h4><b>b) Behandling af betalinger<\/b><\/h4>\n<p><span style=\"font-weight: 400;\">Vi samarbejder med f\u00f8lgende tjenesteudbydere om betalingsbehandling:<\/span><\/p>\n<ul>\n<li style=\"font-weight: 400;\" aria-level=\"1\"><b>PayPal <\/b><span style=\"font-weight: 400;\">(inklusive betaling med kreditkort via Visa\/Mastercard)<\/span>\n<ul>\n<li style=\"font-weight: 400;\" aria-level=\"2\"><a href=\"https:\/\/www.paypal.com\/myaccount\/privacy\/privacyhub\"><span style=\"font-weight: 400;\">Fortrolighedspolitik PayPal<\/span><\/a><b><\/b><\/li>\n<\/ul>\n<\/li>\n<\/ul>\n<h4><b>c) Analyse- og markedsf\u00f8ringsv\u00e6rkt\u00f8jer<\/b><\/h4>\n<p><span style=\"font-weight: 400;\">Vi bruger f\u00f8lgende analyse- og marketingv\u00e6rkt\u00f8jer til at optimere vores hjemmeside og til m\u00e5lrettet annoncering:<\/span><\/p>\n<ul>\n<li style=\"font-weight: 400;\" aria-level=\"1\"><b>Google Analytics <\/b><span style=\"font-weight: 400;\">til at analysere brugeradf\u00e6rd,<\/span><\/li>\n<li style=\"font-weight: 400;\" aria-level=\"1\"><b>Bing Ads\/Microsoft Advertising<\/b><span style=\"font-weight: 400;\">,<\/span><\/li>\n<li style=\"font-weight: 400;\" aria-level=\"1\"><b>Google Ads, Google Shopping og Google Tag Manager<\/b><span style=\"font-weight: 400;\">,<\/span><\/li>\n<li style=\"font-weight: 400;\" aria-level=\"1\"><b>Google Search Console <\/b><span style=\"font-weight: 400;\">til optimering af synligheden i s\u00f8gemaskinerne.<\/span><\/li>\n<\/ul>\n<p><span style=\"font-weight: 400;\">Nogle af disse v\u00e6rkt\u00f8jer bruger cookies eller lignende teknologier til at analysere webstedsbes\u00f8gendes adf\u00e6rd og vise m\u00e5lrettet reklame. De bruges kun med dit samtykke (art. 6, stk. 1, litra a i GDPR).<\/span><\/p>\n<h4><b>d) Links til sociale medier og integrationer<\/b><\/h4>\n<p><span style=\"font-weight: 400;\">Vores hjemmeside indeholder links til vores profiler p\u00e5 forskellige sociale medieplatforme, herunder:<\/span><\/p>\n<ul>\n<li style=\"font-weight: 400;\" aria-level=\"1\"><b>Instagram<\/b><span style=\"font-weight: 400;\">, <\/span><b>TikTok<\/b><span style=\"font-weight: 400;\">, <\/span><b>YouTube<\/b><span style=\"font-weight: 400;\">, <\/span><b>Facebook<\/b><span style=\"font-weight: 400;\">, <\/span><b>Twitter\/X <\/b><span style=\"font-weight: 400;\">og <\/span><b>Yelp<\/b><span style=\"font-weight: 400;\">,<\/span><\/li>\n<li style=\"font-weight: 400;\" aria-level=\"1\"><span style=\"font-weight: 400;\">Links til <\/span><b>Tripadvisor <\/b><span style=\"font-weight: 400;\">og <\/span><b>Golocal<\/b><span style=\"font-weight: 400;\">.<\/span><\/li>\n<\/ul>\n<p><span style=\"font-weight: 400;\">Hvis du klikker p\u00e5 et s\u00e5dant link, vil du blive omdirigeret til den tilsvarende platform. Platformsoperat\u00f8rerne behandler dine data i overensstemmelse med deres respektive retningslinjer for databeskyttelse.<\/span><\/p>\n<h4><b>e) Webhosting og indholdsstyring<\/b><\/h4>\n<p><span style=\"font-weight: 400;\">Vores hjemmeside drives med <\/span><b>WordPress <\/b><span style=\"font-weight: 400;\">og <\/span><b>WooCommerce<\/b><span style=\"font-weight: 400;\">ved hj\u00e6lp af <\/span><b>Flatsome <\/b><span style=\"font-weight: 400;\">tema og forskellige plugins (se nedenfor). Data behandles i overensstemmelse med de g\u00e6ldende databeskyttelsesstandarder.<\/span><\/p>\n<h4><b>f) Yderligere plugins og add-ons<\/b><\/h4>\n<p><span style=\"font-weight: 400;\">Vi bruger plugins som f.eks. <\/span><b>Wordfence <\/b><span style=\"font-weight: 400;\">(sikkerhedsplugin), <\/span><b>Google reCAPTCHA <\/b><span style=\"font-weight: 400;\">(beskyttelse mod spam), <\/span><b>TranslatePress <\/b><span style=\"font-weight: 400;\">(til flersproget indhold) og <\/span><b>Jetpack <\/b><span style=\"font-weight: 400;\">(til optimering af hjemmesiden).<\/span><\/p>\n<h3><b>4.1 WordPress\/WooCommerce<\/b><\/h3>\n<p><span style=\"font-weight: 400;\">Vi bruger WordPress til at vedligeholde en onlinebutik sammen med <\/span><b>WooCommerce <\/b><span style=\"font-weight: 400;\">og <\/span><b>Jetpack <\/b><span style=\"font-weight: 400;\">plugins Udbyderen af disse tjenester er Automattic Inc, 60 29th Street #343, San Francisco, CA 94110, USA.<\/span><span style=\"font-weight: 400;\"><br \/><\/span><span style=\"font-weight: 400;\"> Udbyderen behandler meta-\/kommunikationsdata (f.eks. enhedsoplysninger, IP-adresser) i USA.<\/span><\/p>\n<ul>\n<li style=\"font-weight: 400;\" aria-level=\"1\"><b>Juridisk grundlag<\/b><span style=\"font-weight: 400;\">: Art. 6 para. 1 s\u00e6tning 1 lit. a GDPR og EU-U.S. Data Privacy Framework.<\/span><\/li>\n<li style=\"font-weight: 400;\" aria-level=\"1\"><b>Tilbagekaldelse af samtykke<\/b><span style=\"font-weight: 400;\">: Du kan til enhver tid tr\u00e6kke dit samtykke tilbage, f.eks. ved at kontakte os ved hj\u00e6lp af kontaktoplysningerne i denne privatlivspolitik.<\/span><\/li>\n<li style=\"font-weight: 400;\" aria-level=\"1\"><b>Opbevaringsperiode<\/b><span style=\"font-weight: 400;\">: Oplysningerne slettes, s\u00e5 snart det form\u00e5l, de blev indsamlet til, ikke l\u00e6ngere er g\u00e6ldende, medmindre lovbestemte opbevaringsforpligtelser forhindrer dette.<\/span><\/li>\n<li style=\"font-weight: 400;\" aria-level=\"1\"><b>Yderligere information<\/b><span style=\"font-weight: 400;\">: Udbyderens privatlivspolitik p\u00e5 <a href=\"https:\/\/automattic.com\/de\/privacy\/\">https:\/\/automattic.com\/de\/privacy\/<\/a><\/span><\/li>\n<\/ul>\n<h3><b>4.2 Flatsome-tema<\/b><\/h3>\n<p><span style=\"font-weight: 400;\">Vi bruger <\/span><b>Flatsome tema<\/b><span style=\"font-weight: 400;\">et produkt af UX Themes. Der er ingen uafh\u00e6ngig databehandling af temaet. Behandlingen sker udelukkende via WordPress-platformen og de anvendte plugins.<\/span><\/p>\n<h3><b>4.3 Wordfence<\/b><\/h3>\n<p><span style=\"font-weight: 400;\">Vi bruger <\/span><b>Wordfence <\/b><span style=\"font-weight: 400;\">for sikkerheden p\u00e5 vores hjemmeside. Udbyderen er Defiant Inc, 800 5th Ave Ste 4100, Seattle, WA 98104, USA.<\/span><span style=\"font-weight: 400;\"><br \/><\/span><span style=\"font-weight: 400;\"> Udbyderen behandler meta-\/kommunikationsdata (f.eks. enhedsoplysninger, IP-adresser) i USA.<\/span><\/p>\n<ul>\n<li style=\"font-weight: 400;\" aria-level=\"1\"><b>Juridisk grundlag<\/b><span style=\"font-weight: 400;\">: Art. 6 stk. 1 s\u00e6tning 1 lit. f GDPR (legitim interesse i at sikre hjemmesiden).<\/span><\/li>\n<li style=\"font-weight: 400;\" aria-level=\"1\"><b>Yderligere information<\/b><span style=\"font-weight: 400;\">: Udbyderens privatlivspolitik p\u00e5 <a href=\"https:\/\/www.wordfence.com\/privacy-policy\/\">https:\/\/www.wordfence.com\/privacy-policy\/<\/a><\/span><\/li>\n<\/ul>\n<h3><b>4.4 Google reCAPTCHA<\/b><\/h3>\n<p><span style=\"font-weight: 400;\">Vi bruger <\/span><b>Google reCAPTCHA <\/b><span style=\"font-weight: 400;\">for at beskytte mod spam og bots. Udbyderen er Google Ireland Limited, Gordon House, Barrow Street, Dublin 4, Irland.<\/span><\/p>\n<ul>\n<li style=\"font-weight: 400;\" aria-level=\"1\"><b>Juridisk grundlag<\/b><span style=\"font-weight: 400;\">: Art. 6 stk. 1 s\u00e6tning 1 lit. a GDPR.<\/span><\/li>\n<li style=\"font-weight: 400;\" aria-level=\"1\"><b>Yderligere information<\/b><span style=\"font-weight: 400;\">: Udbyderens privatlivspolitik p\u00e5 <a href=\"https:\/\/policies.google.com\/privacy?hl=de\">https:\/\/policies.google.com\/privacy?hl=de<\/a>.<\/span><\/li>\n<\/ul>\n<h3><b>4.5 Bing-annoncer\/Microsoft-annoncer<\/b><\/h3>\n<p><span style=\"font-weight: 400;\">Vi bruger <\/span><b>Bing-annoncer<\/b><span style=\"font-weight: 400;\">, en tjeneste leveret af Microsoft Corporation, One Microsoft Way, Redmond, WA 98052-6399, USA, til at vise reklamer.<\/span><\/p>\n<ul>\n<li style=\"font-weight: 400;\" aria-level=\"1\"><b>Juridisk grundlag<\/b><span style=\"font-weight: 400;\">: Art. 6 stk. 1 s\u00e6tning 1 lit. a GDPR.<\/span><\/li>\n<li style=\"font-weight: 400;\" aria-level=\"1\"><b>Yderligere information<\/b><span style=\"font-weight: 400;\">: Udbyderens privatlivspolitik p\u00e5 <a href=\"https:\/\/privacy.microsoft.com\/de-de\/privacystatement\">https:\/\/privacy.microsoft.com\/de-de\/privacystatement<\/a>.<\/span><\/li>\n<\/ul>\n<h3><b>4.6 TranslatePress<\/b><\/h3>\n<p><span style=\"font-weight: 400;\">Vi bruger <\/span><b>TranslatePress <\/b><span style=\"font-weight: 400;\">til den flersprogede pr\u00e6sentation af vores hjemmeside. Udbyderen er Cozmos Labs SRL, Cluj-Napoca, Rum\u00e6nien.<\/span><\/p>\n<ul>\n<li style=\"font-weight: 400;\" aria-level=\"1\"><b>Juridisk grundlag<\/b><span style=\"font-weight: 400;\">: Art. 6 stk. 1 s\u00e6tning 1 lit. f GDPR (legitim interesse).<\/span><\/li>\n<li style=\"font-weight: 400;\" aria-level=\"1\"><b>Yderligere information<\/b><span style=\"font-weight: 400;\">: Udbyderens privatlivspolitik p\u00e5 <a href=\"https:\/\/translatepress.com\/privacy-policy\/\">https:\/\/translatepress.com\/privacy-policy\/<\/a>\u00a0<\/span><\/li>\n<\/ul>\n<h3><b>4.7 Google Marketing Platform, Maps, Tag Manager, Web Fonts, Conversion Tag, Analytics<\/b><\/h3>\n<p><span style=\"font-weight: 400;\">Vi bruger forskellige produkter fra <\/span><b>Google Irland Limited <\/b><span style=\"font-weight: 400;\">til tjenester som reklame, hjemmesideoptimering, sporing, kortintegration og skrifttyper.<\/span><\/p>\n<ul>\n<li style=\"font-weight: 400;\" aria-level=\"1\"><b>Yderligere information og <\/b><span style=\"font-weight: 400;\">Politik for beskyttelse af personlige oplysninger: <a href=\"https:\/\/policies.google.com\/privacy?hl=de\">https:\/\/policies.google.com\/privacy?hl=de<\/a>.<\/span><\/li>\n<\/ul>\n<h2><b>5. Cookies og sporingsteknologier<\/b><\/h2>\n<p><span style=\"font-weight: 400;\">Vi bruger cookies og lignende teknologier p\u00e5 vores hjemmeside for at forbedre din brugeroplevelse og levere visse funktioner. Cookies, der er teknisk n\u00f8dvendige for driften af hjemmesiden, indstilles automatisk. Andre cookies, som bruges til analyse- eller markedsf\u00f8ringsform\u00e5l, s\u00e6ttes kun med dit samtykke (art. 6, stk. 1, litra a i GDPR). For detaljerede oplysninger om opbevaringsperioden og funktionen af individuelle cookies henvises til f\u00f8lgende link: <b><a href=\"javascript:void(0)\" class=\"wt-cli-manage-consent-link\">Administrer samtykke til cookies<\/a><\/b><\/span><\/p>\n<p><span style=\"font-weight: 400;\">Du kan \u00e6ndre dine cookie-pr\u00e6ferencer <\/span><span style=\"font-weight: 400;\">og <b><a href=\"javascript:void(0)\" class=\"wt-cli-manage-consent-link\">Administrer samtykke til cookies<\/a> <\/b><\/span><span style=\"font-weight: 400;\">n\u00e5r som helst.<\/span><\/p>\n<h2><b>6. dataoverf\u00f8rsel til tredjelande<\/b><\/h2>\n<p><span style=\"font-weight: 400;\">N\u00e5r du bruger nogle analyse- og markedsf\u00f8ringsv\u00e6rkt\u00f8jer, kan dine data blive overf\u00f8rt til tredjelande, is\u00e6r til USA. Overf\u00f8rslen finder sted p\u00e5 grundlag af <\/span><b>EU-US Data Privacy Framework <\/b><span style=\"font-weight: 400;\">og passende beskyttelsesforanstaltninger i overensstemmelse med art. 46 GDPR for at sikre beskyttelsen af dine data. Vi kontrollerer regelm\u00e6ssigt certificeringen af de udbydere, der er forbundet med vores websted.<\/span><\/p>\n<h2><b>7. Den registreredes rettigheder<\/b><\/h2>\n<p><span style=\"font-weight: 400;\">Det har du ret til:<\/span><\/p>\n<ul>\n<li style=\"font-weight: 400;\" aria-level=\"1\"><b>Oplysninger <\/b><span style=\"font-weight: 400;\">om dine data, der behandles af os (art. 15 GDPR),<\/span><\/li>\n<li style=\"font-weight: 400;\" aria-level=\"1\"><b>Rettelse af <\/b><span style=\"font-weight: 400;\">ukorrekte data (art. 16 GDPR),<\/span><\/li>\n<li style=\"font-weight: 400;\" aria-level=\"1\"><b>Sletning af <\/b><span style=\"font-weight: 400;\">dine data (art. 17 GDPR),<\/span><\/li>\n<li style=\"font-weight: 400;\" aria-level=\"1\"><b>Begr\u00e6nsning af behandling <\/b><span style=\"font-weight: 400;\">(artikel 18 i GDPR),<\/span><\/li>\n<li style=\"font-weight: 400;\" aria-level=\"1\"><b>Dataportabilitet <\/b><span style=\"font-weight: 400;\">(artikel 20 i GDPR),<\/span><\/li>\n<li style=\"font-weight: 400;\" aria-level=\"1\"><b>Indsigelse <\/b><span style=\"font-weight: 400;\">til behandling af dine data til markedsf\u00f8rings- og analyseform\u00e5l (art. 21 GDPR).<\/span><\/li>\n<\/ul>\n<p><span style=\"font-weight: 400;\">Du har ogs\u00e5 ret til at indgive en klage til en tilsynsmyndighed (artikel 77 i GDPR).<\/span><\/p>\n<p><b>Hvilken tilsynsmyndighed er ansvarlig for dig? <\/b><span style=\"font-weight: 400;\">I henhold til art. 77 GDPR<\/span><\/p>\n<p><b>Berlins kommiss\u00e6r for databeskyttelse og informationsfrihed (BBDI)<\/b><\/p>\n<p><a href=\"https:\/\/www.datenschutz-berlin.de\/\"><span style=\"font-weight: 400;\">https:\/\/www.datenschutz-berlin.de\/<\/span><\/a><\/p>\n<p><span style=\"font-weight: 400;\">Alt-Moabit 59-61<\/span><\/p>\n<p><span style=\"font-weight: 400;\">10555 Berlin<\/span><\/p>\n<p><span style=\"font-weight: 400;\">Indgang: Alt-Moabit 60<\/span><\/p>\n<p><span style=\"font-weight: 400;\">Telefon: +49 30 13889-0<\/span><\/p>\n<p><span style=\"font-weight: 400;\">E-mail: mailbox@datenschutz-berlin.de<\/span><\/p>\n<h2><b>8. Datasikkerhed<\/b><\/h2>\n<p><span style=\"font-weight: 400;\">Da sikkerheden af dine data er vigtig for os, overf\u00f8res dine personlige data ved hj\u00e6lp af en sikker SSL-forbindelse. Hvis der indsamles personoplysninger, krypteres dataoverf\u00f8rslen ved hj\u00e6lp af SSL-processen. Dine personlige data overf\u00f8res derefter over internettet i krypteret form ved hj\u00e6lp af 256-bit SSL. SSL-kryptering beskytter dine personlige data mod uautoriseret adgang. SSL (Secure Socket Layer) er en protokol til kryptering af meddelelser p\u00e5 internettet, der giver et s\u00e6rligt h\u00f8jt sikkerhedsniveau under datatransmission.<\/span><\/p>\n<p><span style=\"font-weight: 400;\">Vi bruger ogs\u00e5 tekniske og organisatoriske foranstaltninger til at beskytte vores websted og andre systemer mod tab, \u00f8del\u00e6ggelse, adgang, \u00e6ndring eller udbredelse af dine data af uautoriserede personer. P\u00e5 trods af regelm\u00e6ssige kontroller er det dog ikke muligt at opn\u00e5 fuldst\u00e6ndig beskyttelse mod alle risici.<\/span><\/p>\n<h2><b>9. Ret til indsigelse<\/b><\/h2>\n<p><span style=\"font-weight: 400;\">Du kan til enhver tid g\u00f8re indsigelse mod behandlingen af dine data til analyseform\u00e5l og m\u00e5lrettet annoncering.\u00a0<\/span><\/p>\n<p><span style=\"font-weight: 400;\">Send venligst en e-mail til law@ants.de\u00a0<\/span><\/p>\n<h2><b>10. Aktualitet og \u00e6ndring af denne privatlivspolitik<\/b><\/h2>\n<p><span style=\"font-weight: 400;\">Denne privatlivspolitik er g\u00e6ldende <\/span><b>fra november 2024 <\/b><span style=\"font-weight: 400;\">og kan blive n\u00f8dt til at blive \u00e6ndret p\u00e5 grund af juridiske \u00e6ndringer eller videreudvikling af vores hjemmeside.<\/span><\/p>\n\n\t\t<\/div>\n\t\t\t\t\t<\/div>\n\n\t\n\n<\/div>","protected":false},"excerpt":{"rendered":"","protected":false},"author":1,"featured_media":0,"parent":0,"menu_order":0,"comment_status":"closed","ping_status":"open","template":"","meta":{"_acf_changed":false,"content-type":"","_monsterinsights_skip_tracking":false,"_monsterinsights_sitenote_active":false,"_monsterinsights_sitenote_note":"","_monsterinsights_sitenote_category":0,"footnotes":""},"class_list":["post-3","page","type-page","status-publish","hentry"],"acf":[],"aioseo_notices":[],"jetpack_sharing_enabled":true,"_links":{"self":[{"href":"https:\/\/antcube.shop\/da\/wp-json\/wp\/v2\/pages\/3","targetHints":{"allow":["GET"]}}],"collection":[{"href":"https:\/\/antcube.shop\/da\/wp-json\/wp\/v2\/pages"}],"about":[{"href":"https:\/\/antcube.shop\/da\/wp-json\/wp\/v2\/types\/page"}],"author":[{"embeddable":true,"href":"https:\/\/antcube.shop\/da\/wp-json\/wp\/v2\/users\/1"}],"replies":[{"embeddable":true,"href":"https:\/\/antcube.shop\/da\/wp-json\/wp\/v2\/comments?post=3"}],"version-history":[{"count":10,"href":"https:\/\/antcube.shop\/da\/wp-json\/wp\/v2\/pages\/3\/revisions"}],"predecessor-version":[{"id":10731,"href":"https:\/\/antcube.shop\/da\/wp-json\/wp\/v2\/pages\/3\/revisions\/10731"}],"wp:attachment":[{"href":"https:\/\/antcube.shop\/da\/wp-json\/wp\/v2\/media?parent=3"}],"curies":[{"name":"wp","href":"https:\/\/api.w.org\/{rel}","templated":true}]}}