{"id":2468,"date":"2021-09-30T10:04:30","date_gmt":"2021-09-30T08:04:30","guid":{"rendered":"https:\/\/antcube.shop\/?page_id=2468"},"modified":"2023-12-15T12:50:52","modified_gmt":"2023-12-15T11:50:52","slug":"mellemliggende","status":"publish","type":"page","link":"https:\/\/antcube.shop\/da\/myre-finder\/mellemliggende\/","title":{"rendered":"mellemliggende"},"content":{"rendered":"<div id=\"gap-1552942414\" class=\"gap-element clearfix\" style=\"display:block; height:auto;\">\n\t\t\n<style>\n#gap-1552942414 {\n  padding-top: 200px;\n}\n@media (min-width:850px) {\n  #gap-1552942414 {\n    padding-top: 175px;\n  }\n}\n<\/style>\n\t<\/div>\n\t\n\n<div class=\"row\"  id=\"row-1482158563\">\n\n\n\t<div id=\"col-1422430417\" class=\"col small-12 large-12\"  >\n\t\t\t\t<div class=\"col-inner\"  >\n\t\t\t\n\t\t\t\n\n\t<div id=\"text-2933556328\" class=\"text\">\n\t\t\n\n<h3>Myrer for erfarne myreholdere<\/h3>\n<p>Mange arter af myrer fra koldere omr\u00e5der har brug for at g\u00e5 i dvale. Dette varierer afh\u00e6ngigt af artens oprindelse. Myrer, der g\u00e5r i dvale i naturen, b\u00f8r g\u00f8re det samme i dit hjem. Hvis du ikke giver dyrene deres naturlige pause, kan koloniens v\u00e6kst blive langsommere, eller dronningen kan d\u00f8 meget tidligt.\u00a0<\/p>\n<p>Nogle myrer g\u00e5r i dvale i kun tre m\u00e5neder, mens andre har brug for en periode p\u00e5 fire til fem m\u00e5neder (normalt mellem november og marts). Der er ogs\u00e5 forskel p\u00e5 den temperatur, som nogle arter har brug for for at overvintre. F.eks. har nordeurop\u00e6iske arter brug for temperaturer p\u00e5 mellem 5 \u00b0C og 8 \u00b0C, mens sydeurop\u00e6iske arter har brug for temperaturer omkring 15 \u00b0C. Nordeurop\u00e6iske arter stopper helt med at v\u00e6re aktive under dvalen, mens sydeurop\u00e6iske arter stadig er lidt aktive.<\/p>\n\t\t\n<style>\n#text-2933556328 {\n  text-align: center;\n}\n<\/style>\n\t<\/div>\n\t\n\n\t\t<\/div>\n\t\t\t\t\t<\/div>\n\n\t\n\n<\/div>\n\t<div id=\"text-410808355\" class=\"text\">\n\t\t\n\n<p><strong>Sp\u00f8rgsm\u00e5l: Leder du efter en myreart med eller uden vinterdvale?<\/strong><\/p>\n\t\t\n<style>\n#text-410808355 {\n  font-size: 1.8rem;\n  text-align: center;\n}\n<\/style>\n\t<\/div>\n\t\n<div class=\"row\" style=\"max-width:650px\" id=\"row-796427169\">\n\n\n\t<div id=\"col-174559447\" class=\"col medium-6 small-12 large-6\"  >\n\t\t\t\t<div class=\"col-inner\"  >\n\t\t\t\n\t\t\t\n\n<a href=\"https:\/\/antcube.shop\/ant-finder\/intermediate\/step-3\/\" class=\"button secondary expand\" >\n\t\t<span>Myrer, der har brug for dvale<\/span>\n\t<\/a>\n\n\n\n\t\t<\/div>\n\t\t\t\t\t<\/div>\n\n\t\n\n\t<div id=\"col-1761421271\" class=\"col medium-6 small-12 large-6\"  >\n\t\t\t\t<div class=\"col-inner\"  >\n\t\t\t\n\t\t\t\n\n<a href=\"https:\/\/antcube.shop\/ant-finder\/intermediate\/step-4\/\" class=\"button secondary expand\" >\n\t\t<span>ingen vinterdvale<\/span>\n\t<\/a>\n\n\n\n\t\t<\/div>\n\t\t\t\t\t<\/div>\n\n\t\n\n<\/div>","protected":false},"excerpt":{"rendered":"","protected":false},"author":1,"featured_media":0,"parent":721,"menu_order":0,"comment_status":"closed","ping_status":"closed","template":"","meta":{"_acf_changed":false,"content-type":"","_monsterinsights_skip_tracking":false,"_monsterinsights_sitenote_active":false,"_monsterinsights_sitenote_note":"","_monsterinsights_sitenote_category":0,"footnotes":""},"class_list":["post-2468","page","type-page","status-publish","hentry"],"acf":[],"aioseo_notices":[],"jetpack_sharing_enabled":true,"_links":{"self":[{"href":"https:\/\/antcube.shop\/da\/wp-json\/wp\/v2\/pages\/2468","targetHints":{"allow":["GET"]}}],"collection":[{"href":"https:\/\/antcube.shop\/da\/wp-json\/wp\/v2\/pages"}],"about":[{"href":"https:\/\/antcube.shop\/da\/wp-json\/wp\/v2\/types\/page"}],"author":[{"embeddable":true,"href":"https:\/\/antcube.shop\/da\/wp-json\/wp\/v2\/users\/1"}],"replies":[{"embeddable":true,"href":"https:\/\/antcube.shop\/da\/wp-json\/wp\/v2\/comments?post=2468"}],"version-history":[{"count":10,"href":"https:\/\/antcube.shop\/da\/wp-json\/wp\/v2\/pages\/2468\/revisions"}],"predecessor-version":[{"id":6870,"href":"https:\/\/antcube.shop\/da\/wp-json\/wp\/v2\/pages\/2468\/revisions\/6870"}],"up":[{"embeddable":true,"href":"https:\/\/antcube.shop\/da\/wp-json\/wp\/v2\/pages\/721"}],"wp:attachment":[{"href":"https:\/\/antcube.shop\/da\/wp-json\/wp\/v2\/media?parent=2468"}],"curies":[{"name":"wp","href":"https:\/\/api.w.org\/{rel}","templated":true}]}}