{"id":1340,"date":"2021-09-10T10:57:17","date_gmt":"2021-09-10T08:57:17","guid":{"rendered":"https:\/\/antcube.shop\/?page_id=1340"},"modified":"2023-12-15T12:24:25","modified_gmt":"2023-12-15T11:24:25","slug":"skovnest","status":"publish","type":"page","link":"https:\/\/antcube.shop\/da\/formicarium-finder\/rede-type\/skovnest\/","title":{"rendered":"Tr\u00e6bo"},"content":{"rendered":"<div id=\"gap-764707235\" class=\"gap-element clearfix\" style=\"display:block; height:auto;\">\n\t\t\n<style>\n#gap-764707235 {\n  padding-top: 198px;\n}\n@media (min-width:550px) {\n  #gap-764707235 {\n    padding-top: 199px;\n  }\n}\n@media (min-width:850px) {\n  #gap-764707235 {\n    padding-top: 171px;\n  }\n}\n<\/style>\n\t<\/div>\n\t\n\n\n  <div class=\"banner has-hover\" id=\"banner-622253753\">\n          <div class=\"banner-inner fill\">\n        <div class=\"banner-bg fill\" >\n            <img data-recalc-dims=\"1\" loading=\"lazy\" decoding=\"async\" width=\"1020\" height=\"765\" src=\"https:\/\/i0.wp.com\/antcube.shop\/wp-content\/uploads\/2021\/09\/Starter-Set-Kork.jpg?resize=1020%2C765&#038;ssl=1\" class=\"bg attachment-original size-original\" alt=\"ANTCUBE Starts\u00e6t Kork til myrer\" \/>                        <div class=\"overlay\"><\/div>            \n                    <\/div>\n\t\t\n        <div class=\"banner-layers container\">\n            <a class=\"fill\" href=\"https:\/\/antcube.shop\/produkt\/antcube-starter-set-l-20x20-kork\/\"><div class=\"fill banner-link\"><\/div><\/a>            \n\n   <div id=\"text-box-668968147\" class=\"text-box banner-layer x50 md-x50 lg-x50 y5 md-y5 lg-y5 res-text\">\n                                <div class=\"text-box-content text dark text-shadow-4\">\n              \n              <div class=\"text-inner text-center\">\n                  \n\n\t<div id=\"text-2985246246\" class=\"text\">\n\t\t\n\n<h3 class=\"uppercase\"><strong>Starts\u00e6t til myrer, der nister i tr\u00e6 eller d\u00f8dt tr\u00e6<\/strong><\/h3>\n\n\t\t\n<style>\n#text-2985246246 {\n  font-size: 0.75rem;\n  color: rgb(0, 0, 0);\n}\n#text-2985246246 > * {\n  color: rgb(0, 0, 0);\n}\n<\/style>\n\t<\/div>\n\t\n\n              <\/div>\n           <\/div>\n                            \n<style>\n#text-box-668968147 {\n  width: 100%;\n}\n#text-box-668968147 .text-box-content {\n  font-size: 100%;\n}\n@media (min-width:550px) {\n  #text-box-668968147 {\n    width: 60%;\n  }\n}\n<\/style>\n    <\/div>\n \n\n        <\/div>\n      <\/div>\n\n            \n<style>\n#banner-622253753 {\n  padding-top: 50%;\n}\n#banner-622253753 .overlay {\n  background-color: rgba(0, 0, 0, 0);\n}\n#banner-622253753 .banner-bg img {\n  object-position: 51% 47%;\n}\n@media (min-width:550px) {\n  #banner-622253753 {\n    padding-top: 50%;\n  }\n}\n@media (min-width:850px) {\n  #banner-622253753 {\n    padding-top: 701px;\n  }\n}\n<\/style>\n  <\/div>\n\n\n\t<div id=\"gap-1043616185\" class=\"gap-element clearfix\" style=\"display:block; height:auto;\">\n\t\t\n<style>\n#gap-1043616185 {\n  padding-top: 50px;\n}\n<\/style>\n\t<\/div>\n\t\n\n<div class=\"row\"  id=\"row-301757843\">\n\n\n\t<div id=\"col-2115201981\" class=\"col medium-6 small-12 large-6\"  >\n\t\t\t\t<div class=\"col-inner\"  >\n\t\t\t\n\t\t\t\n\n\t<div id=\"text-563876469\" class=\"text\">\n\t\t\n\n<h3>Starts\u00e6t Kork til myrer, der nister i (d\u00f8dt) tr\u00e6<\/h3>\n<p>Vores Starter Set Cork er specielt designet til myrer, der lever i r\u00e5ddent tr\u00e6, hulrum i tr\u00e6er eller under bark. Det er udstyret med en myrefarm med korkboindsats. Denne har pr\u00e6fabrikerede kamre og tunneller til myrekolonien. Du kan ogs\u00e5 k\u00f8be vores korknestindsatser og placere dem i en Antfarm st\u00f8rrelse L for at skabe din egen opstilling.<\/p>\n<p>\u00a0<\/p>\n<p>S\u00e5 snart starts\u00e6ttene bliver for sm\u00e5 til din myrekoloni, kan du udvide dem. Alle vores myrefarme og arenaer kan tilsluttes dette s\u00e6t. Hvis du har brug for et andet rede-materiale, kan du ogs\u00e5 bruge en af vores redeindsatser, f.eks. kork eller gips.<\/p>\n\t\t\n<style>\n#text-563876469 {\n  text-align: center;\n}\n<\/style>\n\t<\/div>\n\t\n\n\t\t<\/div>\n\t\t\t\t\t<\/div>\n\n\t\n\n\t<div id=\"col-898057316\" class=\"col medium-6 small-12 large-6\"  >\n\t\t\t\t<div class=\"col-inner\"  >\n\t\t\t\n\t\t\t\n\n\t<div class=\"img has-hover x md-x lg-x y md-y lg-y\" id=\"image_1973651771\">\n\t\t<a class=\"image-lightbox lightbox-gallery\" title=\"\" href=\"https:\/\/i0.wp.com\/antcube.shop\/wp-content\/uploads\/2021\/07\/Cork-with-ants-1.jpg?fit=800%2C600&#038;ssl=1\">\t\t\t\t\t\t<div class=\"img-inner dark\" >\n\t\t\t<img data-recalc-dims=\"1\" loading=\"lazy\" decoding=\"async\" width=\"800\" height=\"600\" src=\"https:\/\/i0.wp.com\/antcube.shop\/wp-content\/uploads\/2021\/07\/Cork-with-ants-1.jpg?resize=800%2C600&#038;ssl=1\" class=\"attachment-original size-original\" alt=\"Camponotus atriceps myrer i en ANTCUBE Cork rede\" srcset=\"https:\/\/i0.wp.com\/antcube.shop\/wp-content\/uploads\/2021\/07\/Cork-with-ants-1.jpg?w=800&amp;ssl=1 800w, https:\/\/i0.wp.com\/antcube.shop\/wp-content\/uploads\/2021\/07\/Cork-with-ants-1.jpg?resize=510%2C383&amp;ssl=1 510w, https:\/\/i0.wp.com\/antcube.shop\/wp-content\/uploads\/2021\/07\/Cork-with-ants-1.jpg?resize=533%2C400&amp;ssl=1 533w, https:\/\/i0.wp.com\/antcube.shop\/wp-content\/uploads\/2021\/07\/Cork-with-ants-1.jpg?resize=768%2C576&amp;ssl=1 768w\" sizes=\"auto, (max-width: 800px) 100vw, 800px\" \/>\t\t\t\t\t\t\n\t\t\t\t\t<\/div>\n\t\t\t\t\t\t<\/a>\t\t\n<style>\n#image_1973651771 {\n  width: 100%;\n}\n<\/style>\n\t<\/div>\n\t\n\n\t<div id=\"text-2613447341\" class=\"text\">\n\t\t\n\n<p>Camponotus atriceps i en korkrede<\/p>\n\t\t\n<style>\n#text-2613447341 {\n  text-align: center;\n}\n<\/style>\n\t<\/div>\n\t\n\n\t\t<\/div>\n\t\t\t\t\t<\/div>\n\n\t\n\n<\/div>\n<div class=\"row\"  id=\"row-2004585949\">\n\n\n\t<div id=\"col-425269242\" class=\"col small-12 large-12\"  >\n\t\t\t\t<div class=\"col-inner\"  >\n\t\t\t\n\t\t\t\n\n            <div class=\"row\"><div class=\"large-12 col\">\n          <div style=\"background-color:#FFF;\" class=\"slider flipContainer slider-nav-circle slide box-shadow-2\"\n            data-flickity-options='{              \"cellAlign\": \"center\",              \"wrapAround\": true,              \"percentPosition\": true,              \"imagesLoaded\": true,              \"pageDots\": true,              \"contain\": true          }'>\n                        <div class=\"slide\" style=\"background-color:#FFF;\">  <div class=\"row row-collapse align-middle flip-slide\" style=\"width:100%\">\n        <div class=\"large-6 col flip-page-one\">\n        <div class=\"featured-product col-inner\">\n          <a href=\"https:\/\/antcube.shop\/da\/vare\/antcube-starter-saet-l-20x20-kork\/\">\n                <div class=\"product-image relative\">\n                   <div class=\"front-image\">\n                    <img loading=\"lazy\" decoding=\"async\" width=\"510\" height=\"510\" src=\"https:\/\/i0.wp.com\/antcube.shop\/wp-content\/uploads\/2023\/02\/Starter-Set-Kork.jpg?fit=510%2C510&amp;ssl=1\" class=\"attachment-woocommerce_single size-woocommerce_single wp-post-image\" alt=\"Starts\u00e6t kork\" srcset=\"https:\/\/i0.wp.com\/antcube.shop\/wp-content\/uploads\/2023\/02\/Starter-Set-Kork.jpg?w=750&amp;ssl=1 750w, https:\/\/i0.wp.com\/antcube.shop\/wp-content\/uploads\/2023\/02\/Starter-Set-Kork.jpg?resize=400%2C400&amp;ssl=1 400w, https:\/\/i0.wp.com\/antcube.shop\/wp-content\/uploads\/2023\/02\/Starter-Set-Kork.jpg?resize=280%2C280&amp;ssl=1 280w, https:\/\/i0.wp.com\/antcube.shop\/wp-content\/uploads\/2023\/02\/Starter-Set-Kork.jpg?resize=12%2C12&amp;ssl=1 12w, https:\/\/i0.wp.com\/antcube.shop\/wp-content\/uploads\/2023\/02\/Starter-Set-Kork.jpg?resize=247%2C247&amp;ssl=1 247w, https:\/\/i0.wp.com\/antcube.shop\/wp-content\/uploads\/2023\/02\/Starter-Set-Kork.jpg?resize=510%2C510&amp;ssl=1 510w, https:\/\/i0.wp.com\/antcube.shop\/wp-content\/uploads\/2023\/02\/Starter-Set-Kork.jpg?resize=100%2C100&amp;ssl=1 100w\" sizes=\"auto, (max-width: 510px) 100vw, 510px\" \/>                  <\/div>\n                  \n<div class=\"badge-container absolute left top z-1\">\n\n<\/div>\n                <\/div>\n          <\/a>\n        <\/div>\n        <\/div>\n       <div class=\"large-6 col flip-page-two\">\n        <div class=\"product-info col-inner inner-padding\">\n              <h1 class=\"entry-title\"><a href=\"https:\/\/antcube.shop\/da\/vare\/antcube-starter-saet-l-20x20-kork\/\">ANTCUBE Starts\u00e6t L - 20\u00d720 - Kork<\/a><\/h1>\n              <div class=\"is-divider medium\"><\/div>\n              <div class=\"price-wrapper\">\n\t<p class=\"price product-page-price\">\n  <span class=\"woocommerce-Price-amount amount\"><bdi>199,90&nbsp;<span class=\"woocommerce-Price-currencySymbol\">\u20ac<\/span><\/bdi><\/span><\/p>\n<\/div>\n<div class=\"product-short-description\">\n\t<p>The set consists of 25 parts and is suited for many ant species, especially those that nest in dead wood.<br \/>\nSt\u00f8rrelse: <span style=\"color: #0000ff;\"><strong>L<\/strong><\/span><\/p>\n<\/div>\n<div class=\"product_meta\">\n\n\t\n\n\t\n\t\t<span class=\"sku_wrapper\">Varenummer (SKU): <span class=\"sku\">1005508<\/span><\/span>\n\n\t\n\t<span class=\"posted_in\">Kategorier: <a href=\"https:\/\/antcube.shop\/da\/vare-kategori\/startsaet\/\" rel=\"tag\">Starts\u00e6t<\/a>, <a href=\"https:\/\/antcube.shop\/da\/vare-kategori\/startsaet\/startsaet-kork\/\" rel=\"tag\">Starts\u00e6t kork<\/a><\/span>\n\t\n\t\n<\/div>\n              <a href=\"https:\/\/antcube.shop\/da\/vare\/antcube-starter-saet-l-20x20-kork\/\" class=\"button\">L\u00e6s mere<\/a>\n         <\/div>\n        <\/div>\n<\/div>\n<\/div>\n                        <div class=\"slide\" style=\"background-color:#FFF;\">  <div class=\"row row-collapse align-middle flip-slide\" style=\"width:100%\">\n        <div class=\"large-6 col flip-page-one\">\n        <div class=\"featured-product col-inner\">\n          <a href=\"https:\/\/antcube.shop\/da\/vare\/bundle-offer-starter-set-kork-camponotus-nicobarensis-cricket-jam\/\">\n                <div class=\"product-image relative\">\n                   <div class=\"front-image\">\n                    <img loading=\"lazy\" decoding=\"async\" width=\"510\" height=\"510\" src=\"https:\/\/i0.wp.com\/antcube.shop\/wp-content\/uploads\/2023\/12\/Starter-Set-Kork-L-Camponotus-nicobarensis.jpg?fit=510%2C510&amp;ssl=1\" class=\"attachment-woocommerce_single size-woocommerce_single wp-post-image\" alt=\"Pakketilbud - Camponotus nicobarensis\" srcset=\"https:\/\/i0.wp.com\/antcube.shop\/wp-content\/uploads\/2023\/12\/Starter-Set-Kork-L-Camponotus-nicobarensis.jpg?w=2160&amp;ssl=1 2160w, https:\/\/i0.wp.com\/antcube.shop\/wp-content\/uploads\/2023\/12\/Starter-Set-Kork-L-Camponotus-nicobarensis.jpg?resize=400%2C400&amp;ssl=1 400w, https:\/\/i0.wp.com\/antcube.shop\/wp-content\/uploads\/2023\/12\/Starter-Set-Kork-L-Camponotus-nicobarensis.jpg?resize=800%2C800&amp;ssl=1 800w, https:\/\/i0.wp.com\/antcube.shop\/wp-content\/uploads\/2023\/12\/Starter-Set-Kork-L-Camponotus-nicobarensis.jpg?resize=280%2C280&amp;ssl=1 280w, https:\/\/i0.wp.com\/antcube.shop\/wp-content\/uploads\/2023\/12\/Starter-Set-Kork-L-Camponotus-nicobarensis.jpg?resize=768%2C768&amp;ssl=1 768w, https:\/\/i0.wp.com\/antcube.shop\/wp-content\/uploads\/2023\/12\/Starter-Set-Kork-L-Camponotus-nicobarensis.jpg?resize=1536%2C1536&amp;ssl=1 1536w, https:\/\/i0.wp.com\/antcube.shop\/wp-content\/uploads\/2023\/12\/Starter-Set-Kork-L-Camponotus-nicobarensis.jpg?resize=2048%2C2048&amp;ssl=1 2048w, https:\/\/i0.wp.com\/antcube.shop\/wp-content\/uploads\/2023\/12\/Starter-Set-Kork-L-Camponotus-nicobarensis.jpg?resize=12%2C12&amp;ssl=1 12w, https:\/\/i0.wp.com\/antcube.shop\/wp-content\/uploads\/2023\/12\/Starter-Set-Kork-L-Camponotus-nicobarensis.jpg?resize=247%2C247&amp;ssl=1 247w, https:\/\/i0.wp.com\/antcube.shop\/wp-content\/uploads\/2023\/12\/Starter-Set-Kork-L-Camponotus-nicobarensis.jpg?resize=510%2C510&amp;ssl=1 510w, https:\/\/i0.wp.com\/antcube.shop\/wp-content\/uploads\/2023\/12\/Starter-Set-Kork-L-Camponotus-nicobarensis.jpg?resize=100%2C100&amp;ssl=1 100w\" sizes=\"auto, (max-width: 510px) 100vw, 510px\" \/>                  <\/div>\n                  \n<div class=\"badge-container absolute left top z-1\">\n\n<\/div>\n                <\/div>\n          <\/a>\n        <\/div>\n        <\/div>\n       <div class=\"large-6 col flip-page-two\">\n        <div class=\"product-info col-inner inner-padding\">\n              <h1 class=\"entry-title\"><a href=\"https:\/\/antcube.shop\/da\/vare\/bundle-offer-starter-set-kork-camponotus-nicobarensis-cricket-jam\/\">Pakketilbud - Camponotus nicobarensis<\/a><\/h1>\n              <div class=\"is-divider medium\"><\/div>\n              <div class=\"price-wrapper\">\n\t<p class=\"price product-page-price\">\n  <span class=\"woocommerce-Price-amount amount\"><bdi>249,90&nbsp;<span class=\"woocommerce-Price-currencySymbol\">\u20ac<\/span><\/bdi><\/span><\/p>\n<\/div>\n<div class=\"product-short-description\">\n\t<p>S\u00e6ttet best\u00e5r af 33 dele<br \/>\nSt\u00f8rrelse: <span style=\"color: #0000ff;\"><strong>L<\/strong><\/span><\/p>\n<\/div>\n<div class=\"product_meta\">\n\n\t\n\n\t\n\t\t<span class=\"sku_wrapper\">Varenummer (SKU): <span class=\"sku\">1000561<\/span><\/span>\n\n\t\n\t<span class=\"posted_in\">Kategorier: <a href=\"https:\/\/antcube.shop\/da\/vare-kategori\/startsaet\/pakketilbud\/\" rel=\"tag\">Pakketilbud - Starts\u00e6t med myrer<\/a>, <a href=\"https:\/\/antcube.shop\/da\/vare-kategori\/indskud-i-reden\/kork\/\" rel=\"tag\">Indsatser i korknest<\/a>, <a href=\"https:\/\/antcube.shop\/da\/vare-kategori\/startsaet\/\" rel=\"tag\">Starts\u00e6t<\/a>, <a href=\"https:\/\/antcube.shop\/da\/vare-kategori\/startsaet\/startsaet-kork\/\" rel=\"tag\">Starts\u00e6t kork<\/a><\/span>\n\t\n\t\n<\/div>\n              <a href=\"https:\/\/antcube.shop\/da\/vare\/bundle-offer-starter-set-kork-camponotus-nicobarensis-cricket-jam\/\" class=\"button\">L\u00e6s mere<\/a>\n         <\/div>\n        <\/div>\n<\/div>\n<\/div>\n                    <\/div>\n          <\/div><\/div>\n          \n\n\n\t\t<\/div>\n\t\t\t\t\t<\/div>\n\n\t\n\n<\/div>","protected":false},"excerpt":{"rendered":"","protected":false},"author":1,"featured_media":0,"parent":1264,"menu_order":0,"comment_status":"closed","ping_status":"closed","template":"","meta":{"_acf_changed":false,"content-type":"","_monsterinsights_skip_tracking":false,"_monsterinsights_sitenote_active":false,"_monsterinsights_sitenote_note":"","_monsterinsights_sitenote_category":0,"footnotes":""},"class_list":["post-1340","page","type-page","status-publish","hentry"],"acf":[],"aioseo_notices":[],"jetpack_sharing_enabled":true,"_links":{"self":[{"href":"https:\/\/antcube.shop\/da\/wp-json\/wp\/v2\/pages\/1340","targetHints":{"allow":["GET"]}}],"collection":[{"href":"https:\/\/antcube.shop\/da\/wp-json\/wp\/v2\/pages"}],"about":[{"href":"https:\/\/antcube.shop\/da\/wp-json\/wp\/v2\/types\/page"}],"author":[{"embeddable":true,"href":"https:\/\/antcube.shop\/da\/wp-json\/wp\/v2\/users\/1"}],"replies":[{"embeddable":true,"href":"https:\/\/antcube.shop\/da\/wp-json\/wp\/v2\/comments?post=1340"}],"version-history":[{"count":10,"href":"https:\/\/antcube.shop\/da\/wp-json\/wp\/v2\/pages\/1340\/revisions"}],"predecessor-version":[{"id":6851,"href":"https:\/\/antcube.shop\/da\/wp-json\/wp\/v2\/pages\/1340\/revisions\/6851"}],"up":[{"embeddable":true,"href":"https:\/\/antcube.shop\/da\/wp-json\/wp\/v2\/pages\/1264"}],"wp:attachment":[{"href":"https:\/\/antcube.shop\/da\/wp-json\/wp\/v2\/media?parent=1340"}],"curies":[{"name":"wp","href":"https:\/\/api.w.org\/{rel}","templated":true}]}}