{"id":1258,"date":"2021-09-09T14:21:38","date_gmt":"2021-09-09T12:21:38","guid":{"rendered":"https:\/\/antcube.shop\/?page_id=1258"},"modified":"2023-12-14T14:17:28","modified_gmt":"2023-12-14T13:17:28","slug":"bladskaerer-formicarium","status":"publish","type":"page","link":"https:\/\/antcube.shop\/da\/formicarium-finder\/bladskaerer-formicarium\/","title":{"rendered":"Bladsk\u00e6rer Formicarium"},"content":{"rendered":"<div id=\"gap-423479751\" class=\"gap-element clearfix\" style=\"display:block; height:auto;\">\n\t\t\n<style>\n#gap-423479751 {\n  padding-top: 200px;\n}\n@media (min-width:550px) {\n  #gap-423479751 {\n    padding-top: 201px;\n  }\n}\n@media (min-width:850px) {\n  #gap-423479751 {\n    padding-top: 75px;\n  }\n}\n<\/style>\n\t<\/div>\n\t\n\n\n  <div class=\"banner has-hover\" id=\"banner-35893950\">\n          <div class=\"banner-inner fill\">\n        <div class=\"banner-bg fill\" >\n            <img data-recalc-dims=\"1\" loading=\"lazy\" decoding=\"async\" width=\"1020\" height=\"680\" src=\"https:\/\/i0.wp.com\/antcube.shop\/wp-content\/uploads\/2021\/09\/Blattschneider-Sets-Gros-Klein-scaled.jpg?resize=1020%2C680&#038;ssl=1\" class=\"bg attachment-original size-original\" alt=\"ANTCUBE Leafcutter s\u00e6t lille og stor sammenligning\" \/>                        <div class=\"overlay\"><\/div>            \n                    <\/div>\n\t\t\n        <div class=\"banner-layers container\">\n            <a class=\"fill\" href=\"https:\/\/antcube.shop\/de\/produkt\/antcube-starter-set-fur-blattschneiderarten-gros\/\"><div class=\"fill banner-link\"><\/div><\/a>            \n\n   <div id=\"text-box-200871656\" class=\"text-box banner-layer x90 md-x90 lg-x85 y0 md-y5 lg-y15 res-text\">\n                                <div class=\"text-box-content text dark\">\n              \n              <div class=\"text-inner text-center\">\n                  \n\n\t<div id=\"text-1342847748\" class=\"text\">\n\t\t\n\n<h3 class=\"uppercase\"><strong>Starts\u00e6t til bladsk\u00e6rermyrer<\/strong><\/h3>\n<p>&nbsp;<\/p>\n\t\t\n<style>\n#text-1342847748 {\n  text-align: center;\n  color: rgb(0,0,0);\n}\n#text-1342847748 > * {\n  color: rgb(0,0,0);\n}\n<\/style>\n\t<\/div>\n\t\n\n              <\/div>\n           <\/div>\n                            \n<style>\n#text-box-200871656 {\n  width: 60%;\n}\n#text-box-200871656 .text-box-content {\n  font-size: 100%;\n}\n<\/style>\n    <\/div>\n \n\n        <\/div>\n      <\/div>\n\n            \n<style>\n#banner-35893950 {\n  padding-top: 50%;\n}\n#banner-35893950 .overlay {\n  background-color: rgba(0, 0, 0, 0);\n}\n@media (min-width:850px) {\n  #banner-35893950 {\n    padding-top: 900px;\n  }\n}\n<\/style>\n  <\/div>\n\n\n<div class=\"row\"  id=\"row-1714048612\">\n\n\n\t<div id=\"col-229683517\" class=\"col medium-6 small-12 large-6\"  >\n\t\t\t\t<div class=\"col-inner\"  >\n\t\t\t\n\t\t\t\n\n<h3>Vores starts\u00e6t til bladsk\u00e6rermyrer<\/h3>\n<p>For at holde bladsk\u00e6rermyrer b\u00f8r du altid bruge et formicarium, der best\u00e5r af mindst 3 separate kamre. I naturen kan bladsk\u00e6rermyrerederne have hundredvis af sm\u00e5 kamre, og n\u00e5r du holder denne myreart, b\u00f8r du altid fors\u00f8ge at efterligne deres naturlige levevis.<\/p>\n<p><strong>Det f\u00f8rste kammer<\/strong> anvendes til f\u00f8devarer. Her kan myrerne klippe og samle friske blade og vand. Det efterligner en myrekoloni.<\/p>\n<p><strong>Det andet kammer<\/strong> er redekammeret. Her kan myrerne dyrke deres svamp og passe deres dronning og yngel.<\/p>\n<p><strong>Det tredje kammer<\/strong> bruges af myrerne til at bortskaffe deres affald. Dette er n\u00f8dvendigt for at kolonien kan holde sig sund.<\/p>\n<p>\u00a0<\/p>\n<p>Et andet nyttigt aspekt ved at holde bladsk\u00e6rermyrer i et 3-kammer-system er, at det hj\u00e6lper med at regulere de n\u00f8dvendige klimatiske v\u00e6rdier. For at hj\u00e6lpe svampen i redekammeret med at vokse har den brug for en vis konstant ventilation. Da den ogs\u00e5 har brug for en h\u00f8j luftfugtighed, ville det v\u00e6re vanskeligt at opn\u00e5 dette i et enkelt formicarium eller blot 2 kamre, da enten luftfugtigheden vil g\u00e5 tabt eller ventilationen ikke vil v\u00e6re tilstr\u00e6kkelig. Ligesom i vores 3-kammer-system kan ventilationen komme fra affalds- og f\u00f8dekammeret og passere gennem r\u00f8rene i svampekammeret. P\u00e5 denne m\u00e5de kan luftfugtigheden forblive ret h\u00f8j, og ventilationen er alligevel mulig.\u00a0<\/p>\n<p>\u00a0<\/p>\n\n\t\t<\/div>\n\t\t\t\t\t<\/div>\n\n\t\n\n\t<div id=\"col-978757858\" class=\"col medium-6 small-12 large-6\"  >\n\t\t\t\t<div class=\"col-inner\"  >\n\t\t\t\n\t\t\t\n\n\t<div id=\"text-1767954800\" class=\"text\">\n\t\t\n\n<p><strong>F\u00f8dekammer - Svampe-\/redekammer - Affaldskammer<\/strong><\/p>\n\n\t\t\n<style>\n#text-1767954800 {\n  font-size: 0.75rem;\n}\n@media (min-width:850px) {\n  #text-1767954800 {\n    font-size: 1.15rem;\n  }\n}\n<\/style>\n\t<\/div>\n\t\n\t<div class=\"img has-hover x md-x lg-x y md-y lg-y\" id=\"image_131096241\">\n\t\t\t\t\t\t\t\t<div class=\"img-inner image-cover dark\" style=\"padding-top:50%;\">\n\t\t\t<img data-recalc-dims=\"1\" loading=\"lazy\" decoding=\"async\" width=\"1020\" height=\"573\" src=\"https:\/\/i0.wp.com\/antcube.shop\/wp-content\/uploads\/2021\/09\/Blattschneider-Grafik-scaled.jpg?resize=1020%2C573&#038;ssl=1\" class=\"attachment-original size-original\" alt=\"Forklaret system med tre kamre for bladsk\u00e6rermyrer\" srcset=\"https:\/\/i0.wp.com\/antcube.shop\/wp-content\/uploads\/2021\/09\/Blattschneider-Grafik-scaled.jpg?w=2560&amp;ssl=1 2560w, https:\/\/i0.wp.com\/antcube.shop\/wp-content\/uploads\/2021\/09\/Blattschneider-Grafik-scaled.jpg?resize=510%2C286&amp;ssl=1 510w, https:\/\/i0.wp.com\/antcube.shop\/wp-content\/uploads\/2021\/09\/Blattschneider-Grafik-scaled.jpg?resize=713%2C400&amp;ssl=1 713w, https:\/\/i0.wp.com\/antcube.shop\/wp-content\/uploads\/2021\/09\/Blattschneider-Grafik-scaled.jpg?resize=1400%2C786&amp;ssl=1 1400w, https:\/\/i0.wp.com\/antcube.shop\/wp-content\/uploads\/2021\/09\/Blattschneider-Grafik-scaled.jpg?resize=768%2C431&amp;ssl=1 768w, https:\/\/i0.wp.com\/antcube.shop\/wp-content\/uploads\/2021\/09\/Blattschneider-Grafik-scaled.jpg?resize=1536%2C862&amp;ssl=1 1536w, https:\/\/i0.wp.com\/antcube.shop\/wp-content\/uploads\/2021\/09\/Blattschneider-Grafik-scaled.jpg?resize=2048%2C1150&amp;ssl=1 2048w\" sizes=\"auto, (max-width: 1020px) 100vw, 1020px\" \/>\t\t\t\t\t\t\n\t\t\t\t\t<\/div>\n\t\t\t\t\t\t\t\t\n<style>\n#image_131096241 {\n  width: 100%;\n}\n<\/style>\n\t<\/div>\n\t\n\n\n  <div class=\"banner has-hover bg-zoom-long\" id=\"banner-411796627\">\n          <div class=\"banner-inner fill\">\n        <div class=\"banner-bg fill\" >\n            <img data-recalc-dims=\"1\" loading=\"lazy\" decoding=\"async\" width=\"720\" height=\"720\" src=\"https:\/\/i0.wp.com\/antcube.shop\/wp-content\/uploads\/2021\/07\/Starter-Set-fur-Blattschneiderarten.jpg?resize=720%2C720&#038;ssl=1\" class=\"bg attachment-original size-original\" alt=\"Starts\u00e6t til svampekammer til bladsk\u00e6rermyrer\" \/>                                    \n                    <\/div>\n\t\t\n        <div class=\"banner-layers container\">\n            <div class=\"fill banner-link\"><\/div>            \n\n   <div id=\"text-box-694457362\" class=\"text-box banner-layer x50 md-x50 lg-x50 y50 md-y50 lg-y50 res-text\">\n                                <div class=\"text-box-content text dark\">\n              \n              <div class=\"text-inner text-center\">\n                  \n\n\n              <\/div>\n           <\/div>\n                            \n<style>\n#text-box-694457362 {\n  width: 60%;\n}\n#text-box-694457362 .text-box-content {\n  font-size: 100%;\n}\n@media (min-width:550px) {\n  #text-box-694457362 {\n    width: 60%;\n  }\n}\n<\/style>\n    <\/div>\n \n\n        <\/div>\n      <\/div>\n\n            \n<style>\n#banner-411796627 {\n  padding-top: 94.14%;\n}\n#banner-411796627 .banner-bg img {\n  object-position: 51% 87%;\n}\n@media (min-width:550px) {\n  #banner-411796627 {\n    padding-top: 96.14%;\n  }\n}\n@media (min-width:850px) {\n  #banner-411796627 {\n    padding-top: 539px;\n  }\n}\n<\/style>\n  <\/div>\n\n\n\t<div id=\"text-4077708514\" class=\"text\">\n\t\t\n\n<p>Bladsk\u00e6rermyresvamp (Leucoagaricus gongylophorus)<\/p>\n\t\t\n<style>\n#text-4077708514 {\n  text-align: center;\n}\n<\/style>\n\t<\/div>\n\t\n\n\t\t<\/div>\n\t\t\t\t\t<\/div>\n\n\t\n\n<\/div>\n\t<div id=\"gap-891775543\" class=\"gap-element clearfix\" style=\"display:block; height:auto;\">\n\t\t\n<style>\n#gap-891775543 {\n  padding-top: 30px;\n}\n<\/style>\n\t<\/div>\n\t\n\n<div class=\"row align-center\"  id=\"row-2030106716\">\n\n\n\t<div id=\"col-521379936\" class=\"col small-12 large-12\"  >\n\t\t\t\t<div class=\"col-inner\"  >\n\t\t\t\n\t\t\t\n\n            <div class=\"row\"><div class=\"large-12 col\">\n          <div style=\"background-color:#FFF;\" class=\"slider flipContainer slider-nav-circle slide box-shadow-2\"\n            data-flickity-options='{              \"cellAlign\": \"center\",              \"wrapAround\": true,              \"percentPosition\": true,              \"imagesLoaded\": true,              \"pageDots\": true,              \"contain\": true          }'>\n                        <div class=\"slide\" style=\"background-color:#FFF;\">  <div class=\"row row-collapse align-middle flip-slide\" style=\"width:100%\">\n        <div class=\"large-6 col flip-page-one\">\n        <div class=\"featured-product col-inner\">\n          <a href=\"https:\/\/antcube.shop\/da\/vare\/antcube-starter-set-fur-blattschneiderarten-gros\/\">\n                <div class=\"product-image relative\">\n                   <div class=\"front-image\">\n                    <img loading=\"lazy\" decoding=\"async\" width=\"510\" height=\"340\" src=\"https:\/\/i0.wp.com\/antcube.shop\/wp-content\/uploads\/2024\/04\/SET_-gros-scaled.jpg?fit=510%2C340&amp;ssl=1\" class=\"attachment-woocommerce_single size-woocommerce_single wp-post-image\" alt=\"\" srcset=\"https:\/\/i0.wp.com\/antcube.shop\/wp-content\/uploads\/2024\/04\/SET_-gros-scaled.jpg?w=2560&amp;ssl=1 2560w, https:\/\/i0.wp.com\/antcube.shop\/wp-content\/uploads\/2024\/04\/SET_-gros-scaled.jpg?resize=600%2C400&amp;ssl=1 600w, https:\/\/i0.wp.com\/antcube.shop\/wp-content\/uploads\/2024\/04\/SET_-gros-scaled.jpg?resize=1200%2C800&amp;ssl=1 1200w, https:\/\/i0.wp.com\/antcube.shop\/wp-content\/uploads\/2024\/04\/SET_-gros-scaled.jpg?resize=768%2C512&amp;ssl=1 768w, https:\/\/i0.wp.com\/antcube.shop\/wp-content\/uploads\/2024\/04\/SET_-gros-scaled.jpg?resize=1536%2C1024&amp;ssl=1 1536w, https:\/\/i0.wp.com\/antcube.shop\/wp-content\/uploads\/2024\/04\/SET_-gros-scaled.jpg?resize=2048%2C1365&amp;ssl=1 2048w, https:\/\/i0.wp.com\/antcube.shop\/wp-content\/uploads\/2024\/04\/SET_-gros-scaled.jpg?resize=18%2C12&amp;ssl=1 18w, https:\/\/i0.wp.com\/antcube.shop\/wp-content\/uploads\/2024\/04\/SET_-gros-scaled.jpg?resize=510%2C340&amp;ssl=1 510w\" sizes=\"auto, (max-width: 510px) 100vw, 510px\" \/>                  <\/div>\n                  \n<div class=\"badge-container absolute left top z-1\">\n\n<\/div>\n                <\/div>\n          <\/a>\n        <\/div>\n        <\/div>\n       <div class=\"large-6 col flip-page-two\">\n        <div class=\"product-info col-inner inner-padding\">\n              <h1 class=\"entry-title\"><a href=\"https:\/\/antcube.shop\/da\/vare\/antcube-starter-set-fur-blattschneiderarten-gros\/\">ANTCUBE - Starts\u00e6t til bladsk\u00e6rermyrer - Stor<\/a><\/h1>\n              <div class=\"is-divider medium\"><\/div>\n              <div class=\"price-wrapper\">\n\t<p class=\"price product-page-price\">\n  <span class=\"woocommerce-Price-amount amount\"><bdi>699,90&nbsp;<span class=\"woocommerce-Price-currencySymbol\">\u20ac<\/span><\/bdi><\/span><\/p>\n<\/div>\n<div class=\"product-short-description\">\n\t<p>The set consists of 47 parts and is suitable for all leaf cutter ant species.<br \/>\nSt\u00f8rrelse: <span style=\"color: #ed1c24;\"><strong>XL<\/strong><\/span><\/p>\n<\/div>\n<div class=\"product_meta\">\n\n\t\n\n\t\n\t\t<span class=\"sku_wrapper\">Varenummer (SKU): <span class=\"sku\">1005397<\/span><\/span>\n\n\t\n\t<span class=\"posted_in\">Kategorier: <a href=\"https:\/\/antcube.shop\/da\/vare-kategori\/startsaet\/\" rel=\"tag\">Starts\u00e6t<\/a>, <a href=\"https:\/\/antcube.shop\/da\/vare-kategori\/startsaet\/startsaet-myrer\/\" rel=\"tag\">Starts\u00e6t til bladsk\u00e6rermyrer<\/a><\/span>\n\t\n\t <span class=\"posted_in\">Varem\u00e6rke: <a href=\"https:\/\/antcube.shop\/da\/varemaerke\/myretue\/\" rel=\"tag\">ANTCUBE<\/a><\/span>\n<\/div>\n              <a href=\"https:\/\/antcube.shop\/da\/vare\/antcube-starter-set-fur-blattschneiderarten-gros\/\" class=\"button\">L\u00e6s mere<\/a>\n         <\/div>\n        <\/div>\n<\/div>\n<\/div>\n                        <div class=\"slide\" style=\"background-color:#FFF;\">  <div class=\"row row-collapse align-middle flip-slide\" style=\"width:100%\">\n        <div class=\"large-6 col flip-page-one\">\n        <div class=\"featured-product col-inner\">\n          <a href=\"https:\/\/antcube.shop\/da\/vare\/antcube-starter-set-fur-blattschneiderarten-klein\/\">\n                <div class=\"product-image relative\">\n                   <div class=\"front-image\">\n                    <img loading=\"lazy\" decoding=\"async\" width=\"510\" height=\"510\" src=\"https:\/\/i0.wp.com\/antcube.shop\/wp-content\/uploads\/2024\/04\/Set-klein_Antstore.jpg?fit=510%2C510&amp;ssl=1\" class=\"attachment-woocommerce_single size-woocommerce_single wp-post-image\" alt=\"\" srcset=\"https:\/\/i0.wp.com\/antcube.shop\/wp-content\/uploads\/2024\/04\/Set-klein_Antstore.jpg?w=2160&amp;ssl=1 2160w, https:\/\/i0.wp.com\/antcube.shop\/wp-content\/uploads\/2024\/04\/Set-klein_Antstore.jpg?resize=400%2C400&amp;ssl=1 400w, https:\/\/i0.wp.com\/antcube.shop\/wp-content\/uploads\/2024\/04\/Set-klein_Antstore.jpg?resize=800%2C800&amp;ssl=1 800w, https:\/\/i0.wp.com\/antcube.shop\/wp-content\/uploads\/2024\/04\/Set-klein_Antstore.jpg?resize=280%2C280&amp;ssl=1 280w, https:\/\/i0.wp.com\/antcube.shop\/wp-content\/uploads\/2024\/04\/Set-klein_Antstore.jpg?resize=768%2C768&amp;ssl=1 768w, https:\/\/i0.wp.com\/antcube.shop\/wp-content\/uploads\/2024\/04\/Set-klein_Antstore.jpg?resize=1536%2C1536&amp;ssl=1 1536w, https:\/\/i0.wp.com\/antcube.shop\/wp-content\/uploads\/2024\/04\/Set-klein_Antstore.jpg?resize=2048%2C2048&amp;ssl=1 2048w, https:\/\/i0.wp.com\/antcube.shop\/wp-content\/uploads\/2024\/04\/Set-klein_Antstore.jpg?resize=12%2C12&amp;ssl=1 12w, https:\/\/i0.wp.com\/antcube.shop\/wp-content\/uploads\/2024\/04\/Set-klein_Antstore.jpg?resize=247%2C247&amp;ssl=1 247w, https:\/\/i0.wp.com\/antcube.shop\/wp-content\/uploads\/2024\/04\/Set-klein_Antstore.jpg?resize=510%2C510&amp;ssl=1 510w, https:\/\/i0.wp.com\/antcube.shop\/wp-content\/uploads\/2024\/04\/Set-klein_Antstore.jpg?resize=100%2C100&amp;ssl=1 100w\" sizes=\"auto, (max-width: 510px) 100vw, 510px\" \/>                  <\/div>\n                  \n<div class=\"badge-container absolute left top z-1\">\n\n<\/div>\n                <\/div>\n          <\/a>\n        <\/div>\n        <\/div>\n       <div class=\"large-6 col flip-page-two\">\n        <div class=\"product-info col-inner inner-padding\">\n              <h1 class=\"entry-title\"><a href=\"https:\/\/antcube.shop\/da\/vare\/antcube-starter-set-fur-blattschneiderarten-klein\/\">ANTCUBE - Starts\u00e6t til bladsk\u00e6rermyrer - lille<\/a><\/h1>\n              <div class=\"is-divider medium\"><\/div>\n              <div class=\"price-wrapper\">\n\t<p class=\"price product-page-price\">\n  <span class=\"woocommerce-Price-amount amount\"><bdi>399,90&nbsp;<span class=\"woocommerce-Price-currencySymbol\">\u20ac<\/span><\/bdi><\/span><\/p>\n<\/div>\n<div class=\"product-short-description\">\n\t<p>S\u00e6ttet best\u00e5r af 43 dele<br \/>\nSt\u00f8rrelse: <span style=\"color: #ed1c24;\"><strong>XL<\/strong><\/span><\/p>\n<\/div>\n<div class=\"product_meta\">\n\n\t\n\n\t\n\t\t<span class=\"sku_wrapper\">Varenummer (SKU): <span class=\"sku\">1003646<\/span><\/span>\n\n\t\n\t<span class=\"posted_in\">Kategorier: <a href=\"https:\/\/antcube.shop\/da\/vare-kategori\/startsaet\/\" rel=\"tag\">Starts\u00e6t<\/a>, <a href=\"https:\/\/antcube.shop\/da\/vare-kategori\/startsaet\/startsaet-myrer\/\" rel=\"tag\">Starts\u00e6t til bladsk\u00e6rermyrer<\/a><\/span>\n\t\n\t\n<\/div>\n              <a href=\"https:\/\/antcube.shop\/da\/vare\/antcube-starter-set-fur-blattschneiderarten-klein\/\" class=\"button\">L\u00e6s mere<\/a>\n         <\/div>\n        <\/div>\n<\/div>\n<\/div>\n                    <\/div>\n          <\/div><\/div>\n          \n\n\n\t\t<\/div>\n\t\t\t\t\t<\/div>\n\n\t\n\n<\/div>","protected":false},"excerpt":{"rendered":"","protected":false},"author":1,"featured_media":0,"parent":727,"menu_order":0,"comment_status":"closed","ping_status":"closed","template":"","meta":{"_acf_changed":false,"content-type":"","_monsterinsights_skip_tracking":false,"_monsterinsights_sitenote_active":false,"_monsterinsights_sitenote_note":"","_monsterinsights_sitenote_category":0,"footnotes":""},"class_list":["post-1258","page","type-page","status-publish","hentry"],"acf":[],"aioseo_notices":[],"jetpack_sharing_enabled":true,"_links":{"self":[{"href":"https:\/\/antcube.shop\/da\/wp-json\/wp\/v2\/pages\/1258","targetHints":{"allow":["GET"]}}],"collection":[{"href":"https:\/\/antcube.shop\/da\/wp-json\/wp\/v2\/pages"}],"about":[{"href":"https:\/\/antcube.shop\/da\/wp-json\/wp\/v2\/types\/page"}],"author":[{"embeddable":true,"href":"https:\/\/antcube.shop\/da\/wp-json\/wp\/v2\/users\/1"}],"replies":[{"embeddable":true,"href":"https:\/\/antcube.shop\/da\/wp-json\/wp\/v2\/comments?post=1258"}],"version-history":[{"count":10,"href":"https:\/\/antcube.shop\/da\/wp-json\/wp\/v2\/pages\/1258\/revisions"}],"predecessor-version":[{"id":6814,"href":"https:\/\/antcube.shop\/da\/wp-json\/wp\/v2\/pages\/1258\/revisions\/6814"}],"up":[{"embeddable":true,"href":"https:\/\/antcube.shop\/da\/wp-json\/wp\/v2\/pages\/727"}],"wp:attachment":[{"href":"https:\/\/antcube.shop\/da\/wp-json\/wp\/v2\/media?parent=1258"}],"curies":[{"name":"wp","href":"https:\/\/api.w.org\/{rel}","templated":true}]}}