{"id":1135,"date":"2021-09-08T09:48:21","date_gmt":"2021-09-08T07:48:21","guid":{"rendered":"https:\/\/antcube.shop\/?page_id=1135"},"modified":"2024-10-24T14:32:46","modified_gmt":"2024-10-24T12:32:46","slug":"baeredygtighed","status":"publish","type":"page","link":"https:\/\/antcube.shop\/da\/om-os\/baeredygtighed\/","title":{"rendered":"B\u00e6redygtighed"},"content":{"rendered":"<div id=\"gap-1969091534\" class=\"gap-element clearfix\" style=\"display:block; height:auto;\">\n\t\t\n<style>\n#gap-1969091534 {\n  padding-top: 181px;\n}\n@media (min-width:850px) {\n  #gap-1969091534 {\n    padding-top: 75px;\n  }\n}\n<\/style>\n\t<\/div>\n\t\n\n\n  <div class=\"banner has-hover\" id=\"banner-279045657\">\n          <div class=\"banner-inner fill\">\n        <div class=\"banner-bg fill\" >\n            <img data-recalc-dims=\"1\" loading=\"lazy\" decoding=\"async\" width=\"1020\" height=\"574\" src=\"https:\/\/i0.wp.com\/antcube.shop\/wp-content\/uploads\/2021\/08\/caspian-dahlstrom-xXbaTOP31M4-unsplash-scaled.jpg?resize=1020%2C574&#038;ssl=1\" class=\"bg attachment-original size-original\" alt=\"\" \/>                        <div class=\"overlay\"><\/div>            \n                    <\/div>\n\t\t\n        <div class=\"banner-layers container\">\n            <div class=\"fill banner-link\"><\/div>            \n\n   <div id=\"text-box-1252970495\" class=\"text-box banner-layer x50 md-x50 lg-x50 y50 md-y50 lg-y50 res-text\">\n                                <div class=\"text-box-content text dark\">\n              \n              <div class=\"text-inner text-center\">\n                  \n\n<h3 class=\"uppercase\"><strong>B\u00e6redygtighed<\/strong><\/h3>\n<p>\u00a0<\/p>\n\n              <\/div>\n           <\/div>\n                            \n<style>\n#text-box-1252970495 {\n  width: 60%;\n}\n#text-box-1252970495 .text-box-content {\n  font-size: 100%;\n}\n<\/style>\n    <\/div>\n \n\n        <\/div>\n      <\/div>\n\n            \n<style>\n#banner-279045657 {\n  padding-top: 60%;\n}\n#banner-279045657 .overlay {\n  background-color: rgba(0, 0, 0, 0);\n}\n#banner-279045657 .banner-bg img {\n  object-position: 51% 51%;\n}\n@media (min-width:550px) {\n  #banner-279045657 {\n    padding-top: 500px;\n  }\n}\n<\/style>\n  <\/div>\n\n\n\t<div id=\"gap-941221074\" class=\"gap-element clearfix\" style=\"display:block; height:auto;\">\n\t\t\n<style>\n#gap-941221074 {\n  padding-top: 40px;\n}\n<\/style>\n\t<\/div>\n\t\n\n<div class=\"row\"  id=\"row-1162269379\">\n\n\n\t<div id=\"col-1554447978\" class=\"col medium-7 small-12 large-6\"  >\n\t\t\t\t<div class=\"col-inner\"  >\n\t\t\t\n\t\t\t\n\n\t<div id=\"text-645044531\" class=\"text\">\n\t\t\n\n<h2>Hvordan vi arbejder p\u00e5 at blive mere milj\u00f8venlige<\/h2>\n<p align=\"CENTER\"><strong><span style=\"color: #ff0000;\">Vi har alle et ansvar for denne planet!<\/span><\/strong><\/p>\n<p>Det havde vores grundl\u00e6gger allerede i tankerne, da han startede ANTSTORE for 20 \u00e5r siden. At bevare naturen ved at bruge glas til myrehold i stedet for akrylops\u00e6tninger.<\/p>\n<p>Vi forst\u00e5r, at jorden ikke har brug for os, men vi har brug for denne vidunderlige planet. S\u00e5 lad os arbejde sammen for at bevare vores natur, og vi er taknemmelige for enhver hj\u00e6lp med forskning og udvikling af milj\u00f8venlig og genanvendelig emballage, s\u00e5 vi ikke l\u00e6ngere \u00f8ger andelen af polyethylenpartikler i vores vand.<\/p>\n<p>Derfor tager vi nu de f\u00f8rste skridt til kun at bruge milj\u00f8venlig emballage efter 2022. Vi ved, at \u00e6ndring af vores emballage kun er et lille skridt for en virksomhed til at blive b\u00e6redygtig, s\u00e5 vi arbejder ogs\u00e5 p\u00e5 digitalisering, optimering af transportruter og uddannelse.<\/p>\n<p>Du kan st\u00f8tte os ved at k\u00f8be vores produkter. Hj\u00e6lp os med at opfylde vores pligt til at bevare denne vidunderlige gr\u00f8nne planet med alle dens forskellige livsformer. Med dit k\u00f8b skubber du vores afdeling for forskning og udvikling til at finde frem til endnu flere b\u00e6redygtige l\u00f8sninger til gavn for os alle.<\/p>\n<p>Desuden planl\u00e6gger vi at samarbejde med en \"plant a tree foundation\" for at f\u00e5 vores skove til at vokse igen. De er ogs\u00e5 nogle af de vigtigste levesteder for myrer! Vi vil holde dig opdateret med nyheder snarest.<\/p>\n\t\t\n<style>\n#text-645044531 {\n  text-align: center;\n}\n<\/style>\n\t<\/div>\n\t\n\n\t\t<\/div>\n\t\t\t\t\t<\/div>\n\n\t\n\n\t<div id=\"col-1583895392\" class=\"col medium-5 small-12 large-6\"  >\n\t\t\t\t<div class=\"col-inner\"  >\n\t\t\t\n\t\t\t\n\n\t<div class=\"img has-hover x md-x lg-x y md-y lg-y\" id=\"image_2137921371\">\n\t\t\t\t\t\t\t\t<div class=\"img-inner dark\" >\n\t\t\t<img data-recalc-dims=\"1\" loading=\"lazy\" decoding=\"async\" width=\"1020\" height=\"681\" src=\"https:\/\/i0.wp.com\/antcube.shop\/wp-content\/uploads\/2021\/08\/mark-AddyORqTyCg-unsplash-scaled.jpg?resize=1020%2C681&#038;ssl=1\" class=\"attachment-original size-original\" alt=\"\" srcset=\"https:\/\/i0.wp.com\/antcube.shop\/wp-content\/uploads\/2021\/08\/mark-AddyORqTyCg-unsplash-scaled.jpg?w=2560&amp;ssl=1 2560w, https:\/\/i0.wp.com\/antcube.shop\/wp-content\/uploads\/2021\/08\/mark-AddyORqTyCg-unsplash-scaled.jpg?resize=510%2C341&amp;ssl=1 510w, https:\/\/i0.wp.com\/antcube.shop\/wp-content\/uploads\/2021\/08\/mark-AddyORqTyCg-unsplash-scaled.jpg?resize=599%2C400&amp;ssl=1 599w, https:\/\/i0.wp.com\/antcube.shop\/wp-content\/uploads\/2021\/08\/mark-AddyORqTyCg-unsplash-scaled.jpg?resize=1198%2C800&amp;ssl=1 1198w, https:\/\/i0.wp.com\/antcube.shop\/wp-content\/uploads\/2021\/08\/mark-AddyORqTyCg-unsplash-scaled.jpg?resize=768%2C513&amp;ssl=1 768w, https:\/\/i0.wp.com\/antcube.shop\/wp-content\/uploads\/2021\/08\/mark-AddyORqTyCg-unsplash-scaled.jpg?resize=1536%2C1026&amp;ssl=1 1536w, https:\/\/i0.wp.com\/antcube.shop\/wp-content\/uploads\/2021\/08\/mark-AddyORqTyCg-unsplash-scaled.jpg?resize=2048%2C1368&amp;ssl=1 2048w\" sizes=\"auto, (max-width: 1020px) 100vw, 1020px\" \/>\t\t\t\t\t\t\n\t\t\t\t\t<\/div>\n\t\t\t\t\t\t\t\t\n<style>\n#image_2137921371 {\n  width: 100%;\n}\n<\/style>\n\t<\/div>\n\t\n\n\n\t\t<\/div>\n\t\t\t\t\t<\/div>\n\n\t\n\n<\/div>","protected":false},"excerpt":{"rendered":"","protected":false},"author":1,"featured_media":0,"parent":104,"menu_order":0,"comment_status":"closed","ping_status":"closed","template":"","meta":{"_acf_changed":false,"content-type":"","_monsterinsights_skip_tracking":false,"_monsterinsights_sitenote_active":false,"_monsterinsights_sitenote_note":"","_monsterinsights_sitenote_category":0,"footnotes":""},"class_list":["post-1135","page","type-page","status-publish","hentry"],"acf":[],"aioseo_notices":[],"jetpack_sharing_enabled":true,"_links":{"self":[{"href":"https:\/\/antcube.shop\/da\/wp-json\/wp\/v2\/pages\/1135","targetHints":{"allow":["GET"]}}],"collection":[{"href":"https:\/\/antcube.shop\/da\/wp-json\/wp\/v2\/pages"}],"about":[{"href":"https:\/\/antcube.shop\/da\/wp-json\/wp\/v2\/types\/page"}],"author":[{"embeddable":true,"href":"https:\/\/antcube.shop\/da\/wp-json\/wp\/v2\/users\/1"}],"replies":[{"embeddable":true,"href":"https:\/\/antcube.shop\/da\/wp-json\/wp\/v2\/comments?post=1135"}],"version-history":[{"count":10,"href":"https:\/\/antcube.shop\/da\/wp-json\/wp\/v2\/pages\/1135\/revisions"}],"predecessor-version":[{"id":10349,"href":"https:\/\/antcube.shop\/da\/wp-json\/wp\/v2\/pages\/1135\/revisions\/10349"}],"up":[{"embeddable":true,"href":"https:\/\/antcube.shop\/da\/wp-json\/wp\/v2\/pages\/104"}],"wp:attachment":[{"href":"https:\/\/antcube.shop\/da\/wp-json\/wp\/v2\/media?parent=1135"}],"curies":[{"name":"wp","href":"https:\/\/api.w.org\/{rel}","templated":true}]}}