{"id":102,"date":"2013-08-11T19:22:53","date_gmt":"2013-08-11T19:22:53","guid":{"rendered":"http:\/\/localhost:8888\/test\/?page_id=532"},"modified":"2025-02-17T15:02:29","modified_gmt":"2025-02-17T14:02:29","slug":"kontakt","status":"publish","type":"page","link":"https:\/\/antcube.shop\/da\/kontakt\/","title":{"rendered":"Kontakt"},"content":{"rendered":"<div id=\"gap-1836132554\" class=\"gap-element clearfix\" style=\"display:block; height:auto;\">\n\t\t\n<style>\n#gap-1836132554 {\n  padding-top: 30px;\n}\n<\/style>\n\t<\/div>\n\t\n\n<div class=\"row\"  id=\"row-1814977681\">\n\n\n\t<div id=\"col-1038626185\" class=\"col medium-6 large-6\"  >\n\t\t\t\t<div class=\"col-inner\"  >\n\t\t\t\n\t\t\t\n\n<div class=\"container section-title-container\" ><h3 class=\"section-title section-title-normal\"><b aria-hidden=\"true\"><\/b><span class=\"section-title-main\" >Ofte stillede sp\u00f8rgsm\u00e5l<\/span><b aria-hidden=\"true\"><\/b><\/h3><\/div>\n\n<p class=\"lead\">L\u00e6s venligst vores <a href=\"https:\/\/antcube.shop\/faq-shop\/\">OFTE STILLEDE SP\u00d8RGSM\u00c5L<\/a> f\u00f8r du sender os en besked.<\/p>\n<div class=\"accordion\">\n\n\t<div id=\"accordion-4200392819\" class=\"accordion-item\">\n\t\t<a id=\"accordion-4200392819-label\" class=\"accordion-title plain\" href=\"#accordion-item-you-do-not-know-what-ant-species-to-keep-or-which-formicarium-you-should-use?\" aria-expanded=\"false\" aria-controls=\"accordion-4200392819-content\">\n\t\t\t<button class=\"toggle\" aria-label=\"Sl\u00e5 til\/fra\"><i class=\"icon-angle-down\" aria-hidden=\"true\"><\/i><\/button>\n\t\t\t<span>Du ved ikke, hvilke myrearter du skal holde, eller hvilket formicarium du skal bruge?<\/span>\n\t\t<\/a>\n\t\t<div id=\"accordion-4200392819-content\" class=\"accordion-inner\" aria-labelledby=\"accordion-4200392819-label\">\n\t\t\t\n\n<p>Pr\u00f8v vores \"Ant Finder\" eller \"Formicarium Finder\" - Vores online kundeservice<\/p>\n<p><a href=\"https:\/\/antcube.shop\/ant-finder\/\">Find din myreart<\/a><\/p>\n<p><a href=\"https:\/\/antcube.shop\/formicarium-finder\/\">Find dit formicarium<\/a><\/p>\n\n\t\t<\/div>\n\t<\/div>\n\t\n\t<div id=\"accordion-2915567727\" class=\"accordion-item\">\n\t\t<a id=\"accordion-2915567727-label\" class=\"accordion-title plain\" href=\"#accordion-item-what-are-the-delivery-times-and-charges-for-orders-from-the-online-shop?\" aria-expanded=\"false\" aria-controls=\"accordion-2915567727-content\">\n\t\t\t<button class=\"toggle\" aria-label=\"Sl\u00e5 til\/fra\"><i class=\"icon-angle-down\" aria-hidden=\"true\"><\/i><\/button>\n\t\t\t<span>Hvad er leveringstiden og -omkostningerne for ordrer fra onlinebutikken?<\/span>\n\t\t<\/a>\n\t\t<div id=\"accordion-2915567727-content\" class=\"accordion-inner\" aria-labelledby=\"accordion-2915567727-label\">\n\t\t\t\n\n<p>Du kan finde oplysninger om forventede leveringstider her:<\/p>\n<p><a href=\"https:\/\/antcube.shop\/delivery-times\/\">Leveringstider<\/a><\/p>\n<p>Hvis du vil vide mere om de ansl\u00e5ede forsendelsesomkostninger og leveringsrestriktioner, kan du se her:<\/p>\n<p><a href=\"https:\/\/antcube.shop\/shipping-costs-delivery-restrictions\/\">Forsendelsesomkostninger\/ leveringsrestriktioner<\/a><\/p>\n\n\t\t<\/div>\n\t<\/div>\n\t\n\t<div id=\"accordion-1687792806\" class=\"accordion-item\">\n\t\t<a id=\"accordion-1687792806-label\" class=\"accordion-title plain\" href=\"#accordion-item-you-have-questions-about-returns-or-refunds?\" aria-expanded=\"false\" aria-controls=\"accordion-1687792806-content\">\n\t\t\t<button class=\"toggle\" aria-label=\"Sl\u00e5 til\/fra\"><i class=\"icon-angle-down\" aria-hidden=\"true\"><\/i><\/button>\n\t\t\t<span>Har du sp\u00f8rgsm\u00e5l om returnering eller refundering?<\/span>\n\t\t<\/a>\n\t\t<div id=\"accordion-1687792806-content\" class=\"accordion-inner\" aria-labelledby=\"accordion-1687792806-label\">\n\t\t\t\n\n<p><a href=\"https:\/\/antcube.shop\/refund-policy\/\">Politik for tilbagebetaling<\/a><\/p>\n<p><a href=\"https:\/\/antcube.shop\/terms-and-conditions\/\">Vilk\u00e5r og betingelser<\/a><\/p>\n\n\t\t<\/div>\n\t<\/div>\n\t\n\t<div id=\"accordion-1194382745\" class=\"accordion-item\">\n\t\t<a id=\"accordion-1194382745-label\" class=\"accordion-title plain\" href=\"#accordion-item-which-payment-methods-are-accepted-in-the-online-shop?\" aria-expanded=\"false\" aria-controls=\"accordion-1194382745-content\">\n\t\t\t<button class=\"toggle\" aria-label=\"Sl\u00e5 til\/fra\"><i class=\"icon-angle-down\" aria-hidden=\"true\"><\/i><\/button>\n\t\t\t<span>Hvilke betalingsmetoder accepteres i onlinebutikken?<\/span>\n\t\t<\/a>\n\t\t<div id=\"accordion-1194382745-content\" class=\"accordion-inner\" aria-labelledby=\"accordion-1194382745-label\">\n\t\t\t\n\n<p>Du kan finde en oversigt over vores accepterede betalingsmetoder her:<\/p>\n<p><a href=\"https:\/\/antcube.shop\/payment-methods\/\">Betalingsmetoder<\/a><\/p>\n\n\t\t<\/div>\n\t<\/div>\n\t\n\t<div id=\"accordion-4225246966\" class=\"accordion-item\">\n\t\t<a id=\"accordion-4225246966-label\" class=\"accordion-title plain\" href=\"#accordion-item-you-are-looking-for-user-manuals-for-your-starter-set?\" aria-expanded=\"false\" aria-controls=\"accordion-4225246966-content\">\n\t\t\t<button class=\"toggle\" aria-label=\"Sl\u00e5 til\/fra\"><i class=\"icon-angle-down\" aria-hidden=\"true\"><\/i><\/button>\n\t\t\t<span>Du leder efter brugervejledninger til dit starts\u00e6t?<\/span>\n\t\t<\/a>\n\t\t<div id=\"accordion-4225246966-content\" class=\"accordion-inner\" aria-labelledby=\"accordion-4225246966-label\">\n\t\t\t\n\n<p>Find PDF-brugervejledninger til udskrivning eller download her:<\/p>\n<p><a href=\"https:\/\/antcube.shop\/download\/\">Download<\/a><\/p>\n\n\t\t<\/div>\n\t<\/div>\n\t\n\t<div id=\"accordion-2056219120\" class=\"accordion-item\">\n\t\t<a id=\"accordion-2056219120-label\" class=\"accordion-title plain\" href=\"#accordion-item-you-need-more-information-about-certain-ant-species-or-ant-keeping-in-general?\" aria-expanded=\"false\" aria-controls=\"accordion-2056219120-content\">\n\t\t\t<button class=\"toggle\" aria-label=\"Sl\u00e5 til\/fra\"><i class=\"icon-angle-down\" aria-hidden=\"true\"><\/i><\/button>\n\t\t\t<span>Har du brug for flere oplysninger om visse myrearter eller om myrehold generelt?<\/span>\n\t\t<\/a>\n\t\t<div id=\"accordion-2056219120-content\" class=\"accordion-inner\" aria-labelledby=\"accordion-2056219120-label\">\n\t\t\t\n\n<p>Her kan du finde ofte stillede sp\u00f8rgsm\u00e5l om myrer og myrehold her:<\/p>\n<p><a href=\"https:\/\/antcube.shop\/faq-ants\/\">Ofte stillede sp\u00f8rgsm\u00e5l om myrer<\/a><\/p>\n<p><a href=\"https:\/\/antcube.shop\/catching-queen-ants\/\">S\u00e5dan fanger du din myredronning<\/a><\/p>\n<p><a href=\"https:\/\/antcube.shop\/ant-species\/\">F\u00e5 mere at vide om myrer<\/a><\/p>\n<p><a href=\"https:\/\/antcube.shop\/social-media\/\">Tjek vores YouTube-kanaler, hvor du kan finde nyttige tips og oplysninger.<\/a><\/p>\n\n\t\t<\/div>\n\t<\/div>\n\t\n\t<div id=\"accordion-3389871750\" class=\"accordion-item\">\n\t\t<a id=\"accordion-3389871750-label\" class=\"accordion-title plain\" href=\"#accordion-item-you-have-questions-about-our-products?\" aria-expanded=\"false\" aria-controls=\"accordion-3389871750-content\">\n\t\t\t<button class=\"toggle\" aria-label=\"Sl\u00e5 til\/fra\"><i class=\"icon-angle-down\" aria-hidden=\"true\"><\/i><\/button>\n\t\t\t<span>Har du sp\u00f8rgsm\u00e5l om vores produkter?<\/span>\n\t\t<\/a>\n\t\t<div id=\"accordion-3389871750-content\" class=\"accordion-inner\" aria-labelledby=\"accordion-3389871750-label\">\n\t\t\t\n\n<p>Hvis du har sp\u00f8rgsm\u00e5l om vores produkter, bedes du f\u00f8rst kigge i den respektive produktbeskrivelse i vores shop.<\/p>\n<p>Ellers kan du finde flere oplysninger her:<\/p>\n<p><a href=\"https:\/\/antcube.shop\/product-information\/\">Produktinformation<\/a><\/p>\n\n\t\t<\/div>\n\t<\/div>\n\t\n\n<\/div>\n\t<div id=\"gap-1921121997\" class=\"gap-element clearfix\" style=\"display:block; height:auto;\">\n\t\t\n<style>\n#gap-1921121997 {\n  padding-top: 60px;\n}\n<\/style>\n\t<\/div>\n\t\n\n\t<div class=\"img has-hover x md-x lg-x y md-y lg-y\" id=\"image_111016606\">\n\t\t\t\t\t\t\t\t<div class=\"img-inner dark\" >\n\t\t\t<img data-recalc-dims=\"1\" loading=\"lazy\" decoding=\"async\" width=\"900\" height=\"900\" src=\"https:\/\/i0.wp.com\/antcube.shop\/wp-content\/uploads\/2021\/09\/Firmeneingang.jpg?resize=900%2C900&#038;ssl=1\" class=\"attachment-original size-original\" alt=\"ANTSTORE-indgang\" srcset=\"https:\/\/i0.wp.com\/antcube.shop\/wp-content\/uploads\/2021\/09\/Firmeneingang.jpg?w=900&amp;ssl=1 900w, https:\/\/i0.wp.com\/antcube.shop\/wp-content\/uploads\/2021\/09\/Firmeneingang.jpg?resize=247%2C247&amp;ssl=1 247w, https:\/\/i0.wp.com\/antcube.shop\/wp-content\/uploads\/2021\/09\/Firmeneingang.jpg?resize=100%2C100&amp;ssl=1 100w, https:\/\/i0.wp.com\/antcube.shop\/wp-content\/uploads\/2021\/09\/Firmeneingang.jpg?resize=510%2C510&amp;ssl=1 510w, https:\/\/i0.wp.com\/antcube.shop\/wp-content\/uploads\/2021\/09\/Firmeneingang.jpg?resize=400%2C400&amp;ssl=1 400w, https:\/\/i0.wp.com\/antcube.shop\/wp-content\/uploads\/2021\/09\/Firmeneingang.jpg?resize=800%2C800&amp;ssl=1 800w, https:\/\/i0.wp.com\/antcube.shop\/wp-content\/uploads\/2021\/09\/Firmeneingang.jpg?resize=280%2C280&amp;ssl=1 280w, https:\/\/i0.wp.com\/antcube.shop\/wp-content\/uploads\/2021\/09\/Firmeneingang.jpg?resize=768%2C768&amp;ssl=1 768w\" sizes=\"auto, (max-width: 900px) 100vw, 900px\" \/>\t\t\t\t\t\t\n\t\t\t\t\t<\/div>\n\t\t\t\t\t\t\t\t\n<style>\n#image_111016606 {\n  width: 100%;\n}\n<\/style>\n\t<\/div>\n\t\n\n\n\t\t<\/div>\n\t\t\t\t\t<\/div>\n\n\t\n\n\t<div id=\"col-837856676\" class=\"col medium-6 large-6\"  >\n\t\t\t\t<div class=\"col-inner\"  >\n\t\t\t\n\t\t\t\n\n<div class=\"container section-title-container\" ><h3 class=\"section-title section-title-normal\"><b aria-hidden=\"true\"><\/b><span class=\"section-title-main\" >Kontakt os<\/span><b aria-hidden=\"true\"><\/b><\/h3><\/div>\n\n<ul>\n<li><strong>E-mail<\/strong>: contact@antcube.de<\/li>\n<li><strong>Telefon<\/strong>: <a href=\"tel:+49 30 439703870\">+49 30 439703870<\/a><\/li>\n<\/ul>\n<p><strong>Arbejdstid <\/strong>(UTC\/GMT +1):<\/p>\n<ul>\n<li>Tirsdag til fredag fra 10:00 - 12:00 og 13:00 - 18:00<\/li>\n<\/ul>\n<div class=\"container section-title-container\" ><h3 class=\"section-title section-title-normal\"><b aria-hidden=\"true\"><\/b><span class=\"section-title-main\" >Bes\u00f8g vores butik<\/span><b aria-hidden=\"true\"><\/b><\/h3><\/div>\n\n<p><strong>Adresse:<\/strong><\/p>\n<ul>\n<li>Gade: Selerweg 41<\/li>\n<li>Postnummer: D - 12169<\/li>\n<li>By: Berlin<\/li>\n<li>Land: Tyskland<\/li>\n<li>Distrikt: Steglitz-Zehlendorf<\/li>\n<\/ul>\n<p><strong>\u00c5bningstider<\/strong> (UTC\/GMT +1)<\/p>\n<ul>\n<li>Tirsdag til fredag kl. 13:00 - 18:00<\/li>\n<\/ul>\n<p><iframe loading=\"lazy\" style=\"border: 0;\" src=\"https:\/\/www.google.com\/maps\/embed?pb=!1m18!1m12!1m3!1d2431.3708399886823!2d13.335121715997175!3d52.454311048847416!2m3!1f0!2f0!3f0!3m2!1i1024!2i768!4f13.1!3m3!1m2!1s0x47a85a9242e5bc07%3A0xc44ee1d5a0728440!2sANTSTORE!5e0!3m2!1sde!2sde!4v1632470583913!5m2!1sde!2sde\" width=\"600\" height=\"450\" allowfullscreen=\"allowfullscreen\"><\/iframe><\/p>\n\n\t\t<\/div>\n\t\t\t\t\t<\/div>\n\n\t\n\n<\/div>","protected":false},"excerpt":{"rendered":"","protected":false},"author":1,"featured_media":27,"parent":0,"menu_order":0,"comment_status":"closed","ping_status":"closed","template":"page-blank.php","meta":{"_acf_changed":false,"content-type":"","_monsterinsights_skip_tracking":false,"_monsterinsights_sitenote_active":false,"_monsterinsights_sitenote_note":"","_monsterinsights_sitenote_category":0,"footnotes":""},"class_list":["post-102","page","type-page","status-publish","has-post-thumbnail","hentry"],"acf":[],"aioseo_notices":[],"jetpack_sharing_enabled":true,"_links":{"self":[{"href":"https:\/\/antcube.shop\/da\/wp-json\/wp\/v2\/pages\/102","targetHints":{"allow":["GET"]}}],"collection":[{"href":"https:\/\/antcube.shop\/da\/wp-json\/wp\/v2\/pages"}],"about":[{"href":"https:\/\/antcube.shop\/da\/wp-json\/wp\/v2\/types\/page"}],"author":[{"embeddable":true,"href":"https:\/\/antcube.shop\/da\/wp-json\/wp\/v2\/users\/1"}],"replies":[{"embeddable":true,"href":"https:\/\/antcube.shop\/da\/wp-json\/wp\/v2\/comments?post=102"}],"version-history":[{"count":10,"href":"https:\/\/antcube.shop\/da\/wp-json\/wp\/v2\/pages\/102\/revisions"}],"predecessor-version":[{"id":11083,"href":"https:\/\/antcube.shop\/da\/wp-json\/wp\/v2\/pages\/102\/revisions\/11083"}],"wp:featuredmedia":[{"embeddable":true,"href":"https:\/\/antcube.shop\/da\/wp-json\/wp\/v2\/media\/27"}],"wp:attachment":[{"href":"https:\/\/antcube.shop\/da\/wp-json\/wp\/v2\/media?parent=102"}],"curies":[{"name":"wp","href":"https:\/\/api.w.org\/{rel}","templated":true}]}}