{"id":9887,"date":"2024-10-08T15:19:57","date_gmt":"2024-10-08T13:19:57","guid":{"rendered":"https:\/\/antcube.shop\/en\/product\/ameisenarena-rahmen-60x30-5cm\/"},"modified":"2026-04-05T20:47:18","modified_gmt":"2026-04-05T18:47:18","slug":"mraveniste-ram-60x30-5cm","status":"publish","type":"product","link":"https:\/\/antcube.shop\/cs\/produkt\/mraveniste-ram-60x30-5cm\/","title":{"rendered":"R\u00e1m mraveni\u0161t\u011b 60\u00d730 - 5 cm"},"content":{"rendered":"<p><strong>Rozm\u011bry (Dx\u0160xV):<\/strong> 60x30x0,4 cm<br \/>\n\u0161\u00ed\u0159ka 5 cm<\/p>\n<p><span data-text-color=\"alert\"><strong>UPOZORN\u011aN\u00cd: Vhodn\u00e9 pouze pro na\u0161e kryty na sklo+m\u0159\u00ed\u017eku 60\u00d730!<\/strong><\/span><\/p>\n<p><strong>Materi\u00e1l:<\/strong> Plovouc\u00ed sklo<\/p>\n<p><strong>Barva:<\/strong> k\u0159i\u0161\u0165\u00e1lov\u011b \u010dist\u00fd \/ pr\u016fhledn\u00fd<\/p>\n<p><strong>Obsah:<\/strong><br \/>\n1x r\u00e1m mraveni\u0161t\u011b<\/p>\n<p><strong>Popis:<\/strong><br \/>\nSklen\u011bn\u00fd r\u00e1m mraveni\u0161t\u011b jako ochrana proti \u00faniku<\/p>\n<p><strong>Pou\u017eit\u00ed:<\/strong><br \/>\nR\u00e1m mraveni\u0161t\u011b je sklen\u011bn\u00fd r\u00e1m, kter\u00fd se um\u00edst\u00ed na mraveni\u0161t\u011b a na spodn\u00ed stran\u011b se opat\u0159\u00ed ochranou proti \u00faniku (olejem, pr\u00e1\u0161kem nebo barvou), aby se zabr\u00e1nilo \u00faniku mravenc\u016f.<\/p>\n<p><strong>Pozn\u00e1mka:<\/strong><br \/>\nJeliko\u017e je p\u0159edm\u011bt vyroben ze skla, a je tedy k\u0159ehk\u00fd, je t\u0159eba s n\u00edm zach\u00e1zet velmi opatrn\u011b. Sklo je brou\u0161eno na m\u00edru podle normy DIN 1249 s toleranc\u00ed +\/- 1 mm. U extr\u00e9mn\u011b mal\u00fdch druh\u016f mravenc\u016f je nezbytn\u00e1 dodate\u010dn\u00e1 ochrana proti rozbit\u00ed.<\/p>","protected":false},"excerpt":{"rendered":"<p>Rozm\u011bry (Dx\u0160xV): 60x30x0,4 cm \u0161\u00ed\u0159ka 5 cm POZOR: Vhodn\u00e9 pouze pro na\u0161e kryty na sklo+m\u0159\u00ed\u017eku 60x30! Materi\u00e1l: Materi\u00e1l: sklo Float Barva: k\u0159i\u0161\u0165\u00e1lov\u011b \u010dir\u00e1 \/ pr\u016fhledn\u00e1 Obsah: Popis: 1x r\u00e1me\u010dek na mraveni\u0161t\u011b: Sklen\u011bn\u00fd r\u00e1me\u010dek pro mraveni\u0161t\u011b jako ochrana proti \u00faniku Pou\u017eit\u00ed: Sklen\u011bn\u00fd r\u00e1me\u010dek pro mraveni\u0161t\u011b, kter\u00fd je vyroben ze skla o rozm\u011brech 30 x 30 cm: R\u00e1m mraveni\u0161t\u011b je sklen\u011bn\u00fd r\u00e1m, kter\u00fd se um\u00edst\u00ed na vrchol mraveni\u0161t\u011b a slou\u017e\u00ed jako \u00fanikov\u00e1 ochrana.","protected":false},"featured_media":10125,"comment_status":"open","ping_status":"closed","template":"","meta":{"_acf_changed":false,"content-type":"","_monsterinsights_skip_tracking":false,"_monsterinsights_sitenote_active":false,"_monsterinsights_sitenote_note":"","_monsterinsights_sitenote_category":0},"product_brand":[484],"product_cat":[91,93],"product_tag":[],"class_list":{"0":"post-9887","1":"product","2":"type-product","3":"status-publish","4":"has-post-thumbnail","6":"product_brand-antcube","7":"product_cat-formicarium-modules","8":"product_cat-arena-frame","10":"first","11":"instock","12":"taxable","13":"shipping-taxable","14":"purchasable","15":"product-type-simple"},"acf":[],"aioseo_notices":[],"jetpack_sharing_enabled":true,"_links":{"self":[{"href":"https:\/\/antcube.shop\/cs\/wp-json\/wp\/v2\/product\/9887","targetHints":{"allow":["GET"]}}],"collection":[{"href":"https:\/\/antcube.shop\/cs\/wp-json\/wp\/v2\/product"}],"about":[{"href":"https:\/\/antcube.shop\/cs\/wp-json\/wp\/v2\/types\/product"}],"replies":[{"embeddable":true,"href":"https:\/\/antcube.shop\/cs\/wp-json\/wp\/v2\/comments?post=9887"}],"wp:featuredmedia":[{"embeddable":true,"href":"https:\/\/antcube.shop\/cs\/wp-json\/wp\/v2\/media\/10125"}],"wp:attachment":[{"href":"https:\/\/antcube.shop\/cs\/wp-json\/wp\/v2\/media?parent=9887"}],"wp:term":[{"taxonomy":"product_brand","embeddable":true,"href":"https:\/\/antcube.shop\/cs\/wp-json\/wp\/v2\/product_brand?post=9887"},{"taxonomy":"product_cat","embeddable":true,"href":"https:\/\/antcube.shop\/cs\/wp-json\/wp\/v2\/product_cat?post=9887"},{"taxonomy":"product_tag","embeddable":true,"href":"https:\/\/antcube.shop\/cs\/wp-json\/wp\/v2\/product_tag?post=9887"}],"curies":[{"name":"wp","href":"https:\/\/api.w.org\/{rel}","templated":true}]}}