{"id":9884,"date":"2024-10-08T15:18:28","date_gmt":"2024-10-08T13:18:28","guid":{"rendered":"https:\/\/antcube.shop\/en\/product\/abdeckung-hybrid-60x30\/"},"modified":"2026-04-14T10:19:10","modified_gmt":"2026-04-14T08:19:10","slug":"hybridni-kryt-60x30","status":"publish","type":"product","link":"https:\/\/antcube.shop\/cs\/produkt\/hybridni-kryt-60x30\/","title":{"rendered":"Hybridn\u00ed kryt 60\u00d730"},"content":{"rendered":"<p>Sklo bezpe\u010dn\u00e9 pro mravence a drozofily + kryt z nerezov\u00e9 oceli. Jemnou s\u00ed\u0165kou z nerezov\u00e9 oceli neproniknou ani ty nejmen\u0161\u00ed druhy mravenc\u016f a nepro\u0159\u00edznou ji ani listono\u0161i.<\/p>\n<p><strong>Rozm\u011bry (Dx\u0160xV):<\/strong> 60x30x0,4 cm<br \/>\n<strong>P\u0159ipojen\u00ed:<\/strong> 3x 50mm otvor<br \/>\nV\u011btrac\u00ed plocha 11,7 \u00d7 47,5 cm<\/p>\n<p><strong>Materi\u00e1l:<\/strong> plaven\u00e9 sklo, m\u0159\u00ed\u017eka z nerezov\u00e9 oceli<\/p>\n<p><strong>Barva:<\/strong> k\u0159i\u0161\u0165\u00e1lov\u011b \u010dist\u00fd \/ pr\u016fhledn\u00fd<\/p>\n<p><strong>Obsah:<\/strong><br \/>\n1x potah hybridn\u00ed 60\u00d730<br \/>\n1x upev\u0148ovac\u00ed body \u00e0 4 ks.<\/p>\n<p><strong>Popis:<\/strong><br \/>\nSklen\u011bn\u00fd kryt mraveni\u0161t\u011b jako ochrana proti \u00faniku<\/p>\n<p><strong>Pou\u017eit\u00ed:<\/strong><br \/>\nSklen\u011bn\u00fd kryt mraveni\u0161t\u011b je um\u00edst\u011bn na mraveni\u0161ti a slou\u017e\u00ed tak\u00e9 k regulaci klimatu.<br \/>\nDo 50mm otvor\u016f lze vlo\u017eit r\u016fzn\u00e9 moduly pro regulaci klimatu, nap\u0159. v\u011btrac\u00ed m\u0159\u00ed\u017eky, osv\u011btlen\u00ed nebo zvlh\u010dov\u00e1n\u00ed.<br \/>\nAby se zabr\u00e1nilo \u00faniku mravenc\u016f otvory, m\u011bla by b\u00fdt na spodn\u00ed stranu kolem otvor\u016f nanesena ochrana proti \u00faniku (olej, pr\u00e1\u0161ek nebo lak).<\/p>\n<p><strong>Pozn\u00e1mka:<\/strong><br \/>\nJeliko\u017e je p\u0159edm\u011bt vyroben ze skla, a je tedy k\u0159ehk\u00fd, je t\u0159eba s n\u00edm zach\u00e1zet velmi opatrn\u011b.<\/p>","protected":false},"excerpt":{"rendered":"<p>Sklo bezpe\u010dn\u00e9 pro mravence a drozofily + kryt z nerezov\u00e9 oceli. Jemnou s\u00ed\u0165kou z nerezov\u00e9 oceli neproniknou ani ty nejmen\u0161\u00ed druhy mravenc\u016f a nepro\u0159\u00edznou ji ani listono\u0161i. Rozm\u011bry (Dx\u0160xV): 60x30x0,4 cm P\u0159ipojen\u00ed: Materi\u00e1l: plaven\u00e9 sklo, m\u0159\u00ed\u017eka z nerezov\u00e9 oceli Barva: k\u0159i\u0161\u0165\u00e1lov\u011b \u010dir\u00e1 \/ pr\u016fhledn\u00e1 Obsah: 3x 50mm otvor 11,7x 47,5 cm v\u011btrac\u00ed plocha:","protected":false},"featured_media":9891,"comment_status":"open","ping_status":"closed","template":"","meta":{"_acf_changed":false,"content-type":"","_monsterinsights_skip_tracking":false,"_monsterinsights_sitenote_active":false,"_monsterinsights_sitenote_note":"","_monsterinsights_sitenote_category":0},"product_brand":[484],"product_cat":[257,91,92],"product_tag":[],"class_list":{"0":"post-9884","1":"product","2":"type-product","3":"status-publish","4":"has-post-thumbnail","6":"product_brand-antcube","7":"product_cat-new-innovatve-products","8":"product_cat-formicarium-modules","9":"product_cat-arena-cover","11":"first","12":"instock","13":"taxable","14":"shipping-taxable","15":"purchasable","16":"product-type-simple"},"acf":[],"aioseo_notices":[],"jetpack_sharing_enabled":true,"_links":{"self":[{"href":"https:\/\/antcube.shop\/cs\/wp-json\/wp\/v2\/product\/9884","targetHints":{"allow":["GET"]}}],"collection":[{"href":"https:\/\/antcube.shop\/cs\/wp-json\/wp\/v2\/product"}],"about":[{"href":"https:\/\/antcube.shop\/cs\/wp-json\/wp\/v2\/types\/product"}],"replies":[{"embeddable":true,"href":"https:\/\/antcube.shop\/cs\/wp-json\/wp\/v2\/comments?post=9884"}],"wp:featuredmedia":[{"embeddable":true,"href":"https:\/\/antcube.shop\/cs\/wp-json\/wp\/v2\/media\/9891"}],"wp:attachment":[{"href":"https:\/\/antcube.shop\/cs\/wp-json\/wp\/v2\/media?parent=9884"}],"wp:term":[{"taxonomy":"product_brand","embeddable":true,"href":"https:\/\/antcube.shop\/cs\/wp-json\/wp\/v2\/product_brand?post=9884"},{"taxonomy":"product_cat","embeddable":true,"href":"https:\/\/antcube.shop\/cs\/wp-json\/wp\/v2\/product_cat?post=9884"},{"taxonomy":"product_tag","embeddable":true,"href":"https:\/\/antcube.shop\/cs\/wp-json\/wp\/v2\/product_tag?post=9884"}],"curies":[{"name":"wp","href":"https:\/\/api.w.org\/{rel}","templated":true}]}}