{"id":9877,"date":"2024-10-08T15:13:28","date_gmt":"2024-10-08T13:13:28","guid":{"rendered":"https:\/\/antcube.shop\/en\/product\/plantcube-vivarium-tower-conservatorium\/"},"modified":"2026-03-24T13:20:57","modified_gmt":"2026-03-24T12:20:57","slug":"plantcube-vivarium-konzervatorium-svazek","status":"publish","type":"product","link":"https:\/\/antcube.shop\/cs\/produkt\/plantcube-vivarium-konzervatorium-svazek\/","title":{"rendered":"PLANTCUBE - Viv\u00e1rium 30x30x60 Conservatorium Bundle"},"content":{"rendered":"<p><span data-text-color=\"alert\"><strong>Doprava mo\u017en\u00e1 pouze p\u0159es GO! v N\u011bmecku nebo p\u0159es paletu v Evrop\u011b (bez ostrov\u016f)<\/strong><\/span><\/p>\n<p><strong>PO\u0158I\u010eTE SI KOUSEK P\u0158\u00cdRODY DO SV\u00c9HO DOMOVA<\/strong><\/p>\n<p><strong>Obsah:<\/strong><br \/>\n1x Viv\u00e1rium PLANTCUBE 30x30x60 Conservatorium<br \/>\n1x kryt hybridn\u00ed 30\u00d730 (2x otvor 50 mm)<br \/>\n1x podlo\u017eka 30\u00d730<br \/>\n4x Grid insert acrylic &#8211; 50 mm with sealing ring<br \/>\n2x z\u00e1tka pro 10mm otvor<br \/>\n1x upev\u0148ovac\u00ed podlo\u017eky pro kryt (4 ks)<\/p>\n<p>Sklen\u011bn\u00e1 krychle n\u00e1dr\u017ee 30x30x30 cm s 2x bo\u010dn\u00edm 50mm otvorem a 2x bo\u010dn\u00edm 10mm otvorem<br \/>\nOtvor 50 mm (st\u0159edov\u00fd bod) je ve v\u00fd\u0161ce 15 cm. Spodn\u00ed okraj otvoru je ve v\u00fd\u0161ce ~12,5 cm.<\/p>\n<p><strong>Rozm\u011bry:<\/strong> 300 x 300 x 600 mm; tlou\u0161\u0165ka skla 4 mm<\/p>\n<p><strong>Materi\u00e1l:<\/strong> floatov\u00e9 sklo<\/p>\n<p><strong>Bo\u010dn\u00ed otvory:<\/strong><br \/>\n2x otvor 50 mm<br \/>\n2x otvor 10 mm<\/p>\n<p>S na\u0161imi viv\u00e1rii PLANTCUBE si m\u016f\u017eete navrhnout vlastn\u00ed \u017eiv\u00e9 um\u011bleck\u00e9 d\u00edlo do ob\u00fdvac\u00edho pokoje. V PLANTCUBE m\u016f\u017eete chovat i drobn\u00e1 zv\u00ed\u0159ata, tak\u017ee va\u0161\u00ed kreativit\u011b se meze nekladou.<\/p>\n<p><strong>P\u0159izp\u016fsobte si PLANTCUBE sv\u00fdm pot\u0159eb\u00e1m nebo pot\u0159eb\u00e1m sv\u00fdch rostlin a zv\u00ed\u0159at:<\/strong><br \/>\nDva 10mm otvory na boku, um\u00edst\u011bn\u00e9 ve v\u00fd\u0161ce 2 cm (uprost\u0159ed) od dna, slou\u017e\u00ed k odtoku p\u0159ebyte\u010dn\u00e9 vody. K vypou\u0161t\u011bn\u00ed vody m\u016f\u017eete pou\u017e\u00edt nap\u0159\u00edklad na\u0161i pr\u016fhlednou hadici 10\/06 mm. Dva otvory o pr\u016fm\u011bru 50 mm lze bu\u010f uzav\u0159\u00edt pomoc\u00ed p\u0159ilo\u017een\u00fdch z\u00e1tek, nebo slou\u017e\u00ed jako dodate\u010dn\u00e9 v\u011btr\u00e1n\u00ed, pokud jsou vybaveny m\u0159\u00ed\u017ekov\u00fdmi vlo\u017ekami. M\u016f\u017eete zde dokonce propojit dv\u011b sestavy prost\u0159ednictv\u00edm akryl\u00e1tov\u00e9 trubky. Pokud tedy chov\u00e1te zv\u00ed\u0159ata uvnit\u0159 viv\u00e1ria, mohou voln\u011b p\u0159ech\u00e1zet z jedn\u00e9 sestavy do druh\u00e9.<\/p>\n<p>S na\u0161imi vhodn\u00fdmi r\u00e1my, m\u0159\u00ed\u017ekov\u00fdmi vlo\u017ekami nebo z\u00e1tkami, lampami a klimatiza\u010dn\u00edmi jednotkami lze kryt viv\u00e1ria flexibiln\u011b p\u0159izp\u016fsobit. Na\u0161e kryty lze prost\u0159ednictv\u00edm dvou 50mm otvor\u016f vybavit z\u00e1tkami nebo m\u0159\u00ed\u017ekov\u00fdmi vlo\u017ekami pro dosa\u017een\u00ed po\u017eadovan\u00e9 vlhkosti nebo siln\u011bj\u0161\u00edho v\u011btr\u00e1n\u00ed. Krom\u011b toho lze p\u0159\u00edmo do 50mm otvor\u016f zapojit tak\u00e9 z\u00e1suvky pro lampy, ventil\u00e1tory nebo mlhova\u010de.<\/p>\n<p>Na\u0161e r\u00e1my jsou pot\u0159eba pouze p\u0159i chovu mravenc\u016f. Dodate\u010dn\u011b zaji\u0161\u0165uj\u00ed viv\u00e1rium (pokud je pota\u017eeno prost\u0159edkem zabra\u0148uj\u00edc\u00edm \u00faniku), aby se zabr\u00e1nilo \u00faniku zv\u00ed\u0159at, a p\u0159edev\u0161\u00edm zjednodu\u0161uj\u00ed \u00fadr\u017ebu v otev\u0159en\u00e9m viv\u00e1riu. P\u0159i pou\u017eit\u00ed r\u00e1me\u010dku lze nav\u00edc v p\u0159\u00edpad\u011b pot\u0159eby kryt odlo\u017eit.<\/p>\n<p><strong>Jak prom\u011bnit PLANTCUBE v bioaktivn\u00ed ekosyst\u00e9m?:<\/strong><br \/>\n<strong>Vytvo\u0159te dren\u00e1\u017en\u00ed vrstvu:<\/strong><br \/>\nAbyste podpo\u0159ili rostliny, m\u011bli byste uvnit\u0159 viv\u00e1ria nejprve vytvo\u0159it dren\u00e1\u017en\u00ed vrstvu. Doporu\u010dujeme pou\u017e\u00edt 2-3 cm hlin\u011bn\u00fdch granul\u00ed (4-8 mm), proto\u017ee jsou lehk\u00e9. P\u0159ed vlo\u017een\u00edm je nezapome\u0148te om\u00fdt pod tekouc\u00ed vodou, abyste je zbavili prachu.<\/p>\n<p>Na hlin\u011bn\u00fd granul\u00e1t m\u016f\u017eete polo\u017eit dren\u00e1\u017en\u00ed rouno, kter\u00e9 odd\u011bl\u00ed dren\u00e1\u017e od substr\u00e1tu.<\/p>\n<p><strong>Jak\u00e9 rostliny a p\u016fdu pou\u017e\u00edt:<\/strong><br \/>\nTo v\u0161e z\u00e1vis\u00ed na typu ekosyst\u00e9mu, kter\u00fd chcete vytvo\u0159it. Pokud chcete vybudovat pou\u0161tn\u00ed nebo sp\u00ed\u0161e such\u00e9 viv\u00e1rium, budete pot\u0159ebovat rostliny, kter\u00fdm se v takov\u00e9m klimatu da\u0159\u00ed, a pou\u017eijete vhodnou p\u016fdu, ve kter\u00e9 r\u00e1dy rostou. U tropick\u00fdch viv\u00e1ri\u00ed je to samoz\u0159ejm\u011b stejn\u00e9. Sna\u017ete se pou\u017e\u00edt rostliny z podobn\u00fdch oblast\u00ed a\/nebo podneb\u00ed, aby se jim v\u0161em da\u0159ilo ve stejn\u00e9m typu p\u016fdy a podneb\u00ed. Dobr\u00fd obchod s rostlinami by m\u011bl m\u00edt v\u017edy informace o odpov\u00eddaj\u00edc\u00edm klimatu a p\u016fd\u011b pro rostliny, kter\u00e9 prod\u00e1v\u00e1.<\/p>\n<p><strong>D\u016fle\u017eit\u00e9:<\/strong> Pokud chcete chovat rostliny a zv\u00ed\u0159ata spole\u010dn\u011b, nikdy nepou\u017e\u00edvejte rostliny, u kter\u00fdch nev\u00edte, zda nep\u0159i\u0161ly do styku s hnojivy nebo pesticidy. Pou\u017e\u00edvejte pouze rostliny z teraristick\u00fdch nebo podobn\u00fdch obchod\u016f, u kter\u00fdch je zaru\u010deno, \u017ee jsou zcela bez pesticid\u016f a hnojiv. Ty jinak mohou v\u00e9st k \u00fahynu va\u0161ich zv\u00ed\u0159at.<\/p>\n<p><strong>Zave\u010fte \"\u00faklidovou \u010detu\", aby va\u0161e viv\u00e1rium bylo bioaktivn\u00ed.<\/strong><br \/>\nCo je bioaktivn\u00ed? To je nejbl\u00ed\u017ee k sob\u011bsta\u010dn\u00e9mu nastaven\u00ed. Jde o p\u0159id\u00e1n\u00ed vhodn\u00e9 p\u016fdn\u00ed sm\u011bsi a organick\u00e9ho materi\u00e1lu pro tvorbu mikrofl\u00f3ry a pot\u0159ebn\u00e9 mikrofauny, aby se ve va\u0161em viv\u00e1riu vytvo\u0159il kolob\u011bh \u017eivin.<\/p>\n<p>N\u00e1\u0161 tip: V\u017edy p\u0159id\u00e1vejte drobn\u00e9 \u017eivo\u010dichy, jako jsou pru\u017einovky a izopodi. Nejen\u017ee jsou samy o sob\u011b dobr\u00fdm \"nekone\u010dn\u00fdm\" zdrojem potravy, pokud chcete ve sv\u00e9m viv\u00e1riu chovat dal\u0161\u00ed \u017eivo\u010dichy. \u017div\u00ed se zejm\u00e9na pl\u00edsn\u011bmi, kter\u00e9 se mohou tvo\u0159it v d\u016fsledku vysok\u00e9 vlhkosti, a obohacuj\u00ed p\u016fdu o \u017eiviny, kter\u00e9 n\u00e1sledn\u011b umo\u017e\u0148uj\u00ed zdrav\u00fd r\u016fst rostlin.<\/p>\n<p>P\u0159idejte do p\u016fdy trochu d\u0159ev\u011bn\u00e9ho uhl\u00ed, kter\u00e9 pom\u00e1h\u00e1 mikrob\u016fm kolonizovat p\u016fdu. Mech a k\u016fra z korku nebo b\u00edl\u00e9 ztrouchniv\u011bl\u00e9 d\u0159evo vedle list\u00ed nejen\u017ee vypadaj\u00ed ve va\u0161\u00ed sestav\u011b p\u0159irozen\u011b, ale tak\u00e9 slou\u017e\u00ed jako potrava pro va\u0161i \"\u00faklidovou \u010detu\", poskytuj\u00ed jim \u00fakryt a m\u00edsta k rozmno\u017eov\u00e1n\u00ed a snadno se rozkl\u00e1daj\u00ed na \u017eiviny pro va\u0161e rostliny.<\/p>\n<p><strong>V p\u0159\u00edrod\u011b je v\u0161e o rovnov\u00e1ze<\/strong><br \/>\nNedoporu\u010duje se v\u0161ak pou\u017e\u00edvat n\u011bkter\u00e9 druhy izopod\u016f bez p\u0159id\u00e1n\u00ed n\u011b\u010deho, co je lov\u00ed, proto\u017ee populace izopod\u016f bez pred\u00e1tor\u016f, jako jsou nap\u0159\u00edklad mravenci, se r\u00e1da vymkne kontrole a rostliny ve va\u0161em viv\u00e1riu se pak rychle stanou ne\u017e\u00e1douc\u00edm zdrojem potravy. V p\u0159\u00edrod\u011b je v\u0161e o rovnov\u00e1ze.<\/p>\n<p><strong>Dal\u0161\u00ed informace:<\/strong><br \/>\nSklo je brou\u0161eno podle normy DIN 1249 s toleranc\u00ed +\/- 1 mm. U extr\u00e9mn\u011b mal\u00fdch druh\u016f mravenc\u016f je nezbytn\u00e1 dodate\u010dn\u00e1 ochrana proti vylomen\u00ed.<\/p>\n<div class=\"row\"  id=\"row-1025339037\">\n\n\t<div id=\"col-1403724547\" class=\"col small-12 large-12\"  >\n\t\t\t\t<div class=\"col-inner\"  >\n\t\t\t\n\t\t\t\n\t<div id=\"text-2733357696\" class=\"text\">\n\t\t\n<h2>N\u00ed\u017ee najdete n\u011bkolik obchod\u016f, kter\u00e9 v\u00e1m m\u016f\u017eeme doporu\u010dit, a dal\u0161\u00ed informace o tom, jak si vytvo\u0159it jedine\u010dnou a bioaktivn\u00ed PLANTCUBE:<\/h2>\n\t\t\n<style>\n#text-2733357696 {\n  font-size: 1rem;\n  text-align: center;\n}\n<\/style>\n\t<\/div>\n\t\n\t<div id=\"gap-1414696156\" class=\"gap-element clearfix\" style=\"display:block; height:auto;\">\n\t\t\n<style>\n#gap-1414696156 {\n  padding-top: 40px;\n}\n<\/style>\n\t<\/div>\n\t\n\t\t<\/div>\n\t\t\t\t\n<style>\n#col-1403724547 > .col-inner {\n  padding: 30px 0px 0px 0px;\n}\n<\/style>\n\t<\/div>\n\n\t\n\n\t<div id=\"col-951837721\" class=\"col medium-6 small-12 large-6\"  >\n\t\t\t\t<div class=\"col-inner\"  >\n\t\t\t\n\t\t\t\n\n\t<section class=\"section\" id=\"section_1223179417\">\n\t\t<div class=\"section-bg fill\" >\n\t\t\t<img data-recalc-dims=\"1\" loading=\"lazy\" decoding=\"async\" width=\"1020\" height=\"574\" src=\"https:\/\/i0.wp.com\/antcube.shop\/wp-content\/uploads\/2024\/10\/2560x1440_youtube-Banner-2.png?resize=1020%2C574&#038;ssl=1\" class=\"bg attachment- size-\" alt=\"\" \/>\t\t\t\t\t\t\n\t\t\t\n\n\t\t<\/div>\n\n\t\t\n\n\t\t<div class=\"section-content relative\">\n\t\t\t\n<div class=\"row align-center\"  id=\"row-1962444235\">\n\n\t<div id=\"col-511476361\" class=\"col medium-10 small-12 large-10\"  >\n\t\t\t\t<div class=\"col-inner text-center\"  >\n\t\t\t\n\t\t\t\n<h2 class=\"uppercase\">Pr\u016fvodce krok za krokem na na\u0161em blogu<\/h2>\n<a href=\"https:\/\/antcube.shop\/en\/2024\/10\/22\/how-to-create-your-bioactive-vivarium\/\" class=\"button primary\" >\n\t\t<span>BLOG<\/span>\n\t<\/a>\n\n\t\t<\/div>\n\t\t\t\t\n<style>\n#col-511476361 > .col-inner {\n  margin: -150px 0px 0px 0px;\n}\n@media (min-width:550px) {\n  #col-511476361 > .col-inner {\n    margin: -200px 0px 0px 0px;\n  }\n}\n<\/style>\n\t<\/div>\n\n\t\n<\/div>\n\t\t<\/div>\n\n\t\t\n<style>\n#section_1223179417 {\n  padding-top: 60px;\n  padding-bottom: 60px;\n  min-height: 300px;\n  background-color: rgb(255,255,255);\n}\n#section_1223179417 .section-bg img {\n  object-position: 50% 0%;\n}\n<\/style>\n\t<\/section>\n\t\n\t\t<\/div>\n\t\t\t\t\t<\/div>\n\n\t\n\n\t<div id=\"col-1919467152\" class=\"col medium-6 small-12 large-6\"  >\n\t\t\t\t<div class=\"col-inner\"  >\n\t\t\t\n\t\t\t\n\n\t<section class=\"section\" id=\"section_834781230\">\n\t\t<div class=\"section-bg fill\" >\n\t\t\t<img data-recalc-dims=\"1\" loading=\"lazy\" decoding=\"async\" width=\"1020\" height=\"680\" src=\"https:\/\/i0.wp.com\/antcube.shop\/wp-content\/uploads\/2024\/10\/Collage_FULL-HD_-2-scaled.jpg?resize=1020%2C680&#038;ssl=1\" class=\"bg attachment-original size-original\" alt=\"\" \/>\t\t\t\t\t\t\n\t\t\t\n\n\t\t<\/div>\n\n\t\t\n\n\t\t<div class=\"section-content relative\">\n\t\t\t\n<div class=\"row align-center\"  id=\"row-1590732947\">\n\n\t<div id=\"col-876723828\" class=\"col medium-10 small-12 large-10\"  >\n\t\t\t\t<div class=\"col-inner text-center\"  >\n\t\t\t\n\t\t\t\n<h2 class=\"uppercase\">Dal\u0161\u00ed informace o plantcube<\/h2>\n<a href=\"https:\/\/antcube.shop\/en\/plantcube\/\" class=\"button primary\" >\n\t\t<span>plantcube<\/span>\n\t<\/a>\n\n\t\t<\/div>\n\t\t\t\t\n<style>\n#col-876723828 > .col-inner {\n  margin: -150px 0px 0px 0px;\n}\n@media (min-width:550px) {\n  #col-876723828 > .col-inner {\n    margin: -200px 0px 0px 0px;\n  }\n}\n<\/style>\n\t<\/div>\n\n\t\n<\/div>\n\t\t<\/div>\n\n\t\t\n<style>\n#section_834781230 {\n  padding-top: 60px;\n  padding-bottom: 60px;\n  min-height: 300px;\n}\n#section_834781230 .section-bg img {\n  object-position: 51% 0%;\n}\n<\/style>\n\t<\/section>\n\t\n\t\t<\/div>\n\t\t\t\t\t<\/div>\n\n\t\n<\/div>","protected":false},"excerpt":{"rendered":"<p>Tento bal\u00ed\u010dek se skl\u00e1d\u00e1 z 12 \u010d\u00e1st\u00ed<\/p>","protected":false},"featured_media":9904,"comment_status":"open","ping_status":"closed","template":"","meta":{"_acf_changed":false,"content-type":"","_monsterinsights_skip_tracking":false,"_monsterinsights_sitenote_active":false,"_monsterinsights_sitenote_note":"","_monsterinsights_sitenote_category":0},"product_brand":[],"product_cat":[257,341],"product_tag":[],"class_list":{"0":"post-9877","1":"product","2":"type-product","3":"status-publish","4":"has-post-thumbnail","6":"product_cat-new-innovatve-products","7":"product_cat-vivariums","8":"product_shipping_class-fragile","10":"first","11":"instock","12":"taxable","13":"shipping-taxable","14":"purchasable","15":"product-type-simple"},"acf":[],"aioseo_notices":[],"jetpack_sharing_enabled":true,"_links":{"self":[{"href":"https:\/\/antcube.shop\/cs\/wp-json\/wp\/v2\/product\/9877","targetHints":{"allow":["GET"]}}],"collection":[{"href":"https:\/\/antcube.shop\/cs\/wp-json\/wp\/v2\/product"}],"about":[{"href":"https:\/\/antcube.shop\/cs\/wp-json\/wp\/v2\/types\/product"}],"replies":[{"embeddable":true,"href":"https:\/\/antcube.shop\/cs\/wp-json\/wp\/v2\/comments?post=9877"}],"wp:featuredmedia":[{"embeddable":true,"href":"https:\/\/antcube.shop\/cs\/wp-json\/wp\/v2\/media\/9904"}],"wp:attachment":[{"href":"https:\/\/antcube.shop\/cs\/wp-json\/wp\/v2\/media?parent=9877"}],"wp:term":[{"taxonomy":"product_brand","embeddable":true,"href":"https:\/\/antcube.shop\/cs\/wp-json\/wp\/v2\/product_brand?post=9877"},{"taxonomy":"product_cat","embeddable":true,"href":"https:\/\/antcube.shop\/cs\/wp-json\/wp\/v2\/product_cat?post=9877"},{"taxonomy":"product_tag","embeddable":true,"href":"https:\/\/antcube.shop\/cs\/wp-json\/wp\/v2\/product_tag?post=9877"}],"curies":[{"name":"wp","href":"https:\/\/api.w.org\/{rel}","templated":true}]}}