{"id":9353,"date":"2024-09-17T16:29:37","date_gmt":"2024-09-17T14:29:37","guid":{"rendered":"https:\/\/antcube.shop\/en\/product\/tranke-cube-gros\/"},"modified":"2026-04-08T12:26:17","modified_gmt":"2026-04-08T10:26:17","slug":"tranke-cube-gros","status":"publish","type":"product","link":"https:\/\/antcube.shop\/cs\/produkt\/tranke-cube-gros\/","title":{"rendered":"Nap\u00e1jec\u00ed \u017elab Cube velk\u00fd"},"content":{"rendered":"<p><strong>Rozm\u011bry:<\/strong> 35x25x28mm, 10ml<\/p>\n<p><strong>Barva:<\/strong> k\u0159i\u0161\u0165\u00e1lov\u011b \u010dist\u00fd<\/p>\n<p><strong>Materi\u00e1l:<\/strong> PMMA<\/p>\n<p><strong>Popis:<\/strong> Mravenci si tak mohou zajistit dostate\u010dnou vlhkost ve sv\u00e9m formik\u00e1riu. Povrchov\u00e9 nap\u011bt\u00ed vody zabra\u0148uje \u00faniku vody z p\u00edtka.<\/p>\n<p><strong>Upozorn\u011bn\u00ed:<\/strong><br \/>\nV p\u0159\u00edpad\u011b mal\u00fdch druh\u016f mravenc\u016f by m\u011bla b\u00fdt p\u0159ed v\u00fdchodem do p\u00edtka um\u00edst\u011bna houba, m\u0159\u00ed\u017eka nebo jemn\u00fd p\u00edsek pro zaji\u0161t\u011bn\u00ed bezpe\u010dnosti. V opa\u010dn\u00e9m p\u0159\u00edpad\u011b by se jednotliv\u00ed d\u011bln\u00edci mohli dostat do p\u00edtka. V\u00fdborn\u011b se hod\u00ed houba o pr\u016fm\u011bru 14 mm.<\/p>","protected":false},"excerpt":{"rendered":"<p><strong>Rozm\u011bry:<\/strong> 35x25x28mm, 10ml<\/p>","protected":false},"featured_media":9440,"comment_status":"open","ping_status":"closed","template":"","meta":{"_acf_changed":false,"content-type":"","_monsterinsights_skip_tracking":false,"_monsterinsights_sitenote_active":false,"_monsterinsights_sitenote_note":"","_monsterinsights_sitenote_category":0},"product_brand":[],"product_cat":[115,117],"product_tag":[],"class_list":{"0":"post-9353","1":"product","2":"type-product","3":"status-publish","4":"has-post-thumbnail","6":"product_cat-food-and-feeding","7":"product_cat-drinkers-for-ants","9":"first","10":"instock","11":"taxable","12":"shipping-taxable","13":"purchasable","14":"product-type-simple"},"acf":[],"aioseo_notices":[],"jetpack_sharing_enabled":true,"_links":{"self":[{"href":"https:\/\/antcube.shop\/cs\/wp-json\/wp\/v2\/product\/9353","targetHints":{"allow":["GET"]}}],"collection":[{"href":"https:\/\/antcube.shop\/cs\/wp-json\/wp\/v2\/product"}],"about":[{"href":"https:\/\/antcube.shop\/cs\/wp-json\/wp\/v2\/types\/product"}],"replies":[{"embeddable":true,"href":"https:\/\/antcube.shop\/cs\/wp-json\/wp\/v2\/comments?post=9353"}],"wp:featuredmedia":[{"embeddable":true,"href":"https:\/\/antcube.shop\/cs\/wp-json\/wp\/v2\/media\/9440"}],"wp:attachment":[{"href":"https:\/\/antcube.shop\/cs\/wp-json\/wp\/v2\/media?parent=9353"}],"wp:term":[{"taxonomy":"product_brand","embeddable":true,"href":"https:\/\/antcube.shop\/cs\/wp-json\/wp\/v2\/product_brand?post=9353"},{"taxonomy":"product_cat","embeddable":true,"href":"https:\/\/antcube.shop\/cs\/wp-json\/wp\/v2\/product_cat?post=9353"},{"taxonomy":"product_tag","embeddable":true,"href":"https:\/\/antcube.shop\/cs\/wp-json\/wp\/v2\/product_tag?post=9353"}],"curies":[{"name":"wp","href":"https:\/\/api.w.org\/{rel}","templated":true}]}}