{"id":9349,"date":"2024-09-17T16:27:32","date_gmt":"2024-09-17T14:27:32","guid":{"rendered":"https:\/\/antcube.shop\/en\/product\/antcube-popcorn-nest-60x30-l\/"},"modified":"2026-03-02T09:48:53","modified_gmt":"2026-03-02T08:48:53","slug":"mravenci-hnizdo-60x30-l","status":"publish","type":"product","link":"https:\/\/antcube.shop\/cs\/produkt\/mravenci-hnizdo-60x30-l\/","title":{"rendered":"ANTCUBE - Popcornov\u00e9 hn\u00edzdo 60\u00d730 - L"},"content":{"rendered":"<p><strong>Rozm\u011bry:<\/strong> 583x237x19 mm<\/p>\n<p><strong>Materi\u00e1l:<\/strong> Popcorn lisovan\u00fd se sachar\u00f3zou a b\u00edlkovinami<\/p>\n<p><strong>Hod\u00ed se pouze do<\/strong> na\u0161e mraveni\u0161t\u011b velikosti L<\/p>\n<p><strong>Popis:<\/strong> Toto popcornov\u00e9 hn\u00edzdo s prefabrikovan\u00fdmi chodbami a kom\u016frkami je ide\u00e1ln\u00ed jako s\u00fdpka nap\u0159\u00edklad pro mravence rodu Messor, ale i pro jin\u00e9 druhy mravenc\u016f, kte\u0159\u00ed sb\u00edraj\u00ed zrn\u00ed\u010dka. M\u00e1 otvor pro p\u0159\u00edstup do hn\u00edzda. Popcornov\u00e9 hn\u00edzdo absorbuje vlhkost a v d\u016fsledku toho se m\u016f\u017ee smr\u0161\u0165ovat, tak\u017ee<strong> by m\u011bl b\u00fdt v\u017edy such\u00fd.<\/strong> Messor barbarus p\u0159ij\u00edm\u00e1 na\u0161e popcornov\u00e9 hn\u00edzdo ANTCUBE velmi dob\u0159e jako s\u00fdpku. Postupem \u010dasu za\u010dnou mravenci popcornov\u00e9 hn\u00edzdo roz\u0161i\u0159ovat a pro\u017e\u00edrat si hn\u00edzdn\u00ed materi\u00e1l.<\/p>\n<p>Popcornov\u00e9 hn\u00edzdo by se m\u011blo pou\u017e\u00edvat pouze pro druhy mravenc\u016f, kter\u00e9 vy\u017eaduj\u00ed velmi malou nebo \u017e\u00e1dnou vlhkost v oblasti hn\u00edzda.<\/p>","protected":false},"excerpt":{"rendered":"<p><strong>Velikost: L<\/strong><\/p>","protected":false},"featured_media":9449,"comment_status":"open","ping_status":"closed","template":"","meta":{"_acf_changed":false,"content-type":"","_monsterinsights_skip_tracking":false,"_monsterinsights_sitenote_active":false,"_monsterinsights_sitenote_note":"","_monsterinsights_sitenote_category":0},"product_brand":[484],"product_cat":[257,344,87],"product_tag":[],"class_list":{"0":"post-9349","1":"product","2":"type-product","3":"status-publish","4":"has-post-thumbnail","6":"product_brand-antcube","7":"product_cat-new-innovatve-products","8":"product_cat-popcorn","9":"product_cat-nest-insets","11":"first","12":"instock","13":"taxable","14":"shipping-taxable","15":"purchasable","16":"product-type-simple"},"acf":[],"aioseo_notices":[],"jetpack_sharing_enabled":true,"_links":{"self":[{"href":"https:\/\/antcube.shop\/cs\/wp-json\/wp\/v2\/product\/9349","targetHints":{"allow":["GET"]}}],"collection":[{"href":"https:\/\/antcube.shop\/cs\/wp-json\/wp\/v2\/product"}],"about":[{"href":"https:\/\/antcube.shop\/cs\/wp-json\/wp\/v2\/types\/product"}],"replies":[{"embeddable":true,"href":"https:\/\/antcube.shop\/cs\/wp-json\/wp\/v2\/comments?post=9349"}],"wp:featuredmedia":[{"embeddable":true,"href":"https:\/\/antcube.shop\/cs\/wp-json\/wp\/v2\/media\/9449"}],"wp:attachment":[{"href":"https:\/\/antcube.shop\/cs\/wp-json\/wp\/v2\/media?parent=9349"}],"wp:term":[{"taxonomy":"product_brand","embeddable":true,"href":"https:\/\/antcube.shop\/cs\/wp-json\/wp\/v2\/product_brand?post=9349"},{"taxonomy":"product_cat","embeddable":true,"href":"https:\/\/antcube.shop\/cs\/wp-json\/wp\/v2\/product_cat?post=9349"},{"taxonomy":"product_tag","embeddable":true,"href":"https:\/\/antcube.shop\/cs\/wp-json\/wp\/v2\/product_tag?post=9349"}],"curies":[{"name":"wp","href":"https:\/\/api.w.org\/{rel}","templated":true}]}}