{"id":9346,"date":"2024-09-17T16:26:01","date_gmt":"2024-09-17T14:26:01","guid":{"rendered":"https:\/\/antcube.shop\/en\/product\/ameisenarena-abdeckung-30x15\/"},"modified":"2026-04-01T13:28:20","modified_gmt":"2026-04-01T11:28:20","slug":"ameisenarena-abdeckung-30x15","status":"publish","type":"product","link":"https:\/\/antcube.shop\/cs\/produkt\/ameisenarena-abdeckung-30x15\/","title":{"rendered":"Mraveni\u0161t\u011b o rozm\u011brech 30\u00d715"},"content":{"rendered":"<p><strong>Rozm\u011bry (Dx\u0160xV):<\/strong> 30x15x0,4 cm<\/p>\n<p><strong>Materi\u00e1l:<\/strong> floatov\u00e9 sklo<\/p>\n<p><strong>Barva:<\/strong> k\u0159i\u0161\u0165\u00e1lov\u011b \u010dist\u00fd \/ pr\u016fhledn\u00fd<\/p>\n<p><strong>Obsah:<\/strong><br \/>\n1x kryt mraveni\u0161t\u011b<br \/>\n1x upev\u0148ovac\u00ed body \u00e0 4 ks.<\/p>\n<p><strong>Popis:<\/strong><br \/>\nSklen\u011bn\u00fd kryt mraveni\u0161t\u011b jako ochrana proti \u00faniku. Vhodn\u00e9 pro na\u0161e n\u00e1st\u011bnn\u00e9 mraveni\u0161t\u011b.<\/p>\n<p><strong>Pou\u017eit\u00ed:<\/strong><br \/>\nSklen\u011bn\u00fd kryt mraveni\u0161t\u011b je um\u00edst\u011bn na mraveni\u0161ti a slou\u017e\u00ed tak\u00e9 k regulaci klimatu.<br \/>\nDo 50mm otvor\u016f lze vlo\u017eit r\u016fzn\u00e9 moduly pro regulaci klimatu, nap\u0159. v\u011btrac\u00ed m\u0159\u00ed\u017eky, osv\u011btlen\u00ed nebo zvlh\u010dov\u00e1n\u00ed.<br \/>\nAby mravenci nemohli otvory proniknout ven, m\u011bla by b\u00fdt na spodn\u00ed stranu kolem otvor\u016f nanesena ochrana proti \u00faniku (olej, pr\u00e1\u0161ek nebo lak).<\/p>\n<p><strong>Pozn\u00e1mka:<\/strong><br \/>\nJeliko\u017e je p\u0159edm\u011bt vyroben ze skla, a je tedy k\u0159ehk\u00fd, je t\u0159eba s n\u00edm zach\u00e1zet velmi opatrn\u011b.<\/p>","protected":false},"excerpt":{"rendered":"<p>Rozm\u011bry (Dx\u0160xV): 30x15x0,4 cm Materi\u00e1l: plaven\u00e9 sklo Barva: k\u0159i\u0161\u0165\u00e1lov\u011b \u010dir\u00e1 \/ pr\u016fhledn\u00e1 Obsah: Obsahuje: 1x kryt mraveni\u0161t\u011b 1x upev\u0148ovac\u00ed body \u00e0 4 ks. Popis: Mraveni\u0161t\u011b je vyrobeno z materi\u00e1lu, kter\u00fd je sou\u010d\u00e1st\u00ed balen\u00ed: Sklen\u011bn\u00fd kryt mraveni\u0161t\u011b jako ochrana proti \u00faniku. Vhodn\u00fd pro na\u0161e n\u00e1st\u011bnn\u00e9 mraveni\u0161t\u011b. Pou\u017eit\u00ed: Vhodn\u00e9 pro mraveni\u0161t\u011b, kter\u00e1 se nach\u00e1zej\u00ed v mraveni\u0161ti: Sklen\u011bn\u00fd kryt mraveni\u0161t\u011b se um\u00eds\u0165uje na mraveni\u0161t\u011b a pou\u017e\u00edv\u00e1 se tak\u00e9","protected":false},"featured_media":9465,"comment_status":"open","ping_status":"closed","template":"","meta":{"_acf_changed":false,"content-type":"","_monsterinsights_skip_tracking":false,"_monsterinsights_sitenote_active":false,"_monsterinsights_sitenote_note":"","_monsterinsights_sitenote_category":0},"product_brand":[484],"product_cat":[91,92],"product_tag":[],"class_list":{"0":"post-9346","1":"product","2":"type-product","3":"status-publish","4":"has-post-thumbnail","6":"product_brand-antcube","7":"product_cat-formicarium-modules","8":"product_cat-arena-cover","10":"first","11":"instock","12":"taxable","13":"shipping-taxable","14":"purchasable","15":"product-type-simple"},"acf":[],"aioseo_notices":[],"jetpack_sharing_enabled":true,"_links":{"self":[{"href":"https:\/\/antcube.shop\/cs\/wp-json\/wp\/v2\/product\/9346","targetHints":{"allow":["GET"]}}],"collection":[{"href":"https:\/\/antcube.shop\/cs\/wp-json\/wp\/v2\/product"}],"about":[{"href":"https:\/\/antcube.shop\/cs\/wp-json\/wp\/v2\/types\/product"}],"replies":[{"embeddable":true,"href":"https:\/\/antcube.shop\/cs\/wp-json\/wp\/v2\/comments?post=9346"}],"wp:featuredmedia":[{"embeddable":true,"href":"https:\/\/antcube.shop\/cs\/wp-json\/wp\/v2\/media\/9465"}],"wp:attachment":[{"href":"https:\/\/antcube.shop\/cs\/wp-json\/wp\/v2\/media?parent=9346"}],"wp:term":[{"taxonomy":"product_brand","embeddable":true,"href":"https:\/\/antcube.shop\/cs\/wp-json\/wp\/v2\/product_brand?post=9346"},{"taxonomy":"product_cat","embeddable":true,"href":"https:\/\/antcube.shop\/cs\/wp-json\/wp\/v2\/product_cat?post=9346"},{"taxonomy":"product_tag","embeddable":true,"href":"https:\/\/antcube.shop\/cs\/wp-json\/wp\/v2\/product_tag?post=9346"}],"curies":[{"name":"wp","href":"https:\/\/api.w.org\/{rel}","templated":true}]}}