{"id":9345,"date":"2024-09-17T16:25:36","date_gmt":"2024-09-17T14:25:36","guid":{"rendered":"https:\/\/antcube.shop\/en\/product\/ameisenarena-rahmen-30x15\/"},"modified":"2026-03-16T10:36:55","modified_gmt":"2026-03-16T09:36:55","slug":"ameisenarena-rahmen-30x15","status":"publish","type":"product","link":"https:\/\/antcube.shop\/cs\/produkt\/ameisenarena-rahmen-30x15\/","title":{"rendered":"R\u00e1m mraveni\u0161t\u011b 30\u00d715"},"content":{"rendered":"<p><strong>Rozm\u011bry (Dx\u0160xV):<\/strong> 30x15x0,4 cm<\/p>\n<p><strong>Materi\u00e1l:<\/strong> floatov\u00e9 sklo<\/p>\n<p><strong>Barva:<\/strong> k\u0159i\u0161\u0165\u00e1lov\u011b \u010dist\u00fd \/ pr\u016fhledn\u00fd<\/p>\n<p><strong>Obsah:<\/strong><br \/>\n1x r\u00e1m mraveni\u0161t\u011b<\/p>\n<p><strong>Popis:<\/strong><br \/>\nSklen\u011bn\u00fd r\u00e1m mraveni\u0161t\u011b jako ochrana proti \u00faniku. Vhodn\u00e9 pro na\u0161e n\u00e1st\u011bnn\u00e9 mraveni\u0161t\u011b.<\/p>\n<p><strong>Pou\u017eit\u00ed:<\/strong><br \/>\nR\u00e1m mraveni\u0161t\u011b je sklen\u011bn\u00fd r\u00e1m, kter\u00fd se um\u00edst\u00ed na mraveni\u0161t\u011b a na spodn\u00ed stran\u011b se opat\u0159\u00ed ochranou proti \u00faniku (olej, pr\u00e1\u0161ek nebo lak), aby se zabr\u00e1nilo \u00faniku mravenc\u016f.<\/p>\n<p><strong>Pozn\u00e1mka:<\/strong><br \/>\nJeliko\u017e je p\u0159edm\u011bt vyroben ze skla, a je tedy k\u0159ehk\u00fd, je t\u0159eba s n\u00edm zach\u00e1zet velmi opatrn\u011b. Sklo je brou\u0161eno na m\u00edru podle normy DIN 1249 s toleranc\u00ed +\/- 1 mm. U extr\u00e9mn\u011b mal\u00fdch druh\u016f mravenc\u016f je nezbytn\u00e1 dodate\u010dn\u00e1 ochrana proti rozbit\u00ed.<\/p>","protected":false},"excerpt":{"rendered":"<p>Rozm\u011bry (Dx\u0160xV): 30x15x0,4 cm Materi\u00e1l: plaven\u00e9 sklo Barva: k\u0159i\u0161\u0165\u00e1lov\u011b \u010dir\u00e1 \/ pr\u016fhledn\u00e1 Obsah: Obsahuje: 1x r\u00e1me\u010dek na mraveni\u0161t\u011b Popis: Sklen\u011bn\u00fd r\u00e1m pro mraveni\u0161t\u011b jako ochrana proti \u00faniku. Vhodn\u00fd pro na\u0161e n\u00e1st\u011bnn\u00e9 mraveni\u0161t\u011b. Pou\u017eit\u00ed: Vhodn\u00e9 pro mraveni\u0161t\u011b, kter\u00e1 se nach\u00e1zej\u00ed v mraveni\u0161ti: R\u00e1m mraveni\u0161t\u011b je sklen\u011bn\u00fd r\u00e1m, kter\u00fd se umis\u0165uje na mraveni\u0161t\u011b a zaji\u0161\u0165uje \u00fanik mravenc\u016f.","protected":false},"featured_media":9466,"comment_status":"open","ping_status":"closed","template":"","meta":{"_acf_changed":false,"content-type":"","_monsterinsights_skip_tracking":false,"_monsterinsights_sitenote_active":false,"_monsterinsights_sitenote_note":"","_monsterinsights_sitenote_category":0},"product_brand":[484],"product_cat":[91,93],"product_tag":[],"class_list":{"0":"post-9345","1":"product","2":"type-product","3":"status-publish","4":"has-post-thumbnail","6":"product_brand-antcube","7":"product_cat-formicarium-modules","8":"product_cat-arena-frame","10":"first","11":"instock","12":"taxable","13":"shipping-taxable","14":"purchasable","15":"product-type-simple"},"acf":[],"aioseo_notices":[],"jetpack_sharing_enabled":true,"_links":{"self":[{"href":"https:\/\/antcube.shop\/cs\/wp-json\/wp\/v2\/product\/9345","targetHints":{"allow":["GET"]}}],"collection":[{"href":"https:\/\/antcube.shop\/cs\/wp-json\/wp\/v2\/product"}],"about":[{"href":"https:\/\/antcube.shop\/cs\/wp-json\/wp\/v2\/types\/product"}],"replies":[{"embeddable":true,"href":"https:\/\/antcube.shop\/cs\/wp-json\/wp\/v2\/comments?post=9345"}],"wp:featuredmedia":[{"embeddable":true,"href":"https:\/\/antcube.shop\/cs\/wp-json\/wp\/v2\/media\/9466"}],"wp:attachment":[{"href":"https:\/\/antcube.shop\/cs\/wp-json\/wp\/v2\/media?parent=9345"}],"wp:term":[{"taxonomy":"product_brand","embeddable":true,"href":"https:\/\/antcube.shop\/cs\/wp-json\/wp\/v2\/product_brand?post=9345"},{"taxonomy":"product_cat","embeddable":true,"href":"https:\/\/antcube.shop\/cs\/wp-json\/wp\/v2\/product_cat?post=9345"},{"taxonomy":"product_tag","embeddable":true,"href":"https:\/\/antcube.shop\/cs\/wp-json\/wp\/v2\/product_tag?post=9345"}],"curies":[{"name":"wp","href":"https:\/\/api.w.org\/{rel}","templated":true}]}}