{"id":9340,"date":"2024-09-17T16:22:38","date_gmt":"2024-09-17T14:22:38","guid":{"rendered":"https:\/\/antcube.shop\/en\/product\/lupendose-3fach-30mm\/"},"modified":"2026-04-10T16:07:15","modified_gmt":"2026-04-10T14:07:15","slug":"lupa-3x-30mm","status":"publish","type":"product","link":"https:\/\/antcube.shop\/cs\/produkt\/lupa-3x-30mm\/","title":{"rendered":"Lupa - 3x - 30mm"},"content":{"rendered":"<p><strong>Rozm\u011bry:<\/strong> Vn\u011bj\u0161\u00ed rozm\u011bry 27 x 27 x 29 mm<br \/>\n<strong>Popis:<\/strong> 3x zv\u011bt\u0161en\u00ed. Ide\u00e1ln\u00ed pro pozorov\u00e1n\u00ed \u017eiv\u00fdch mravenc\u016f, proto\u017ee zv\u00ed\u0159ata nemohou z n\u00e1doby uniknout.<\/p>","protected":false},"excerpt":{"rendered":"<p>Rozm\u011bry: Popis: 27 x 27 x 29 mm vn\u011bj\u0161\u00ed strana: Zv\u011bt\u0161en\u00ed 3x. Ide\u00e1ln\u00ed pro pozorov\u00e1n\u00ed \u017eiv\u00fdch mravenc\u016f, proto\u017ee zv\u00ed\u0159ata nemohou z n\u00e1doby uniknout.<\/p>","protected":false},"featured_media":9788,"comment_status":"open","ping_status":"closed","template":"","meta":{"_acf_changed":false,"content-type":"","_monsterinsights_skip_tracking":false,"_monsterinsights_sitenote_active":false,"_monsterinsights_sitenote_note":"","_monsterinsights_sitenote_category":0},"product_brand":[],"product_cat":[237],"product_tag":[],"class_list":{"0":"post-9340","1":"product","2":"type-product","3":"status-publish","4":"has-post-thumbnail","6":"product_cat-tools","8":"first","9":"outofstock","10":"taxable","11":"shipping-taxable","12":"purchasable","13":"product-type-simple"},"acf":[],"aioseo_notices":[],"jetpack_sharing_enabled":true,"_links":{"self":[{"href":"https:\/\/antcube.shop\/cs\/wp-json\/wp\/v2\/product\/9340","targetHints":{"allow":["GET"]}}],"collection":[{"href":"https:\/\/antcube.shop\/cs\/wp-json\/wp\/v2\/product"}],"about":[{"href":"https:\/\/antcube.shop\/cs\/wp-json\/wp\/v2\/types\/product"}],"replies":[{"embeddable":true,"href":"https:\/\/antcube.shop\/cs\/wp-json\/wp\/v2\/comments?post=9340"}],"wp:featuredmedia":[{"embeddable":true,"href":"https:\/\/antcube.shop\/cs\/wp-json\/wp\/v2\/media\/9788"}],"wp:attachment":[{"href":"https:\/\/antcube.shop\/cs\/wp-json\/wp\/v2\/media?parent=9340"}],"wp:term":[{"taxonomy":"product_brand","embeddable":true,"href":"https:\/\/antcube.shop\/cs\/wp-json\/wp\/v2\/product_brand?post=9340"},{"taxonomy":"product_cat","embeddable":true,"href":"https:\/\/antcube.shop\/cs\/wp-json\/wp\/v2\/product_cat?post=9340"},{"taxonomy":"product_tag","embeddable":true,"href":"https:\/\/antcube.shop\/cs\/wp-json\/wp\/v2\/product_tag?post=9340"}],"curies":[{"name":"wp","href":"https:\/\/api.w.org\/{rel}","templated":true}]}}