{"id":9330,"date":"2024-09-17T16:18:59","date_gmt":"2024-09-17T14:18:59","guid":{"rendered":"https:\/\/antcube.shop\/en\/product\/alpha-ants-mini-scheibenmagnet-eckig\/"},"modified":"2026-03-31T18:19:04","modified_gmt":"2026-03-31T16:19:04","slug":"alfa-mravenci-mini-scheibenmagnet-eckig","status":"publish","type":"product","link":"https:\/\/antcube.shop\/cs\/produkt\/alfa-mravenci-mini-scheibenmagnet-eckig\/","title":{"rendered":"Alpha Ants mini magnet - \u010dtvercov\u00fd"},"content":{"rendered":"<p><strong>Popis:<\/strong> Zn\u00e1te probl\u00e9m: va\u0161i mravenci op\u011bt zane\u0159\u00e1dili skla v hn\u00edzd\u011b nebo je zasypali p\u00edskem? S t\u00edmto mal\u00fdm diskov\u00fdm magnetem m\u016f\u017eete pr\u016fchody a kom\u016frky v n\u00e1dr\u017ei vy\u010distit.<\/p>\n<p>Jedn\u00e1 se o mimo\u0159\u00e1dn\u011b siln\u00e9 kvalitn\u00ed magnety. Pomoc\u00ed vodic\u00edho magnetu m\u016f\u017eete mal\u00fdm \u010distic\u00edm magnetem pohybovat po formik\u00e1riu a \u010distit zne\u010di\u0161t\u011bn\u00e1 skla zevnit\u0159.<\/p>\n<p><strong>Pozn\u00e1mka:<\/strong> Nedovolte, aby se magnety st\u0159etly (narazily), proto\u017ee jsou k\u0159ehk\u00e9.<\/p>\n<p><strong>Obsah:<\/strong> 2 extra siln\u00e9 diskov\u00e9 magnety (10x10x4 mm a 3x2x2 mm)<\/p>","protected":false},"excerpt":{"rendered":"<p>Popis: Zn\u00e1te probl\u00e9m: Va\u0161i mravenci op\u011bt zane\u0159\u00e1dili skla v hn\u00edzd\u011b nebo je zasypali p\u00edskem? S t\u00edmto mal\u00fdm diskov\u00fdm magnetem m\u016f\u017eete vy\u010distit pr\u016fchody a kom\u016frky v n\u00e1dr\u017ei. Jedn\u00e1 se o extra siln\u00e9 kvalitn\u00ed magnety. Pomoc\u00ed vodic\u00edho magnetu je m\u016f\u017eete p\u0159em\u00edstit","protected":false},"featured_media":9804,"comment_status":"open","ping_status":"closed","template":"","meta":{"_acf_changed":false,"content-type":"","_monsterinsights_skip_tracking":false,"_monsterinsights_sitenote_active":false,"_monsterinsights_sitenote_note":"","_monsterinsights_sitenote_category":0},"product_brand":[],"product_cat":[237],"product_tag":[],"class_list":{"0":"post-9330","1":"product","2":"type-product","3":"status-publish","4":"has-post-thumbnail","6":"product_cat-tools","8":"first","9":"instock","10":"taxable","11":"shipping-taxable","12":"purchasable","13":"product-type-simple"},"acf":[],"aioseo_notices":[],"jetpack_sharing_enabled":true,"_links":{"self":[{"href":"https:\/\/antcube.shop\/cs\/wp-json\/wp\/v2\/product\/9330","targetHints":{"allow":["GET"]}}],"collection":[{"href":"https:\/\/antcube.shop\/cs\/wp-json\/wp\/v2\/product"}],"about":[{"href":"https:\/\/antcube.shop\/cs\/wp-json\/wp\/v2\/types\/product"}],"replies":[{"embeddable":true,"href":"https:\/\/antcube.shop\/cs\/wp-json\/wp\/v2\/comments?post=9330"}],"wp:featuredmedia":[{"embeddable":true,"href":"https:\/\/antcube.shop\/cs\/wp-json\/wp\/v2\/media\/9804"}],"wp:attachment":[{"href":"https:\/\/antcube.shop\/cs\/wp-json\/wp\/v2\/media?parent=9330"}],"wp:term":[{"taxonomy":"product_brand","embeddable":true,"href":"https:\/\/antcube.shop\/cs\/wp-json\/wp\/v2\/product_brand?post=9330"},{"taxonomy":"product_cat","embeddable":true,"href":"https:\/\/antcube.shop\/cs\/wp-json\/wp\/v2\/product_cat?post=9330"},{"taxonomy":"product_tag","embeddable":true,"href":"https:\/\/antcube.shop\/cs\/wp-json\/wp\/v2\/product_tag?post=9330"}],"curies":[{"name":"wp","href":"https:\/\/api.w.org\/{rel}","templated":true}]}}