{"id":9329,"date":"2024-09-17T16:18:36","date_gmt":"2024-09-17T14:18:36","guid":{"rendered":"https:\/\/antcube.shop\/en\/product\/alpha-ants-mini-scheibenmagnet-rund\/"},"modified":"2026-03-02T09:49:08","modified_gmt":"2026-03-02T08:49:08","slug":"alfa-mravenci-mini-disk-magnet-kulaty","status":"publish","type":"product","link":"https:\/\/antcube.shop\/cs\/produkt\/alfa-mravenci-mini-disk-magnet-kulaty\/","title":{"rendered":"Alpha Ants mini magnet - kulat\u00fd"},"content":{"rendered":"<p><strong>Popis:<\/strong> Zn\u00e1te tento probl\u00e9m: va\u0161i mravenci op\u011bt zane\u0159\u00e1dili skla v hn\u00edzd\u011b nebo je zasypali p\u00edskem? S t\u011bmito mal\u00fdmi diskov\u00fdmi magnety 10x10x4 mm a 4x4x2 mm m\u016f\u017eete op\u011bt vy\u010distit pr\u016fchody a kom\u016frky v n\u00e1dr\u017ei.<\/p>\n<p>Jedn\u00e1 se o mimo\u0159\u00e1dn\u011b siln\u00e9 kvalitn\u00ed magnety. Pomoc\u00ed vodic\u00edho magnetu m\u016f\u017eete mal\u00fdm \u010distic\u00edm magnetem pohybovat po formik\u00e1riu a \u010distit zne\u010di\u0161t\u011bn\u00e1 skla zevnit\u0159.<\/p>\n<p><strong>Pozn\u00e1mka:<\/strong> Nedovolte, aby se magnety st\u0159etly (narazily), proto\u017ee jsou k\u0159ehk\u00e9.<\/p>\n<p><strong>Obsah:<\/strong> 2x plst\u011bn\u00e9 extra siln\u00e9 diskov\u00e9 magnety.<\/p>","protected":false},"excerpt":{"rendered":"<p>Popis: Zn\u00e1te ten probl\u00e9m: va\u0161i mravenci op\u011bt zane\u0159\u00e1dili skla v hn\u00edzd\u011b nebo je zasypali p\u00edskem? S t\u011bmito mal\u00fdmi diskov\u00fdmi magnety 10x10x4 mm a 4x4x2 mm m\u016f\u017eete op\u011bt vy\u010distit pr\u016fchody a kom\u016frky v n\u00e1dr\u017ei. Jedn\u00e1 se o extra siln\u00e9 kvalitn\u00ed magnety. Ty","protected":false},"featured_media":9810,"comment_status":"open","ping_status":"closed","template":"","meta":{"_acf_changed":false,"content-type":"","_monsterinsights_skip_tracking":false,"_monsterinsights_sitenote_active":false,"_monsterinsights_sitenote_note":"","_monsterinsights_sitenote_category":0},"product_brand":[],"product_cat":[237],"product_tag":[],"class_list":{"0":"post-9329","1":"product","2":"type-product","3":"status-publish","4":"has-post-thumbnail","6":"product_cat-tools","8":"first","9":"instock","10":"taxable","11":"shipping-taxable","12":"purchasable","13":"product-type-simple"},"acf":[],"aioseo_notices":[],"jetpack_sharing_enabled":true,"_links":{"self":[{"href":"https:\/\/antcube.shop\/cs\/wp-json\/wp\/v2\/product\/9329","targetHints":{"allow":["GET"]}}],"collection":[{"href":"https:\/\/antcube.shop\/cs\/wp-json\/wp\/v2\/product"}],"about":[{"href":"https:\/\/antcube.shop\/cs\/wp-json\/wp\/v2\/types\/product"}],"replies":[{"embeddable":true,"href":"https:\/\/antcube.shop\/cs\/wp-json\/wp\/v2\/comments?post=9329"}],"wp:featuredmedia":[{"embeddable":true,"href":"https:\/\/antcube.shop\/cs\/wp-json\/wp\/v2\/media\/9810"}],"wp:attachment":[{"href":"https:\/\/antcube.shop\/cs\/wp-json\/wp\/v2\/media?parent=9329"}],"wp:term":[{"taxonomy":"product_brand","embeddable":true,"href":"https:\/\/antcube.shop\/cs\/wp-json\/wp\/v2\/product_brand?post=9329"},{"taxonomy":"product_cat","embeddable":true,"href":"https:\/\/antcube.shop\/cs\/wp-json\/wp\/v2\/product_cat?post=9329"},{"taxonomy":"product_tag","embeddable":true,"href":"https:\/\/antcube.shop\/cs\/wp-json\/wp\/v2\/product_tag?post=9329"}],"curies":[{"name":"wp","href":"https:\/\/api.w.org\/{rel}","templated":true}]}}