{"id":9325,"date":"2024-09-17T16:17:10","date_gmt":"2024-09-17T14:17:10","guid":{"rendered":"https:\/\/antcube.shop\/en\/product\/wattestabchen-wa-1-i-100-stuck\/"},"modified":"2026-04-14T15:39:38","modified_gmt":"2026-04-14T13:39:38","slug":"vatove-tampony-wa-1-i-100-kusu","status":"publish","type":"product","link":"https:\/\/antcube.shop\/cs\/produkt\/vatove-tampony-wa-1-i-100-kusu\/","title":{"rendered":"Vatov\u00e9 tampony WA 1-I - 100 kus\u016f"},"content":{"rendered":"<p><strong>Popis:<\/strong> Tyto 150 mm dlouh\u00e9 vatov\u00e9 ty\u010dinky jsou vhodn\u00e9 k \u010di\u0161t\u011bn\u00ed hn\u00edzdn\u00edch trubek nebo jin\u00fdch t\u011b\u017eko p\u0159\u00edstupn\u00fdch m\u00edst.<\/p>","protected":false},"excerpt":{"rendered":"<p>Popis: Tyto 150 mm dlouh\u00e9 vatov\u00e9 ty\u010dinky jsou vhodn\u00e9 k \u010di\u0161t\u011bn\u00ed hn\u00edzdn\u00edch trubek nebo jin\u00fdch t\u011b\u017eko p\u0159\u00edstupn\u00fdch m\u00edst.<\/p>","protected":false},"featured_media":9818,"comment_status":"open","ping_status":"closed","template":"","meta":{"_acf_changed":false,"content-type":"","_monsterinsights_skip_tracking":false,"_monsterinsights_sitenote_active":false,"_monsterinsights_sitenote_note":"","_monsterinsights_sitenote_category":0},"product_brand":[],"product_cat":[237],"product_tag":[],"class_list":{"0":"post-9325","1":"product","2":"type-product","3":"status-publish","4":"has-post-thumbnail","6":"product_cat-tools","8":"first","9":"instock","10":"taxable","11":"shipping-taxable","12":"purchasable","13":"product-type-simple"},"acf":[],"aioseo_notices":[],"jetpack_sharing_enabled":true,"_links":{"self":[{"href":"https:\/\/antcube.shop\/cs\/wp-json\/wp\/v2\/product\/9325","targetHints":{"allow":["GET"]}}],"collection":[{"href":"https:\/\/antcube.shop\/cs\/wp-json\/wp\/v2\/product"}],"about":[{"href":"https:\/\/antcube.shop\/cs\/wp-json\/wp\/v2\/types\/product"}],"replies":[{"embeddable":true,"href":"https:\/\/antcube.shop\/cs\/wp-json\/wp\/v2\/comments?post=9325"}],"wp:featuredmedia":[{"embeddable":true,"href":"https:\/\/antcube.shop\/cs\/wp-json\/wp\/v2\/media\/9818"}],"wp:attachment":[{"href":"https:\/\/antcube.shop\/cs\/wp-json\/wp\/v2\/media?parent=9325"}],"wp:term":[{"taxonomy":"product_brand","embeddable":true,"href":"https:\/\/antcube.shop\/cs\/wp-json\/wp\/v2\/product_brand?post=9325"},{"taxonomy":"product_cat","embeddable":true,"href":"https:\/\/antcube.shop\/cs\/wp-json\/wp\/v2\/product_cat?post=9325"},{"taxonomy":"product_tag","embeddable":true,"href":"https:\/\/antcube.shop\/cs\/wp-json\/wp\/v2\/product_tag?post=9325"}],"curies":[{"name":"wp","href":"https:\/\/api.w.org\/{rel}","templated":true}]}}