{"id":9323,"date":"2024-09-17T16:16:22","date_gmt":"2024-09-17T14:16:22","guid":{"rendered":"https:\/\/antcube.shop\/en\/product\/greifzange-60-cm\/"},"modified":"2026-04-09T09:58:37","modified_gmt":"2026-04-09T07:58:37","slug":"chapadlo-60-cm","status":"publish","type":"product","link":"https:\/\/antcube.shop\/cs\/produkt\/chapadlo-60-cm\/","title":{"rendered":"Gripper 60 cm"},"content":{"rendered":"<p><strong>D\u00e9lka:<\/strong> 60 cm<\/p>\n<p><strong>Popis:<\/strong> Toto uchopovac\u00ed rameno lze pou\u017e\u00edt k pr\u00e1ci v oblastech nep\u0159\u00edstupn\u00fdch ruk\u00e1m a k vyj\u00edm\u00e1n\u00ed d\u00edl\u016f z trubek nebo hadic. Pr\u016fm\u011br p\u0159edn\u00ed \u010d\u00e1sti 10,5 mm. Vejde se do otvoru o pr\u016fm\u011bru 11 mm. Svorky chapadla maj\u00ed rozp\u011bt\u00ed 20 mm.<\/p>\n<p><strong>Pozn\u00e1mka:<\/strong><br \/>\nPokud se do kle\u0161t\u00ed dostanou \u010d\u00e1sti t\u011bla, hroz\u00ed nebezpe\u010d\u00ed poran\u011bn\u00ed.<\/p>","protected":false},"excerpt":{"rendered":"<p>D\u00e9lka: 60 cm Popis: Toto uchopovac\u00ed rameno lze pou\u017e\u00edt k pr\u00e1ci v m\u00edstech nep\u0159\u00edstupn\u00fdch ruk\u00e1m a k vyj\u00edm\u00e1n\u00ed d\u00edl\u016f z trubek nebo hadic. Pr\u016fm\u011br p\u0159edn\u00ed \u010d\u00e1sti 10,5 mm. Vejde se do otvoru o pr\u016fm\u011bru 11 mm. Svorky chapadla maj\u00ed rozp\u011bt\u00ed 20 mm. Upozorn\u011bn\u00ed: Hroz\u00ed nebezpe\u010d\u00ed poran\u011bn\u00ed, pokud \u010d\u00e1sti t\u011bla","protected":false},"featured_media":9580,"comment_status":"open","ping_status":"closed","template":"","meta":{"_acf_changed":false,"content-type":"","_monsterinsights_skip_tracking":false,"_monsterinsights_sitenote_active":false,"_monsterinsights_sitenote_note":"","_monsterinsights_sitenote_category":0},"product_brand":[],"product_cat":[237],"product_tag":[],"class_list":{"0":"post-9323","1":"product","2":"type-product","3":"status-publish","4":"has-post-thumbnail","6":"product_cat-tools","8":"first","9":"instock","10":"taxable","11":"shipping-taxable","12":"purchasable","13":"product-type-simple"},"acf":[],"aioseo_notices":[],"jetpack_sharing_enabled":true,"_links":{"self":[{"href":"https:\/\/antcube.shop\/cs\/wp-json\/wp\/v2\/product\/9323","targetHints":{"allow":["GET"]}}],"collection":[{"href":"https:\/\/antcube.shop\/cs\/wp-json\/wp\/v2\/product"}],"about":[{"href":"https:\/\/antcube.shop\/cs\/wp-json\/wp\/v2\/types\/product"}],"replies":[{"embeddable":true,"href":"https:\/\/antcube.shop\/cs\/wp-json\/wp\/v2\/comments?post=9323"}],"wp:featuredmedia":[{"embeddable":true,"href":"https:\/\/antcube.shop\/cs\/wp-json\/wp\/v2\/media\/9580"}],"wp:attachment":[{"href":"https:\/\/antcube.shop\/cs\/wp-json\/wp\/v2\/media?parent=9323"}],"wp:term":[{"taxonomy":"product_brand","embeddable":true,"href":"https:\/\/antcube.shop\/cs\/wp-json\/wp\/v2\/product_brand?post=9323"},{"taxonomy":"product_cat","embeddable":true,"href":"https:\/\/antcube.shop\/cs\/wp-json\/wp\/v2\/product_cat?post=9323"},{"taxonomy":"product_tag","embeddable":true,"href":"https:\/\/antcube.shop\/cs\/wp-json\/wp\/v2\/product_tag?post=9323"}],"curies":[{"name":"wp","href":"https:\/\/api.w.org\/{rel}","templated":true}]}}