{"id":9320,"date":"2024-09-17T16:15:03","date_gmt":"2024-09-17T14:15:03","guid":{"rendered":"https:\/\/antcube.shop\/en\/product\/formicarienunterlage-20x10cm\/"},"modified":"2026-03-31T12:29:27","modified_gmt":"2026-03-31T10:29:27","slug":"podlozka-pod-formikarium-20x10cm","status":"publish","type":"product","link":"https:\/\/antcube.shop\/cs\/produkt\/podlozka-pod-formikarium-20x10cm\/","title":{"rendered":"Podlo\u017eka pod formik\u00e1rium - 20x10cm"},"content":{"rendered":"<p><strong>Rozm\u011bry:<\/strong> 200 x 100 x 4 mm<\/p>\n<p><strong>Materi\u00e1l:<\/strong> PE p\u011bna<\/p>\n<p><strong>Barva:<\/strong> \u0161ed\u00e1<\/p>\n<p><strong>Obsah:<\/strong> 1 ks.<\/p>\n<p><strong>Popis:<\/strong><br \/>\nPodlo\u017eka formik\u00e1ria je vyrobena z m\u011bkk\u00e9 p\u011bny.<br \/>\nChr\u00e1n\u00ed formik\u00e1rium i n\u00e1bytek, na kter\u00e9m formik\u00e1rium stoj\u00ed, p\u0159ed po\u0161kr\u00e1b\u00e1n\u00edm.<br \/>\nPodlo\u017eka slou\u017e\u00ed tak\u00e9 jako tepeln\u00e1 izolace, kter\u00e1 vyrovn\u00e1v\u00e1 sebemen\u0161\u00ed nerovnosti a chr\u00e1n\u00ed tak\u00e9 p\u0159ed vibracemi.<\/p>","protected":false},"excerpt":{"rendered":"<p>Rozm\u011bry: Materi\u00e1l: 200 x 100 x 4 mm Materi\u00e1l: PE p\u011bna Barva: \u0161ed\u00e1 Obsah: Obsah: 1 ks.  Podlo\u017eka do formik\u00e1ria je vyrobena z m\u011bkk\u00e9 p\u011bny. Chr\u00e1n\u00ed formik\u00e1rium i n\u00e1bytek, na kter\u00e9m formik\u00e1rium stoj\u00ed, p\u0159ed po\u0161kr\u00e1b\u00e1n\u00edm. Podlo\u017eka slou\u017e\u00ed tak\u00e9 jako tepeln\u00e1 izolace, kter\u00e1 vyrovn\u00e1v\u00e1 sebemen\u0161\u00ed nerovnosti a z\u00e1rove\u0148 chr\u00e1n\u00ed","protected":false},"featured_media":9589,"comment_status":"open","ping_status":"closed","template":"","meta":{"_acf_changed":false,"content-type":"","_monsterinsights_skip_tracking":false,"_monsterinsights_sitenote_active":false,"_monsterinsights_sitenote_note":"","_monsterinsights_sitenote_category":0},"product_brand":[484],"product_cat":[119,239],"product_tag":[],"class_list":{"0":"post-9320","1":"product","2":"type-product","3":"status-publish","4":"has-post-thumbnail","6":"product_brand-antcube","7":"product_cat-formicarium-components","8":"product_cat-useful-additions","10":"first","11":"instock","12":"taxable","13":"shipping-taxable","14":"purchasable","15":"product-type-simple"},"acf":[],"aioseo_notices":[],"jetpack_sharing_enabled":true,"_links":{"self":[{"href":"https:\/\/antcube.shop\/cs\/wp-json\/wp\/v2\/product\/9320","targetHints":{"allow":["GET"]}}],"collection":[{"href":"https:\/\/antcube.shop\/cs\/wp-json\/wp\/v2\/product"}],"about":[{"href":"https:\/\/antcube.shop\/cs\/wp-json\/wp\/v2\/types\/product"}],"replies":[{"embeddable":true,"href":"https:\/\/antcube.shop\/cs\/wp-json\/wp\/v2\/comments?post=9320"}],"wp:featuredmedia":[{"embeddable":true,"href":"https:\/\/antcube.shop\/cs\/wp-json\/wp\/v2\/media\/9589"}],"wp:attachment":[{"href":"https:\/\/antcube.shop\/cs\/wp-json\/wp\/v2\/media?parent=9320"}],"wp:term":[{"taxonomy":"product_brand","embeddable":true,"href":"https:\/\/antcube.shop\/cs\/wp-json\/wp\/v2\/product_brand?post=9320"},{"taxonomy":"product_cat","embeddable":true,"href":"https:\/\/antcube.shop\/cs\/wp-json\/wp\/v2\/product_cat?post=9320"},{"taxonomy":"product_tag","embeddable":true,"href":"https:\/\/antcube.shop\/cs\/wp-json\/wp\/v2\/product_tag?post=9320"}],"curies":[{"name":"wp","href":"https:\/\/api.w.org\/{rel}","templated":true}]}}