{"id":9319,"date":"2024-09-17T16:14:42","date_gmt":"2024-09-17T14:14:42","guid":{"rendered":"https:\/\/antcube.shop\/en\/product\/antcube-rote-folie-60x30-filter\/"},"modified":"2026-03-31T09:51:35","modified_gmt":"2026-03-31T07:51:35","slug":"antcube-rote-folie-60x30-filtr","status":"publish","type":"product","link":"https:\/\/antcube.shop\/cs\/produkt\/antcube-rote-folie-60x30-filtr\/","title":{"rendered":"ANTCUBE - \u010cerven\u00e1 f\u00f3lie 60\u00d730 - Filtr"},"content":{"rendered":"<p><strong>Rozm\u011bry:<\/strong> 59x24cm<\/p>\n<p><strong>Materi\u00e1l:<\/strong> PVC<\/p>\n<p><strong>Popis:<\/strong> \u010cerven\u00e1 pr\u016fhledn\u00e1 f\u00f3lie slou\u017e\u00ed k tomu, aby mravenci m\u011bli pocit, \u017ee jsou v podzem\u00ed. Doporu\u010dujeme proto pou\u017e\u00edvat tento p\u0159\u00edpravek alespo\u0148 \u010d\u00e1ste\u010dn\u011b v oblasti hn\u00edzda. P\u0159esto lze mravence v hn\u00edzd\u011b st\u00e1le snadno pozorovat. P\u0159esn\u011b st\u0159i\u017een\u00e1 velikost pro ANTCUBE \"Mraven\u010d\u00ed farma 60x30cm S\/M\/L - vzp\u0159\u00edmen\u00e1\".<\/p>\n<p>Tato filtra\u010dn\u00ed f\u00f3lie m\u00e1 lep\u0161\u00ed \u00fa\u010dinek sv\u011bteln\u00e9ho filtru ne\u017e b\u011b\u017en\u00e1 kryc\u00ed f\u00f3lie. Teplotn\u00ed odolnost a\u017e do 180 \u00b0C<\/p>\n<p>Lehk\u00fdm a rovnom\u011brn\u00fdm tlakem se filtra\u010dn\u00ed f\u00f3lie sama p\u0159ichyt\u00ed na farmu nebo hn\u00edzdo. Alternativn\u011b je k upevn\u011bn\u00ed vhodn\u00e1 pr\u016fhledn\u00e1 lepic\u00ed p\u00e1ska. Sta\u010d\u00ed ji upevnit dv\u011bma mal\u00fdmi prou\u017eky v horn\u00edch roz\u00edch, aby bylo mo\u017en\u00e9 f\u00f3lii pozd\u011bji zvednout a z\u00edskat tak lep\u0161\u00ed v\u00fdhled do prostoru hn\u00edzda.<\/p>","protected":false},"excerpt":{"rendered":"<p>Rozm\u011bry: Materi\u00e1l: 59x24cm Materi\u00e1l: PVC Popis: \u010cerven\u00e1 pr\u016fhledn\u00e1 f\u00f3lie slou\u017e\u00ed k tomu, aby mravenci m\u011bli pocit, \u017ee jsou v podzem\u00ed. Doporu\u010dujeme proto pou\u017e\u00edt tento v\u00fdrobek alespo\u0148 \u010d\u00e1ste\u010dn\u011b v prostoru hn\u00edzda. P\u0159esto lze mravence v hn\u00edzd\u011b st\u00e1le snadno pozorovat. P\u0159esn\u011b st\u0159i\u017een\u00e1 na m\u00edru pro ANTCUBE \"Mraven\u010d\u00ed farma 60x30cm S\/M\/L - vzp\u0159\u00edmen\u00e1\". Tento","protected":false},"featured_media":9826,"comment_status":"open","ping_status":"closed","template":"","meta":{"_acf_changed":false,"content-type":"","_monsterinsights_skip_tracking":false,"_monsterinsights_sitenote_active":false,"_monsterinsights_sitenote_note":"","_monsterinsights_sitenote_category":0},"product_brand":[],"product_cat":[119,239],"product_tag":[],"class_list":{"0":"post-9319","1":"product","2":"type-product","3":"status-publish","4":"has-post-thumbnail","6":"product_cat-formicarium-components","7":"product_cat-useful-additions","9":"first","10":"instock","11":"taxable","12":"shipping-taxable","13":"purchasable","14":"product-type-simple"},"acf":[],"aioseo_notices":[],"jetpack_sharing_enabled":true,"_links":{"self":[{"href":"https:\/\/antcube.shop\/cs\/wp-json\/wp\/v2\/product\/9319","targetHints":{"allow":["GET"]}}],"collection":[{"href":"https:\/\/antcube.shop\/cs\/wp-json\/wp\/v2\/product"}],"about":[{"href":"https:\/\/antcube.shop\/cs\/wp-json\/wp\/v2\/types\/product"}],"replies":[{"embeddable":true,"href":"https:\/\/antcube.shop\/cs\/wp-json\/wp\/v2\/comments?post=9319"}],"wp:featuredmedia":[{"embeddable":true,"href":"https:\/\/antcube.shop\/cs\/wp-json\/wp\/v2\/media\/9826"}],"wp:attachment":[{"href":"https:\/\/antcube.shop\/cs\/wp-json\/wp\/v2\/media?parent=9319"}],"wp:term":[{"taxonomy":"product_brand","embeddable":true,"href":"https:\/\/antcube.shop\/cs\/wp-json\/wp\/v2\/product_brand?post=9319"},{"taxonomy":"product_cat","embeddable":true,"href":"https:\/\/antcube.shop\/cs\/wp-json\/wp\/v2\/product_cat?post=9319"},{"taxonomy":"product_tag","embeddable":true,"href":"https:\/\/antcube.shop\/cs\/wp-json\/wp\/v2\/product_tag?post=9319"}],"curies":[{"name":"wp","href":"https:\/\/api.w.org\/{rel}","templated":true}]}}