{"id":9317,"date":"2024-09-17T16:13:59","date_gmt":"2024-09-17T14:13:59","guid":{"rendered":"https:\/\/antcube.shop\/en\/product\/ameisen-ausbruchsschutz-set\/"},"modified":"2026-04-13T09:30:49","modified_gmt":"2026-04-13T07:30:49","slug":"sada-na-ochranu-proti-vypuknuti-mravenci-epidemie","status":"publish","type":"product","link":"https:\/\/antcube.shop\/cs\/produkt\/sada-na-ochranu-proti-vypuknuti-mravenci-epidemie\/","title":{"rendered":"Sada na ochranu proti vypuknut\u00ed mraven\u010d\u00ed n\u00e1kazy"},"content":{"rendered":"<p><strong>Obsah:<\/strong><br \/>\n1x olej na ochranu proti v\u00fdskytu mravenc\u016f 10 ml (na b\u00e1zi petroleje)<br \/>\n1x pudr na ochranu proti v\u00fdskytu mravenc\u016f 10 ml (na b\u00e1zi mastku)<br \/>\n1x lak na ochranu proti vzplanut\u00ed 10ml (na b\u00e1zi PTFE)<br \/>\n3x speci\u00e1ln\u00ed p\u011bnov\u00fd \u0161t\u011btec pro nan\u00e1\u0161en\u00ed materi\u00e1lu na ochranu ohniska<br \/>\n3x sm\u011b\u0161ovac\u00ed n\u00e1doba pro d\u00e1vkov\u00e1n\u00ed nebo m\u00edch\u00e1n\u00ed.<\/p>\n<p><strong>Popis:<\/strong> P\u0159ipravili jsme pro v\u00e1s malou sadu nej\u00fa\u010dinn\u011bj\u0161\u00edch materi\u00e1l\u016f pro ochranu proti epidemi\u00edm, abyste si mohli vyzkou\u0161et, kter\u00e1 ochrana proti epidemi\u00edm je nejvhodn\u011bj\u0161\u00ed pro va\u0161i konkr\u00e9tn\u00ed kolonii.<\/p>\n<p><a href=\"https:\/\/www.antstore.net\/shop\/images\/documents\/ant%20escape%20protection%20lacquer%20EN.pdf\">Bezpe\u010dnostn\u00ed list pro n\u00e1t\u011br na ochranu proti v\u00fdskytu mravenc\u016f (\u010desky) , (PDF 0,2 MB)<\/a><br \/>\n(Obsahuje: Bezpe\u010dnostn\u00ed pokyny)<\/p>\n<p><a href=\"https:\/\/www.antstore.net\/shop\/images\/documents\/ant_escape_protection_oil_en.pdf\">Bezpe\u010dnostn\u00ed list pro olej na ochranu proti v\u00fdskytu mravenc\u016f (\u010desky) , (PDF 0,1 MB)<\/a><br \/>\n(Obsahuje: Bezpe\u010dnostn\u00ed pokyny)<\/p>","protected":false},"excerpt":{"rendered":"<p>Obsah: 1x olej na ochranu proti v\u00fdskytu mravenc\u016f 10ml (na b\u00e1zi petroleje) 1x pr\u00e1\u0161ek na ochranu proti v\u00fdskytu mravenc\u016f 10ml (na b\u00e1zi mastku) 1x lak na ochranu proti v\u00fdskytu mravenc\u016f 10ml (na b\u00e1zi teflonu) 3x speci\u00e1ln\u00ed p\u011bnov\u00fd \u0161t\u011btec na nan\u00e1\u0161en\u00ed materi\u00e1lu na ochranu proti v\u00fdskytu mravenc\u016f 3x sm\u011b\u0161ovac\u00ed n\u00e1doba na d\u00e1vkov\u00e1n\u00ed nebo m\u00edch\u00e1n\u00ed. Popis: P\u0159\u00edpravek je ur\u010den k p\u0159\u00edprav\u011b n\u00e1t\u011brov\u00fdch hmot pro boj proti n\u00e1kaz\u00e1m: P\u0159ipravili jsme pro v\u00e1s malou sadu nej\u00fa\u010dinn\u011bj\u0161\u00edch prost\u0159edk\u016f proti ohnisku n\u00e1kazy.","protected":false},"featured_media":9591,"comment_status":"open","ping_status":"closed","template":"","meta":{"_acf_changed":false,"content-type":"","_monsterinsights_skip_tracking":false,"_monsterinsights_sitenote_active":false,"_monsterinsights_sitenote_note":"","_monsterinsights_sitenote_category":0},"product_brand":[484],"product_cat":[237],"product_tag":[],"class_list":{"0":"post-9317","1":"product","2":"type-product","3":"status-publish","4":"has-post-thumbnail","6":"product_brand-antcube","7":"product_cat-tools","9":"first","10":"instock","11":"taxable","12":"shipping-taxable","13":"purchasable","14":"product-type-simple"},"acf":[],"aioseo_notices":[],"jetpack_sharing_enabled":true,"_links":{"self":[{"href":"https:\/\/antcube.shop\/cs\/wp-json\/wp\/v2\/product\/9317","targetHints":{"allow":["GET"]}}],"collection":[{"href":"https:\/\/antcube.shop\/cs\/wp-json\/wp\/v2\/product"}],"about":[{"href":"https:\/\/antcube.shop\/cs\/wp-json\/wp\/v2\/types\/product"}],"replies":[{"embeddable":true,"href":"https:\/\/antcube.shop\/cs\/wp-json\/wp\/v2\/comments?post=9317"}],"wp:featuredmedia":[{"embeddable":true,"href":"https:\/\/antcube.shop\/cs\/wp-json\/wp\/v2\/media\/9591"}],"wp:attachment":[{"href":"https:\/\/antcube.shop\/cs\/wp-json\/wp\/v2\/media?parent=9317"}],"wp:term":[{"taxonomy":"product_brand","embeddable":true,"href":"https:\/\/antcube.shop\/cs\/wp-json\/wp\/v2\/product_brand?post=9317"},{"taxonomy":"product_cat","embeddable":true,"href":"https:\/\/antcube.shop\/cs\/wp-json\/wp\/v2\/product_cat?post=9317"},{"taxonomy":"product_tag","embeddable":true,"href":"https:\/\/antcube.shop\/cs\/wp-json\/wp\/v2\/product_tag?post=9317"}],"curies":[{"name":"wp","href":"https:\/\/api.w.org\/{rel}","templated":true}]}}