{"id":9316,"date":"2024-09-17T16:13:38","date_gmt":"2024-09-17T14:13:38","guid":{"rendered":"https:\/\/antcube.shop\/en\/product\/ameisen-ausbruchsschutz-lack-10ml\/"},"modified":"2026-04-13T09:31:00","modified_gmt":"2026-04-13T07:31:00","slug":"ameisen-ausbruchsschutz-lack-10ml","status":"publish","type":"product","link":"https:\/\/antcube.shop\/cs\/produkt\/ameisen-ausbruchsschutz-lack-10ml\/","title":{"rendered":"Lak na ochranu proti mravenc\u016fm 10ml"},"content":{"rendered":"<p><strong>Obsah:<\/strong> 10 ml (dostatek ne\u0159ed\u011bn\u00e9ho mno\u017estv\u00ed na cca 10 metr\u016f p\u00e1su o \u0161\u00ed\u0159ce 20 mm)<\/p>\n<p><strong>Barva:<\/strong> ml\u00e9\u010dn\u011b b\u00edl\u00e1<\/p>\n<p><strong>Materi\u00e1l:<\/strong> Na b\u00e1zi PTFE<\/p>\n<p><strong>Popis:<\/strong> Lak je pro mravence ide\u00e1ln\u00ed ochranou proti vloup\u00e1n\u00ed; druh plastu, kter\u00fd se \u010dasto pou\u017e\u00edv\u00e1 tak\u00e9 jako antiadhezivum - doporu\u010duj\u00ed ho tak\u00e9 v\u011bdci H\u00f6lldobler a Wilson jako ochranu proti vloup\u00e1n\u00ed v mraveni\u0161ti. Mravenci nenajdou na aplikovan\u00e9 f\u00f3lii \u017e\u00e1dnou p\u0159ilnavost a sklouznou z n\u00ed. Povlak m\u00e1 dlouhou \u017eivotnost, a proto se nemus\u00ed obnovovat tak \u010dasto jako jin\u00e9 alternativy.<\/p>\n<p><strong>V\u00fdhoda:<\/strong><br \/>\n- Pokud se aplikuje \u010dist\u011b, nen\u00ed nutn\u00e1 \u017e\u00e1dn\u00e1 obnova.<br \/>\n- Ide\u00e1ln\u00ed pro sklen\u011bn\u00e9 povrchy.<\/p>\n<p><strong>Nev\u00fdhoda:<\/strong><br \/>\n- Nen\u00ed vhodn\u00fd pro formik\u00e1ria s vysokou vlhkost\u00ed, proto\u017ee lak je rozpustn\u00fd ve vod\u011b.<br \/>\n- Lak nen\u00ed tak vhodn\u00fd pro plastov\u00e9 povrchy, proto\u017ee ty jsou samomazn\u00e9.<br \/>\n- Aplikaci je t\u0159eba p\u0159edem nacvi\u010dit, proto\u017ee \"nalakovan\u00fd\" povrch nesm\u00ed b\u00fdt drsn\u00fd nebo po\u0161kr\u00e1ban\u00fd.<\/p>\n<p><strong>Pou\u017eit\u00ed:<\/strong> P\u0159ed pou\u017eit\u00edm dob\u0159e prot\u0159epejte. Lak lze pou\u017e\u00edt tak, jak je dod\u00e1v\u00e1n, nebo z\u0159ed\u011bn\u00fd vodou v pom\u011bru maxim\u00e1ln\u011b 1:10. Lze jej nan\u00e1\u0161et \u0161t\u011btcem nebo jednodu\u0161e opatrn\u011b nakapat na o\u0161et\u0159ovan\u00e9 plochy. Film by m\u011bl b\u00fdt na okraji asi t\u0159ikr\u00e1t \u0161ir\u0161\u00ed, ne\u017e jsou mravenci dlouz\u00ed. Nejjednodu\u0161\u0161\u00ed je zamaskovat plochu lepic\u00ed p\u00e1skou a nan\u00e9st barvu vle\u017ee na boku n\u00e1dr\u017ee. Doba schnut\u00ed na jedn\u00e9 stran\u011b je p\u0159ibli\u017en\u011b 45 minut, ale m\u016f\u017ee se m\u00edrn\u011b li\u0161it v z\u00e1vislosti na tlou\u0161\u0165ce n\u00e1t\u011bru.<\/p>\n<p><strong>D\u016fle\u017eit\u00e9 upozorn\u011bn\u00ed:<\/strong> Vyhn\u011bte se kontaktu s o\u010dima. V p\u0159\u00edpad\u011b zasa\u017een\u00ed o\u010d\u00ed je okam\u017eit\u011b vypl\u00e1chn\u011bte velk\u00fdm mno\u017estv\u00edm vody a vyhledejte l\u00e9ka\u0159e. B\u011bhem aplikace neku\u0159te. Pou\u017e\u00edvejte pouze v dob\u0159e v\u011btran\u00fdch prostor\u00e1ch. Uchov\u00e1vejte mimo dosah d\u011bt\u00ed! Barva m\u016f\u017ee p\u0159i teplot\u00e1ch pod bodem mrazu nevratn\u011b zm\u011bnit svou konzistenci. Proto zas\u00edl\u00e1me pouze p\u0159i teplot\u00e1ch nad 0 \u00b0C!<\/p>\n<p><a href=\"https:\/\/www.antstore.net\/shop\/images\/documents\/ant%20escape%20protection%20lacquer%20EN.pdf\">Bezpe\u010dnostn\u00ed list pro n\u00e1t\u011br na ochranu proti v\u00fdskytu mravenc\u016f (\u010desky) , (PDF 0,2 MB)<\/a><br \/>\n(Obsahuje: Bezpe\u010dnostn\u00ed pokyny)<\/p>\n<p>&nbsp;<\/p>","protected":false},"excerpt":{"rendered":"<p>Obsah: Barva: ml\u00e9\u010dn\u011b b\u00edl\u00e1 Materi\u00e1l: Na b\u00e1zi teflonu Popis: Lak je ide\u00e1ln\u00ed ochranou proti vytr\u017een\u00ed mravenc\u016f; typ plastu, kter\u00fd se \u010dasto pou\u017e\u00edv\u00e1 tak\u00e9 jako antiadhezivum - doporu\u010duj\u00ed ho tak\u00e9 v\u011bdci H\u00f6lldobler a Wilson jako ochranu proti vytr\u017een\u00ed mravenc\u016f.","protected":false},"featured_media":9592,"comment_status":"open","ping_status":"closed","template":"","meta":{"_acf_changed":false,"content-type":"","_monsterinsights_skip_tracking":false,"_monsterinsights_sitenote_active":false,"_monsterinsights_sitenote_note":"","_monsterinsights_sitenote_category":0},"product_brand":[484],"product_cat":[237],"product_tag":[],"class_list":{"0":"post-9316","1":"product","2":"type-product","3":"status-publish","4":"has-post-thumbnail","6":"product_brand-antcube","7":"product_cat-tools","9":"first","10":"instock","11":"taxable","12":"shipping-taxable","13":"purchasable","14":"product-type-simple"},"acf":[],"aioseo_notices":[],"jetpack_sharing_enabled":true,"_links":{"self":[{"href":"https:\/\/antcube.shop\/cs\/wp-json\/wp\/v2\/product\/9316","targetHints":{"allow":["GET"]}}],"collection":[{"href":"https:\/\/antcube.shop\/cs\/wp-json\/wp\/v2\/product"}],"about":[{"href":"https:\/\/antcube.shop\/cs\/wp-json\/wp\/v2\/types\/product"}],"replies":[{"embeddable":true,"href":"https:\/\/antcube.shop\/cs\/wp-json\/wp\/v2\/comments?post=9316"}],"wp:featuredmedia":[{"embeddable":true,"href":"https:\/\/antcube.shop\/cs\/wp-json\/wp\/v2\/media\/9592"}],"wp:attachment":[{"href":"https:\/\/antcube.shop\/cs\/wp-json\/wp\/v2\/media?parent=9316"}],"wp:term":[{"taxonomy":"product_brand","embeddable":true,"href":"https:\/\/antcube.shop\/cs\/wp-json\/wp\/v2\/product_brand?post=9316"},{"taxonomy":"product_cat","embeddable":true,"href":"https:\/\/antcube.shop\/cs\/wp-json\/wp\/v2\/product_cat?post=9316"},{"taxonomy":"product_tag","embeddable":true,"href":"https:\/\/antcube.shop\/cs\/wp-json\/wp\/v2\/product_tag?post=9316"}],"curies":[{"name":"wp","href":"https:\/\/api.w.org\/{rel}","templated":true}]}}