{"id":9315,"date":"2024-09-17T16:13:12","date_gmt":"2024-09-17T14:13:12","guid":{"rendered":"https:\/\/antcube.shop\/en\/product\/ameisen-ausbruchsschutz-pulver-10ml\/"},"modified":"2026-04-13T09:34:21","modified_gmt":"2026-04-13T07:34:21","slug":"prasek-na-ochranu-proti-uniku-mravencu-10ml","status":"publish","type":"product","link":"https:\/\/antcube.shop\/cs\/produkt\/prasek-na-ochranu-proti-uniku-mravencu-10ml\/","title":{"rendered":"Pr\u00e1\u0161ek na ochranu proti \u00faniku mravenc\u016f 10ml"},"content":{"rendered":"<p><strong>Obsah:<\/strong> 8 g\/10 ml (vysta\u010d\u00ed na p\u0159ibli\u017en\u011b jeden metr 2 cm \u0161irok\u00e9ho p\u00e1su)<\/p>\n<p><strong>Barva:<\/strong> b\u00edl\u00e1, matn\u00e1<\/p>\n<p><strong>Materi\u00e1l:<\/strong> na b\u00e1zi mastku<\/p>\n<p><strong>Popis:<\/strong> Pr\u00e1\u0161ek zabra\u0148uje vyb\u00edjen\u00ed mravenc\u016f sm\u00edch\u00e1n\u00edm pr\u00e1\u0161ku s vodou a jeho nanesen\u00edm \u0161t\u011btcem asi 1 cm pod vnit\u0159n\u00ed okraj formik\u00e1ria. Voda se odpa\u0159\u00ed a z\u016fstane jemn\u00e1 vrstva mastku.<\/p>\n<p><strong>V\u00fdhoda:<\/strong> velmi \u00fa\u010dinn\u00fd, dlouhotrvaj\u00edc\u00ed<\/p>\n<p><strong>Nev\u00fdhoda:<\/strong> Vrstva pr\u00e1\u0161ku se m\u016f\u017ee odloupnout, pokud se formik\u00e1riem zat\u0159ese. V porovn\u00e1n\u00ed s olejem na ochranu proti vzplanut\u00ed nebo lakem je zapot\u0159eb\u00ed pom\u011brn\u011b velk\u00e9 mno\u017estv\u00ed.<\/p>\n<p><strong>Pou\u017eit\u00ed:<\/strong> F\u00f3lie by m\u011bla b\u00fdt nanesena na okraj asi t\u0159ikr\u00e1t \u0161ir\u0161\u00ed, ne\u017e jsou mravenci dlouz\u00ed.<\/p>","protected":false},"excerpt":{"rendered":"<p>Obsah: Barva: b\u00edl\u00e1, matn\u00e1 Materi\u00e1l: na b\u00e1zi mastku Popis: Pr\u00e1\u0161ek zabra\u0148uje rozletu mravenc\u016f sm\u00edch\u00e1n\u00edm pr\u00e1\u0161ku s vodou a nanesen\u00edm \u0161t\u011btcem asi 1 cm pod vnit\u0159n\u00ed okraj formik\u00e1ria. Voda se odpa\u0159\u00ed a vznikne jemn\u00e1 vrstva","protected":false},"featured_media":9596,"comment_status":"open","ping_status":"closed","template":"","meta":{"_acf_changed":false,"content-type":"","_monsterinsights_skip_tracking":false,"_monsterinsights_sitenote_active":false,"_monsterinsights_sitenote_note":"","_monsterinsights_sitenote_category":0},"product_brand":[],"product_cat":[237],"product_tag":[],"class_list":{"0":"post-9315","1":"product","2":"type-product","3":"status-publish","4":"has-post-thumbnail","6":"product_cat-tools","8":"first","9":"instock","10":"taxable","11":"shipping-taxable","12":"purchasable","13":"product-type-simple"},"acf":[],"aioseo_notices":[],"jetpack_sharing_enabled":true,"_links":{"self":[{"href":"https:\/\/antcube.shop\/cs\/wp-json\/wp\/v2\/product\/9315","targetHints":{"allow":["GET"]}}],"collection":[{"href":"https:\/\/antcube.shop\/cs\/wp-json\/wp\/v2\/product"}],"about":[{"href":"https:\/\/antcube.shop\/cs\/wp-json\/wp\/v2\/types\/product"}],"replies":[{"embeddable":true,"href":"https:\/\/antcube.shop\/cs\/wp-json\/wp\/v2\/comments?post=9315"}],"wp:featuredmedia":[{"embeddable":true,"href":"https:\/\/antcube.shop\/cs\/wp-json\/wp\/v2\/media\/9596"}],"wp:attachment":[{"href":"https:\/\/antcube.shop\/cs\/wp-json\/wp\/v2\/media?parent=9315"}],"wp:term":[{"taxonomy":"product_brand","embeddable":true,"href":"https:\/\/antcube.shop\/cs\/wp-json\/wp\/v2\/product_brand?post=9315"},{"taxonomy":"product_cat","embeddable":true,"href":"https:\/\/antcube.shop\/cs\/wp-json\/wp\/v2\/product_cat?post=9315"},{"taxonomy":"product_tag","embeddable":true,"href":"https:\/\/antcube.shop\/cs\/wp-json\/wp\/v2\/product_tag?post=9315"}],"curies":[{"name":"wp","href":"https:\/\/api.w.org\/{rel}","templated":true}]}}