{"id":9314,"date":"2024-09-17T16:12:51","date_gmt":"2024-09-17T14:12:51","guid":{"rendered":"https:\/\/antcube.shop\/en\/product\/gitterkappe-fein-fur-gittereinsatz-acryl-50mm\/"},"modified":"2026-02-23T10:53:58","modified_gmt":"2026-02-23T09:53:58","slug":"jemna-krytka-mrizky-pro-akrylovou-mrizkovou-vlozku-50-mm","status":"publish","type":"product","link":"https:\/\/antcube.shop\/cs\/produkt\/jemna-krytka-mrizky-pro-akrylovou-mrizkovou-vlozku-50-mm\/","title":{"rendered":"Jemn\u00e1 krytka m\u0159\u00ed\u017eky - pro akrylovou m\u0159\u00ed\u017ekovou vlo\u017eku 50 mm"},"content":{"rendered":"<p><strong>Mno\u017estv\u00ed:<\/strong> 1 kus<\/p>\n<p><strong>Rozm\u011bry:<\/strong> 51x12mm<\/p>\n<p><strong>Barva:<\/strong> transparentn\u00ed<\/p>\n<p><strong>Materi\u00e1l:<\/strong> plast<\/p>\n<p><strong>Popis:<\/strong> Tato krytka s velmi jemnou m\u0159\u00ed\u017ekou (0,2-0,3 mm) pro \"M\u0159\u00ed\u017ekovou vlo\u017eku akrylovou 50 mm - pr\u016fhlednou\" a \"Mraveni\u0161t\u011b - ventil\u00e1tor\" zabra\u0148uje \u00faniku mal\u00fdch mravenc\u016f \u0161irok\u00fdmi v\u011btrac\u00edmi otvory m\u0159\u00ed\u017ekov\u00e9 vlo\u017eky. Krytka se k m\u0159\u00ed\u017ekov\u00e9 vlo\u017ece p\u0159ipev\u0148uje zespodu.<\/p>\n<p><strong>Pozn\u00e1mka:<\/strong> Vezm\u011bte pros\u00edm na v\u011bdom\u00ed, \u017ee tuto polo\u017eku m\u016f\u017eete pou\u017e\u00edt pouze ve spojen\u00ed s touto polo\u017ekou: \"005044 Vlo\u017eka do m\u0159\u00ed\u017eky akrylov\u00e1 50 mm - \u010dir\u00e1\" nebo \"Ventil\u00e1tor Ant arena\"!<\/p>","protected":false},"excerpt":{"rendered":"<p>Mno\u017estv\u00ed: Rozm\u011bry: 1 kus Barva: pr\u016fhledn\u00e1 Materi\u00e1l: plast Popis: 1 kus: Tato krytka s velmi jemnou m\u0159\u00ed\u017ekou (0,2-0,3 mm) pro \"M\u0159\u00ed\u017ekovou vlo\u017eku akrylovou 50 mm - \u010dir\u00e1\" a \"Mraven\u010d\u00ed ar\u00e9nu - ventil\u00e1tor\" zabra\u0148uje \u00faniku mal\u00fdch mravenc\u016f \u0161irok\u00fdmi v\u011btrac\u00edmi otvory m\u0159\u00ed\u017ekov\u00e9 vlo\u017eky. Krytka se k m\u0159\u00ed\u017ekov\u00e9 vlo\u017ece p\u0159ipev\u0148uje z","protected":false},"featured_media":9832,"comment_status":"open","ping_status":"closed","template":"","meta":{"_acf_changed":false,"content-type":"","_monsterinsights_skip_tracking":false,"_monsterinsights_sitenote_active":false,"_monsterinsights_sitenote_note":"","_monsterinsights_sitenote_category":0},"product_brand":[485],"product_cat":[119,238],"product_tag":[],"class_list":{"0":"post-9314","1":"product","2":"type-product","3":"status-publish","4":"has-post-thumbnail","6":"product_brand-antstore","7":"product_cat-formicarium-components","8":"product_cat-grid-caps-plugs-and-inserts","10":"first","11":"instock","12":"taxable","13":"shipping-taxable","14":"purchasable","15":"product-type-simple"},"acf":[],"aioseo_notices":[],"jetpack_sharing_enabled":true,"_links":{"self":[{"href":"https:\/\/antcube.shop\/cs\/wp-json\/wp\/v2\/product\/9314","targetHints":{"allow":["GET"]}}],"collection":[{"href":"https:\/\/antcube.shop\/cs\/wp-json\/wp\/v2\/product"}],"about":[{"href":"https:\/\/antcube.shop\/cs\/wp-json\/wp\/v2\/types\/product"}],"replies":[{"embeddable":true,"href":"https:\/\/antcube.shop\/cs\/wp-json\/wp\/v2\/comments?post=9314"}],"wp:featuredmedia":[{"embeddable":true,"href":"https:\/\/antcube.shop\/cs\/wp-json\/wp\/v2\/media\/9832"}],"wp:attachment":[{"href":"https:\/\/antcube.shop\/cs\/wp-json\/wp\/v2\/media?parent=9314"}],"wp:term":[{"taxonomy":"product_brand","embeddable":true,"href":"https:\/\/antcube.shop\/cs\/wp-json\/wp\/v2\/product_brand?post=9314"},{"taxonomy":"product_cat","embeddable":true,"href":"https:\/\/antcube.shop\/cs\/wp-json\/wp\/v2\/product_cat?post=9314"},{"taxonomy":"product_tag","embeddable":true,"href":"https:\/\/antcube.shop\/cs\/wp-json\/wp\/v2\/product_tag?post=9314"}],"curies":[{"name":"wp","href":"https:\/\/api.w.org\/{rel}","templated":true}]}}