{"id":9313,"date":"2024-09-17T16:12:25","date_gmt":"2024-09-17T14:12:25","guid":{"rendered":"https:\/\/antcube.shop\/en\/product\/gitterkappe-60mm-edelstahl\/"},"modified":"2026-01-12T12:43:26","modified_gmt":"2026-01-12T11:43:26","slug":"mrizkovy-uzaver-60-mm-z-nerezove-oceli","status":"publish","type":"product","link":"https:\/\/antcube.shop\/cs\/produkt\/mrizkovy-uzaver-60-mm-z-nerezove-oceli\/","title":{"rendered":"M\u0159\u00ed\u017ekov\u00fd uz\u00e1v\u011br - 60 mm - nerezov\u00e1 ocel"},"content":{"rendered":"<p><strong>Mno\u017estv\u00ed:<\/strong> 1 kus<\/p>\n<p><strong>Rozm\u011bry:<\/strong> 60 mm (vnit\u0159n\u00ed pr\u016fm\u011br), 70 \u00d7 8 mm (vn\u011bj\u0161\u00ed rozm\u011bry)<\/p>\n<p><strong>Barva:<\/strong> transparentn\u00ed<\/p>\n<p><strong>Materi\u00e1l:<\/strong> nerezov\u00e1 ocel, akrylov\u00e9 sklo<\/p>\n<p><strong>Popis:<\/strong><br \/>\nTento m\u0159\u00ed\u017ekov\u00fd uz\u00e1v\u011br s velmi jemnou nerezovou m\u0159\u00ed\u017ekou (0,2 mm) lze p\u0159ipevnit k z\u00e1suvce, trubce nebo koncovce hadice a zaji\u0161\u0165uje dobr\u00e9 v\u011btr\u00e1n\u00ed formik\u00e1ria, ani\u017e by mravenci mohli uniknout. M\u0159\u00ed\u017eka z nerezov\u00e9 oceli i r\u00e1m z akrylov\u00e9ho skla jsou pr\u016fhledn\u00e9.<\/p>\n<p><strong>Pozn\u00e1mka:<\/strong> Vhodn\u00e9 i pro velmi kousav\u00e9 druhy, jako jsou mravenci listono\u0161i!<\/p>\n<p>&nbsp;<\/p>","protected":false},"excerpt":{"rendered":"<p>Mno\u017estv\u00ed: Rozm\u011bry: 1 kus Barva: pr\u016fhledn\u00e1 Materi\u00e1l: nerezov\u00e1 ocel, akrylov\u00e9 sklo Popis: Tento m\u0159\u00ed\u017ekov\u00fd uz\u00e1v\u011br s velmi jemnou m\u0159\u00ed\u017ekou z nerezov\u00e9 oceli (0,2 mm) lze p\u0159ipevnit k z\u00e1suvce, trubce nebo koncovce hadice a zaji\u0161\u0165uje dobr\u00e9 v\u011btr\u00e1n\u00ed formik\u00e1ria, ani\u017e by mravenci mohli uniknout. Ob\u011b m\u0159\u00ed\u017eky z nerezov\u00e9 oceli","protected":false},"featured_media":9836,"comment_status":"open","ping_status":"closed","template":"","meta":{"_acf_changed":false,"content-type":"","_monsterinsights_skip_tracking":false,"_monsterinsights_sitenote_active":false,"_monsterinsights_sitenote_note":"","_monsterinsights_sitenote_category":0},"product_brand":[485],"product_cat":[119,238],"product_tag":[],"class_list":{"0":"post-9313","1":"product","2":"type-product","3":"status-publish","4":"has-post-thumbnail","6":"product_brand-antstore","7":"product_cat-formicarium-components","8":"product_cat-grid-caps-plugs-and-inserts","10":"first","11":"instock","12":"taxable","13":"shipping-taxable","14":"purchasable","15":"product-type-simple"},"acf":[],"aioseo_notices":[],"jetpack_sharing_enabled":true,"_links":{"self":[{"href":"https:\/\/antcube.shop\/cs\/wp-json\/wp\/v2\/product\/9313","targetHints":{"allow":["GET"]}}],"collection":[{"href":"https:\/\/antcube.shop\/cs\/wp-json\/wp\/v2\/product"}],"about":[{"href":"https:\/\/antcube.shop\/cs\/wp-json\/wp\/v2\/types\/product"}],"replies":[{"embeddable":true,"href":"https:\/\/antcube.shop\/cs\/wp-json\/wp\/v2\/comments?post=9313"}],"wp:featuredmedia":[{"embeddable":true,"href":"https:\/\/antcube.shop\/cs\/wp-json\/wp\/v2\/media\/9836"}],"wp:attachment":[{"href":"https:\/\/antcube.shop\/cs\/wp-json\/wp\/v2\/media?parent=9313"}],"wp:term":[{"taxonomy":"product_brand","embeddable":true,"href":"https:\/\/antcube.shop\/cs\/wp-json\/wp\/v2\/product_brand?post=9313"},{"taxonomy":"product_cat","embeddable":true,"href":"https:\/\/antcube.shop\/cs\/wp-json\/wp\/v2\/product_cat?post=9313"},{"taxonomy":"product_tag","embeddable":true,"href":"https:\/\/antcube.shop\/cs\/wp-json\/wp\/v2\/product_tag?post=9313"}],"curies":[{"name":"wp","href":"https:\/\/api.w.org\/{rel}","templated":true}]}}