{"id":9309,"date":"2024-09-17T16:10:44","date_gmt":"2024-09-17T14:10:44","guid":{"rendered":"https:\/\/antcube.shop\/en\/product\/einsteckeinsatz-fein-fur-gittereinsatz-acryl-50-mm\/"},"modified":"2026-03-24T16:45:14","modified_gmt":"2026-03-24T15:45:14","slug":"einsteckeinsatz-fein-fur-gittereinsatz-acryl-50-mm","status":"publish","type":"product","link":"https:\/\/antcube.shop\/cs\/produkt\/einsteckeinsatz-fein-fur-gittereinsatz-acryl-50-mm\/","title":{"rendered":"Jemn\u00e1 vlo\u017eka - pro akrylovou m\u0159\u00ed\u017ekovou vlo\u017eku 50 mm"},"content":{"rendered":"<p><strong>Mno\u017estv\u00ed:<\/strong> 1 kus<\/p>\n<p><strong>Rozm\u011bry:<\/strong> 50x10 mm<\/p>\n<p><strong>Barva:<\/strong> transparentn\u00ed<\/p>\n<p><strong>Materi\u00e1l:<\/strong> plast<\/p>\n<p><strong>Popis:<\/strong><br \/>\nTato vlo\u017eka s velmi jemn\u00fdmi oky (0,2-0,3 mm) pro \"vlo\u017eku s akrylov\u00fdmi oky 50 mm - \u010dir\u00e1\" zabra\u0148uje \u00faniku mal\u00fdch mravenc\u016f \u0161irok\u00fdmi v\u011btrac\u00edmi \u0161t\u011brbinami vlo\u017eky s oky. Vlo\u017eka se vkl\u00e1d\u00e1 do s\u00ed\u0165ov\u00e9 vlo\u017eky zespodu.<\/p>\n<p>Vhodn\u00e9 i pro velmi kousav\u00e9 druhy, jako jsou mravenci listono\u0161i!<\/p>\n<p><strong>Pozn\u00e1mka:<\/strong> Vezm\u011bte pros\u00edm na v\u011bdom\u00ed, \u017ee tuto polo\u017eku m\u016f\u017eete pou\u017e\u00edt pouze ve spojen\u00ed s touto polo\u017ekou: \"005044 M\u0159\u00ed\u017ekov\u00e1 vlo\u017eka akrylov\u00e1 50 mm - \u010dir\u00e1\"!<\/p>","protected":false},"excerpt":{"rendered":"<p>Mno\u017estv\u00ed: Rozm\u011bry: 1 kus Barva: pr\u016fhledn\u00e1 Materi\u00e1l: plast Popis: Tato vlo\u017eka s velmi jemn\u00fdmi oky (0,2-0,3 mm) pro \"s\u00ed\u0165ovou vlo\u017eku akrylovou 50 mm - pr\u016fhlednou\" zabra\u0148uje \u00faniku mal\u00fdch mravenc\u016f \u0161irok\u00fdmi v\u011btrac\u00edmi \u0161t\u011brbinami s\u00ed\u0165ov\u00e9 vlo\u017eky. Vlo\u017eka se vkl\u00e1d\u00e1 do s\u00ed\u0165ov\u00e9 vlo\u017eky zespodu. Vhodn\u00e1 tak\u00e9 pro velmi","protected":false},"featured_media":9842,"comment_status":"open","ping_status":"closed","template":"","meta":{"_acf_changed":false,"content-type":"","_monsterinsights_skip_tracking":false,"_monsterinsights_sitenote_active":false,"_monsterinsights_sitenote_note":"","_monsterinsights_sitenote_category":0},"product_brand":[],"product_cat":[119,238],"product_tag":[],"class_list":{"0":"post-9309","1":"product","2":"type-product","3":"status-publish","4":"has-post-thumbnail","6":"product_cat-formicarium-components","7":"product_cat-grid-caps-plugs-and-inserts","9":"first","10":"outofstock","11":"taxable","12":"shipping-taxable","13":"purchasable","14":"product-type-simple"},"acf":[],"aioseo_notices":[],"jetpack_sharing_enabled":true,"_links":{"self":[{"href":"https:\/\/antcube.shop\/cs\/wp-json\/wp\/v2\/product\/9309","targetHints":{"allow":["GET"]}}],"collection":[{"href":"https:\/\/antcube.shop\/cs\/wp-json\/wp\/v2\/product"}],"about":[{"href":"https:\/\/antcube.shop\/cs\/wp-json\/wp\/v2\/types\/product"}],"replies":[{"embeddable":true,"href":"https:\/\/antcube.shop\/cs\/wp-json\/wp\/v2\/comments?post=9309"}],"wp:featuredmedia":[{"embeddable":true,"href":"https:\/\/antcube.shop\/cs\/wp-json\/wp\/v2\/media\/9842"}],"wp:attachment":[{"href":"https:\/\/antcube.shop\/cs\/wp-json\/wp\/v2\/media?parent=9309"}],"wp:term":[{"taxonomy":"product_brand","embeddable":true,"href":"https:\/\/antcube.shop\/cs\/wp-json\/wp\/v2\/product_brand?post=9309"},{"taxonomy":"product_cat","embeddable":true,"href":"https:\/\/antcube.shop\/cs\/wp-json\/wp\/v2\/product_cat?post=9309"},{"taxonomy":"product_tag","embeddable":true,"href":"https:\/\/antcube.shop\/cs\/wp-json\/wp\/v2\/product_tag?post=9309"}],"curies":[{"name":"wp","href":"https:\/\/api.w.org\/{rel}","templated":true}]}}