{"id":9308,"date":"2024-09-17T16:10:24","date_gmt":"2024-09-17T14:10:24","guid":{"rendered":"https:\/\/antcube.shop\/en\/product\/dosierfilter-16mm\/"},"modified":"2026-04-05T17:10:16","modified_gmt":"2026-04-05T15:10:16","slug":"davkovaci-filtr-16-mm","status":"publish","type":"product","link":"https:\/\/antcube.shop\/cs\/produkt\/davkovaci-filtr-16-mm\/","title":{"rendered":"D\u00e1vkovac\u00ed filtr 16 mm"},"content":{"rendered":"<p><strong>Rozm\u011bry:<\/strong> d\u00e9lka 20 mm, pr\u016fm\u011br 14 mm pro 16mm hn\u00edzdn\u00ed trubky<\/p>\n<p><strong>Obsah:<\/strong><br \/>\n1x d\u00e1vkovac\u00ed filtr<\/p>\n<p><strong>Materi\u00e1l:<\/strong> Filtra\u010dn\u00ed m\u00e9dium<\/p>\n<p><strong>Popis:<\/strong> D\u00e1vkovac\u00ed filtr odd\u011bluje mravence od vodn\u00ed n\u00e1dr\u017ee v hn\u00edzdn\u00ed trubici. Kapil\u00e1rn\u00ed s\u00edly v\u0161ak umo\u017e\u0148uj\u00ed, aby filtrem proch\u00e1zelo dostate\u010dn\u00e9 mno\u017estv\u00ed vlhkosti, kter\u00e1 mravence z\u00e1sobuje.<\/p>\n<p><strong>Barvy:<\/strong> b\u00edl\u00e1<\/p>","protected":false},"excerpt":{"rendered":"<p>Rozm\u011bry: Obsah: 20 mm d\u00e9lka, pr\u016fm\u011br 14 mm pro 16mm hn\u00edzdn\u00ed trubi\u010dky: Obsahuje: 1x d\u00e1vkovac\u00ed filtr Materi\u00e1l: Materi\u00e1l: Filtra\u010dn\u00ed m\u00e9dium Popis: D\u00e1vkovac\u00ed filtr odd\u011bluje mravence od vodn\u00ed n\u00e1dr\u017ee v hn\u00edzdn\u00ed trubici. D\u00edky kapil\u00e1rn\u00edm sil\u00e1m v\u0161ak filtrem proch\u00e1z\u00ed dostatek vlhkosti, kter\u00e1 mravence z\u00e1sobuje. Barvy: b\u00edl\u00e1<\/p>","protected":false},"featured_media":9847,"comment_status":"open","ping_status":"closed","template":"","meta":{"_acf_changed":false,"content-type":"","_monsterinsights_skip_tracking":false,"_monsterinsights_sitenote_active":false,"_monsterinsights_sitenote_note":"","_monsterinsights_sitenote_category":0},"product_brand":[],"product_cat":[237],"product_tag":[],"class_list":{"0":"post-9308","1":"product","2":"type-product","3":"status-publish","4":"has-post-thumbnail","6":"product_cat-tools","8":"first","9":"instock","10":"taxable","11":"shipping-taxable","12":"purchasable","13":"product-type-simple"},"acf":[],"aioseo_notices":[],"jetpack_sharing_enabled":true,"_links":{"self":[{"href":"https:\/\/antcube.shop\/cs\/wp-json\/wp\/v2\/product\/9308","targetHints":{"allow":["GET"]}}],"collection":[{"href":"https:\/\/antcube.shop\/cs\/wp-json\/wp\/v2\/product"}],"about":[{"href":"https:\/\/antcube.shop\/cs\/wp-json\/wp\/v2\/types\/product"}],"replies":[{"embeddable":true,"href":"https:\/\/antcube.shop\/cs\/wp-json\/wp\/v2\/comments?post=9308"}],"wp:featuredmedia":[{"embeddable":true,"href":"https:\/\/antcube.shop\/cs\/wp-json\/wp\/v2\/media\/9847"}],"wp:attachment":[{"href":"https:\/\/antcube.shop\/cs\/wp-json\/wp\/v2\/media?parent=9308"}],"wp:term":[{"taxonomy":"product_brand","embeddable":true,"href":"https:\/\/antcube.shop\/cs\/wp-json\/wp\/v2\/product_brand?post=9308"},{"taxonomy":"product_cat","embeddable":true,"href":"https:\/\/antcube.shop\/cs\/wp-json\/wp\/v2\/product_cat?post=9308"},{"taxonomy":"product_tag","embeddable":true,"href":"https:\/\/antcube.shop\/cs\/wp-json\/wp\/v2\/product_tag?post=9308"}],"curies":[{"name":"wp","href":"https:\/\/api.w.org\/{rel}","templated":true}]}}