{"id":9307,"date":"2024-09-17T16:10:04","date_gmt":"2024-09-17T14:10:04","guid":{"rendered":"https:\/\/antcube.shop\/en\/product\/formicarienstopfen-fur-13mm-bohrung\/"},"modified":"2026-04-16T09:54:41","modified_gmt":"2026-04-16T07:54:41","slug":"formicarienstopfen-fur-13mm-bohrung","status":"publish","type":"product","link":"https:\/\/antcube.shop\/cs\/produkt\/formicarienstopfen-fur-13mm-bohrung\/","title":{"rendered":"Formik\u00e1\u0159ov\u00e1 z\u00e1tka pro otvor 13 mm"},"content":{"rendered":"<p><strong>Mno\u017estv\u00ed:<\/strong> 1 kus<\/p>\n<p><strong>Rozm\u011bry:<\/strong> 18 \u00d7 9 mm<\/p>\n<p><strong>Materi\u00e1l:<\/strong> PE plast<\/p>\n<p><strong>Barva:<\/strong> pr\u016fhledn\u00fd, ml\u00e9\u010dn\u00fd<\/p>\n<p><strong>Popis:<\/strong> K uzav\u00edr\u00e1n\u00ed kulat\u00fdch otvor\u016f ve formik\u00e1ri\u00edch o pr\u016fm\u011bru 13 mm.<br \/>\nNa po\u017e\u00e1d\u00e1n\u00ed m\u016f\u017eeme za p\u0159\u00edplatek vy\u0159\u00edznout otvory v z\u00e1tk\u00e1ch.<br \/>\nN\u00e1sleduj\u00edc\u00ed v\u00fd\u0159ezy se doporu\u010duj\u00ed nap\u0159\u00edklad pro n\u00e1sleduj\u00edc\u00ed polo\u017eky:<br \/>\n10 mm nap\u0159. pro hadici nebo trubku 10 mm<\/p>","protected":false},"excerpt":{"rendered":"<p>Mno\u017estv\u00ed: Rozm\u011bry: 1 kus Materi\u00e1l: 18x9 mm: Barva: pr\u016fhledn\u00e1, ml\u00e9\u010dn\u00e1 Popis: Pro uzav\u0159en\u00ed kulat\u00fdch otvor\u016f v mraveni\u0161ti o pr\u016fm\u011bru 13 mm. Za p\u0159\u00edplatek m\u016f\u017eeme do z\u00e1tek na p\u0159\u00e1n\u00ed vy\u0159\u00edznout otvory. Tyto v\u00fd\u0159ezy doporu\u010dujeme pro n\u00e1sleduj\u00edc\u00ed p\u0159edm\u011bty, nap\u0159\u00edklad: 10 mm nap\u0159. pro hadici nebo.","protected":false},"featured_media":9849,"comment_status":"open","ping_status":"closed","template":"","meta":{"_acf_changed":false,"content-type":"","_monsterinsights_skip_tracking":false,"_monsterinsights_sitenote_active":false,"_monsterinsights_sitenote_note":"","_monsterinsights_sitenote_category":0},"product_brand":[],"product_cat":[119,238],"product_tag":[],"class_list":{"0":"post-9307","1":"product","2":"type-product","3":"status-publish","4":"has-post-thumbnail","6":"product_cat-formicarium-components","7":"product_cat-grid-caps-plugs-and-inserts","9":"first","10":"instock","11":"taxable","12":"shipping-taxable","13":"purchasable","14":"product-type-simple"},"acf":[],"aioseo_notices":[],"jetpack_sharing_enabled":true,"_links":{"self":[{"href":"https:\/\/antcube.shop\/cs\/wp-json\/wp\/v2\/product\/9307","targetHints":{"allow":["GET"]}}],"collection":[{"href":"https:\/\/antcube.shop\/cs\/wp-json\/wp\/v2\/product"}],"about":[{"href":"https:\/\/antcube.shop\/cs\/wp-json\/wp\/v2\/types\/product"}],"replies":[{"embeddable":true,"href":"https:\/\/antcube.shop\/cs\/wp-json\/wp\/v2\/comments?post=9307"}],"wp:featuredmedia":[{"embeddable":true,"href":"https:\/\/antcube.shop\/cs\/wp-json\/wp\/v2\/media\/9849"}],"wp:attachment":[{"href":"https:\/\/antcube.shop\/cs\/wp-json\/wp\/v2\/media?parent=9307"}],"wp:term":[{"taxonomy":"product_brand","embeddable":true,"href":"https:\/\/antcube.shop\/cs\/wp-json\/wp\/v2\/product_brand?post=9307"},{"taxonomy":"product_cat","embeddable":true,"href":"https:\/\/antcube.shop\/cs\/wp-json\/wp\/v2\/product_cat?post=9307"},{"taxonomy":"product_tag","embeddable":true,"href":"https:\/\/antcube.shop\/cs\/wp-json\/wp\/v2\/product_tag?post=9307"}],"curies":[{"name":"wp","href":"https:\/\/api.w.org\/{rel}","templated":true}]}}