{"id":9303,"date":"2024-09-17T16:08:26","date_gmt":"2024-09-17T14:08:26","guid":{"rendered":"https:\/\/antcube.shop\/en\/product\/schlauchverbinder-l-16-weis\/"},"modified":"2026-04-10T13:32:10","modified_gmt":"2026-04-10T11:32:10","slug":"schlauchverbinder-l-16-weis","status":"publish","type":"product","link":"https:\/\/antcube.shop\/cs\/produkt\/schlauchverbinder-l-16-weis\/","title":{"rendered":"Hadicov\u00e1 spojka L 16 - b\u00edl\u00e1"},"content":{"rendered":"<p><strong>Rozm\u011bry:<\/strong> 3 x 3 cm<\/p>\n<p><strong>Popis:<\/strong> Tato L-konektor spojuje hadice s vnit\u0159n\u00edm pr\u016fm\u011brem 16 mm (vhodn\u00e9 pro na\u0161e hadice s vn\u011bj\u0161\u00edm pr\u016fm\u011brem 20 mm).<\/p>","protected":false},"excerpt":{"rendered":"<p>Rozm\u011bry: Popis: 6 cm: Vhodn\u00e1 pro na\u0161e hadice s vn\u011bj\u0161\u00edm pr\u016fm\u011brem 20 mm.<\/p>","protected":false},"featured_media":9860,"comment_status":"open","ping_status":"closed","template":"","meta":{"_acf_changed":false,"content-type":"","_monsterinsights_skip_tracking":false,"_monsterinsights_sitenote_active":false,"_monsterinsights_sitenote_note":"","_monsterinsights_sitenote_category":0},"product_brand":[],"product_cat":[119,121],"product_tag":[],"class_list":{"0":"post-9303","1":"product","2":"type-product","3":"status-publish","4":"has-post-thumbnail","6":"product_cat-formicarium-components","7":"product_cat-connectors","9":"first","10":"instock","11":"taxable","12":"shipping-taxable","13":"purchasable","14":"product-type-simple"},"acf":[],"aioseo_notices":[],"jetpack_sharing_enabled":true,"_links":{"self":[{"href":"https:\/\/antcube.shop\/cs\/wp-json\/wp\/v2\/product\/9303","targetHints":{"allow":["GET"]}}],"collection":[{"href":"https:\/\/antcube.shop\/cs\/wp-json\/wp\/v2\/product"}],"about":[{"href":"https:\/\/antcube.shop\/cs\/wp-json\/wp\/v2\/types\/product"}],"replies":[{"embeddable":true,"href":"https:\/\/antcube.shop\/cs\/wp-json\/wp\/v2\/comments?post=9303"}],"wp:featuredmedia":[{"embeddable":true,"href":"https:\/\/antcube.shop\/cs\/wp-json\/wp\/v2\/media\/9860"}],"wp:attachment":[{"href":"https:\/\/antcube.shop\/cs\/wp-json\/wp\/v2\/media?parent=9303"}],"wp:term":[{"taxonomy":"product_brand","embeddable":true,"href":"https:\/\/antcube.shop\/cs\/wp-json\/wp\/v2\/product_brand?post=9303"},{"taxonomy":"product_cat","embeddable":true,"href":"https:\/\/antcube.shop\/cs\/wp-json\/wp\/v2\/product_cat?post=9303"},{"taxonomy":"product_tag","embeddable":true,"href":"https:\/\/antcube.shop\/cs\/wp-json\/wp\/v2\/product_tag?post=9303"}],"curies":[{"name":"wp","href":"https:\/\/api.w.org\/{rel}","templated":true}]}}