{"id":9300,"date":"2024-09-17T16:07:13","date_gmt":"2024-09-17T14:07:13","guid":{"rendered":"https:\/\/antcube.shop\/en\/product\/lp-schlauchverbinder-y-6\/"},"modified":"2026-03-16T10:38:26","modified_gmt":"2026-03-16T09:38:26","slug":"konektor-lp-hadice-y-6","status":"publish","type":"product","link":"https:\/\/antcube.shop\/cs\/produkt\/konektor-lp-hadice-y-6\/","title":{"rendered":"Konektor hadice LP Y 6"},"content":{"rendered":"<p><strong>Pou\u017eit\u00ed:<\/strong> Pro hadice s vnit\u0159n\u00edm pr\u016fm\u011brem 5-6 mm<\/p>\n<p><strong>Materi\u00e1l:<\/strong> PP<\/p>","protected":false},"excerpt":{"rendered":"<p>Pou\u017eit\u00ed: Materi\u00e1l: Pro hadice o vnit\u0159n\u00edm pr\u016fm\u011bru 5-6 mm: PP<\/p>","protected":false},"featured_media":9866,"comment_status":"open","ping_status":"closed","template":"","meta":{"_acf_changed":false,"content-type":"","_monsterinsights_skip_tracking":false,"_monsterinsights_sitenote_active":false,"_monsterinsights_sitenote_note":"","_monsterinsights_sitenote_category":0},"product_brand":[],"product_cat":[119,121],"product_tag":[],"class_list":{"0":"post-9300","1":"product","2":"type-product","3":"status-publish","4":"has-post-thumbnail","6":"product_cat-formicarium-components","7":"product_cat-connectors","9":"first","10":"instock","11":"taxable","12":"shipping-taxable","13":"purchasable","14":"product-type-simple"},"acf":[],"aioseo_notices":[],"jetpack_sharing_enabled":true,"_links":{"self":[{"href":"https:\/\/antcube.shop\/cs\/wp-json\/wp\/v2\/product\/9300","targetHints":{"allow":["GET"]}}],"collection":[{"href":"https:\/\/antcube.shop\/cs\/wp-json\/wp\/v2\/product"}],"about":[{"href":"https:\/\/antcube.shop\/cs\/wp-json\/wp\/v2\/types\/product"}],"replies":[{"embeddable":true,"href":"https:\/\/antcube.shop\/cs\/wp-json\/wp\/v2\/comments?post=9300"}],"wp:featuredmedia":[{"embeddable":true,"href":"https:\/\/antcube.shop\/cs\/wp-json\/wp\/v2\/media\/9866"}],"wp:attachment":[{"href":"https:\/\/antcube.shop\/cs\/wp-json\/wp\/v2\/media?parent=9300"}],"wp:term":[{"taxonomy":"product_brand","embeddable":true,"href":"https:\/\/antcube.shop\/cs\/wp-json\/wp\/v2\/product_brand?post=9300"},{"taxonomy":"product_cat","embeddable":true,"href":"https:\/\/antcube.shop\/cs\/wp-json\/wp\/v2\/product_cat?post=9300"},{"taxonomy":"product_tag","embeddable":true,"href":"https:\/\/antcube.shop\/cs\/wp-json\/wp\/v2\/product_tag?post=9300"}],"curies":[{"name":"wp","href":"https:\/\/api.w.org\/{rel}","templated":true}]}}